{"id":132,"date":"2019-08-22T18:35:24","date_gmt":"2019-08-22T16:35:24","guid":{"rendered":"https:\/\/miaustore.com\/ch\/?page_id=132"},"modified":"2020-01-16T12:27:20","modified_gmt":"2020-01-16T11:27:20","slug":"garantie","status":"publish","type":"page","link":"https:\/\/miaustore.com\/ch\/garantie.html","title":{"rendered":"Garantie"},"content":{"rendered":"<h3 class=\"wsite-content-title\">Bedingungen f\u00fcr unsere Garantieleistung<\/h3>\r\n<div class=\"paragraph\">Einzige Bedingung ist dass Sie das Produkt zur\u00fccksenden innerhalb von 6 Monaten nach der Bestellung.<\/div>\r\n<h3 class=\"wsite-content-title\">Ablauf bei R\u00fccksendungen<\/h3>\r\n<ol>\r\n \t<li>Sie senden eine Email an support@miaustore.com um die Garantie einzufordern.\r\nIn der Mail sollte\u00a0Ihre Bestellungnummer und Ihre Email Addresse oder\u00a0Name des K\u00e4ufers sein damit wir ihre R\u00fccksendung beim Erhalt\r\neinordnen k\u00f6nnen.\r\nWir w\u00e4ren sehr froh um eine kleine Begr\u00fcndung die uns hilft das Produkt zu verbessern.\r\nEine Begr\u00fcndung ist aber nicht erforderlich.<\/li>\r\n \t<li>Wir senden Ihnen eine Mail mit der Adresse an die Sie das Produkt zur\u00fccksenden k\u00f6nnen.<\/li>\r\n \t<li>Wir erhalten das Produkt zur\u00fcck, erstatten Ihnen das Geld via Paypal<\/li>\r\n<\/ol>\r\n<strong>Anmerkungen<\/strong>:\r\n\r\nZur\u00fcckerstattet wird der Kaufpreis und der Versandpreis der vom Kunden bezahlt wurde.\r\nDie R\u00fccksendekosten mit der Post bezahlt der Kunde.\r\n\r\n&nbsp;\r\n\r\n&nbsp;\r\n<h3 class=\"wsite-content-title\">Conditions pour notre garantie<\/h3>\r\n<div class=\"paragraph\">La seule condition est que vous retourniez le produit dans les 6 mois de la commande.<\/div>\r\n<ol>\r\n \t<li>Proc\u00e9dure de retourVous envoyez un courrier \u00e9lectronique \u00e0 support@miaustore.com pour r\u00e9clamer la garantie. Dans le courrier incluez le num\u00e9ro de commande, l\u2019adresse mail que vous avez utilis\u00e9 lors de votre achat ou l\u2019identit\u00e9 de l\u2019acheteur afin que nous puisons localiser votre commande dans notre base de donn\u00e9e. Nous serions tr\u00e8s heureux pour une petite raison qui nous aide \u00e0 am\u00e9liorer le produit. Une justification n&#8217;est pas requise.<\/li>\r\n \t<li>Nous vous enverrons un courrier avec l&#8217;adresse \u00e0 laquelle vous pouvez retourner le produit.<\/li>\r\n \t<li>Nous recevons le produit en retour, vous rembourserons l&#8217;argent via Paypal\r\n<br class=\"clear\" \/><strong>Remarques<\/strong>:<br class=\"clear\" \/>Le prix d&#8217;achat et le prix d&#8217;exp\u00e9dition pay\u00e9s par le client seront rembours\u00e9s. Les frais de retour par la poste sont \u00e0 la charge du client.<\/li>\r\n<\/ol>","protected":false},"excerpt":{"rendered":"<p>Bedingungen f\u00fcr unsere Garantieleistung Einzige Bedingung ist dass Sie das Produkt zur\u00fccksenden innerhalb von 6 Monaten nach der Bestellung. Ablauf bei R\u00fccksendungen Sie senden eine Email an support@miaustore.com um die Garantie einzufordern. In der Mail sollte\u00a0Ihre Bestellungnummer und Ihre Email Addresse oder\u00a0Name des K\u00e4ufers sein damit wir ihre R\u00fccksendung beim Erhalt einordnen k\u00f6nnen. Wir w\u00e4ren sehr froh um eine kleine &#8230; <\/p>\n<div><a href=\"https:\/\/miaustore.com\/ch\/garantie.html\" class=\"more-link\">Read More<\/a><\/div>\n","protected":false},"author":1,"featured_media":0,"parent":0,"menu_order":0,"comment_status":"closed","ping_status":"closed","template":"template-blank-1.php","meta":{"_glsr_average":0,"_glsr_ranking":0,"_glsr_reviews":0,"footnotes":""},"categories":[],"tags":[],"class_list":["post-132","page","type-page","status-publish","hentry","no-post-thumbnail"],"yoast_head":"<!-- This site is optimized with the Yoast SEO Premium plugin v26.7 (Yoast SEO v26.7) - https:\/\/yoast.com\/wordpress\/plugins\/seo\/ -->\n<title>Garantie - Miaustore Schweiz<\/title>\n<meta name=\"robots\" content=\"index, follow, max-snippet:-1, max-image-preview:large, max-video-preview:-1\" \/>\n<link rel=\"canonical\" href=\"https:\/\/miaustore.com\/ch\/garantie.html\" \/>\n<meta property=\"og:locale\" content=\"de_DE\" \/>\n<meta property=\"og:type\" content=\"article\" \/>\n<meta property=\"og:title\" content=\"Garantie\" \/>\n<meta property=\"og:description\" content=\"Bedingungen f\u00fcr unsere Garantieleistung Einzige Bedingung ist dass Sie das Produkt zur\u00fccksenden innerhalb von 6 Monaten nach der Bestellung. Ablauf bei R\u00fccksendungen Sie senden eine Email an support@miaustore.com um die Garantie einzufordern. In der Mail sollte\u00a0Ihre Bestellungnummer und Ihre Email Addresse oder\u00a0Name des K\u00e4ufers sein damit wir ihre R\u00fccksendung beim Erhalt einordnen k\u00f6nnen. Wir w\u00e4ren sehr froh um eine kleine ... Read More\" \/>\n<meta property=\"og:url\" content=\"https:\/\/miaustore.com\/ch\/garantie.html\" \/>\n<meta property=\"og:site_name\" content=\"Miaustore Schweiz\" \/>\n<meta property=\"article:modified_time\" content=\"2020-01-16T11:27:20+00:00\" \/>\n<meta name=\"twitter:card\" content=\"summary_large_image\" \/>\n<meta name=\"twitter:label1\" content=\"Gesch\u00e4tzte Lesezeit\" \/>\n\t<meta name=\"twitter:data1\" content=\"1\u00a0Minute\" \/>\n<script type=\"application\/ld+json\" class=\"yoast-schema-graph\">{\"@context\":\"https:\/\/schema.org\",\"@graph\":[{\"@type\":\"WebPage\",\"@id\":\"https:\/\/miaustore.com\/ch\/garantie.html\",\"url\":\"https:\/\/miaustore.com\/ch\/garantie.html\",\"name\":\"Garantie - Miaustore Schweiz\",\"isPartOf\":{\"@id\":\"https:\/\/miaustore.com\/ch\/#website\"},\"datePublished\":\"2019-08-22T16:35:24+00:00\",\"dateModified\":\"2020-01-16T11:27:20+00:00\",\"breadcrumb\":{\"@id\":\"https:\/\/miaustore.com\/ch\/garantie.html#breadcrumb\"},\"inLanguage\":\"de-CH\",\"potentialAction\":[{\"@type\":\"ReadAction\",\"target\":[\"https:\/\/miaustore.com\/ch\/garantie.html\"]}]},{\"@type\":\"BreadcrumbList\",\"@id\":\"https:\/\/miaustore.com\/ch\/garantie.html#breadcrumb\",\"itemListElement\":[{\"@type\":\"ListItem\",\"position\":1,\"name\":\"Startseite\",\"item\":\"https:\/\/miaustore.com\/ch\/\"},{\"@type\":\"ListItem\",\"position\":2,\"name\":\"Garantie\"}]},{\"@type\":\"WebSite\",\"@id\":\"https:\/\/miaustore.com\/ch\/#website\",\"url\":\"https:\/\/miaustore.com\/ch\/\",\"name\":\"Miaustore Schweiz\",\"description\":\"Eine weitere My Sites Website\",\"potentialAction\":[{\"@type\":\"SearchAction\",\"target\":{\"@type\":\"EntryPoint\",\"urlTemplate\":\"https:\/\/miaustore.com\/ch\/?s={search_term_string}\"},\"query-input\":{\"@type\":\"PropertyValueSpecification\",\"valueRequired\":true,\"valueName\":\"search_term_string\"}}],\"inLanguage\":\"de-CH\"}]}<\/script>\n<!-- \/ Yoast SEO Premium plugin. -->","yoast_head_json":{"title":"Garantie - Miaustore Schweiz","robots":{"index":"index","follow":"follow","max-snippet":"max-snippet:-1","max-image-preview":"max-image-preview:large","max-video-preview":"max-video-preview:-1"},"canonical":"https:\/\/miaustore.com\/ch\/garantie.html","og_locale":"de_DE","og_type":"article","og_title":"Garantie","og_description":"Bedingungen f\u00fcr unsere Garantieleistung Einzige Bedingung ist dass Sie das Produkt zur\u00fccksenden innerhalb von 6 Monaten nach der Bestellung. Ablauf bei R\u00fccksendungen Sie senden eine Email an support@miaustore.com um die Garantie einzufordern. In der Mail sollte\u00a0Ihre Bestellungnummer und Ihre Email Addresse oder\u00a0Name des K\u00e4ufers sein damit wir ihre R\u00fccksendung beim Erhalt einordnen k\u00f6nnen. Wir w\u00e4ren sehr froh um eine kleine ... Read More","og_url":"https:\/\/miaustore.com\/ch\/garantie.html","og_site_name":"Miaustore Schweiz","article_modified_time":"2020-01-16T11:27:20+00:00","twitter_card":"summary_large_image","twitter_misc":{"Gesch\u00e4tzte Lesezeit":"1\u00a0Minute"},"schema":{"@context":"https:\/\/schema.org","@graph":[{"@type":"WebPage","@id":"https:\/\/miaustore.com\/ch\/garantie.html","url":"https:\/\/miaustore.com\/ch\/garantie.html","name":"Garantie - Miaustore Schweiz","isPartOf":{"@id":"https:\/\/miaustore.com\/ch\/#website"},"datePublished":"2019-08-22T16:35:24+00:00","dateModified":"2020-01-16T11:27:20+00:00","breadcrumb":{"@id":"https:\/\/miaustore.com\/ch\/garantie.html#breadcrumb"},"inLanguage":"de-CH","potentialAction":[{"@type":"ReadAction","target":["https:\/\/miaustore.com\/ch\/garantie.html"]}]},{"@type":"BreadcrumbList","@id":"https:\/\/miaustore.com\/ch\/garantie.html#breadcrumb","itemListElement":[{"@type":"ListItem","position":1,"name":"Startseite","item":"https:\/\/miaustore.com\/ch\/"},{"@type":"ListItem","position":2,"name":"Garantie"}]},{"@type":"WebSite","@id":"https:\/\/miaustore.com\/ch\/#website","url":"https:\/\/miaustore.com\/ch\/","name":"Miaustore Schweiz","description":"Eine weitere My Sites Website","potentialAction":[{"@type":"SearchAction","target":{"@type":"EntryPoint","urlTemplate":"https:\/\/miaustore.com\/ch\/?s={search_term_string}"},"query-input":{"@type":"PropertyValueSpecification","valueRequired":true,"valueName":"search_term_string"}}],"inLanguage":"de-CH"}]}},"_links":{"self":[{"href":"https:\/\/miaustore.com\/ch\/wp-json\/wp\/v2\/pages\/132","targetHints":{"allow":["GET"]}}],"collection":[{"href":"https:\/\/miaustore.com\/ch\/wp-json\/wp\/v2\/pages"}],"about":[{"href":"https:\/\/miaustore.com\/ch\/wp-json\/wp\/v2\/types\/page"}],"author":[{"embeddable":true,"href":"https:\/\/miaustore.com\/ch\/wp-json\/wp\/v2\/users\/1"}],"replies":[{"embeddable":true,"href":"https:\/\/miaustore.com\/ch\/wp-json\/wp\/v2\/comments?post=132"}],"version-history":[{"count":0,"href":"https:\/\/miaustore.com\/ch\/wp-json\/wp\/v2\/pages\/132\/revisions"}],"wp:attachment":[{"href":"https:\/\/miaustore.com\/ch\/wp-json\/wp\/v2\/media?parent=132"}],"wp:term":[{"taxonomy":"category","embeddable":true,"href":"https:\/\/miaustore.com\/ch\/wp-json\/wp\/v2\/categories?post=132"},{"taxonomy":"post_tag","embeddable":true,"href":"https:\/\/miaustore.com\/ch\/wp-json\/wp\/v2\/tags?post=132"}],"curies":[{"name":"wp","href":"https:\/\/api.w.org\/{rel}","templated":true}]}}