{"id":178,"date":"2019-08-29T23:23:35","date_gmt":"2019-08-29T21:23:35","guid":{"rendered":"https:\/\/miaustore.com\/ch\/?page_id=178"},"modified":"2023-03-10T17:17:18","modified_gmt":"2023-03-10T16:17:18","slug":"kontakt","status":"publish","type":"page","link":"https:\/\/miaustore.com\/ch\/kontakt.html","title":{"rendered":"Kontakt \/ Comment nous contacter"},"content":{"rendered":"<h1>Kontaktiere uns<\/h1>\r\nBITTE Z\u00d6GERN SIE NICHT UNS ZU KONTAKTIEREN, WENN SIE FRAGEN HABEN.<br class=\"clear\" \/><br class=\"clear\" \/>Kundenservice: support@miaustore.com<br class=\"clear\" \/>Massenbestellungen oder Unternehmen: business@miaustore.com<br class=\"clear\" \/>Post: Miaustore EU Webshop Limited<br class=\"clear\" \/>Room 1902, Easey Commercial Building 253-261 Hennessy Road,<br class=\"clear\" \/>Wan Chai, Hong Kong<br class=\"clear\" \/><br class=\"clear\" \/>N&#8217;HESITEZ PAS A NOUS CONTACTER SI VOUS AVEZ LA MOINDRE QUESTION;<br class=\"clear\" \/><br class=\"clear\" \/>Service client: support@miaustore.com<br class=\"clear\" \/>Presse: presse@miaustore.com<br class=\"clear\" \/>Affili\u00e9s et commande group\u00e9es:business@miaustore.com<br class=\"clear\" \/>Nous contacter par courrier:<br class=\"clear\" \/>Miaustore EU Webshop Limited<br class=\"clear\" \/>Room 1902, Easey Commercial Building 253-261 Hennessy Road,<br class=\"clear\" \/>Wan Chai, Hong Kong<br class=\"clear\" \/>Nous contacter par t\u00e9l\u00e9phone<br class=\"clear\" \/>+34 661 038 880 &#8211; Nous ne proposons pas d&#8217;assistance t\u00e9l\u00e9phonique<br class=\"clear\" \/><br class=\"clear\" \/><strong>Pumpenreklamation<\/strong><br class=\"clear\" \/>Bevor Sie uns aufgrund einer Pumpenreklamation kontaktieren, lesen Sie bitte folgende Anleitung \u201c<a href=\"https:\/\/miaustore.com\/wp-content\/uploads\/2020\/03\/Pump-usage-and-maintenance_deutsch.pdf\">Miaustore Pumpenbetrieb und Wartung<\/a>\u201c. Meistens liegt die Fehlerquelle in der falschen Handhabung der Reinigung und Entkalkung der Pumpe. Dies kann zur Folge haben, dass die Pumpe blockiert und deshalb nicht ordnungsgem\u00e4\u00df funktioniert.<br class=\"clear\" \/><br class=\"clear\" \/><strong>Plainte de pompes<\/strong><br class=\"clear\" \/>Avant de nous contacter sur la base d\u2019une plainte \u00e0 la pompe, veuillez lire les instructions suivantes \u201c<a href=\"https:\/\/miaustore.com\/fr\/entretien-de-la-pompe.html\">Utilisation et Entretien de la Pompe Miaustore<\/a>\u201c. La plupart du temps, la source de l\u2019erreur est la mauvaise manipulation du nettoyage et de la d\u00e9calcification de la pompe. Cela peut causer la pompe \u00e0 coinc\u00e9 et donc ne fonctionne pas correctement.","protected":false},"excerpt":{"rendered":"<p>Kontaktiere uns BITTE Z\u00d6GERN SIE NICHT UNS ZU KONTAKTIEREN, WENN SIE FRAGEN HABEN.Kundenservice: support@miaustore.comMassenbestellungen oder Unternehmen: business@miaustore.comPost: Miaustore EU Webshop LimitedRoom 1902, Easey Commercial Building 253-261 Hennessy Road,Wan Chai, Hong KongN&#8217;HESITEZ PAS A NOUS CONTACTER SI VOUS AVEZ LA MOINDRE QUESTION;Service client: support@miaustore.comPresse: presse@miaustore.comAffili\u00e9s et commande group\u00e9es:business@miaustore.comNous contacter par courrier:Miaustore EU Webshop LimitedRoom 1902, Easey Commercial Building 253-261 Hennessy Road,Wan &#8230; <\/p>\n<div><a href=\"https:\/\/miaustore.com\/ch\/kontakt.html\" class=\"more-link\">Read More<\/a><\/div>\n","protected":false},"author":1,"featured_media":0,"parent":0,"menu_order":0,"comment_status":"closed","ping_status":"closed","template":"template-blank-1.php","meta":{"_glsr_average":0,"_glsr_ranking":0,"_glsr_reviews":0,"footnotes":""},"categories":[],"tags":[],"class_list":["post-178","page","type-page","status-publish","hentry","no-post-thumbnail"],"yoast_head":"<!-- This site is optimized with the Yoast SEO Premium plugin v26.7 (Yoast SEO v26.7) - https:\/\/yoast.com\/wordpress\/plugins\/seo\/ -->\n<title>Kontakt \/ Comment nous contacter - Miaustore Schweiz<\/title>\n<meta name=\"description\" content=\"BITTE Z\u00d6GERN SIE NICHT, UNS ZU KONTAKTIEREN, WENN SIE FRAGEN HABEN. N\u2019HESITEZ PAS A NOUS CONTACTER SI VOUS AVEZ LA MOINDRE QUESTION.\" \/>\n<meta name=\"robots\" content=\"index, follow, max-snippet:-1, max-image-preview:large, max-video-preview:-1\" \/>\n<link rel=\"canonical\" href=\"https:\/\/miaustore.com\/ch\/kontakt.html\" \/>\n<meta property=\"og:locale\" content=\"de_DE\" \/>\n<meta property=\"og:type\" content=\"article\" \/>\n<meta property=\"og:title\" content=\"Kontakt \/ Comment nous contacter\" \/>\n<meta property=\"og:description\" content=\"BITTE Z\u00d6GERN SIE NICHT, UNS ZU KONTAKTIEREN, WENN SIE FRAGEN HABEN. N\u2019HESITEZ PAS A NOUS CONTACTER SI VOUS AVEZ LA MOINDRE QUESTION.\" \/>\n<meta property=\"og:url\" content=\"https:\/\/miaustore.com\/ch\/kontakt.html\" \/>\n<meta property=\"og:site_name\" content=\"Miaustore Schweiz\" \/>\n<meta property=\"article:modified_time\" content=\"2023-03-10T16:17:18+00:00\" \/>\n<meta name=\"twitter:card\" content=\"summary_large_image\" \/>\n<meta name=\"twitter:label1\" content=\"Gesch\u00e4tzte Lesezeit\" \/>\n\t<meta name=\"twitter:data1\" content=\"1\u00a0Minute\" \/>\n<script type=\"application\/ld+json\" class=\"yoast-schema-graph\">{\"@context\":\"https:\/\/schema.org\",\"@graph\":[{\"@type\":\"WebPage\",\"@id\":\"https:\/\/miaustore.com\/ch\/kontakt.html\",\"url\":\"https:\/\/miaustore.com\/ch\/kontakt.html\",\"name\":\"Kontakt \/ Comment nous contacter - Miaustore Schweiz\",\"isPartOf\":{\"@id\":\"https:\/\/miaustore.com\/ch\/#website\"},\"datePublished\":\"2019-08-29T21:23:35+00:00\",\"dateModified\":\"2023-03-10T16:17:18+00:00\",\"description\":\"BITTE Z\u00d6GERN SIE NICHT, UNS ZU KONTAKTIEREN, WENN SIE FRAGEN HABEN. N\u2019HESITEZ PAS A NOUS CONTACTER SI VOUS AVEZ LA MOINDRE QUESTION.\",\"breadcrumb\":{\"@id\":\"https:\/\/miaustore.com\/ch\/kontakt.html#breadcrumb\"},\"inLanguage\":\"de-CH\",\"potentialAction\":[{\"@type\":\"ReadAction\",\"target\":[\"https:\/\/miaustore.com\/ch\/kontakt.html\"]}]},{\"@type\":\"BreadcrumbList\",\"@id\":\"https:\/\/miaustore.com\/ch\/kontakt.html#breadcrumb\",\"itemListElement\":[{\"@type\":\"ListItem\",\"position\":1,\"name\":\"Startseite\",\"item\":\"https:\/\/miaustore.com\/ch\/\"},{\"@type\":\"ListItem\",\"position\":2,\"name\":\"Kontakt \/ Comment nous contacter\"}]},{\"@type\":\"WebSite\",\"@id\":\"https:\/\/miaustore.com\/ch\/#website\",\"url\":\"https:\/\/miaustore.com\/ch\/\",\"name\":\"Miaustore Schweiz\",\"description\":\"Eine weitere My Sites Website\",\"potentialAction\":[{\"@type\":\"SearchAction\",\"target\":{\"@type\":\"EntryPoint\",\"urlTemplate\":\"https:\/\/miaustore.com\/ch\/?s={search_term_string}\"},\"query-input\":{\"@type\":\"PropertyValueSpecification\",\"valueRequired\":true,\"valueName\":\"search_term_string\"}}],\"inLanguage\":\"de-CH\"}]}<\/script>\n<!-- \/ Yoast SEO Premium plugin. -->","yoast_head_json":{"title":"Kontakt \/ Comment nous contacter - Miaustore Schweiz","description":"BITTE Z\u00d6GERN SIE NICHT, UNS ZU KONTAKTIEREN, WENN SIE FRAGEN HABEN. N\u2019HESITEZ PAS A NOUS CONTACTER SI VOUS AVEZ LA MOINDRE QUESTION.","robots":{"index":"index","follow":"follow","max-snippet":"max-snippet:-1","max-image-preview":"max-image-preview:large","max-video-preview":"max-video-preview:-1"},"canonical":"https:\/\/miaustore.com\/ch\/kontakt.html","og_locale":"de_DE","og_type":"article","og_title":"Kontakt \/ Comment nous contacter","og_description":"BITTE Z\u00d6GERN SIE NICHT, UNS ZU KONTAKTIEREN, WENN SIE FRAGEN HABEN. N\u2019HESITEZ PAS A NOUS CONTACTER SI VOUS AVEZ LA MOINDRE QUESTION.","og_url":"https:\/\/miaustore.com\/ch\/kontakt.html","og_site_name":"Miaustore Schweiz","article_modified_time":"2023-03-10T16:17:18+00:00","twitter_card":"summary_large_image","twitter_misc":{"Gesch\u00e4tzte Lesezeit":"1\u00a0Minute"},"schema":{"@context":"https:\/\/schema.org","@graph":[{"@type":"WebPage","@id":"https:\/\/miaustore.com\/ch\/kontakt.html","url":"https:\/\/miaustore.com\/ch\/kontakt.html","name":"Kontakt \/ Comment nous contacter - Miaustore Schweiz","isPartOf":{"@id":"https:\/\/miaustore.com\/ch\/#website"},"datePublished":"2019-08-29T21:23:35+00:00","dateModified":"2023-03-10T16:17:18+00:00","description":"BITTE Z\u00d6GERN SIE NICHT, UNS ZU KONTAKTIEREN, WENN SIE FRAGEN HABEN. N\u2019HESITEZ PAS A NOUS CONTACTER SI VOUS AVEZ LA MOINDRE QUESTION.","breadcrumb":{"@id":"https:\/\/miaustore.com\/ch\/kontakt.html#breadcrumb"},"inLanguage":"de-CH","potentialAction":[{"@type":"ReadAction","target":["https:\/\/miaustore.com\/ch\/kontakt.html"]}]},{"@type":"BreadcrumbList","@id":"https:\/\/miaustore.com\/ch\/kontakt.html#breadcrumb","itemListElement":[{"@type":"ListItem","position":1,"name":"Startseite","item":"https:\/\/miaustore.com\/ch\/"},{"@type":"ListItem","position":2,"name":"Kontakt \/ Comment nous contacter"}]},{"@type":"WebSite","@id":"https:\/\/miaustore.com\/ch\/#website","url":"https:\/\/miaustore.com\/ch\/","name":"Miaustore Schweiz","description":"Eine weitere My Sites Website","potentialAction":[{"@type":"SearchAction","target":{"@type":"EntryPoint","urlTemplate":"https:\/\/miaustore.com\/ch\/?s={search_term_string}"},"query-input":{"@type":"PropertyValueSpecification","valueRequired":true,"valueName":"search_term_string"}}],"inLanguage":"de-CH"}]}},"_links":{"self":[{"href":"https:\/\/miaustore.com\/ch\/wp-json\/wp\/v2\/pages\/178","targetHints":{"allow":["GET"]}}],"collection":[{"href":"https:\/\/miaustore.com\/ch\/wp-json\/wp\/v2\/pages"}],"about":[{"href":"https:\/\/miaustore.com\/ch\/wp-json\/wp\/v2\/types\/page"}],"author":[{"embeddable":true,"href":"https:\/\/miaustore.com\/ch\/wp-json\/wp\/v2\/users\/1"}],"replies":[{"embeddable":true,"href":"https:\/\/miaustore.com\/ch\/wp-json\/wp\/v2\/comments?post=178"}],"version-history":[{"count":0,"href":"https:\/\/miaustore.com\/ch\/wp-json\/wp\/v2\/pages\/178\/revisions"}],"wp:attachment":[{"href":"https:\/\/miaustore.com\/ch\/wp-json\/wp\/v2\/media?parent=178"}],"wp:term":[{"taxonomy":"category","embeddable":true,"href":"https:\/\/miaustore.com\/ch\/wp-json\/wp\/v2\/categories?post=178"},{"taxonomy":"post_tag","embeddable":true,"href":"https:\/\/miaustore.com\/ch\/wp-json\/wp\/v2\/tags?post=178"}],"curies":[{"name":"wp","href":"https:\/\/api.w.org\/{rel}","templated":true}]}}