{"id":199,"date":"2019-08-30T12:23:42","date_gmt":"2019-08-30T10:23:42","guid":{"rendered":"https:\/\/miaustore.com\/ch\/?page_id=199"},"modified":"2024-03-29T22:00:41","modified_gmt":"2024-03-29T21:00:41","slug":"ueber-uns-qui-sommes-nous","status":"publish","type":"page","link":"https:\/\/miaustore.com\/ch\/ueber-uns-qui-sommes-nous.html","title":{"rendered":"\u00dcber uns \/ QUI SOMMES NOUS?"},"content":{"rendered":"\t\t<div data-elementor-type=\"wp-page\" data-elementor-id=\"199\" class=\"elementor elementor-199\" data-elementor-post-type=\"page\">\n\t\t\t\t\t\t<section class=\"elementor-section elementor-top-section elementor-element elementor-element-57a78126 elementor-section-boxed elementor-section-height-default elementor-section-height-default\" data-id=\"57a78126\" data-element_type=\"section\">\n\t\t\t\t\t\t<div class=\"elementor-container elementor-column-gap-default\">\n\t\t\t\t\t<div class=\"elementor-column elementor-col-100 elementor-top-column elementor-element elementor-element-afb2fe6\" data-id=\"afb2fe6\" data-element_type=\"column\">\n\t\t\t<div class=\"elementor-widget-wrap elementor-element-populated\">\n\t\t\t\t\t\t<div class=\"elementor-element elementor-element-586fc67 elementor-tabs-view-horizontal elementor-widget elementor-widget-tabs\" data-id=\"586fc67\" data-element_type=\"widget\" data-widget_type=\"tabs.default\">\n\t\t\t\t<div class=\"elementor-widget-container\">\n\t\t\t\t\t\t\t<div class=\"elementor-tabs\">\n\t\t\t<div class=\"elementor-tabs-wrapper\" role=\"tablist\" >\n\t\t\t\t\t\t\t\t\t<div id=\"elementor-tab-title-9271\" class=\"elementor-tab-title elementor-tab-desktop-title\" aria-selected=\"true\" data-tab=\"1\" role=\"tab\" tabindex=\"0\" aria-controls=\"elementor-tab-content-9271\" aria-expanded=\"false\">\ud83c\udde9\ud83c\uddea \u00dcber Uns<\/div>\n\t\t\t\t\t\t\t\t\t<div id=\"elementor-tab-title-9272\" class=\"elementor-tab-title elementor-tab-desktop-title\" aria-selected=\"false\" data-tab=\"2\" role=\"tab\" tabindex=\"-1\" aria-controls=\"elementor-tab-content-9272\" aria-expanded=\"false\">\ud83c\uddeb\ud83c\uddf7 Qui Sommes Nous<\/div>\n\t\t\t\t\t\t\t<\/div>\n\t\t\t<div class=\"elementor-tabs-content-wrapper\" role=\"tablist\" aria-orientation=\"vertical\">\n\t\t\t\t\t\t\t\t\t<div class=\"elementor-tab-title elementor-tab-mobile-title\" aria-selected=\"true\" data-tab=\"1\" role=\"tab\" tabindex=\"0\" aria-controls=\"elementor-tab-content-9271\" aria-expanded=\"false\">\ud83c\udde9\ud83c\uddea \u00dcber Uns<\/div>\n\t\t\t\t\t<div id=\"elementor-tab-content-9271\" class=\"elementor-tab-content elementor-clearfix\" data-tab=\"1\" role=\"tabpanel\" aria-labelledby=\"elementor-tab-title-9271\" tabindex=\"0\" hidden=\"false\"><h1>Unser Unternehmen<\/h1>\n<p>Kreative, innovative Katzenprodukte zur Verbesserung der Gesundheit und Lebensqualit\u00e4t Ihres Haustieres.<br><br>Wir bei Miaustore glauben daran, das Leben von Katzen und ihren Besitzern durch gut recherchierte, handgefertigte Katzenprodukte zu verbessern.<br><br>Unser Hauptprodukt ist der Katzenbrunnen, der haupts\u00e4chlich von Ihnen, den Kunden, hergestellt wird! Durch Marktforschung, Kundenrezensionen und mit der Hilfe von Ingenieuren aus der ganzen Welt konnten wir einen Katzenbrunnen schaffen, der keine Probleme der Konkurrenz wie eine laute Pumpe etc. hat und dabei alle Vorteile beibeh\u00e4lt der Brunnen.<br><br>Unser Ziel ist es, Katzen und Besitzern st\u00e4ndig zuzuh\u00f6ren und ihnen die gew\u00fcnschten Produkte in der bestm\u00f6glichen Qualit\u00e4t zum besten Preis anzubieten.<br><\/p>\n<h2>Rechtliche Informationen<\/h2>\n<p><br><\/p>\n<h4><strong style=\"font-size: 23.996px; letter-spacing: -0.035em;\">Handelsvertreter:<\/strong><\/h4>\n<p><strong>Firmenname:<\/strong>&nbsp;Paypixie Ltd<br><strong>Firmenadresse:<\/strong>&nbsp;Unit 9 Cable Depot Warspite Rd, SE18 5NX, London<br><strong>Firmenlizenznummer:<\/strong>&nbsp;14679258<br><strong>E-Mail:<\/strong>&nbsp;support@miaustore.com<br><strong>Telefon:<\/strong>&nbsp;+ 447451279554 (nur rechtliche Anfragen, nur Text)<br><br>Im Folgenden als \u201edas Unternehmen\u201c bezeichnet.<br><\/p>\n<h4 style=\"font-size: 23.996px;\"><strong>Gut geliefert von<\/strong>:<\/h4>\n<p><strong>Gesch\u00e4ftsinhaber (UBO):<\/strong>&nbsp;Chen Yongju<br><strong>Firmenname:<\/strong>&nbsp;Miaustore EU Webshop Limited<br><strong>Firmenadresse<\/strong>: Room 1902, Easey Commercial Building, 253-261 Hennessy Road, Wan Chai, Hongkong<br><strong>Firmenlizenznummer:<\/strong>&nbsp;3220155<br><strong>E-Mail:&nbsp;<\/strong>Miaustore699@outlook.com<br><strong>Tel:<\/strong>&nbsp;(+852) 57481890 (nur Text)<br><\/p>\n<h4>Vermarktung durch:<\/h4>\n<p><strong>Firmenname:<\/strong> Zephyr E-Commerce Management Limited<br><strong>Unternehmensadresse:<\/strong> One Capital Place, 18 Luab Road, Wan Chai, Hongkong<br><strong>Unternehmenslizenznummer:<\/strong> 3220151<br><strong>E-Mail:<\/strong> Zephyr698@outlook.com<br><strong>Telefon:<\/strong> +8617815938253 (nur rechtliche Anfragen, nur Text)<br><\/p>\n<h2>R\u00fcckgaberecht<\/h2>\n<p>Seit dem 01. November 2018 bietet Miaustore seinen Kunden eine 1-j\u00e4hrige Abnahmegarantie. Wird der Trinkbrunnen von der Katze nicht angenommen oder wird eines der von Miaustore gegebenen Versprechen (einfache Reinigung, hohe Qualit\u00e4t, einfaches Nachf\u00fcllen, Sicherheit usw.) nicht erf\u00fcllt, kann der K\u00e4ufer den Trinkbrunnen innerhalb der 1-Jahres-Frist zur\u00fcckgeben und eine R\u00fcckerstattung des f\u00fcr den Brunnen gezahlten Kaufpreises erhalten. Der Brunnen muss in einem intakten Zustand sein, um die 1-Jahres-Garantie in Anspruch nehmen zu k\u00f6nnen.<br><br>Bitte sehen Sie davon ab, andere Produkte als den Katzenbrunnen zur\u00fcckzugeben. Wenn Sie mehr Produkte zur\u00fccksenden, k\u00f6nnen wir diese nicht ber\u00fccksichtigen und Sie m\u00fcssen m\u00f6glicherweise die vollen R\u00fccksendekosten bezahlen, wenn Sie Ihre Produkte zur\u00fccksenden m\u00f6chten. Wir bitten um Verst\u00e4ndnis, dass wir personalisierte Produkte wie Gravuren nicht erstatten k\u00f6nnen.<br><br>Alle Nicht-Brunnen-Produkte k\u00f6nnen innerhalb von 14 Tagen zur\u00fcckgegeben werden.<br><br>Sie tragen die unmittelbaren Kosten der R\u00fccksendung der Waren. Bitte kontaktieren Sie uns vor R\u00fccksendung der Ware.<br><\/p>\n<h5 style=\"text-align: center;\"><strong>Der Brunnen muss an folgende Adresse zur\u00fcckgesendet werden:<\/strong><\/h5>\n<p style=\"text-align: center;\"><span style=\"font-family: Lato, sans-serif;\">tw4 GmbH<\/span><br class=\"clear\" style=\"font-family: Lato, sans-serif;\"><span style=\"font-family: Lato, sans-serif;\">Industriestrasse 3<\/span><br class=\"clear\" style=\"font-family: Lato, sans-serif;\"><span style=\"font-family: Lato, sans-serif;\">8575 Buerglen, Switzerland<\/span><br><\/p>\n<p>,<\/p><\/div>\n\t\t\t\t\t\t\t\t\t<div class=\"elementor-tab-title elementor-tab-mobile-title\" aria-selected=\"false\" data-tab=\"2\" role=\"tab\" tabindex=\"-1\" aria-controls=\"elementor-tab-content-9272\" aria-expanded=\"false\">\ud83c\uddeb\ud83c\uddf7 Qui Sommes Nous<\/div>\n\t\t\t\t\t<div id=\"elementor-tab-content-9272\" class=\"elementor-tab-content elementor-clearfix\" data-tab=\"2\" role=\"tabpanel\" aria-labelledby=\"elementor-tab-title-9272\" tabindex=\"0\" hidden=\"hidden\"><h1>Notre entreprise<\/h1>\n<p>Des produits pour chats cr\u00e9atifs et innovants pour am\u00e9liorer la sant\u00e9 et la qualit\u00e9 de vie de votre animal.<br><br>Chez Miaustore, nous croyons en l&#8217;am\u00e9lioration de la vie des chats et de leurs propri\u00e9taires gr\u00e2ce \u00e0 des produits pour chats faits \u00e0 la main et bien document\u00e9s.<br><br>Notre produit principal est la fontaine pour chat, principalement fabriqu\u00e9e par vous, les clients&nbsp;! Gr\u00e2ce \u00e0 des \u00e9tudes de march\u00e9, des avis clients et avec l&#8217;aide d&#8217;ing\u00e9nieurs du monde entier, nous avons pu cr\u00e9er une fontaine pour chat qui n&#8217;a aucun des probl\u00e8mes des concurrents comme une pompe bruyante, etc. tout en conservant tous les avantages des fontaines.<br><br>Notre objectif est d&#8217;\u00eatre continuellement \u00e0 l&#8217;\u00e9coute des chats et des propri\u00e9taires et de leur offrir les produits qu&#8217;ils d\u00e9sirent, de la meilleure qualit\u00e9 possible, au meilleur prix.<br><\/p>\n<h2>Informations l\u00e9gales<\/h2>\n<p><br><\/p>\n<h4><strong style=\"font-size&nbsp;: 23.996px&nbsp;; letter-spacing&nbsp;: -0.035em&nbsp;;\">Agent commercial&nbsp;:<\/strong><\/h4>\n<p><strong>Nom de l&#8217;entreprise&nbsp;:<\/strong>&nbsp;Paypixie Ltd<br><strong>Adresse de l&#8217;entreprise&nbsp;:<\/strong>&nbsp;Unit 9 Cable Depot Warspite Rd, SE18 5NX, Londres<br><strong>Num\u00e9ro de licence de l&#8217;entreprise&nbsp;:<\/strong>&nbsp;14679258<br><strong>E-mail&nbsp;:<\/strong>&nbsp;support@miaustore.com<br><strong>T\u00e9l\u00e9phone&nbsp;:<\/strong>&nbsp;+&nbsp;447451279554 (informations juridiques uniquement, SMS uniquement)<br><br>Ci-apr\u00e8s d\u00e9nomm\u00e9e \u00ab la Soci\u00e9t\u00e9 \u00bb<br><\/p>\n<h4 style=\"font-size&nbsp;: 23.996px&nbsp;;\"><strong>Bien fourni par<\/strong>&nbsp;:<\/h4>\n<p><strong>Propri\u00e9taire d&#8217;entreprise (UBO)&nbsp;:<\/strong>&nbsp;Chen Yongju<br><strong>Nom de l&#8217;entreprise&nbsp;:<\/strong>&nbsp;Miaustore EU Webshop Limited<br><strong>Adresse de la soci\u00e9t\u00e9<\/strong>&nbsp;: Room 1902, Easey Commercial Building, 253-261 Hennessy Road, Wan Chai, Hong Kong<br><strong>Num\u00e9ro de licence d&#8217;entreprise&nbsp;:<\/strong>&nbsp;3220155<br><strong>E-mail&nbsp;:&nbsp;<\/strong>Miaustore699@outlook.com<br><strong>T\u00e9l&nbsp;:<\/strong>&nbsp;(+852) 57481890 (texte uniquement)<br><\/p>\n<h4>Commercialisation par&nbsp;:<\/h4>\n<p><strong>Nom de l&#8217;entreprise&nbsp;:<\/strong> Zephyr E-Commerce Management Limited<br><strong>Adresse de l&#8217;entreprise&nbsp;:<\/strong> One Capital Place, 18 Luab Road, Wan Chai, Hong Kong<br><strong>Num\u00e9ro de licence d&#8217;entreprise&nbsp;:<\/strong> 3220151<br><strong>E-mail&nbsp;:<\/strong> Zephyr698@outlook.com<br><strong>T\u00e9l\u00e9phone&nbsp;:<\/strong> +8617815938253 (demandes juridiques uniquement, SMS uniquement)<br><\/p>\n<h2>Politique de retour<\/h2>\n<p>Depuis le 01 novembre 2018, Miaustore offre \u00e0 ses clients une garantie de r\u00e9ception de 1 an. Si la fontaine n&#8217;est pas accept\u00e9e par le chat ou si l&#8217;une des promesses faites par Miaustore n&#8217;est pas tenue (nettoyage facile, haute qualit\u00e9, remplissage facile, s\u00e9curit\u00e9, etc.), l&#8217;acheteur peut retourner la fontaine dans le d\u00e9lai de 1 an et recevoir un remboursement du prix d&#8217;achat pay\u00e9 pour la fontaine. La fontaine doit \u00eatre dans un \u00e9tat intact pour b\u00e9n\u00e9ficier de la garantie d&#8217;un an.<br><br>Veuillez vous abstenir de retourner des produits autres que la fontaine pour chat. Si vous retournez plusieurs produits, nous ne pouvons pas les prendre en compte et vous devrez peut-\u00eatre vous acquitter de l&#8217;int\u00e9gralit\u00e9 des frais de retour si vous souhaitez vous faire retourner vos produits. Nous vous demandons de comprendre que nous ne pouvons pas rembourser les produits personnalis\u00e9s tels que la gravure.<br><br>Tous les produits autres que les fontaines peuvent \u00eatre retourn\u00e9s sous 14 jours.<br><br>Vous supporterez les frais directs de retour de la marchandise. Veuillez nous contacter avant de retourner la marchandise.<br><\/p>\n<h5 style=\"text-align: center;\"><strong>La fontaine doit \u00eatre retourn\u00e9e \u00e0 l&#8217;adresse suivante&nbsp;:<\/strong><\/h5>\n<p style=\"text-align: center;\">Miaustore.com<\/p>\n<p><br><\/p>\n<p style=\"text-align: center;\">isklad e-fulfillment Dia\u013eni\u010dn\u00e1 cesta 5, Hala D, gate 35 90301 Senec Slovaquie<\/p>\n<p>,<\/p><\/div>\n\t\t\t\t\t\t\t<\/div>\n\t\t<\/div>\n\t\t\t\t\t\t<\/div>\n\t\t\t\t<\/div>\n\t\t\t\t\t<\/div>\n\t\t<\/div>\n\t\t\t\t\t<\/div>\n\t\t<\/section>\n\t\t\t\t<\/div>\n\t\t","protected":false},"excerpt":{"rendered":"<p>\ud83c\udde9\ud83c\uddea \u00dcber Uns \ud83c\uddeb\ud83c\uddf7 Qui Sommes Nous \ud83c\udde9\ud83c\uddea \u00dcber Uns Unser Unternehmen Kreative, innovative Katzenprodukte zur Verbesserung der Gesundheit und Lebensqualit\u00e4t Ihres Haustieres.Wir bei Miaustore glauben daran, das Leben von Katzen und ihren Besitzern durch gut recherchierte, handgefertigte Katzenprodukte zu verbessern.Unser Hauptprodukt ist der Katzenbrunnen, der haupts\u00e4chlich von Ihnen, den Kunden, hergestellt wird! Durch Marktforschung, Kundenrezensionen und mit der Hilfe &#8230; <\/p>\n<div><a href=\"https:\/\/miaustore.com\/ch\/ueber-uns-qui-sommes-nous.html\" class=\"more-link\">Read More<\/a><\/div>\n","protected":false},"author":1,"featured_media":0,"parent":0,"menu_order":0,"comment_status":"closed","ping_status":"closed","template":"elementor_header_footer","meta":{"_glsr_average":0,"_glsr_ranking":0,"_glsr_reviews":0,"footnotes":""},"categories":[],"tags":[],"class_list":["post-199","page","type-page","status-publish","hentry","no-post-thumbnail"],"yoast_head":"<!-- This site is optimized with the Yoast SEO Premium plugin v26.7 (Yoast SEO v26.7) - https:\/\/yoast.com\/wordpress\/plugins\/seo\/ -->\n<title>\u00dcber uns \/ QUI SOMMES NOUS? - Miaustore Schweiz<\/title>\n<meta name=\"description\" content=\"Kreative, innovative Katzenprodukte zur Verbesserung der Gesundheit und Lebensqualit\u00e4t Ihres Tieres. Wir von Miaustore sind davon \u00fcberzeugt...\" \/>\n<meta name=\"robots\" content=\"index, follow, max-snippet:-1, max-image-preview:large, max-video-preview:-1\" \/>\n<link rel=\"canonical\" href=\"https:\/\/miaustore.com\/ch\/ueber-uns-qui-sommes-nous.html\" \/>\n<meta property=\"og:locale\" content=\"de_DE\" \/>\n<meta property=\"og:type\" content=\"article\" \/>\n<meta property=\"og:title\" content=\"\u00dcber uns \/ QUI SOMMES NOUS?\" \/>\n<meta property=\"og:description\" content=\"Kreative, innovative Katzenprodukte zur Verbesserung der Gesundheit und Lebensqualit\u00e4t Ihres Tieres. Wir von Miaustore sind davon \u00fcberzeugt...\" \/>\n<meta property=\"og:url\" content=\"https:\/\/miaustore.com\/ch\/ueber-uns-qui-sommes-nous.html\" \/>\n<meta property=\"og:site_name\" content=\"Miaustore Schweiz\" \/>\n<meta property=\"article:modified_time\" content=\"2024-03-29T21:00:41+00:00\" \/>\n<meta name=\"twitter:card\" content=\"summary_large_image\" \/>\n<meta name=\"twitter:label1\" content=\"Gesch\u00e4tzte Lesezeit\" \/>\n\t<meta name=\"twitter:data1\" content=\"4\u00a0Minuten\" \/>\n<script type=\"application\/ld+json\" class=\"yoast-schema-graph\">{\"@context\":\"https:\/\/schema.org\",\"@graph\":[{\"@type\":\"WebPage\",\"@id\":\"https:\/\/miaustore.com\/ch\/ueber-uns-qui-sommes-nous.html\",\"url\":\"https:\/\/miaustore.com\/ch\/ueber-uns-qui-sommes-nous.html\",\"name\":\"\u00dcber uns \/ QUI SOMMES NOUS? - Miaustore Schweiz\",\"isPartOf\":{\"@id\":\"https:\/\/miaustore.com\/ch\/#website\"},\"datePublished\":\"2019-08-30T10:23:42+00:00\",\"dateModified\":\"2024-03-29T21:00:41+00:00\",\"description\":\"Kreative, innovative Katzenprodukte zur Verbesserung der Gesundheit und Lebensqualit\u00e4t Ihres Tieres. Wir von Miaustore sind davon \u00fcberzeugt...\",\"breadcrumb\":{\"@id\":\"https:\/\/miaustore.com\/ch\/ueber-uns-qui-sommes-nous.html#breadcrumb\"},\"inLanguage\":\"de-CH\",\"potentialAction\":[{\"@type\":\"ReadAction\",\"target\":[\"https:\/\/miaustore.com\/ch\/ueber-uns-qui-sommes-nous.html\"]}]},{\"@type\":\"BreadcrumbList\",\"@id\":\"https:\/\/miaustore.com\/ch\/ueber-uns-qui-sommes-nous.html#breadcrumb\",\"itemListElement\":[{\"@type\":\"ListItem\",\"position\":1,\"name\":\"Startseite\",\"item\":\"https:\/\/miaustore.com\/ch\/\"},{\"@type\":\"ListItem\",\"position\":2,\"name\":\"\u00dcber uns \/ QUI SOMMES NOUS?\"}]},{\"@type\":\"WebSite\",\"@id\":\"https:\/\/miaustore.com\/ch\/#website\",\"url\":\"https:\/\/miaustore.com\/ch\/\",\"name\":\"Miaustore Schweiz\",\"description\":\"Eine weitere My Sites Website\",\"potentialAction\":[{\"@type\":\"SearchAction\",\"target\":{\"@type\":\"EntryPoint\",\"urlTemplate\":\"https:\/\/miaustore.com\/ch\/?s={search_term_string}\"},\"query-input\":{\"@type\":\"PropertyValueSpecification\",\"valueRequired\":true,\"valueName\":\"search_term_string\"}}],\"inLanguage\":\"de-CH\"}]}<\/script>\n<!-- \/ Yoast SEO Premium plugin. -->","yoast_head_json":{"title":"\u00dcber uns \/ QUI SOMMES NOUS? - Miaustore Schweiz","description":"Kreative, innovative Katzenprodukte zur Verbesserung der Gesundheit und Lebensqualit\u00e4t Ihres Tieres. Wir von Miaustore sind davon \u00fcberzeugt...","robots":{"index":"index","follow":"follow","max-snippet":"max-snippet:-1","max-image-preview":"max-image-preview:large","max-video-preview":"max-video-preview:-1"},"canonical":"https:\/\/miaustore.com\/ch\/ueber-uns-qui-sommes-nous.html","og_locale":"de_DE","og_type":"article","og_title":"\u00dcber uns \/ QUI SOMMES NOUS?","og_description":"Kreative, innovative Katzenprodukte zur Verbesserung der Gesundheit und Lebensqualit\u00e4t Ihres Tieres. Wir von Miaustore sind davon \u00fcberzeugt...","og_url":"https:\/\/miaustore.com\/ch\/ueber-uns-qui-sommes-nous.html","og_site_name":"Miaustore Schweiz","article_modified_time":"2024-03-29T21:00:41+00:00","twitter_card":"summary_large_image","twitter_misc":{"Gesch\u00e4tzte Lesezeit":"4\u00a0Minuten"},"schema":{"@context":"https:\/\/schema.org","@graph":[{"@type":"WebPage","@id":"https:\/\/miaustore.com\/ch\/ueber-uns-qui-sommes-nous.html","url":"https:\/\/miaustore.com\/ch\/ueber-uns-qui-sommes-nous.html","name":"\u00dcber uns \/ QUI SOMMES NOUS? - Miaustore Schweiz","isPartOf":{"@id":"https:\/\/miaustore.com\/ch\/#website"},"datePublished":"2019-08-30T10:23:42+00:00","dateModified":"2024-03-29T21:00:41+00:00","description":"Kreative, innovative Katzenprodukte zur Verbesserung der Gesundheit und Lebensqualit\u00e4t Ihres Tieres. Wir von Miaustore sind davon \u00fcberzeugt...","breadcrumb":{"@id":"https:\/\/miaustore.com\/ch\/ueber-uns-qui-sommes-nous.html#breadcrumb"},"inLanguage":"de-CH","potentialAction":[{"@type":"ReadAction","target":["https:\/\/miaustore.com\/ch\/ueber-uns-qui-sommes-nous.html"]}]},{"@type":"BreadcrumbList","@id":"https:\/\/miaustore.com\/ch\/ueber-uns-qui-sommes-nous.html#breadcrumb","itemListElement":[{"@type":"ListItem","position":1,"name":"Startseite","item":"https:\/\/miaustore.com\/ch\/"},{"@type":"ListItem","position":2,"name":"\u00dcber uns \/ QUI SOMMES NOUS?"}]},{"@type":"WebSite","@id":"https:\/\/miaustore.com\/ch\/#website","url":"https:\/\/miaustore.com\/ch\/","name":"Miaustore Schweiz","description":"Eine weitere My Sites Website","potentialAction":[{"@type":"SearchAction","target":{"@type":"EntryPoint","urlTemplate":"https:\/\/miaustore.com\/ch\/?s={search_term_string}"},"query-input":{"@type":"PropertyValueSpecification","valueRequired":true,"valueName":"search_term_string"}}],"inLanguage":"de-CH"}]}},"_links":{"self":[{"href":"https:\/\/miaustore.com\/ch\/wp-json\/wp\/v2\/pages\/199","targetHints":{"allow":["GET"]}}],"collection":[{"href":"https:\/\/miaustore.com\/ch\/wp-json\/wp\/v2\/pages"}],"about":[{"href":"https:\/\/miaustore.com\/ch\/wp-json\/wp\/v2\/types\/page"}],"author":[{"embeddable":true,"href":"https:\/\/miaustore.com\/ch\/wp-json\/wp\/v2\/users\/1"}],"replies":[{"embeddable":true,"href":"https:\/\/miaustore.com\/ch\/wp-json\/wp\/v2\/comments?post=199"}],"version-history":[{"count":0,"href":"https:\/\/miaustore.com\/ch\/wp-json\/wp\/v2\/pages\/199\/revisions"}],"wp:attachment":[{"href":"https:\/\/miaustore.com\/ch\/wp-json\/wp\/v2\/media?parent=199"}],"wp:term":[{"taxonomy":"category","embeddable":true,"href":"https:\/\/miaustore.com\/ch\/wp-json\/wp\/v2\/categories?post=199"},{"taxonomy":"post_tag","embeddable":true,"href":"https:\/\/miaustore.com\/ch\/wp-json\/wp\/v2\/tags?post=199"}],"curies":[{"name":"wp","href":"https:\/\/api.w.org\/{rel}","templated":true}]}}