{"id":200735,"date":"2020-01-24T14:45:25","date_gmt":"2020-01-24T13:45:25","guid":{"rendered":"https:\/\/miaustore.com\/ch\/?page_id=200735"},"modified":"2020-03-24T13:13:25","modified_gmt":"2020-03-24T12:13:25","slug":"haendler","status":"publish","type":"page","link":"https:\/\/miaustore.com\/ch\/haendler.html","title":{"rendered":"H\u00e4ndler \/ Commerce en gros"},"content":{"rendered":"<strong>Sind Sie ein Fachh\u00e4ndler f\u00fcr Heimtierbedarf und m\u00f6chten Sie Miaustore Produkte zu Ihrem Sortiment hinzuf\u00fcgen?<\/strong>\r\nDann f\u00fcllen Sie das folgende Formular aus und treten Sie mit uns in Kontakt.\r\n<p class=\"p1\"><strong>Vous op\u00e9rer en tant qu&#8217;animalerie ou vous souhaitez devenir notre revendeur?<\/strong><\/p>\r\n<p class=\"p1\">Remplissez le formulaire ci-dessous pour nous tenir au courant!<\/p>\r\n\r\n[os-widget path=&#187;\/noemi\/h%C3%A4ndler-antrag1&#8243;]","protected":false},"excerpt":{"rendered":"<p>Sind Sie ein Fachh\u00e4ndler f\u00fcr Heimtierbedarf und m\u00f6chten Sie Miaustore Produkte zu Ihrem Sortiment hinzuf\u00fcgen? Dann f\u00fcllen Sie das folgende Formular aus und treten Sie mit uns in Kontakt. Vous op\u00e9rer en tant qu&#8217;animalerie ou vous souhaitez devenir notre revendeur? Remplissez le formulaire ci-dessous pour nous tenir au courant! [os-widget path=&#187;\/noemi\/h%C3%A4ndler-antrag1&#8243;]<\/p>\n","protected":false},"author":1,"featured_media":0,"parent":0,"menu_order":0,"comment_status":"closed","ping_status":"closed","template":"","meta":{"_glsr_average":0,"_glsr_ranking":0,"_glsr_reviews":0,"footnotes":""},"categories":[],"tags":[],"class_list":["post-200735","page","type-page","status-publish","hentry","no-post-thumbnail"],"yoast_head":"<!-- This site is optimized with the Yoast SEO Premium plugin v26.7 (Yoast SEO v26.7) - https:\/\/yoast.com\/wordpress\/plugins\/seo\/ -->\n<title>H\u00e4ndler \/ Commerce en gros - Miaustore Switzerland<\/title>\n<meta name=\"description\" content=\"Sind Sie ein Fachh\u00e4ndler f\u00fcr Heimtierbedarf und m\u00f6chten Sie Miaustore Produkte zu Ihrem Sortiment hinzuf\u00fcgen? Dann f\u00fcllen Sie das folgende Formular aus...\" \/>\n<meta name=\"robots\" content=\"index, follow, max-snippet:-1, max-image-preview:large, max-video-preview:-1\" \/>\n<link rel=\"canonical\" href=\"https:\/\/miaustore.com\/ch\/haendler.html\" \/>\n<meta property=\"og:locale\" content=\"de_DE\" \/>\n<meta property=\"og:type\" content=\"article\" \/>\n<meta property=\"og:title\" content=\"H\u00e4ndler \/ Commerce en gros\" \/>\n<meta property=\"og:description\" content=\"Sind Sie ein Fachh\u00e4ndler f\u00fcr Heimtierbedarf und m\u00f6chten Sie Miaustore Produkte zu Ihrem Sortiment hinzuf\u00fcgen? Dann f\u00fcllen Sie das folgende Formular aus...\" \/>\n<meta property=\"og:url\" content=\"https:\/\/miaustore.com\/ch\/haendler.html\" \/>\n<meta property=\"og:site_name\" content=\"Miaustore Schweiz\" \/>\n<meta property=\"article:modified_time\" content=\"2020-03-24T12:13:25+00:00\" \/>\n<meta name=\"twitter:card\" content=\"summary_large_image\" \/>\n<script type=\"application\/ld+json\" class=\"yoast-schema-graph\">{\"@context\":\"https:\/\/schema.org\",\"@graph\":[{\"@type\":\"WebPage\",\"@id\":\"https:\/\/miaustore.com\/ch\/haendler.html\",\"url\":\"https:\/\/miaustore.com\/ch\/haendler.html\",\"name\":\"H\u00e4ndler \/ Commerce en gros - Miaustore Switzerland\",\"isPartOf\":{\"@id\":\"https:\/\/miaustore.com\/ch\/#website\"},\"datePublished\":\"2020-01-24T13:45:25+00:00\",\"dateModified\":\"2020-03-24T12:13:25+00:00\",\"description\":\"Sind Sie ein Fachh\u00e4ndler f\u00fcr Heimtierbedarf und m\u00f6chten Sie Miaustore Produkte zu Ihrem Sortiment hinzuf\u00fcgen? Dann f\u00fcllen Sie das folgende Formular aus...\",\"breadcrumb\":{\"@id\":\"https:\/\/miaustore.com\/ch\/haendler.html#breadcrumb\"},\"inLanguage\":\"de-CH\",\"potentialAction\":[{\"@type\":\"ReadAction\",\"target\":[\"https:\/\/miaustore.com\/ch\/haendler.html\"]}]},{\"@type\":\"BreadcrumbList\",\"@id\":\"https:\/\/miaustore.com\/ch\/haendler.html#breadcrumb\",\"itemListElement\":[{\"@type\":\"ListItem\",\"position\":1,\"name\":\"Startseite\",\"item\":\"https:\/\/miaustore.com\/ch\/\"},{\"@type\":\"ListItem\",\"position\":2,\"name\":\"H\u00e4ndler \/ Commerce en gros\"}]},{\"@type\":\"WebSite\",\"@id\":\"https:\/\/miaustore.com\/ch\/#website\",\"url\":\"https:\/\/miaustore.com\/ch\/\",\"name\":\"Miaustore Schweiz\",\"description\":\"Eine weitere My Sites Website\",\"potentialAction\":[{\"@type\":\"SearchAction\",\"target\":{\"@type\":\"EntryPoint\",\"urlTemplate\":\"https:\/\/miaustore.com\/ch\/?s={search_term_string}\"},\"query-input\":{\"@type\":\"PropertyValueSpecification\",\"valueRequired\":true,\"valueName\":\"search_term_string\"}}],\"inLanguage\":\"de-CH\"}]}<\/script>\n<!-- \/ Yoast SEO Premium plugin. -->","yoast_head_json":{"title":"H\u00e4ndler \/ Commerce en gros - Miaustore Switzerland","description":"Sind Sie ein Fachh\u00e4ndler f\u00fcr Heimtierbedarf und m\u00f6chten Sie Miaustore Produkte zu Ihrem Sortiment hinzuf\u00fcgen? Dann f\u00fcllen Sie das folgende Formular aus...","robots":{"index":"index","follow":"follow","max-snippet":"max-snippet:-1","max-image-preview":"max-image-preview:large","max-video-preview":"max-video-preview:-1"},"canonical":"https:\/\/miaustore.com\/ch\/haendler.html","og_locale":"de_DE","og_type":"article","og_title":"H\u00e4ndler \/ Commerce en gros","og_description":"Sind Sie ein Fachh\u00e4ndler f\u00fcr Heimtierbedarf und m\u00f6chten Sie Miaustore Produkte zu Ihrem Sortiment hinzuf\u00fcgen? Dann f\u00fcllen Sie das folgende Formular aus...","og_url":"https:\/\/miaustore.com\/ch\/haendler.html","og_site_name":"Miaustore Schweiz","article_modified_time":"2020-03-24T12:13:25+00:00","twitter_card":"summary_large_image","schema":{"@context":"https:\/\/schema.org","@graph":[{"@type":"WebPage","@id":"https:\/\/miaustore.com\/ch\/haendler.html","url":"https:\/\/miaustore.com\/ch\/haendler.html","name":"H\u00e4ndler \/ Commerce en gros - Miaustore Switzerland","isPartOf":{"@id":"https:\/\/miaustore.com\/ch\/#website"},"datePublished":"2020-01-24T13:45:25+00:00","dateModified":"2020-03-24T12:13:25+00:00","description":"Sind Sie ein Fachh\u00e4ndler f\u00fcr Heimtierbedarf und m\u00f6chten Sie Miaustore Produkte zu Ihrem Sortiment hinzuf\u00fcgen? Dann f\u00fcllen Sie das folgende Formular aus...","breadcrumb":{"@id":"https:\/\/miaustore.com\/ch\/haendler.html#breadcrumb"},"inLanguage":"de-CH","potentialAction":[{"@type":"ReadAction","target":["https:\/\/miaustore.com\/ch\/haendler.html"]}]},{"@type":"BreadcrumbList","@id":"https:\/\/miaustore.com\/ch\/haendler.html#breadcrumb","itemListElement":[{"@type":"ListItem","position":1,"name":"Startseite","item":"https:\/\/miaustore.com\/ch\/"},{"@type":"ListItem","position":2,"name":"H\u00e4ndler \/ Commerce en gros"}]},{"@type":"WebSite","@id":"https:\/\/miaustore.com\/ch\/#website","url":"https:\/\/miaustore.com\/ch\/","name":"Miaustore Schweiz","description":"Eine weitere My Sites Website","potentialAction":[{"@type":"SearchAction","target":{"@type":"EntryPoint","urlTemplate":"https:\/\/miaustore.com\/ch\/?s={search_term_string}"},"query-input":{"@type":"PropertyValueSpecification","valueRequired":true,"valueName":"search_term_string"}}],"inLanguage":"de-CH"}]}},"_links":{"self":[{"href":"https:\/\/miaustore.com\/ch\/wp-json\/wp\/v2\/pages\/200735","targetHints":{"allow":["GET"]}}],"collection":[{"href":"https:\/\/miaustore.com\/ch\/wp-json\/wp\/v2\/pages"}],"about":[{"href":"https:\/\/miaustore.com\/ch\/wp-json\/wp\/v2\/types\/page"}],"author":[{"embeddable":true,"href":"https:\/\/miaustore.com\/ch\/wp-json\/wp\/v2\/users\/1"}],"replies":[{"embeddable":true,"href":"https:\/\/miaustore.com\/ch\/wp-json\/wp\/v2\/comments?post=200735"}],"version-history":[{"count":0,"href":"https:\/\/miaustore.com\/ch\/wp-json\/wp\/v2\/pages\/200735\/revisions"}],"wp:attachment":[{"href":"https:\/\/miaustore.com\/ch\/wp-json\/wp\/v2\/media?parent=200735"}],"wp:term":[{"taxonomy":"category","embeddable":true,"href":"https:\/\/miaustore.com\/ch\/wp-json\/wp\/v2\/categories?post=200735"},{"taxonomy":"post_tag","embeddable":true,"href":"https:\/\/miaustore.com\/ch\/wp-json\/wp\/v2\/tags?post=200735"}],"curies":[{"name":"wp","href":"https:\/\/api.w.org\/{rel}","templated":true}]}}