{"id":210,"date":"2019-08-30T12:43:26","date_gmt":"2019-08-30T10:43:26","guid":{"rendered":"https:\/\/miaustore.com\/ch\/?page_id=210"},"modified":"2020-01-14T13:58:48","modified_gmt":"2020-01-14T12:58:48","slug":"affiliate","status":"publish","type":"page","link":"https:\/\/miaustore.com\/ch\/affiliate.html","title":{"rendered":"Affiliate Partnerprogramm \/ Programme d&#8217;affiliation"},"content":{"rendered":"<div class=\"woocommerce\"><\/div>\r\n<h2>Affiliate Partnerprogramm<\/h2><br class=\"clear\/\" \/><br class=\"clear\/\" \/>\r\nVerdienen Sie ohne gro\u00dfen Aufwand und Risiko Geld als Affiliate mit unserem Miaustore Affiliate Partnerprogramm.<br class=\"clear\/\" \/><br class=\"clear\/\" \/>\r\nF\u00fcr die erfolgreiche Teilnahme an unserem Partnerprogramm brauchen Sie eine eigene Website oder einen geeigneten Social-Media-Kanal.<br class=\"clear\/\" \/><br class=\"clear\/\" \/>\r\n\r\nBei Interesse und f\u00fcr mehr Informationen melden Sie sich bei <a href=\"https:\/\/miaustore.com\/kontakt.html\">uns<\/a>. <br class=\"clear\/\" \/><br class=\"clear\/\" \/>\r\n\r\nVielen Dank f\u00fcr Ihr Interesse ein Affiliate Partner werden zu wollen! <br class=\"clear\/\" \/><br class=\"clear\/\" \/>\r\n\r\n<h2>Programme d&#8217;affiliation<\/h2><br class=\"clear\/\" \/><br class=\"clear\/\" \/>\r\n\r\nVous pouvez \u00eatre r\u00e9compens\u00e9 avec le programme d&#8217;affiliation.<br class=\"clear\/\" \/><br class=\"clear\/\" \/>\r\n\r\nMiaustore en nous aidant \u00e0 promouvoir nos produits via une commission.<br class=\"clear\/\" \/><br class=\"clear\/\" \/>\r\n\r\nPour postuler, veuillez vous inscrire via le formulaire ou contactez-nous directement et nous vous enverrons tous les d\u00e9tails.<br class=\"clear\/\" \/><br class=\"clear\/\" \/>\r\n\r\n&nbsp;\r\n<h3>Affiliatepartner Login<\/h3>\r\nPlease Login to View\/Submit Affiliate Request <a href=https:\/\/miaustore.com\/ch\/my-account.html?redirect_to=miaustore.com\/ch\/affiliate.html>My account<\/a>","protected":false},"excerpt":{"rendered":"<p>Affiliate Partnerprogramm Verdienen Sie ohne gro\u00dfen Aufwand und Risiko Geld als Affiliate mit unserem Miaustore Affiliate Partnerprogramm. F\u00fcr die erfolgreiche Teilnahme an unserem Partnerprogramm brauchen Sie eine eigene Website oder einen geeigneten Social-Media-Kanal. Bei Interesse und f\u00fcr mehr Informationen melden Sie sich bei uns. Vielen Dank f\u00fcr Ihr Interesse ein Affiliate Partner werden zu wollen! Programme d&#8217;affiliation Vous pouvez \u00eatre &#8230; <\/p>\n<div><a href=\"https:\/\/miaustore.com\/ch\/affiliate.html\" class=\"more-link\">Read More<\/a><\/div>\n","protected":false},"author":1,"featured_media":0,"parent":0,"menu_order":0,"comment_status":"closed","ping_status":"closed","template":"","meta":{"_glsr_average":0,"_glsr_ranking":0,"_glsr_reviews":0,"footnotes":""},"categories":[],"tags":[],"class_list":["post-210","page","type-page","status-publish","hentry","no-post-thumbnail"],"yoast_head":"<!-- This site is optimized with the Yoast SEO Premium plugin v26.7 (Yoast SEO v26.7) - https:\/\/yoast.com\/wordpress\/plugins\/seo\/ -->\n<title>Affiliate Partnerprogramm \/ Programme d&#039;affiliation<\/title>\n<meta name=\"robots\" content=\"noindex, follow\" \/>\n<meta property=\"og:locale\" content=\"de_DE\" \/>\n<meta property=\"og:type\" content=\"article\" \/>\n<meta property=\"og:title\" content=\"Affiliate Partnerprogramm \/ Programme d&#039;affiliation\" \/>\n<meta property=\"og:description\" content=\"Affiliate Partnerprogramm Verdienen Sie ohne gro\u00dfen Aufwand und Risiko Geld als Affiliate mit unserem Miaustore Affiliate Partnerprogramm. F\u00fcr die erfolgreiche Teilnahme an unserem Partnerprogramm brauchen Sie eine eigene Website oder einen geeigneten Social-Media-Kanal. Bei Interesse und f\u00fcr mehr Informationen melden Sie sich bei uns. Vielen Dank f\u00fcr Ihr Interesse ein Affiliate Partner werden zu wollen! Programme d&#8217;affiliation Vous pouvez \u00eatre ... Read More\" \/>\n<meta property=\"og:url\" content=\"https:\/\/miaustore.com\/ch\/affiliate.html\" \/>\n<meta property=\"og:site_name\" content=\"Miaustore Schweiz\" \/>\n<meta property=\"article:modified_time\" content=\"2020-01-14T12:58:48+00:00\" \/>\n<meta name=\"twitter:card\" content=\"summary_large_image\" \/>\n<meta name=\"twitter:label1\" content=\"Gesch\u00e4tzte Lesezeit\" \/>\n\t<meta name=\"twitter:data1\" content=\"1\u00a0Minute\" \/>\n<script type=\"application\/ld+json\" class=\"yoast-schema-graph\">{\"@context\":\"https:\/\/schema.org\",\"@graph\":[{\"@type\":\"WebPage\",\"@id\":\"https:\/\/miaustore.com\/ch\/affiliate.html\",\"url\":\"https:\/\/miaustore.com\/ch\/affiliate.html\",\"name\":\"Affiliate Partnerprogramm \/ Programme d'affiliation\",\"isPartOf\":{\"@id\":\"https:\/\/miaustore.com\/ch\/#website\"},\"datePublished\":\"2019-08-30T10:43:26+00:00\",\"dateModified\":\"2020-01-14T12:58:48+00:00\",\"breadcrumb\":{\"@id\":\"https:\/\/miaustore.com\/ch\/affiliate.html#breadcrumb\"},\"inLanguage\":\"de-CH\",\"potentialAction\":[{\"@type\":\"ReadAction\",\"target\":[\"https:\/\/miaustore.com\/ch\/affiliate.html\"]}]},{\"@type\":\"BreadcrumbList\",\"@id\":\"https:\/\/miaustore.com\/ch\/affiliate.html#breadcrumb\",\"itemListElement\":[{\"@type\":\"ListItem\",\"position\":1,\"name\":\"Startseite\",\"item\":\"https:\/\/miaustore.com\/ch\/\"},{\"@type\":\"ListItem\",\"position\":2,\"name\":\"Affiliate Partnerprogramm \/ Programme d&#8217;affiliation\"}]},{\"@type\":\"WebSite\",\"@id\":\"https:\/\/miaustore.com\/ch\/#website\",\"url\":\"https:\/\/miaustore.com\/ch\/\",\"name\":\"Miaustore Schweiz\",\"description\":\"Eine weitere My Sites Website\",\"potentialAction\":[{\"@type\":\"SearchAction\",\"target\":{\"@type\":\"EntryPoint\",\"urlTemplate\":\"https:\/\/miaustore.com\/ch\/?s={search_term_string}\"},\"query-input\":{\"@type\":\"PropertyValueSpecification\",\"valueRequired\":true,\"valueName\":\"search_term_string\"}}],\"inLanguage\":\"de-CH\"}]}<\/script>\n<!-- \/ Yoast SEO Premium plugin. -->","yoast_head_json":{"title":"Affiliate Partnerprogramm \/ Programme d'affiliation","robots":{"index":"noindex","follow":"follow"},"og_locale":"de_DE","og_type":"article","og_title":"Affiliate Partnerprogramm \/ Programme d'affiliation","og_description":"Affiliate Partnerprogramm Verdienen Sie ohne gro\u00dfen Aufwand und Risiko Geld als Affiliate mit unserem Miaustore Affiliate Partnerprogramm. F\u00fcr die erfolgreiche Teilnahme an unserem Partnerprogramm brauchen Sie eine eigene Website oder einen geeigneten Social-Media-Kanal. Bei Interesse und f\u00fcr mehr Informationen melden Sie sich bei uns. Vielen Dank f\u00fcr Ihr Interesse ein Affiliate Partner werden zu wollen! Programme d&#8217;affiliation Vous pouvez \u00eatre ... Read More","og_url":"https:\/\/miaustore.com\/ch\/affiliate.html","og_site_name":"Miaustore Schweiz","article_modified_time":"2020-01-14T12:58:48+00:00","twitter_card":"summary_large_image","twitter_misc":{"Gesch\u00e4tzte Lesezeit":"1\u00a0Minute"},"schema":{"@context":"https:\/\/schema.org","@graph":[{"@type":"WebPage","@id":"https:\/\/miaustore.com\/ch\/affiliate.html","url":"https:\/\/miaustore.com\/ch\/affiliate.html","name":"Affiliate Partnerprogramm \/ Programme d'affiliation","isPartOf":{"@id":"https:\/\/miaustore.com\/ch\/#website"},"datePublished":"2019-08-30T10:43:26+00:00","dateModified":"2020-01-14T12:58:48+00:00","breadcrumb":{"@id":"https:\/\/miaustore.com\/ch\/affiliate.html#breadcrumb"},"inLanguage":"de-CH","potentialAction":[{"@type":"ReadAction","target":["https:\/\/miaustore.com\/ch\/affiliate.html"]}]},{"@type":"BreadcrumbList","@id":"https:\/\/miaustore.com\/ch\/affiliate.html#breadcrumb","itemListElement":[{"@type":"ListItem","position":1,"name":"Startseite","item":"https:\/\/miaustore.com\/ch\/"},{"@type":"ListItem","position":2,"name":"Affiliate Partnerprogramm \/ Programme d&#8217;affiliation"}]},{"@type":"WebSite","@id":"https:\/\/miaustore.com\/ch\/#website","url":"https:\/\/miaustore.com\/ch\/","name":"Miaustore Schweiz","description":"Eine weitere My Sites Website","potentialAction":[{"@type":"SearchAction","target":{"@type":"EntryPoint","urlTemplate":"https:\/\/miaustore.com\/ch\/?s={search_term_string}"},"query-input":{"@type":"PropertyValueSpecification","valueRequired":true,"valueName":"search_term_string"}}],"inLanguage":"de-CH"}]}},"_links":{"self":[{"href":"https:\/\/miaustore.com\/ch\/wp-json\/wp\/v2\/pages\/210","targetHints":{"allow":["GET"]}}],"collection":[{"href":"https:\/\/miaustore.com\/ch\/wp-json\/wp\/v2\/pages"}],"about":[{"href":"https:\/\/miaustore.com\/ch\/wp-json\/wp\/v2\/types\/page"}],"author":[{"embeddable":true,"href":"https:\/\/miaustore.com\/ch\/wp-json\/wp\/v2\/users\/1"}],"replies":[{"embeddable":true,"href":"https:\/\/miaustore.com\/ch\/wp-json\/wp\/v2\/comments?post=210"}],"version-history":[{"count":0,"href":"https:\/\/miaustore.com\/ch\/wp-json\/wp\/v2\/pages\/210\/revisions"}],"wp:attachment":[{"href":"https:\/\/miaustore.com\/ch\/wp-json\/wp\/v2\/media?parent=210"}],"wp:term":[{"taxonomy":"category","embeddable":true,"href":"https:\/\/miaustore.com\/ch\/wp-json\/wp\/v2\/categories?post=210"},{"taxonomy":"post_tag","embeddable":true,"href":"https:\/\/miaustore.com\/ch\/wp-json\/wp\/v2\/tags?post=210"}],"curies":[{"name":"wp","href":"https:\/\/api.w.org\/{rel}","templated":true}]}}