{"id":224663,"date":"2021-03-12T13:14:30","date_gmt":"2021-03-12T12:14:30","guid":{"rendered":"https:\/\/miaustore.com\/ch\/?page_id=224663"},"modified":"2024-09-06T20:24:10","modified_gmt":"2024-09-06T18:24:10","slug":"subscription","status":"publish","type":"page","link":"https:\/\/miaustore.com\/ch\/subscription.html","title":{"rendered":"Subscription"},"content":{"rendered":"<div id=\"cs-content\" class=\"cs-content\"><\/div>","protected":false},"excerpt":{"rendered":"<p>Retour \u00e0 la page d\u2019accueil 1. La nourriture lyophilis\u00e9e de MiaustoreLa nourriture lyophilis\u00e9e pour chats de Miaustore est simplement de la viande fra\u00eeche, biologique et de plein air, avec de l&#8217;eau \u00e9vapor\u00e9e. Il n&#8217;y a pas de mat\u00e9riau de remplissage \u00e0 base de c\u00e9r\u00e9ales, pas d&#8217;amidon, pas de conservateur, pas d&#8217;ar\u00f4me artificiel. Seulement de la viande fra\u00eeche, plus 3% de &#8230; <\/p>\n<div><a href=\"https:\/\/miaustore.com\/ch\/subscription.html\" class=\"more-link\">Read More<\/a><\/div>\n","protected":false},"author":1,"featured_media":0,"parent":0,"menu_order":0,"comment_status":"closed","ping_status":"closed","template":"template-blank-1.php","meta":{"_glsr_average":0,"_glsr_ranking":0,"_glsr_reviews":0,"footnotes":""},"categories":[],"tags":[],"class_list":["post-224663","page","type-page","status-publish","hentry","no-post-thumbnail"],"yoast_head":"<!-- This site is optimized with the Yoast SEO Premium plugin v26.7 (Yoast SEO v26.7) - https:\/\/yoast.com\/wordpress\/plugins\/seo\/ -->\n<title>Subscription - Miaustore Schweiz<\/title>\n<meta name=\"robots\" content=\"index, follow, max-snippet:-1, max-image-preview:large, max-video-preview:-1\" \/>\n<link rel=\"canonical\" href=\"https:\/\/miaustore.com\/ch\/subscription.html\" \/>\n<meta property=\"og:locale\" content=\"de_DE\" \/>\n<meta property=\"og:type\" content=\"article\" \/>\n<meta property=\"og:title\" content=\"Subscription\" \/>\n<meta property=\"og:description\" content=\"Retour \u00e0 la page d\u2019accueil 1. La nourriture lyophilis\u00e9e de MiaustoreLa nourriture lyophilis\u00e9e pour chats de Miaustore est simplement de la viande fra\u00eeche, biologique et de plein air, avec de l&#039;eau \u00e9vapor\u00e9e. Il n&#039;y a pas de mat\u00e9riau de remplissage \u00e0 base de c\u00e9r\u00e9ales, pas d&#039;amidon, pas de conservateur, pas d&#039;ar\u00f4me artificiel. Seulement de la viande fra\u00eeche, plus 3% de ... Read More\" \/>\n<meta property=\"og:url\" content=\"https:\/\/miaustore.com\/ch\/subscription.html\" \/>\n<meta property=\"og:site_name\" content=\"Miaustore Schweiz\" \/>\n<meta property=\"article:modified_time\" content=\"2024-09-06T18:24:10+00:00\" \/>\n<meta name=\"twitter:card\" content=\"summary_large_image\" \/>\n<meta name=\"twitter:label1\" content=\"Gesch\u00e4tzte Lesezeit\" \/>\n\t<meta name=\"twitter:data1\" content=\"4\u00a0Minuten\" \/>\n<script type=\"application\/ld+json\" class=\"yoast-schema-graph\">{\"@context\":\"https:\/\/schema.org\",\"@graph\":[{\"@type\":\"WebPage\",\"@id\":\"https:\/\/miaustore.com\/ch\/subscription.html\",\"url\":\"https:\/\/miaustore.com\/ch\/subscription.html\",\"name\":\"Subscription - Miaustore Schweiz\",\"isPartOf\":{\"@id\":\"https:\/\/miaustore.com\/ch\/#website\"},\"datePublished\":\"2021-03-12T12:14:30+00:00\",\"dateModified\":\"2024-09-06T18:24:10+00:00\",\"breadcrumb\":{\"@id\":\"https:\/\/miaustore.com\/ch\/subscription.html#breadcrumb\"},\"inLanguage\":\"de-CH\",\"potentialAction\":[{\"@type\":\"ReadAction\",\"target\":[\"https:\/\/miaustore.com\/ch\/subscription.html\"]}]},{\"@type\":\"BreadcrumbList\",\"@id\":\"https:\/\/miaustore.com\/ch\/subscription.html#breadcrumb\",\"itemListElement\":[{\"@type\":\"ListItem\",\"position\":1,\"name\":\"Startseite\",\"item\":\"https:\/\/miaustore.com\/ch\/\"},{\"@type\":\"ListItem\",\"position\":2,\"name\":\"Subscription\"}]},{\"@type\":\"WebSite\",\"@id\":\"https:\/\/miaustore.com\/ch\/#website\",\"url\":\"https:\/\/miaustore.com\/ch\/\",\"name\":\"Miaustore Schweiz\",\"description\":\"Eine weitere My Sites Website\",\"potentialAction\":[{\"@type\":\"SearchAction\",\"target\":{\"@type\":\"EntryPoint\",\"urlTemplate\":\"https:\/\/miaustore.com\/ch\/?s={search_term_string}\"},\"query-input\":{\"@type\":\"PropertyValueSpecification\",\"valueRequired\":true,\"valueName\":\"search_term_string\"}}],\"inLanguage\":\"de-CH\"}]}<\/script>\n<!-- \/ Yoast SEO Premium plugin. -->","yoast_head_json":{"title":"Subscription - Miaustore Schweiz","robots":{"index":"index","follow":"follow","max-snippet":"max-snippet:-1","max-image-preview":"max-image-preview:large","max-video-preview":"max-video-preview:-1"},"canonical":"https:\/\/miaustore.com\/ch\/subscription.html","og_locale":"de_DE","og_type":"article","og_title":"Subscription","og_description":"Retour \u00e0 la page d\u2019accueil 1. La nourriture lyophilis\u00e9e de MiaustoreLa nourriture lyophilis\u00e9e pour chats de Miaustore est simplement de la viande fra\u00eeche, biologique et de plein air, avec de l'eau \u00e9vapor\u00e9e. Il n'y a pas de mat\u00e9riau de remplissage \u00e0 base de c\u00e9r\u00e9ales, pas d'amidon, pas de conservateur, pas d'ar\u00f4me artificiel. Seulement de la viande fra\u00eeche, plus 3% de ... Read More","og_url":"https:\/\/miaustore.com\/ch\/subscription.html","og_site_name":"Miaustore Schweiz","article_modified_time":"2024-09-06T18:24:10+00:00","twitter_card":"summary_large_image","twitter_misc":{"Gesch\u00e4tzte Lesezeit":"4\u00a0Minuten"},"schema":{"@context":"https:\/\/schema.org","@graph":[{"@type":"WebPage","@id":"https:\/\/miaustore.com\/ch\/subscription.html","url":"https:\/\/miaustore.com\/ch\/subscription.html","name":"Subscription - Miaustore Schweiz","isPartOf":{"@id":"https:\/\/miaustore.com\/ch\/#website"},"datePublished":"2021-03-12T12:14:30+00:00","dateModified":"2024-09-06T18:24:10+00:00","breadcrumb":{"@id":"https:\/\/miaustore.com\/ch\/subscription.html#breadcrumb"},"inLanguage":"de-CH","potentialAction":[{"@type":"ReadAction","target":["https:\/\/miaustore.com\/ch\/subscription.html"]}]},{"@type":"BreadcrumbList","@id":"https:\/\/miaustore.com\/ch\/subscription.html#breadcrumb","itemListElement":[{"@type":"ListItem","position":1,"name":"Startseite","item":"https:\/\/miaustore.com\/ch\/"},{"@type":"ListItem","position":2,"name":"Subscription"}]},{"@type":"WebSite","@id":"https:\/\/miaustore.com\/ch\/#website","url":"https:\/\/miaustore.com\/ch\/","name":"Miaustore Schweiz","description":"Eine weitere My Sites Website","potentialAction":[{"@type":"SearchAction","target":{"@type":"EntryPoint","urlTemplate":"https:\/\/miaustore.com\/ch\/?s={search_term_string}"},"query-input":{"@type":"PropertyValueSpecification","valueRequired":true,"valueName":"search_term_string"}}],"inLanguage":"de-CH"}]}},"_links":{"self":[{"href":"https:\/\/miaustore.com\/ch\/wp-json\/wp\/v2\/pages\/224663","targetHints":{"allow":["GET"]}}],"collection":[{"href":"https:\/\/miaustore.com\/ch\/wp-json\/wp\/v2\/pages"}],"about":[{"href":"https:\/\/miaustore.com\/ch\/wp-json\/wp\/v2\/types\/page"}],"author":[{"embeddable":true,"href":"https:\/\/miaustore.com\/ch\/wp-json\/wp\/v2\/users\/1"}],"replies":[{"embeddable":true,"href":"https:\/\/miaustore.com\/ch\/wp-json\/wp\/v2\/comments?post=224663"}],"version-history":[{"count":0,"href":"https:\/\/miaustore.com\/ch\/wp-json\/wp\/v2\/pages\/224663\/revisions"}],"wp:attachment":[{"href":"https:\/\/miaustore.com\/ch\/wp-json\/wp\/v2\/media?parent=224663"}],"wp:term":[{"taxonomy":"category","embeddable":true,"href":"https:\/\/miaustore.com\/ch\/wp-json\/wp\/v2\/categories?post=224663"},{"taxonomy":"post_tag","embeddable":true,"href":"https:\/\/miaustore.com\/ch\/wp-json\/wp\/v2\/tags?post=224663"}],"curies":[{"name":"wp","href":"https:\/\/api.w.org\/{rel}","templated":true}]}}