{"id":263260,"date":"2024-09-09T03:26:05","date_gmt":"2024-09-09T01:26:05","guid":{"rendered":"https:\/\/miaustore.com\/ch\/?page_id=263260"},"modified":"2024-09-09T03:26:05","modified_gmt":"2024-09-09T01:26:05","slug":"subscription-de","status":"publish","type":"page","link":"https:\/\/miaustore.com\/ch\/subscription-de.html","title":{"rendered":"Abonnement"},"content":{"rendered":"<div id=\"cs-content\" class=\"cs-content\"><\/div>","protected":false},"excerpt":{"rendered":"<p>Retour \u00e0 la page d\u2019accueil 1. Miaustore Gefriergetrocknetes KatzenfutterDas gefriergetrocknete Katzenfutter von Miaustore besteht aus frischem, biologischem Freilandfleisch, bei dem das Wasser verdunstet wurde. Es gibt kein F\u00fcllmaterial auf Getreidebasis, keine St\u00e4rke, kein Konservierungsmittel, kein k\u00fcnstliches Aroma. Nur frisches Fleisch plus 3 % gemahlene Erbsen und Salat sowie 1 % gemahlene Eierschalen f\u00fcr Kalzium- und Knochengesundheit.\u00a0Das Fleisch mit den zus\u00e4tzlichen &#8230; <\/p>\n<div><a href=\"https:\/\/miaustore.com\/ch\/subscription-de.html\" class=\"more-link\">Read More<\/a><\/div>\n","protected":false},"author":260,"featured_media":0,"parent":0,"menu_order":0,"comment_status":"closed","ping_status":"closed","template":"template-blank-1.php","meta":{"_glsr_average":0,"_glsr_ranking":0,"_glsr_reviews":0,"footnotes":""},"categories":[],"tags":[],"class_list":["post-263260","page","type-page","status-publish","hentry","no-post-thumbnail"],"yoast_head":"<!-- This site is optimized with the Yoast SEO Premium plugin v26.7 (Yoast SEO v26.7) - https:\/\/yoast.com\/wordpress\/plugins\/seo\/ -->\n<title>Abonnement - Miaustore Schweiz<\/title>\n<meta name=\"robots\" content=\"index, follow, max-snippet:-1, max-image-preview:large, max-video-preview:-1\" \/>\n<link rel=\"canonical\" href=\"https:\/\/miaustore.com\/ch\/subscription-de.html\" \/>\n<meta property=\"og:locale\" content=\"de_DE\" \/>\n<meta property=\"og:type\" content=\"article\" \/>\n<meta property=\"og:title\" content=\"Abonnement\" \/>\n<meta property=\"og:description\" content=\"Retour \u00e0 la page d\u2019accueil 1. Miaustore Gefriergetrocknetes KatzenfutterDas gefriergetrocknete Katzenfutter von Miaustore besteht aus frischem, biologischem Freilandfleisch, bei dem das Wasser verdunstet wurde. Es gibt kein F\u00fcllmaterial auf Getreidebasis, keine St\u00e4rke, kein Konservierungsmittel, kein k\u00fcnstliches Aroma. Nur frisches Fleisch plus 3 % gemahlene Erbsen und Salat sowie 1 % gemahlene Eierschalen f\u00fcr Kalzium- und Knochengesundheit.\u00a0Das Fleisch mit den zus\u00e4tzlichen ... Read More\" \/>\n<meta property=\"og:url\" content=\"https:\/\/miaustore.com\/ch\/subscription-de.html\" \/>\n<meta property=\"og:site_name\" content=\"Miaustore Schweiz\" \/>\n<meta name=\"twitter:card\" content=\"summary_large_image\" \/>\n<meta name=\"twitter:label1\" content=\"Gesch\u00e4tzte Lesezeit\" \/>\n\t<meta name=\"twitter:data1\" content=\"3\u00a0Minuten\" \/>\n<script type=\"application\/ld+json\" class=\"yoast-schema-graph\">{\"@context\":\"https:\/\/schema.org\",\"@graph\":[{\"@type\":\"WebPage\",\"@id\":\"https:\/\/miaustore.com\/ch\/subscription-de.html\",\"url\":\"https:\/\/miaustore.com\/ch\/subscription-de.html\",\"name\":\"Abonnement - Miaustore Schweiz\",\"isPartOf\":{\"@id\":\"https:\/\/miaustore.com\/ch\/#website\"},\"datePublished\":\"2024-09-09T01:26:05+00:00\",\"breadcrumb\":{\"@id\":\"https:\/\/miaustore.com\/ch\/subscription-de.html#breadcrumb\"},\"inLanguage\":\"de-CH\",\"potentialAction\":[{\"@type\":\"ReadAction\",\"target\":[\"https:\/\/miaustore.com\/ch\/subscription-de.html\"]}]},{\"@type\":\"BreadcrumbList\",\"@id\":\"https:\/\/miaustore.com\/ch\/subscription-de.html#breadcrumb\",\"itemListElement\":[{\"@type\":\"ListItem\",\"position\":1,\"name\":\"Startseite\",\"item\":\"https:\/\/miaustore.com\/ch\/\"},{\"@type\":\"ListItem\",\"position\":2,\"name\":\"Abonnement\"}]},{\"@type\":\"WebSite\",\"@id\":\"https:\/\/miaustore.com\/ch\/#website\",\"url\":\"https:\/\/miaustore.com\/ch\/\",\"name\":\"Miaustore Schweiz\",\"description\":\"Eine weitere My Sites Website\",\"potentialAction\":[{\"@type\":\"SearchAction\",\"target\":{\"@type\":\"EntryPoint\",\"urlTemplate\":\"https:\/\/miaustore.com\/ch\/?s={search_term_string}\"},\"query-input\":{\"@type\":\"PropertyValueSpecification\",\"valueRequired\":true,\"valueName\":\"search_term_string\"}}],\"inLanguage\":\"de-CH\"}]}<\/script>\n<!-- \/ Yoast SEO Premium plugin. -->","yoast_head_json":{"title":"Abonnement - Miaustore Schweiz","robots":{"index":"index","follow":"follow","max-snippet":"max-snippet:-1","max-image-preview":"max-image-preview:large","max-video-preview":"max-video-preview:-1"},"canonical":"https:\/\/miaustore.com\/ch\/subscription-de.html","og_locale":"de_DE","og_type":"article","og_title":"Abonnement","og_description":"Retour \u00e0 la page d\u2019accueil 1. Miaustore Gefriergetrocknetes KatzenfutterDas gefriergetrocknete Katzenfutter von Miaustore besteht aus frischem, biologischem Freilandfleisch, bei dem das Wasser verdunstet wurde. Es gibt kein F\u00fcllmaterial auf Getreidebasis, keine St\u00e4rke, kein Konservierungsmittel, kein k\u00fcnstliches Aroma. Nur frisches Fleisch plus 3 % gemahlene Erbsen und Salat sowie 1 % gemahlene Eierschalen f\u00fcr Kalzium- und Knochengesundheit.\u00a0Das Fleisch mit den zus\u00e4tzlichen ... Read More","og_url":"https:\/\/miaustore.com\/ch\/subscription-de.html","og_site_name":"Miaustore Schweiz","twitter_card":"summary_large_image","twitter_misc":{"Gesch\u00e4tzte Lesezeit":"3\u00a0Minuten"},"schema":{"@context":"https:\/\/schema.org","@graph":[{"@type":"WebPage","@id":"https:\/\/miaustore.com\/ch\/subscription-de.html","url":"https:\/\/miaustore.com\/ch\/subscription-de.html","name":"Abonnement - Miaustore Schweiz","isPartOf":{"@id":"https:\/\/miaustore.com\/ch\/#website"},"datePublished":"2024-09-09T01:26:05+00:00","breadcrumb":{"@id":"https:\/\/miaustore.com\/ch\/subscription-de.html#breadcrumb"},"inLanguage":"de-CH","potentialAction":[{"@type":"ReadAction","target":["https:\/\/miaustore.com\/ch\/subscription-de.html"]}]},{"@type":"BreadcrumbList","@id":"https:\/\/miaustore.com\/ch\/subscription-de.html#breadcrumb","itemListElement":[{"@type":"ListItem","position":1,"name":"Startseite","item":"https:\/\/miaustore.com\/ch\/"},{"@type":"ListItem","position":2,"name":"Abonnement"}]},{"@type":"WebSite","@id":"https:\/\/miaustore.com\/ch\/#website","url":"https:\/\/miaustore.com\/ch\/","name":"Miaustore Schweiz","description":"Eine weitere My Sites Website","potentialAction":[{"@type":"SearchAction","target":{"@type":"EntryPoint","urlTemplate":"https:\/\/miaustore.com\/ch\/?s={search_term_string}"},"query-input":{"@type":"PropertyValueSpecification","valueRequired":true,"valueName":"search_term_string"}}],"inLanguage":"de-CH"}]}},"_links":{"self":[{"href":"https:\/\/miaustore.com\/ch\/wp-json\/wp\/v2\/pages\/263260","targetHints":{"allow":["GET"]}}],"collection":[{"href":"https:\/\/miaustore.com\/ch\/wp-json\/wp\/v2\/pages"}],"about":[{"href":"https:\/\/miaustore.com\/ch\/wp-json\/wp\/v2\/types\/page"}],"author":[{"embeddable":true,"href":"https:\/\/miaustore.com\/ch\/wp-json\/wp\/v2\/users\/260"}],"replies":[{"embeddable":true,"href":"https:\/\/miaustore.com\/ch\/wp-json\/wp\/v2\/comments?post=263260"}],"version-history":[{"count":0,"href":"https:\/\/miaustore.com\/ch\/wp-json\/wp\/v2\/pages\/263260\/revisions"}],"wp:attachment":[{"href":"https:\/\/miaustore.com\/ch\/wp-json\/wp\/v2\/media?parent=263260"}],"wp:term":[{"taxonomy":"category","embeddable":true,"href":"https:\/\/miaustore.com\/ch\/wp-json\/wp\/v2\/categories?post=263260"},{"taxonomy":"post_tag","embeddable":true,"href":"https:\/\/miaustore.com\/ch\/wp-json\/wp\/v2\/tags?post=263260"}],"curies":[{"name":"wp","href":"https:\/\/api.w.org\/{rel}","templated":true}]}}