{"id":1769,"date":"2020-01-24T15:10:21","date_gmt":"2020-01-24T14:10:21","guid":{"rendered":"https:\/\/miaustore.com\/cz\/?page_id=1769"},"modified":"2020-01-29T14:03:35","modified_gmt":"2020-01-29T13:03:35","slug":"velkoobchodnik","status":"publish","type":"page","link":"https:\/\/miaustore.com\/cz\/velkoobchodnik.html","title":{"rendered":"Velkoobchodn\u00edk"},"content":{"rendered":"<p class=\"p1\"><strong>M\u00e1te obchod s dom\u00e1c\u00edmi mazl\u00ed\u010dky a chcete se st\u00e1t na\u0161\u00edm prodejcem?<\/strong><\/p>\r\n<p class=\"p1\">Vypl\u0148te n\u00ed\u017ee uveden\u00fd formul\u00e1\u0159 a kontaktujte n\u00e1s!<\/p>\r\n\r\n[os-widget path=&#8220;\/noemi\/wholesale-application&#8220;]","protected":false},"excerpt":{"rendered":"<p>M\u00e1te obchod s dom\u00e1c\u00edmi mazl\u00ed\u010dky a chcete se st\u00e1t na\u0161\u00edm prodejcem? Vypl\u0148te n\u00ed\u017ee uveden\u00fd formul\u00e1\u0159 a kontaktujte n\u00e1s! [os-widget path=&#8220;\/noemi\/wholesale-application&#8220;]<\/p>\n","protected":false},"author":1,"featured_media":0,"parent":0,"menu_order":0,"comment_status":"closed","ping_status":"closed","template":"","meta":{"_glsr_average":0,"_glsr_ranking":0,"_glsr_reviews":0,"footnotes":""},"class_list":["post-1769","page","type-page","status-publish","hentry","no-post-thumbnail"],"yoast_head":"<!-- This site is optimized with the Yoast SEO Premium plugin v26.7 (Yoast SEO v26.7) - https:\/\/yoast.com\/wordpress\/plugins\/seo\/ -->\n<title>Velkoobchodn\u00edk - Miaustore Czech<\/title>\n<meta name=\"robots\" content=\"noindex, follow\" \/>\n<meta property=\"og:locale\" content=\"cs_CZ\" \/>\n<meta property=\"og:type\" content=\"article\" \/>\n<meta property=\"og:title\" content=\"Velkoobchodn\u00edk\" \/>\n<meta property=\"og:description\" content=\"M\u00e1te obchod s dom\u00e1c\u00edmi mazl\u00ed\u010dky a chcete se st\u00e1t na\u0161\u00edm prodejcem? Vypl\u0148te n\u00ed\u017ee uveden\u00fd formul\u00e1\u0159 a kontaktujte n\u00e1s! [os-widget path=&#8220;\/noemi\/wholesale-application&#8220;]\" \/>\n<meta property=\"og:url\" content=\"https:\/\/miaustore.com\/cz\/velkoobchodnik.html\" \/>\n<meta property=\"og:site_name\" content=\"Miaustore Czech\" \/>\n<meta property=\"article:modified_time\" content=\"2020-01-29T13:03:35+00:00\" \/>\n<meta name=\"twitter:card\" content=\"summary_large_image\" \/>\n<script type=\"application\/ld+json\" class=\"yoast-schema-graph\">{\"@context\":\"https:\/\/schema.org\",\"@graph\":[{\"@type\":\"WebPage\",\"@id\":\"https:\/\/miaustore.com\/cz\/velkoobchodnik.html\",\"url\":\"https:\/\/miaustore.com\/cz\/velkoobchodnik.html\",\"name\":\"Velkoobchodn\u00edk - Miaustore Czech\",\"isPartOf\":{\"@id\":\"https:\/\/miaustore.com\/cz\/#website\"},\"datePublished\":\"2020-01-24T14:10:21+00:00\",\"dateModified\":\"2020-01-29T13:03:35+00:00\",\"breadcrumb\":{\"@id\":\"https:\/\/miaustore.com\/cz\/velkoobchodnik.html#breadcrumb\"},\"inLanguage\":\"cs\",\"potentialAction\":[{\"@type\":\"ReadAction\",\"target\":[\"https:\/\/miaustore.com\/cz\/velkoobchodnik.html\"]}]},{\"@type\":\"BreadcrumbList\",\"@id\":\"https:\/\/miaustore.com\/cz\/velkoobchodnik.html#breadcrumb\",\"itemListElement\":[{\"@type\":\"ListItem\",\"position\":1,\"name\":\"Startseite\",\"item\":\"https:\/\/miaustore.com\/cz\/\"},{\"@type\":\"ListItem\",\"position\":2,\"name\":\"Velkoobchodn\u00edk\"}]},{\"@type\":\"WebSite\",\"@id\":\"https:\/\/miaustore.com\/cz\/#website\",\"url\":\"https:\/\/miaustore.com\/cz\/\",\"name\":\"Miaustore Czech\",\"description\":\"Eine weitere My Sites Website\",\"potentialAction\":[{\"@type\":\"SearchAction\",\"target\":{\"@type\":\"EntryPoint\",\"urlTemplate\":\"https:\/\/miaustore.com\/cz\/?s={search_term_string}\"},\"query-input\":{\"@type\":\"PropertyValueSpecification\",\"valueRequired\":true,\"valueName\":\"search_term_string\"}}],\"inLanguage\":\"cs\"}]}<\/script>\n<!-- \/ Yoast SEO Premium plugin. -->","yoast_head_json":{"title":"Velkoobchodn\u00edk - Miaustore Czech","robots":{"index":"noindex","follow":"follow"},"og_locale":"cs_CZ","og_type":"article","og_title":"Velkoobchodn\u00edk","og_description":"M\u00e1te obchod s dom\u00e1c\u00edmi mazl\u00ed\u010dky a chcete se st\u00e1t na\u0161\u00edm prodejcem? Vypl\u0148te n\u00ed\u017ee uveden\u00fd formul\u00e1\u0159 a kontaktujte n\u00e1s! [os-widget path=&#8220;\/noemi\/wholesale-application&#8220;]","og_url":"https:\/\/miaustore.com\/cz\/velkoobchodnik.html","og_site_name":"Miaustore Czech","article_modified_time":"2020-01-29T13:03:35+00:00","twitter_card":"summary_large_image","schema":{"@context":"https:\/\/schema.org","@graph":[{"@type":"WebPage","@id":"https:\/\/miaustore.com\/cz\/velkoobchodnik.html","url":"https:\/\/miaustore.com\/cz\/velkoobchodnik.html","name":"Velkoobchodn\u00edk - Miaustore Czech","isPartOf":{"@id":"https:\/\/miaustore.com\/cz\/#website"},"datePublished":"2020-01-24T14:10:21+00:00","dateModified":"2020-01-29T13:03:35+00:00","breadcrumb":{"@id":"https:\/\/miaustore.com\/cz\/velkoobchodnik.html#breadcrumb"},"inLanguage":"cs","potentialAction":[{"@type":"ReadAction","target":["https:\/\/miaustore.com\/cz\/velkoobchodnik.html"]}]},{"@type":"BreadcrumbList","@id":"https:\/\/miaustore.com\/cz\/velkoobchodnik.html#breadcrumb","itemListElement":[{"@type":"ListItem","position":1,"name":"Startseite","item":"https:\/\/miaustore.com\/cz\/"},{"@type":"ListItem","position":2,"name":"Velkoobchodn\u00edk"}]},{"@type":"WebSite","@id":"https:\/\/miaustore.com\/cz\/#website","url":"https:\/\/miaustore.com\/cz\/","name":"Miaustore Czech","description":"Eine weitere My Sites Website","potentialAction":[{"@type":"SearchAction","target":{"@type":"EntryPoint","urlTemplate":"https:\/\/miaustore.com\/cz\/?s={search_term_string}"},"query-input":{"@type":"PropertyValueSpecification","valueRequired":true,"valueName":"search_term_string"}}],"inLanguage":"cs"}]}},"_links":{"self":[{"href":"https:\/\/miaustore.com\/cz\/wp-json\/wp\/v2\/pages\/1769","targetHints":{"allow":["GET"]}}],"collection":[{"href":"https:\/\/miaustore.com\/cz\/wp-json\/wp\/v2\/pages"}],"about":[{"href":"https:\/\/miaustore.com\/cz\/wp-json\/wp\/v2\/types\/page"}],"author":[{"embeddable":true,"href":"https:\/\/miaustore.com\/cz\/wp-json\/wp\/v2\/users\/1"}],"replies":[{"embeddable":true,"href":"https:\/\/miaustore.com\/cz\/wp-json\/wp\/v2\/comments?post=1769"}],"version-history":[{"count":4,"href":"https:\/\/miaustore.com\/cz\/wp-json\/wp\/v2\/pages\/1769\/revisions"}],"predecessor-version":[{"id":1778,"href":"https:\/\/miaustore.com\/cz\/wp-json\/wp\/v2\/pages\/1769\/revisions\/1778"}],"wp:attachment":[{"href":"https:\/\/miaustore.com\/cz\/wp-json\/wp\/v2\/media?parent=1769"}],"curies":[{"name":"wp","href":"https:\/\/api.w.org\/{rel}","templated":true}]}}