{"id":234,"date":"2019-11-11T15:39:07","date_gmt":"2019-11-11T14:39:07","guid":{"rendered":"https:\/\/miaustore.com\/cz\/?page_id=234"},"modified":"2024-09-12T16:42:08","modified_gmt":"2024-09-12T14:42:08","slug":"vseobecne-smluvni-podminky","status":"publish","type":"page","link":"https:\/\/miaustore.com\/cz\/vseobecne-smluvni-podminky.html","title":{"rendered":"V\u0161eobecn\u00e9 smluvn\u00ed podm\u00ednky"},"content":{"rendered":"<h1>V\u0161obecn\u00e9 smluvn\u00ed podm\u00ednky pro <a href=\"https:\/\/miaustore.com\/cz\/\">Miaustore<\/a><\/h1>\r\nNa t\u00e9to str\u00e1nce naleznete smluvn\u00ed podm\u00ednky: https:\/\/www.miaustore.com\/cz\/, publikovan\u00e9 Miaustore EU Webshop Limited trading za Miaustore. V t\u011bchto v\u0161eobecn\u00fdch smluvn\u00edch podm\u00ednk\u00e1ch popisujeme za jak\u00fdch v\u00fdhrad uv\u00e1d\u00edme informace na na\u0161ich webov\u00fdch str\u00e1nk\u00e1ch.\r\n<h2><strong>Du\u0161evn\u00ed vlastnictv\u00ed<\/strong><\/h2>\r\nPou\u017e\u00edv\u00e1n\u00ed informac\u00ed na t\u011bchto webov\u00fdch str\u00e1nk\u00e1ch je voln\u011b k pou\u017eit\u00ed, pokud nedojde ke kop\u00edrov\u00e1n\u00ed, \u0161\u00ed\u0159en\u00ed nebo dal\u0161\u00edmu u\u017eit\u00ed \u010di zneu\u017eit\u00ed t\u011bchto infomac\u00ed. Informace na t\u011bchto str\u00e1nk\u00e1ch lze pou\u017e\u00edvat pouze v r\u00e1mci regulac\u00ed pr\u00e1vn\u00edmi normami.\r\n\r\nBez psan\u00e9ho povolen\u00ed od Miaustore nen\u00ed dovoleno pou\u017e\u00edvat text, obrazov\u00fd materi\u00e1l nebo dal\u0161\u00ed materi\u00e1ly vyskytuj\u00edc\u00ed se na t\u011bchto webov\u00fdch str\u00e1nk\u00e1ch. Du\u0161evn\u00ed vlastnictv\u00ed n\u00e1le\u017e\u00ed Miaustore.\r\n\r\nV p\u0159\u00edpad\u011b nejasnost\u00ed:\r\n\r\nPro ceny uveden\u00e9 na na\u0161ich str\u00e1nk\u00e1ch se sna\u017e\u00edme o nejp\u0159esn\u011bj\u0161\u00ed reprezentaci reality a zam\u00fd\u0161len\u00fdch cen. Chyby, kter\u00e9 vzniknou a jsou rozeznateln\u011b chybami vznikl\u00fdmi programov\u00e1n\u00edm nebo p\u0159eklepy nejsou d\u016fvodem k n\u00e1rokov\u00e1n\u00ed smlouvy \u010di dohody s Miaustore.\r\n\r\nMiaustore se sna\u017e\u00ed aktualizovat informace na sv\u00fdch str\u00e1nk\u00e1ch, pokud, i p\u0159es tyto snahy, informace \u010di obsah na t\u011bchto str\u00e1nk\u00e1ch nen\u00ed kompletn\u00ed a \/ nebo je chybn\u00fd, Miaustore nenese odpov\u011bdnost.\r\n\r\nInformace a \/ nebo produkty na t\u011bchto str\u00e1nk\u00e1ch jsou nab\u00edzeny bez jak\u00e9koliv formy z\u00e1ruky a \/ nebo tvrzen\u00ed o p\u0159esnosti. Vyhrazujeme si pr\u00e1vo zm\u011bnit, odstranit \u010di doplnit tyto materi\u00e1ly bez p\u0159edchoz\u00edho ohl\u00e1\u0161en\u00ed. Miaustore nenese odpov\u011bdnost za jak\u00e9koliv informace obsa\u017een\u00e9 na str\u00e1nk\u00e1ch na kter\u00e9 odkazuje.\r\n<h2><strong>Speci\u00e1ln\u00ed nab\u00eddky a slevy<\/strong><\/h2>\r\nSpeci\u00e1ln\u00ed nab\u00eddky a akce jsou \u010dasov\u011b omezen\u00e9 a plat\u00ed pouze na produkty uveden\u00e9 v dan\u00e9 nab\u00eddce. Slevy nejsou p\u0159enosn\u00e9 a nelze je sm\u011bnit za hotovost. Nen\u00ed mo\u017en\u00e9 kombinovat v\u00edce nab\u00eddek, slev nebo kupon\u016f, pokud to nen\u00ed v\u00fdslovn\u011b uvedeno. Ka\u017ed\u00e1 akce je platn\u00e1 pouze jednou na z\u00e1kazn\u00edka. V p\u0159\u00edpad\u011b nedorozum\u011bn\u00ed nebo probl\u00e9m\u016f s uplatn\u011bn\u00edm slev si vyhrazujeme pr\u00e1vo slevu zru\u0161it nebo zm\u011bnit.\r\n<h2>Barevn\u00e9 rozd\u00edly<\/h2>\r\nBarevn\u00e9 pigmenty font\u00e1ny se m\u00eds\u00ed ru\u010dn\u011b, tak\u017ee mezi fotkami na na\u0161\u00ed domovsk\u00e9 str\u00e1nce a realitou mohou b\u00fdt mal\u00e9 rozd\u00edly v barv\u00e1ch. V tomto p\u0159\u00edpad\u011b nen\u00ed refundace mo\u017en\u00e1.\r\n<h2>Zm\u011bny<\/h2>\r\nPokud dojde ke zm\u011bn\u00e1m t\u011bchto podm\u00ednek, aktu\u00e1ln\u00ed verzi naleznete na t\u00e9to str\u00e1nce: https:\/\/www.miaustore.com\/uk.\r\n\r\nObecn\u00e9 podm\u00ednky refundac\u00ed\r\n\r\nPro reklamace a vr\u00e1cen\u00ed n\u00e1s pros\u00edm kontaktujte na support@miaustore.com.<br class=\"clear\" \/>Proces reklamace m\u016f\u017ee trvat a\u017e 2 t\u00fddny (nezahrnuje \u010das dopravy).<br class=\"clear\" \/><br class=\"clear\" \/>N\u00e1klady za dopravu vr\u00e1cen\u00e9ho zbo\u017e\u00ed budou \u00fa\u010dtov\u00e1ny z\u00e1kazn\u00edkovi.\r\n\r\n&nbsp;\r\n<h2>Podm\u00ednky reklamac\u00ed<\/h2>\r\nPros\u00edme, <strong> nepos\u00edlejte produkt zp\u011bt v\u00fdrobci<\/strong>.\r\n<h3>Reklamace do 14-ti dn\u016f<\/h3>\r\n<br class=\"clear\" \/>Dle pr\u00e1va EU m\u00e1 ka\u017ed\u00fd z\u00e1kazn\u00edk pr\u00e1vo zru\u0161it objedn\u00e1vku do 14-ti dn\u016f od obdr\u017een\u00ed produktu. <br class=\"clear\" \/><br class=\"clear\" \/>\r\n\r\nK reklamaci mus\u00ed b\u00fdt produkt ve stejn\u00fdch podm\u00ednk\u00e1ch jako ho z\u00e1kazn\u00edk obdr\u017eel a mus\u00ed b\u00fdt v origin\u00e1ln\u00edm balen\u00ed. <br class=\"clear\" \/><br class=\"clear\" \/>Pro vr\u00e1cen\u00ed produktu, n\u00e1s pros\u00edm kontaktujte p\u0159es<strong> support@miaustore.com<\/strong>. <br class=\"clear\" \/><br class=\"clear\" \/>Z\u00e1kazn\u00edk hrad\u00ed n\u00e1klady za dopravu. <br class=\"clear\" \/><br class=\"clear\" \/><br class=\"clear\" \/>\r\n<p style=\"text-align: center;\"><strong>V p\u0159\u00edpad\u011b vr\u00e1cen\u00ed produkt pros\u00edm za\u0161lete na<\/strong><\/p>\r\n&nbsp;\r\n<p style=\"text-align: center;\"><strong>Miaustore.com<\/strong>\r\nisklad e-fulfillment Dia\u013eni\u010dn\u00e1 cesta 5, Hala D, gate 35 90301 Senec Slovaquie<\/p>\r\n&nbsp;\r\n<h3>Garance vr\u00e1cen\u00ed ceny do 1 roku<\/h3>\r\n<p style=\"text-align: left;\"><br class=\"clear\" \/>Font\u00e1na m\u016f\u017ee b\u00fdt vr\u00e1cena do 1 roku, pokud va\u0161e ko\u010dka Miaustore font\u00e1nu nepou\u017e\u00edv\u00e1 nebo jste nespokojeni z jin\u00e9ho d\u016fvodu. Produkt mus\u00ed b\u00fdt ve stavu v jak\u00e9m byl obdr\u017een a v origin\u00e1ln\u00edm balen\u00ed.<\/p>\r\n<span class=\"VIiyi\" lang=\"cs\"><span class=\"JLqJ4b ChMk0b\" data-language-for-alternatives=\"cs\" data-language-to-translate-into=\"auto\" data-phrase-index=\"2\">N\u00e1klady na vr\u00e1cen\u00ed zaplat\u00ed kupuj\u00edc\u00ed.<\/span><\/span>\r\n\r\nPro vr\u00e1cen\u00ed produktu, n\u00e1s pros\u00edm kontaktujte p\u0159es<strong> support@miaustore.com<\/strong>.<br class=\"clear\" \/><br class=\"clear\" \/>\r\n\r\n&nbsp;\r\n\r\n<span class=\"VIiyi\" lang=\"cs\"><span class=\"JLqJ4b ChMk0b\" data-language-for-alternatives=\"cs\" data-language-to-translate-into=\"auto\" data-phrase-index=\"4\">Zdr\u017eujte se odes\u00edl\u00e1n\u00ed jin\u00fdch produkt\u016f, ne\u017e je zdroj.<\/span> <span class=\"JLqJ4b ChMk0b\" data-language-for-alternatives=\"cs\" data-language-to-translate-into=\"auto\" data-phrase-index=\"5\">Pokud vrac\u00edte jin\u00e9 produkty, nem\u016f\u017eeme je zohlednit a pokud chcete, aby v\u00e1m tyto produkty byly vr\u00e1ceny, mo\u017en\u00e1 budete muset zaplatit celou cenu za vr\u00e1cen\u00ed.<\/span><\/span>\r\n<p style=\"text-align: center;\"><strong><br class=\"clear\" \/>V p\u0159\u00edpad\u011b vr\u00e1cen\u00ed produkt pros\u00edm za\u0161lete na:<\/strong><\/p>\r\n<p style=\"text-align: center;\"><strong>Miaustore.com<\/strong>\r\nisklad e-fulfillment Dia\u013eni\u010dn\u00e1 cesta 5, Hala D, gate 35 90301 Senec Slovaquie<\/p>\r\n<span class=\"VIiyi\" lang=\"cs\"><span class=\"JLqJ4b ChMk0b\" data-language-for-alternatives=\"cs\" data-language-to-translate-into=\"auto\" data-phrase-index=\"9\">* Dvoulet\u00e1 z\u00e1ruka se vztahuje na po\u0161kozen\u00e9 \u010d\u00e1sti \u010derpadla zobrazen\u00edm fotografie po\u0161kozen\u00e9 \u010d\u00e1sti.<\/span> <span class=\"JLqJ4b ChMk0b\" data-language-for-alternatives=\"cs\" data-language-to-translate-into=\"auto\" data-phrase-index=\"10\">Pokud dojde ke ztr\u00e1t\u011b nebo vyhoden\u00ed d\u00edlu, je st\u00e1le mo\u017en\u00e9 zakoupit n\u00e1hradn\u00ed d\u00edly \u010derpadla na webov\u00fdch str\u00e1nk\u00e1ch.<\/span><\/span>\r\n<h3><\/h3>\r\n<h3>Garance vr\u00e1cen\u00ed ceny do 10-ti let<\/h3>\r\n<br class=\"clear\" \/>Lze zakoupit tak\u00e9 prodlou\u017eenou z\u00e1ruku na deset let.<br class=\"clear\" \/><br class=\"clear\" \/>Fotografie produktu m\u016f\u017ee b\u00fdt vy\u017eadov\u00e1na. Vyhrazujeme si pr\u00e1vo po\u017eadovat zp\u011btn\u00e9 zasl\u00e1n\u00ed font\u00e1ny od ka\u017ed\u00e9ho z\u00e1kazn\u00edka, kter\u00fd po\u017eaduje reklamaci.<br class=\"clear\" \/><br class=\"clear\" \/>Desetiletou z\u00e1ruku lze dokoupit do dvou t\u00fddn\u016f po zakoupen\u00ed font\u00e1ny. <br class=\"clear\" \/><br class=\"clear\" \/>Desetilet\u00e1 z\u00e1ruka plat\u00ed pouze na jednu font\u00e1nu. Plat\u00ed pro prvn\u00ed zakoupenou font\u00e1nu, pokud v psan\u00e9 form\u011b neup\u0159esn\u00edte jinak.<br class=\"clear\" \/><br class=\"clear\" \/>\r\n\r\nOd dne n\u00e1kupu zahrnuje tato z\u00e1ruka bezplatn\u00e9 n\u00e1hrady pro v\u0161echny \u010d\u00e1sti font\u00e1ny, v\u010detn\u011b n\u00e1sleduj\u00edc\u00edch:- jedna vodn\u00ed font\u00e1na pro ko\u010dky<br class=\"clear\" \/>&#8211; pokud m\u00e1te v\u00edce ne\u017e jednu font\u00e1nu, budete si muset zakoupit samostatn\u00e9 10let\u00e9 z\u00e1ruky<br class=\"clear\" \/>&#8211; vodn\u00ed \u010derpadlo<br class=\"clear\" \/>&#8211; plastov\u00e1 horn\u00ed \u010d\u00e1st, silikonov\u00e1 spojovac\u00ed trubice a konektor \u010derpadla<br class=\"clear\" \/>&#8211; USB adapt\u00e9r<br class=\"clear\" \/><br class=\"clear\" \/>Z\u00e1ruka se nevztahuje na:<br class=\"clear\" \/>&#8211; Keramick\u00e9 zlomeniny po 6 m\u011bs\u00edc\u00edch (stejn\u011b jako \u017e\u00e1dn\u00e1 n\u00e1hrada za keramick\u00e9 zlomeniny, kter\u00e9 neomezuj\u00ed pou\u017eit\u00ed jamky, nap\u0159. \u0160t\u011bpen\u00ed, po\u0161kozen\u00ed keramiky, tzv. Skvrny)<br class=\"clear\" \/>&#8211; nedbalost nebo \u00famysln\u00e9 po\u0161kozen\u00ed:<br class=\"clear\" \/>&#8211; font\u00e1na\r\n&#8211; vodn\u00ed \u010derpadlo\r\n&#8211; plastov\u00e1 horn\u00ed \u010d\u00e1st, silikonov\u00e1 spojovac\u00ed trubice a konektor \u010derpadla\r\n&#8211; USB adapt\u00e9r<br class=\"clear\" \/>&#8211; dal\u0161\u00ed produkty, kter\u00e9 jste zakoupili na str\u00e1nk\u00e1ch\u00a0<a class=\"c-link\" href=\"http:\/\/miaustore.com\/\" target=\"_blank\" rel=\"noopener noreferrer\" data-stringify-link=\"http:\/\/Miaustore.com\" data-sk=\"tooltip_parent\" aria-describedby=\"sk-tooltip-42224\">Miaustore.com<\/a><br class=\"clear\" \/>&#8211; z\u00e1konn\u00e9 z\u00e1ruky<br class=\"clear\" \/>-zm\u011bna barvy d\u00edky v\u00e1penn\u00fdm usazenin\u00e1m<br class=\"clear\" \/>&#8211; nenahrazujeme \u010derpadla, kter\u00e1 nejsou otev\u0159ena a udr\u017eov\u00e1na v souladu s na\u0161imi pokyny k \u010dist\u011bn\u00ed \u010derpadla. <br class=\"clear\" \/>&#8211;<span class=\"tlid-translation translation\" lang=\"cs\" tabindex=\"-1\"><span class=\"\" title=\"\">Prodlou\u017eenou z\u00e1ruku lze zakoupit u font\u00e1ny nebo maxim\u00e1ln\u011b 2 t\u00fddny po zakoupen\u00ed.<\/span><\/span><br class=\"clear\" \/><br class=\"clear\" \/>\r\n\r\nPostoupen\u00ed desetilet\u00e9 z\u00e1ruky t\u0159et\u00edm stran\u00e1m je vylou\u010deno.<br class=\"clear\" \/><br class=\"clear\" \/>\r\n\r\nPou\u017eit\u00ed filtrovan\u00e9 vody m\u016f\u017ee pomoci udr\u017eovat \u010derpadlo pro maxim\u00e1ln\u00ed \u00fa\u010dinnost. Nefiltrovan\u00e1, v\u00e1penat\u00e1 voda m\u016f\u017ee zp\u016fsobit po\u0161kozen\u00ed motoru \u010derpadla a omezit dobu u\u017e\u00edv\u00e1n\u00ed.\r\n\r\n&nbsp;\r\n<div class=\"flex max-w-full flex-col flex-grow\">\r\n<div class=\"min-h-[20px] text-message flex w-full flex-col items-end gap-2 whitespace-pre-wrap break-words [.text-message+&amp;]:mt-5 overflow-x-auto\" dir=\"auto\" data-message-author-role=\"assistant\" data-message-id=\"1598f96b-1441-41b4-a530-4ae8e6f5a66d\">\r\n<div class=\"flex w-full flex-col gap-1 empty:hidden first:pt-[3px]\">\r\n<div class=\"markdown prose w-full break-words dark:prose-invert light\">\r\n<h2>Speci\u00e1ln\u00ed vlastnosti ru\u010dn\u011b vyr\u00e1b\u011bn\u00fdch produkt\u016f<\/h2>\r\nNa\u0161e ru\u010dn\u011b vyr\u00e1b\u011bn\u00e9 produkty, zejm\u00e9na keramick\u00e9 a glazovan\u00e9 v\u00fdrobky, se vyzna\u010duj\u00ed jedine\u010dn\u00fdm \u0159emesln\u00fdm zpracov\u00e1n\u00edm a individu\u00e1ln\u00ed v\u00fdrobou. V d\u016fsledku toho mohou vzniknout drobn\u00e9 odchylky v barv\u011b, tvaru, velikosti a struktu\u0159e, kter\u00e9 jsou neodmyslitelnou sou\u010d\u00e1st\u00ed v\u00fdrobn\u00edho procesu. Tyto v\u00fdrobn\u00ed odchylky, jako jsou mal\u00e9 nedokonalosti, rozd\u00edly v barv\u011b nebo drobn\u00e9 vzduchov\u00e9 bublinky v glazu\u0159e, nejsou pova\u017eov\u00e1ny za vady, ale sp\u00ed\u0161e zd\u016fraz\u0148uj\u00ed jedine\u010dn\u00fd charakter produktu.\r\nTyto odchylky nejsou d\u016fvodem k reklamaci, pokud neovliv\u0148uj\u00ed funk\u010dnost produktu a jsou v souladu s obvykl\u00fdmi pr\u016fmyslov\u00fdmi tolerancemi.\r\n\r\n<\/div>\r\n<\/div>\r\n<\/div>\r\n<\/div>\r\n&nbsp;\r\n<h3><span class=\"tlid-translation translation\" lang=\"cs\"><span class=\"\" title=\"\">Voda z vodn\u00edho kamene po\u0161kozuje \u010derpadlo<\/span><\/span><\/h3>\r\nTomu m\u016f\u017ee zabr\u00e1nit \u0159\u00e1dn\u00e1 p\u00e9\u010de a \u010di\u0161t\u011bn\u00ed. Voda z vodovodu je v\u00e1penat\u00e1. N\u011bkter\u00e9 z\u00f3ny jsou m\u00e9n\u011b exponovan\u00e9, jin\u00e9 jsou v\u00edce zat\u00ed\u017eeny v\u00e1pnem.\r\n\r\nPokud ke spu\u0161t\u011bn\u00ed font\u00e1ny pou\u017eijete tvrdou vodu, d\u0159\u00edve \u010di pozd\u011bji \u010derpadlo p\u0159estane fungovat, proto\u017ee jsou mezi n\u00edm a rotorem v\u00e1penat\u00e9 kameny. V tomto okam\u017eiku v\u00fdslovn\u011b doporu\u010dujeme pou\u017e\u00edvat neperlivou vodu z l\u00e1hve nebo alespo\u0148 p\u0159edem filtrovat vodu z vodovodu.\r\n\r\nK \u010di\u0161t\u011bn\u00ed \u010derpadla a odstran\u011bn\u00ed v\u00e1pna a dal\u0161\u00edch miner\u00e1l\u016f m\u016f\u017eete pou\u017e\u00edt ocet nebo citron.\r\nPokud \u010derpadlo p\u0159estane fungovat, <a href=\"https:\/\/miaustore.com\/cz\/pouziti-a-udrzba-cerpadla.html\">tyto tipy<\/a> pomohou \u010derpadlo znovu spustit (u \u010dern\u00fdch \u010derpadel kontaktujte podporu@miaustore.com, kde z\u00edsk\u00e1te dal\u0161\u00ed tipy).","protected":false},"excerpt":{"rendered":"<p>V\u0161obecn\u00e9 smluvn\u00ed podm\u00ednky pro Miaustore Na t\u00e9to str\u00e1nce naleznete smluvn\u00ed podm\u00ednky: https:\/\/www.miaustore.com\/cz\/, publikovan\u00e9 Miaustore EU Webshop Limited trading za Miaustore. V t\u011bchto v\u0161eobecn\u00fdch smluvn\u00edch podm\u00ednk\u00e1ch popisujeme za jak\u00fdch v\u00fdhrad uv\u00e1d\u00edme informace na na\u0161ich webov\u00fdch str\u00e1nk\u00e1ch. Du\u0161evn\u00ed vlastnictv\u00ed Pou\u017e\u00edv\u00e1n\u00ed informac\u00ed na t\u011bchto webov\u00fdch str\u00e1nk\u00e1ch je voln\u011b k pou\u017eit\u00ed, pokud nedojde ke kop\u00edrov\u00e1n\u00ed, \u0161\u00ed\u0159en\u00ed nebo dal\u0161\u00edmu u\u017eit\u00ed \u010di zneu\u017eit\u00ed t\u011bchto infomac\u00ed. Informace &#8230; <\/p>\n<div><a href=\"https:\/\/miaustore.com\/cz\/vseobecne-smluvni-podminky.html\" class=\"more-link\">Read More<\/a><\/div>\n","protected":false},"author":1,"featured_media":0,"parent":0,"menu_order":0,"comment_status":"closed","ping_status":"closed","template":"","meta":{"_glsr_average":0,"_glsr_ranking":0,"_glsr_reviews":0,"footnotes":""},"class_list":["post-234","page","type-page","status-publish","hentry","no-post-thumbnail"],"yoast_head":"<!-- This site is optimized with the Yoast SEO Premium plugin v26.7 (Yoast SEO v26.7) - https:\/\/yoast.com\/wordpress\/plugins\/seo\/ -->\n<title>V\u0161eobecn\u00e9 smluvn\u00ed podm\u00ednky - Miaustore Czech<\/title>\n<meta name=\"robots\" content=\"index, follow, max-snippet:-1, max-image-preview:large, max-video-preview:-1\" \/>\n<link rel=\"canonical\" href=\"https:\/\/miaustore.com\/cz\/vseobecne-smluvni-podminky.html\" \/>\n<meta property=\"og:locale\" content=\"cs_CZ\" \/>\n<meta property=\"og:type\" content=\"article\" \/>\n<meta property=\"og:title\" content=\"V\u0161eobecn\u00e9 smluvn\u00ed podm\u00ednky\" \/>\n<meta property=\"og:description\" content=\"V\u0161obecn\u00e9 smluvn\u00ed podm\u00ednky pro Miaustore Na t\u00e9to str\u00e1nce naleznete smluvn\u00ed podm\u00ednky: https:\/\/www.miaustore.com\/cz\/, publikovan\u00e9 Miaustore EU Webshop Limited trading za Miaustore. V t\u011bchto v\u0161eobecn\u00fdch smluvn\u00edch podm\u00ednk\u00e1ch popisujeme za jak\u00fdch v\u00fdhrad uv\u00e1d\u00edme informace na na\u0161ich webov\u00fdch str\u00e1nk\u00e1ch. Du\u0161evn\u00ed vlastnictv\u00ed Pou\u017e\u00edv\u00e1n\u00ed informac\u00ed na t\u011bchto webov\u00fdch str\u00e1nk\u00e1ch je voln\u011b k pou\u017eit\u00ed, pokud nedojde ke kop\u00edrov\u00e1n\u00ed, \u0161\u00ed\u0159en\u00ed nebo dal\u0161\u00edmu u\u017eit\u00ed \u010di zneu\u017eit\u00ed t\u011bchto infomac\u00ed. Informace ... Read More\" \/>\n<meta property=\"og:url\" content=\"https:\/\/miaustore.com\/cz\/vseobecne-smluvni-podminky.html\" \/>\n<meta property=\"og:site_name\" content=\"Miaustore Czech\" \/>\n<meta property=\"article:modified_time\" content=\"2024-09-12T14:42:08+00:00\" \/>\n<meta name=\"twitter:card\" content=\"summary_large_image\" \/>\n<meta name=\"twitter:label1\" content=\"Odhadovan\u00e1 doba \u010dten\u00ed\" \/>\n\t<meta name=\"twitter:data1\" content=\"5 minut\" \/>\n<script type=\"application\/ld+json\" class=\"yoast-schema-graph\">{\"@context\":\"https:\/\/schema.org\",\"@graph\":[{\"@type\":\"WebPage\",\"@id\":\"https:\/\/miaustore.com\/cz\/vseobecne-smluvni-podminky.html\",\"url\":\"https:\/\/miaustore.com\/cz\/vseobecne-smluvni-podminky.html\",\"name\":\"V\u0161eobecn\u00e9 smluvn\u00ed podm\u00ednky - Miaustore Czech\",\"isPartOf\":{\"@id\":\"https:\/\/miaustore.com\/cz\/#website\"},\"datePublished\":\"2019-11-11T14:39:07+00:00\",\"dateModified\":\"2024-09-12T14:42:08+00:00\",\"breadcrumb\":{\"@id\":\"https:\/\/miaustore.com\/cz\/vseobecne-smluvni-podminky.html#breadcrumb\"},\"inLanguage\":\"cs\",\"potentialAction\":[{\"@type\":\"ReadAction\",\"target\":[\"https:\/\/miaustore.com\/cz\/vseobecne-smluvni-podminky.html\"]}]},{\"@type\":\"BreadcrumbList\",\"@id\":\"https:\/\/miaustore.com\/cz\/vseobecne-smluvni-podminky.html#breadcrumb\",\"itemListElement\":[{\"@type\":\"ListItem\",\"position\":1,\"name\":\"Startseite\",\"item\":\"https:\/\/miaustore.com\/cz\/\"},{\"@type\":\"ListItem\",\"position\":2,\"name\":\"V\u0161eobecn\u00e9 smluvn\u00ed podm\u00ednky\"}]},{\"@type\":\"WebSite\",\"@id\":\"https:\/\/miaustore.com\/cz\/#website\",\"url\":\"https:\/\/miaustore.com\/cz\/\",\"name\":\"Miaustore Czech\",\"description\":\"Eine weitere My Sites Website\",\"potentialAction\":[{\"@type\":\"SearchAction\",\"target\":{\"@type\":\"EntryPoint\",\"urlTemplate\":\"https:\/\/miaustore.com\/cz\/?s={search_term_string}\"},\"query-input\":{\"@type\":\"PropertyValueSpecification\",\"valueRequired\":true,\"valueName\":\"search_term_string\"}}],\"inLanguage\":\"cs\"}]}<\/script>\n<!-- \/ Yoast SEO Premium plugin. -->","yoast_head_json":{"title":"V\u0161eobecn\u00e9 smluvn\u00ed podm\u00ednky - Miaustore Czech","robots":{"index":"index","follow":"follow","max-snippet":"max-snippet:-1","max-image-preview":"max-image-preview:large","max-video-preview":"max-video-preview:-1"},"canonical":"https:\/\/miaustore.com\/cz\/vseobecne-smluvni-podminky.html","og_locale":"cs_CZ","og_type":"article","og_title":"V\u0161eobecn\u00e9 smluvn\u00ed podm\u00ednky","og_description":"V\u0161obecn\u00e9 smluvn\u00ed podm\u00ednky pro Miaustore Na t\u00e9to str\u00e1nce naleznete smluvn\u00ed podm\u00ednky: https:\/\/www.miaustore.com\/cz\/, publikovan\u00e9 Miaustore EU Webshop Limited trading za Miaustore. V t\u011bchto v\u0161eobecn\u00fdch smluvn\u00edch podm\u00ednk\u00e1ch popisujeme za jak\u00fdch v\u00fdhrad uv\u00e1d\u00edme informace na na\u0161ich webov\u00fdch str\u00e1nk\u00e1ch. Du\u0161evn\u00ed vlastnictv\u00ed Pou\u017e\u00edv\u00e1n\u00ed informac\u00ed na t\u011bchto webov\u00fdch str\u00e1nk\u00e1ch je voln\u011b k pou\u017eit\u00ed, pokud nedojde ke kop\u00edrov\u00e1n\u00ed, \u0161\u00ed\u0159en\u00ed nebo dal\u0161\u00edmu u\u017eit\u00ed \u010di zneu\u017eit\u00ed t\u011bchto infomac\u00ed. Informace ... Read More","og_url":"https:\/\/miaustore.com\/cz\/vseobecne-smluvni-podminky.html","og_site_name":"Miaustore Czech","article_modified_time":"2024-09-12T14:42:08+00:00","twitter_card":"summary_large_image","twitter_misc":{"Odhadovan\u00e1 doba \u010dten\u00ed":"5 minut"},"schema":{"@context":"https:\/\/schema.org","@graph":[{"@type":"WebPage","@id":"https:\/\/miaustore.com\/cz\/vseobecne-smluvni-podminky.html","url":"https:\/\/miaustore.com\/cz\/vseobecne-smluvni-podminky.html","name":"V\u0161eobecn\u00e9 smluvn\u00ed podm\u00ednky - Miaustore Czech","isPartOf":{"@id":"https:\/\/miaustore.com\/cz\/#website"},"datePublished":"2019-11-11T14:39:07+00:00","dateModified":"2024-09-12T14:42:08+00:00","breadcrumb":{"@id":"https:\/\/miaustore.com\/cz\/vseobecne-smluvni-podminky.html#breadcrumb"},"inLanguage":"cs","potentialAction":[{"@type":"ReadAction","target":["https:\/\/miaustore.com\/cz\/vseobecne-smluvni-podminky.html"]}]},{"@type":"BreadcrumbList","@id":"https:\/\/miaustore.com\/cz\/vseobecne-smluvni-podminky.html#breadcrumb","itemListElement":[{"@type":"ListItem","position":1,"name":"Startseite","item":"https:\/\/miaustore.com\/cz\/"},{"@type":"ListItem","position":2,"name":"V\u0161eobecn\u00e9 smluvn\u00ed podm\u00ednky"}]},{"@type":"WebSite","@id":"https:\/\/miaustore.com\/cz\/#website","url":"https:\/\/miaustore.com\/cz\/","name":"Miaustore Czech","description":"Eine weitere My Sites Website","potentialAction":[{"@type":"SearchAction","target":{"@type":"EntryPoint","urlTemplate":"https:\/\/miaustore.com\/cz\/?s={search_term_string}"},"query-input":{"@type":"PropertyValueSpecification","valueRequired":true,"valueName":"search_term_string"}}],"inLanguage":"cs"}]}},"_links":{"self":[{"href":"https:\/\/miaustore.com\/cz\/wp-json\/wp\/v2\/pages\/234","targetHints":{"allow":["GET"]}}],"collection":[{"href":"https:\/\/miaustore.com\/cz\/wp-json\/wp\/v2\/pages"}],"about":[{"href":"https:\/\/miaustore.com\/cz\/wp-json\/wp\/v2\/types\/page"}],"author":[{"embeddable":true,"href":"https:\/\/miaustore.com\/cz\/wp-json\/wp\/v2\/users\/1"}],"replies":[{"embeddable":true,"href":"https:\/\/miaustore.com\/cz\/wp-json\/wp\/v2\/comments?post=234"}],"version-history":[{"count":27,"href":"https:\/\/miaustore.com\/cz\/wp-json\/wp\/v2\/pages\/234\/revisions"}],"predecessor-version":[{"id":623321,"href":"https:\/\/miaustore.com\/cz\/wp-json\/wp\/v2\/pages\/234\/revisions\/623321"}],"wp:attachment":[{"href":"https:\/\/miaustore.com\/cz\/wp-json\/wp\/v2\/media?parent=234"}],"curies":[{"name":"wp","href":"https:\/\/api.w.org\/{rel}","templated":true}]}}