{"id":5993,"date":"2020-06-17T16:29:14","date_gmt":"2020-06-17T14:29:14","guid":{"rendered":"https:\/\/miaustore.com\/cz\/?page_id=5993"},"modified":"2020-10-12T15:45:20","modified_gmt":"2020-10-12T13:45:20","slug":"pouziti-a-udrzba-cerpadla","status":"publish","type":"page","link":"https:\/\/miaustore.com\/cz\/pouziti-a-udrzba-cerpadla.html","title":{"rendered":"Pou\u017eit\u00ed a \u00fadr\u017eba \u010derpadla"},"content":{"rendered":"<div id=\"cs-content\" class=\"cs-content\"><\/div>","protected":false},"excerpt":{"rendered":"","protected":false},"author":1,"featured_media":0,"parent":0,"menu_order":0,"comment_status":"closed","ping_status":"closed","template":"","meta":{"_glsr_average":0,"_glsr_ranking":0,"_glsr_reviews":0,"footnotes":""},"class_list":["post-5993","page","type-page","status-publish","hentry","no-post-thumbnail"],"yoast_head":"<!-- This site is optimized with the Yoast SEO Premium plugin v26.7 (Yoast SEO v26.7) - https:\/\/yoast.com\/wordpress\/plugins\/seo\/ -->\n<title>Pou\u017eit\u00ed a \u00fadr\u017eba \u010derpadla-Keramick\u00e1 font\u00e1na pro ko\u010dky Miaustore<\/title>\n<meta name=\"description\" content=\"P\u0159i neust\u00e1l\u00e9m pou\u017e\u00edv\u00e1n\u00ed \u010derpadla se n\u011bkdy mohou v \u010derpadle hromadit ne\u010distoty, ko\u010di\u010d\u00ed chloupky a zbytky potravin a sn\u00ed\u017eit jejich \u00fa\u010dinnost.\" \/>\n<meta name=\"robots\" content=\"index, follow, max-snippet:-1, max-image-preview:large, max-video-preview:-1\" \/>\n<link rel=\"canonical\" href=\"https:\/\/miaustore.com\/cz\/pouziti-a-udrzba-cerpadla.html\" \/>\n<meta property=\"og:locale\" content=\"cs_CZ\" \/>\n<meta property=\"og:type\" content=\"article\" \/>\n<meta property=\"og:title\" content=\"Pou\u017eit\u00ed a \u00fadr\u017eba \u010derpadla\" \/>\n<meta property=\"og:description\" content=\"P\u0159i neust\u00e1l\u00e9m pou\u017e\u00edv\u00e1n\u00ed \u010derpadla se n\u011bkdy mohou v \u010derpadle hromadit ne\u010distoty, ko\u010di\u010d\u00ed chloupky a zbytky potravin a sn\u00ed\u017eit jejich \u00fa\u010dinnost.\" \/>\n<meta property=\"og:url\" content=\"https:\/\/miaustore.com\/cz\/pouziti-a-udrzba-cerpadla.html\" \/>\n<meta property=\"og:site_name\" content=\"Miaustore Czech\" \/>\n<meta property=\"article:modified_time\" content=\"2020-10-12T13:45:20+00:00\" \/>\n<meta name=\"twitter:card\" content=\"summary_large_image\" \/>\n<meta name=\"twitter:label1\" content=\"Odhadovan\u00e1 doba \u010dten\u00ed\" \/>\n\t<meta name=\"twitter:data1\" content=\"4 minuty\" \/>\n<script type=\"application\/ld+json\" class=\"yoast-schema-graph\">{\"@context\":\"https:\/\/schema.org\",\"@graph\":[{\"@type\":\"WebPage\",\"@id\":\"https:\/\/miaustore.com\/cz\/pouziti-a-udrzba-cerpadla.html\",\"url\":\"https:\/\/miaustore.com\/cz\/pouziti-a-udrzba-cerpadla.html\",\"name\":\"Pou\u017eit\u00ed a \u00fadr\u017eba \u010derpadla-Keramick\u00e1 font\u00e1na pro ko\u010dky Miaustore\",\"isPartOf\":{\"@id\":\"https:\/\/miaustore.com\/cz\/#website\"},\"datePublished\":\"2020-06-17T14:29:14+00:00\",\"dateModified\":\"2020-10-12T13:45:20+00:00\",\"description\":\"P\u0159i neust\u00e1l\u00e9m pou\u017e\u00edv\u00e1n\u00ed \u010derpadla se n\u011bkdy mohou v \u010derpadle hromadit ne\u010distoty, ko\u010di\u010d\u00ed chloupky a zbytky potravin a sn\u00ed\u017eit jejich \u00fa\u010dinnost.\",\"breadcrumb\":{\"@id\":\"https:\/\/miaustore.com\/cz\/pouziti-a-udrzba-cerpadla.html#breadcrumb\"},\"inLanguage\":\"cs\",\"potentialAction\":[{\"@type\":\"ReadAction\",\"target\":[\"https:\/\/miaustore.com\/cz\/pouziti-a-udrzba-cerpadla.html\"]}]},{\"@type\":\"BreadcrumbList\",\"@id\":\"https:\/\/miaustore.com\/cz\/pouziti-a-udrzba-cerpadla.html#breadcrumb\",\"itemListElement\":[{\"@type\":\"ListItem\",\"position\":1,\"name\":\"Startseite\",\"item\":\"https:\/\/miaustore.com\/cz\/\"},{\"@type\":\"ListItem\",\"position\":2,\"name\":\"Pou\u017eit\u00ed a \u00fadr\u017eba \u010derpadla\"}]},{\"@type\":\"WebSite\",\"@id\":\"https:\/\/miaustore.com\/cz\/#website\",\"url\":\"https:\/\/miaustore.com\/cz\/\",\"name\":\"Miaustore Czech\",\"description\":\"Eine weitere My Sites Website\",\"potentialAction\":[{\"@type\":\"SearchAction\",\"target\":{\"@type\":\"EntryPoint\",\"urlTemplate\":\"https:\/\/miaustore.com\/cz\/?s={search_term_string}\"},\"query-input\":{\"@type\":\"PropertyValueSpecification\",\"valueRequired\":true,\"valueName\":\"search_term_string\"}}],\"inLanguage\":\"cs\"}]}<\/script>\n<!-- \/ Yoast SEO Premium plugin. -->","yoast_head_json":{"title":"Pou\u017eit\u00ed a \u00fadr\u017eba \u010derpadla-Keramick\u00e1 font\u00e1na pro ko\u010dky Miaustore","description":"P\u0159i neust\u00e1l\u00e9m pou\u017e\u00edv\u00e1n\u00ed \u010derpadla se n\u011bkdy mohou v \u010derpadle hromadit ne\u010distoty, ko\u010di\u010d\u00ed chloupky a zbytky potravin a sn\u00ed\u017eit jejich \u00fa\u010dinnost.","robots":{"index":"index","follow":"follow","max-snippet":"max-snippet:-1","max-image-preview":"max-image-preview:large","max-video-preview":"max-video-preview:-1"},"canonical":"https:\/\/miaustore.com\/cz\/pouziti-a-udrzba-cerpadla.html","og_locale":"cs_CZ","og_type":"article","og_title":"Pou\u017eit\u00ed a \u00fadr\u017eba \u010derpadla","og_description":"P\u0159i neust\u00e1l\u00e9m pou\u017e\u00edv\u00e1n\u00ed \u010derpadla se n\u011bkdy mohou v \u010derpadle hromadit ne\u010distoty, ko\u010di\u010d\u00ed chloupky a zbytky potravin a sn\u00ed\u017eit jejich \u00fa\u010dinnost.","og_url":"https:\/\/miaustore.com\/cz\/pouziti-a-udrzba-cerpadla.html","og_site_name":"Miaustore Czech","article_modified_time":"2020-10-12T13:45:20+00:00","twitter_card":"summary_large_image","twitter_misc":{"Odhadovan\u00e1 doba \u010dten\u00ed":"4 minuty"},"schema":{"@context":"https:\/\/schema.org","@graph":[{"@type":"WebPage","@id":"https:\/\/miaustore.com\/cz\/pouziti-a-udrzba-cerpadla.html","url":"https:\/\/miaustore.com\/cz\/pouziti-a-udrzba-cerpadla.html","name":"Pou\u017eit\u00ed a \u00fadr\u017eba \u010derpadla-Keramick\u00e1 font\u00e1na pro ko\u010dky Miaustore","isPartOf":{"@id":"https:\/\/miaustore.com\/cz\/#website"},"datePublished":"2020-06-17T14:29:14+00:00","dateModified":"2020-10-12T13:45:20+00:00","description":"P\u0159i neust\u00e1l\u00e9m pou\u017e\u00edv\u00e1n\u00ed \u010derpadla se n\u011bkdy mohou v \u010derpadle hromadit ne\u010distoty, ko\u010di\u010d\u00ed chloupky a zbytky potravin a sn\u00ed\u017eit jejich \u00fa\u010dinnost.","breadcrumb":{"@id":"https:\/\/miaustore.com\/cz\/pouziti-a-udrzba-cerpadla.html#breadcrumb"},"inLanguage":"cs","potentialAction":[{"@type":"ReadAction","target":["https:\/\/miaustore.com\/cz\/pouziti-a-udrzba-cerpadla.html"]}]},{"@type":"BreadcrumbList","@id":"https:\/\/miaustore.com\/cz\/pouziti-a-udrzba-cerpadla.html#breadcrumb","itemListElement":[{"@type":"ListItem","position":1,"name":"Startseite","item":"https:\/\/miaustore.com\/cz\/"},{"@type":"ListItem","position":2,"name":"Pou\u017eit\u00ed a \u00fadr\u017eba \u010derpadla"}]},{"@type":"WebSite","@id":"https:\/\/miaustore.com\/cz\/#website","url":"https:\/\/miaustore.com\/cz\/","name":"Miaustore Czech","description":"Eine weitere My Sites Website","potentialAction":[{"@type":"SearchAction","target":{"@type":"EntryPoint","urlTemplate":"https:\/\/miaustore.com\/cz\/?s={search_term_string}"},"query-input":{"@type":"PropertyValueSpecification","valueRequired":true,"valueName":"search_term_string"}}],"inLanguage":"cs"}]}},"_links":{"self":[{"href":"https:\/\/miaustore.com\/cz\/wp-json\/wp\/v2\/pages\/5993","targetHints":{"allow":["GET"]}}],"collection":[{"href":"https:\/\/miaustore.com\/cz\/wp-json\/wp\/v2\/pages"}],"about":[{"href":"https:\/\/miaustore.com\/cz\/wp-json\/wp\/v2\/types\/page"}],"author":[{"embeddable":true,"href":"https:\/\/miaustore.com\/cz\/wp-json\/wp\/v2\/users\/1"}],"replies":[{"embeddable":true,"href":"https:\/\/miaustore.com\/cz\/wp-json\/wp\/v2\/comments?post=5993"}],"version-history":[{"count":4,"href":"https:\/\/miaustore.com\/cz\/wp-json\/wp\/v2\/pages\/5993\/revisions"}],"predecessor-version":[{"id":9819,"href":"https:\/\/miaustore.com\/cz\/wp-json\/wp\/v2\/pages\/5993\/revisions\/9819"}],"wp:attachment":[{"href":"https:\/\/miaustore.com\/cz\/wp-json\/wp\/v2\/media?parent=5993"}],"curies":[{"name":"wp","href":"https:\/\/api.w.org\/{rel}","templated":true}]}}