{"id":2338,"date":"2020-02-18T15:24:06","date_gmt":"2020-02-18T14:24:06","guid":{"rendered":"https:\/\/miaustore.com\/cz\/?post_type=product&#038;p=2338"},"modified":"2024-04-15T13:23:03","modified_gmt":"2024-04-15T11:23:03","slug":"fontanove-cerpadlo-miaustore","status":"publish","type":"product","link":"https:\/\/miaustore.com\/cz\/produkt\/fontanove-cerpadlo-miaustore\/","title":{"rendered":"Font\u00e1nov\u00e9 \u010derpadlo Miaustore"},"content":{"rendered":"","protected":false},"excerpt":{"rendered":"","protected":false},"featured_media":2422,"template":"","meta":{"_glsr_average":0,"_glsr_ranking":0,"_glsr_reviews":0},"product_brand":[],"product_cat":[43],"product_tag":[],"class_list":{"0":"post-2338","1":"product","2":"type-product","3":"status-publish","4":"has-post-thumbnail","6":"product_cat-pump","7":"product_shipping_class-kc181","10":"first","11":"instock","12":"shipping-taxable","13":"purchasable","14":"product-type-bundle"},"bundled_by":[],"bundle_stock_status":"instock","bundle_stock_quantity":"","bundle_virtual":false,"bundle_layout":"default","bundle_add_to_cart_form_location":"default","bundle_editable_in_cart":false,"bundle_sold_individually_context":"product","bundle_item_grouping":"parent","bundle_min_size":"","bundle_max_size":"","bundle_price":{"price":{"min":{"incl_tax":"399","excl_tax":"399"},"max":{"incl_tax":"399","excl_tax":"399"}},"regular_price":{"min":{"incl_tax":"399","excl_tax":"399"},"max":{"incl_tax":"399","excl_tax":"399"}}},"bundled_items":[{"bundled_item_id":1,"product_id":19434,"menu_order":0,"quantity_min":1,"quantity_max":1,"quantity_default":1,"priced_individually":false,"shipped_individually":false,"override_title":false,"title":"","override_description":false,"description":"","optional":false,"hide_thumbnail":false,"discount":"","override_variations":false,"allowed_variations":[],"override_default_variation_attributes":false,"default_variation_attributes":[],"single_product_visibility":"visible","cart_visibility":"visible","order_visibility":"visible","single_product_price_visibility":"visible","cart_price_visibility":"visible","order_price_visibility":"visible","stock_status":"in_stock"},{"bundled_item_id":2,"product_id":3322,"menu_order":1,"quantity_min":1,"quantity_max":1,"quantity_default":1,"priced_individually":false,"shipped_individually":false,"override_title":false,"title":"","override_description":false,"description":"","optional":false,"hide_thumbnail":false,"discount":"","override_variations":false,"allowed_variations":[],"override_default_variation_attributes":false,"default_variation_attributes":[],"single_product_visibility":"visible","cart_visibility":"visible","order_visibility":"visible","single_product_price_visibility":"visible","cart_price_visibility":"visible","order_price_visibility":"visible","stock_status":"in_stock"}],"bundle_sell_ids":[],"yoast_head":"<!-- This site is optimized with the Yoast SEO Premium plugin v26.7 (Yoast SEO v26.7) - https:\/\/yoast.com\/wordpress\/plugins\/seo\/ -->\n<title>Font\u00e1nov\u00e9 \u010derpadlo Miaustore - Miaustore Czech<\/title>\n<meta name=\"robots\" content=\"index, follow, max-snippet:-1, max-image-preview:large, max-video-preview:-1\" \/>\n<link rel=\"canonical\" href=\"https:\/\/miaustore.com\/cz\/produkt\/fontanove-cerpadlo-miaustore\/\" \/>\n<meta property=\"og:locale\" content=\"cs_CZ\" \/>\n<meta property=\"og:type\" content=\"article\" \/>\n<meta property=\"og:title\" content=\"Font\u00e1nov\u00e9 \u010derpadlo Miaustore\" \/>\n<meta property=\"og:url\" content=\"https:\/\/miaustore.com\/cz\/produkt\/fontanove-cerpadlo-miaustore\/\" \/>\n<meta property=\"og:site_name\" content=\"Miaustore Czech\" \/>\n<meta property=\"article:modified_time\" content=\"2024-04-15T11:23:03+00:00\" \/>\n<meta property=\"og:image\" content=\"https:\/\/miaustore.com\/cz\/wp-content\/uploads\/sites\/16\/2020\/02\/WhatsApp-Image-2020-02-21-at-15.49.10.png\" \/>\n\t<meta property=\"og:image:width\" content=\"826\" \/>\n\t<meta property=\"og:image:height\" content=\"1424\" \/>\n\t<meta property=\"og:image:type\" content=\"image\/png\" \/>\n<meta name=\"twitter:card\" content=\"summary_large_image\" \/>\n<script type=\"application\/ld+json\" class=\"yoast-schema-graph\">{\"@context\":\"https:\/\/schema.org\",\"@graph\":[{\"@type\":\"WebPage\",\"@id\":\"https:\/\/miaustore.com\/cz\/produkt\/fontanove-cerpadlo-miaustore\/\",\"url\":\"https:\/\/miaustore.com\/cz\/produkt\/fontanove-cerpadlo-miaustore\/\",\"name\":\"Font\u00e1nov\u00e9 \u010derpadlo Miaustore - Miaustore Czech\",\"isPartOf\":{\"@id\":\"https:\/\/miaustore.com\/cz\/#website\"},\"primaryImageOfPage\":{\"@id\":\"https:\/\/miaustore.com\/cz\/produkt\/fontanove-cerpadlo-miaustore\/#primaryimage\"},\"image\":{\"@id\":\"https:\/\/miaustore.com\/cz\/produkt\/fontanove-cerpadlo-miaustore\/#primaryimage\"},\"thumbnailUrl\":\"https:\/\/miaustore.com\/cz\/wp-content\/uploads\/sites\/16\/2020\/02\/WhatsApp-Image-2020-02-21-at-15.49.10.png\",\"datePublished\":\"2020-02-18T14:24:06+00:00\",\"dateModified\":\"2024-04-15T11:23:03+00:00\",\"breadcrumb\":{\"@id\":\"https:\/\/miaustore.com\/cz\/produkt\/fontanove-cerpadlo-miaustore\/#breadcrumb\"},\"inLanguage\":\"cs\",\"potentialAction\":[{\"@type\":\"ReadAction\",\"target\":[\"https:\/\/miaustore.com\/cz\/produkt\/fontanove-cerpadlo-miaustore\/\"]}]},{\"@type\":\"ImageObject\",\"inLanguage\":\"cs\",\"@id\":\"https:\/\/miaustore.com\/cz\/produkt\/fontanove-cerpadlo-miaustore\/#primaryimage\",\"url\":\"https:\/\/miaustore.com\/cz\/wp-content\/uploads\/sites\/16\/2020\/02\/WhatsApp-Image-2020-02-21-at-15.49.10.png\",\"contentUrl\":\"https:\/\/miaustore.com\/cz\/wp-content\/uploads\/sites\/16\/2020\/02\/WhatsApp-Image-2020-02-21-at-15.49.10.png\",\"width\":826,\"height\":1424},{\"@type\":\"BreadcrumbList\",\"@id\":\"https:\/\/miaustore.com\/cz\/produkt\/fontanove-cerpadlo-miaustore\/#breadcrumb\",\"itemListElement\":[{\"@type\":\"ListItem\",\"position\":1,\"name\":\"Startseite\",\"item\":\"https:\/\/miaustore.com\/cz\/\"},{\"@type\":\"ListItem\",\"position\":2,\"name\":\"Produkty\",\"item\":\"https:\/\/miaustore.com\/cz\/shop\/\"},{\"@type\":\"ListItem\",\"position\":3,\"name\":\"Font\u00e1nov\u00e9 \u010derpadlo Miaustore\"}]},{\"@type\":\"WebSite\",\"@id\":\"https:\/\/miaustore.com\/cz\/#website\",\"url\":\"https:\/\/miaustore.com\/cz\/\",\"name\":\"Miaustore Czech\",\"description\":\"Eine weitere My Sites Website\",\"potentialAction\":[{\"@type\":\"SearchAction\",\"target\":{\"@type\":\"EntryPoint\",\"urlTemplate\":\"https:\/\/miaustore.com\/cz\/?s={search_term_string}\"},\"query-input\":{\"@type\":\"PropertyValueSpecification\",\"valueRequired\":true,\"valueName\":\"search_term_string\"}}],\"inLanguage\":\"cs\"}]}<\/script>\n<!-- \/ Yoast SEO Premium plugin. -->","yoast_head_json":{"title":"Font\u00e1nov\u00e9 \u010derpadlo Miaustore - Miaustore Czech","robots":{"index":"index","follow":"follow","max-snippet":"max-snippet:-1","max-image-preview":"max-image-preview:large","max-video-preview":"max-video-preview:-1"},"canonical":"https:\/\/miaustore.com\/cz\/produkt\/fontanove-cerpadlo-miaustore\/","og_locale":"cs_CZ","og_type":"article","og_title":"Font\u00e1nov\u00e9 \u010derpadlo Miaustore","og_url":"https:\/\/miaustore.com\/cz\/produkt\/fontanove-cerpadlo-miaustore\/","og_site_name":"Miaustore Czech","article_modified_time":"2024-04-15T11:23:03+00:00","og_image":[{"width":826,"height":1424,"url":"https:\/\/miaustore.com\/cz\/wp-content\/uploads\/sites\/16\/2020\/02\/WhatsApp-Image-2020-02-21-at-15.49.10.png","type":"image\/png"}],"twitter_card":"summary_large_image","schema":{"@context":"https:\/\/schema.org","@graph":[{"@type":"WebPage","@id":"https:\/\/miaustore.com\/cz\/produkt\/fontanove-cerpadlo-miaustore\/","url":"https:\/\/miaustore.com\/cz\/produkt\/fontanove-cerpadlo-miaustore\/","name":"Font\u00e1nov\u00e9 \u010derpadlo Miaustore - Miaustore Czech","isPartOf":{"@id":"https:\/\/miaustore.com\/cz\/#website"},"primaryImageOfPage":{"@id":"https:\/\/miaustore.com\/cz\/produkt\/fontanove-cerpadlo-miaustore\/#primaryimage"},"image":{"@id":"https:\/\/miaustore.com\/cz\/produkt\/fontanove-cerpadlo-miaustore\/#primaryimage"},"thumbnailUrl":"https:\/\/miaustore.com\/cz\/wp-content\/uploads\/sites\/16\/2020\/02\/WhatsApp-Image-2020-02-21-at-15.49.10.png","datePublished":"2020-02-18T14:24:06+00:00","dateModified":"2024-04-15T11:23:03+00:00","breadcrumb":{"@id":"https:\/\/miaustore.com\/cz\/produkt\/fontanove-cerpadlo-miaustore\/#breadcrumb"},"inLanguage":"cs","potentialAction":[{"@type":"ReadAction","target":["https:\/\/miaustore.com\/cz\/produkt\/fontanove-cerpadlo-miaustore\/"]}]},{"@type":"ImageObject","inLanguage":"cs","@id":"https:\/\/miaustore.com\/cz\/produkt\/fontanove-cerpadlo-miaustore\/#primaryimage","url":"https:\/\/miaustore.com\/cz\/wp-content\/uploads\/sites\/16\/2020\/02\/WhatsApp-Image-2020-02-21-at-15.49.10.png","contentUrl":"https:\/\/miaustore.com\/cz\/wp-content\/uploads\/sites\/16\/2020\/02\/WhatsApp-Image-2020-02-21-at-15.49.10.png","width":826,"height":1424},{"@type":"BreadcrumbList","@id":"https:\/\/miaustore.com\/cz\/produkt\/fontanove-cerpadlo-miaustore\/#breadcrumb","itemListElement":[{"@type":"ListItem","position":1,"name":"Startseite","item":"https:\/\/miaustore.com\/cz\/"},{"@type":"ListItem","position":2,"name":"Produkty","item":"https:\/\/miaustore.com\/cz\/shop\/"},{"@type":"ListItem","position":3,"name":"Font\u00e1nov\u00e9 \u010derpadlo Miaustore"}]},{"@type":"WebSite","@id":"https:\/\/miaustore.com\/cz\/#website","url":"https:\/\/miaustore.com\/cz\/","name":"Miaustore Czech","description":"Eine weitere My Sites Website","potentialAction":[{"@type":"SearchAction","target":{"@type":"EntryPoint","urlTemplate":"https:\/\/miaustore.com\/cz\/?s={search_term_string}"},"query-input":{"@type":"PropertyValueSpecification","valueRequired":true,"valueName":"search_term_string"}}],"inLanguage":"cs"}]}},"_links":{"self":[{"href":"https:\/\/miaustore.com\/cz\/wp-json\/wp\/v2\/product\/2338","targetHints":{"allow":["GET"]}}],"collection":[{"href":"https:\/\/miaustore.com\/cz\/wp-json\/wp\/v2\/product"}],"about":[{"href":"https:\/\/miaustore.com\/cz\/wp-json\/wp\/v2\/types\/product"}],"wp:featuredmedia":[{"embeddable":true,"href":"https:\/\/miaustore.com\/cz\/wp-json\/wp\/v2\/media\/2422"}],"wp:attachment":[{"href":"https:\/\/miaustore.com\/cz\/wp-json\/wp\/v2\/media?parent=2338"}],"wp:term":[{"taxonomy":"product_brand","embeddable":true,"href":"https:\/\/miaustore.com\/cz\/wp-json\/wp\/v2\/product_brand?post=2338"},{"taxonomy":"product_cat","embeddable":true,"href":"https:\/\/miaustore.com\/cz\/wp-json\/wp\/v2\/product_cat?post=2338"},{"taxonomy":"product_tag","embeddable":true,"href":"https:\/\/miaustore.com\/cz\/wp-json\/wp\/v2\/product_tag?post=2338"}],"curies":[{"name":"wp","href":"https:\/\/api.w.org\/{rel}","templated":true}]}}