{"id":36,"date":"2019-03-01T17:23:15","date_gmt":"2019-03-01T16:23:15","guid":{"rendered":"https:\/\/miaustore.com\/cz\/?post_type=product&#038;p=36"},"modified":"2022-07-13T12:19:17","modified_gmt":"2022-07-13T10:19:17","slug":"cerna-fontana","status":"publish","type":"product","link":"https:\/\/miaustore.com\/cz\/produkt\/cerna-fontana\/","title":{"rendered":"\u010cern\u00e1 vodn\u00ed font\u00e1na pro ko\u010dky"},"content":{"rendered":"","protected":false},"excerpt":{"rendered":"","protected":false},"featured_media":37,"template":"","meta":{"_glsr_average":0,"_glsr_ranking":0,"_glsr_reviews":0},"product_brand":[],"product_cat":[52],"product_tag":[],"class_list":{"0":"post-36","1":"product","2":"type-product","3":"status-publish","4":"has-post-thumbnail","6":"product_cat-standard_fountain","7":"product_shipping_class-kc181","10":"first","11":"instock","12":"shipping-taxable","13":"purchasable","14":"product-type-simple"},"bundled_by":[],"bundle_stock_status":"instock","bundle_stock_quantity":null,"bundle_virtual":false,"bundle_layout":"","bundle_add_to_cart_form_location":"","bundle_editable_in_cart":false,"bundle_sold_individually_context":"","bundle_item_grouping":"","bundle_min_size":"","bundle_max_size":"","bundle_price":[],"bundled_items":[],"bundle_sell_ids":[],"yoast_head":"<!-- This site is optimized with the Yoast SEO Premium plugin v26.7 (Yoast SEO v26.7) - https:\/\/yoast.com\/wordpress\/plugins\/seo\/ -->\n<title>\u010cern\u00e1 vodn\u00ed font\u00e1na pro ko\u010dky - Miaustore Czech<\/title>\n<meta name=\"description\" content=\"Le\" \/>\n<meta name=\"robots\" content=\"index, follow, max-snippet:-1, max-image-preview:large, max-video-preview:-1\" \/>\n<link rel=\"canonical\" href=\"https:\/\/miaustore.com\/cz\/produkt\/cerna-fontana\/\" \/>\n<meta property=\"og:locale\" content=\"cs_CZ\" \/>\n<meta property=\"og:type\" content=\"article\" \/>\n<meta property=\"og:title\" content=\"\u010cern\u00e1 vodn\u00ed font\u00e1na pro ko\u010dky\" \/>\n<meta property=\"og:description\" content=\"Le\" \/>\n<meta property=\"og:url\" content=\"https:\/\/miaustore.com\/cz\/produkt\/cerna-fontana\/\" \/>\n<meta property=\"og:site_name\" content=\"Miaustore Czech\" \/>\n<meta property=\"article:modified_time\" content=\"2022-07-13T10:19:17+00:00\" \/>\n<meta property=\"og:image\" content=\"https:\/\/miaustore.com\/cz\/wp-content\/uploads\/sites\/16\/2019\/03\/fontaine-noir.jpg\" \/>\n\t<meta property=\"og:image:width\" content=\"1215\" \/>\n\t<meta property=\"og:image:height\" content=\"875\" \/>\n\t<meta property=\"og:image:type\" content=\"image\/jpeg\" \/>\n<meta name=\"twitter:card\" content=\"summary_large_image\" \/>\n<script type=\"application\/ld+json\" class=\"yoast-schema-graph\">{\"@context\":\"https:\/\/schema.org\",\"@graph\":[{\"@type\":\"WebPage\",\"@id\":\"https:\/\/miaustore.com\/cz\/produkt\/cerna-fontana\/\",\"url\":\"https:\/\/miaustore.com\/cz\/produkt\/cerna-fontana\/\",\"name\":\"\u010cern\u00e1 vodn\u00ed font\u00e1na pro ko\u010dky - Miaustore Czech\",\"isPartOf\":{\"@id\":\"https:\/\/miaustore.com\/cz\/#website\"},\"primaryImageOfPage\":{\"@id\":\"https:\/\/miaustore.com\/cz\/produkt\/cerna-fontana\/#primaryimage\"},\"image\":{\"@id\":\"https:\/\/miaustore.com\/cz\/produkt\/cerna-fontana\/#primaryimage\"},\"thumbnailUrl\":\"https:\/\/miaustore.com\/cz\/wp-content\/uploads\/sites\/16\/2019\/03\/fontaine-noir.jpg\",\"datePublished\":\"2019-03-01T16:23:15+00:00\",\"dateModified\":\"2022-07-13T10:19:17+00:00\",\"description\":\"Le\",\"breadcrumb\":{\"@id\":\"https:\/\/miaustore.com\/cz\/produkt\/cerna-fontana\/#breadcrumb\"},\"inLanguage\":\"cs\",\"potentialAction\":[{\"@type\":\"ReadAction\",\"target\":[\"https:\/\/miaustore.com\/cz\/produkt\/cerna-fontana\/\"]}]},{\"@type\":\"ImageObject\",\"inLanguage\":\"cs\",\"@id\":\"https:\/\/miaustore.com\/cz\/produkt\/cerna-fontana\/#primaryimage\",\"url\":\"https:\/\/miaustore.com\/cz\/wp-content\/uploads\/sites\/16\/2019\/03\/fontaine-noir.jpg\",\"contentUrl\":\"https:\/\/miaustore.com\/cz\/wp-content\/uploads\/sites\/16\/2019\/03\/fontaine-noir.jpg\",\"width\":1215,\"height\":875},{\"@type\":\"BreadcrumbList\",\"@id\":\"https:\/\/miaustore.com\/cz\/produkt\/cerna-fontana\/#breadcrumb\",\"itemListElement\":[{\"@type\":\"ListItem\",\"position\":1,\"name\":\"Startseite\",\"item\":\"https:\/\/miaustore.com\/cz\/\"},{\"@type\":\"ListItem\",\"position\":2,\"name\":\"Produkty\",\"item\":\"https:\/\/miaustore.com\/cz\/shop\/\"},{\"@type\":\"ListItem\",\"position\":3,\"name\":\"\u010cern\u00e1 vodn\u00ed font\u00e1na pro ko\u010dky\"}]},{\"@type\":\"WebSite\",\"@id\":\"https:\/\/miaustore.com\/cz\/#website\",\"url\":\"https:\/\/miaustore.com\/cz\/\",\"name\":\"Miaustore Czech\",\"description\":\"Eine weitere My Sites Website\",\"potentialAction\":[{\"@type\":\"SearchAction\",\"target\":{\"@type\":\"EntryPoint\",\"urlTemplate\":\"https:\/\/miaustore.com\/cz\/?s={search_term_string}\"},\"query-input\":{\"@type\":\"PropertyValueSpecification\",\"valueRequired\":true,\"valueName\":\"search_term_string\"}}],\"inLanguage\":\"cs\"}]}<\/script>\n<!-- \/ Yoast SEO Premium plugin. -->","yoast_head_json":{"title":"\u010cern\u00e1 vodn\u00ed font\u00e1na pro ko\u010dky - Miaustore Czech","description":"Le","robots":{"index":"index","follow":"follow","max-snippet":"max-snippet:-1","max-image-preview":"max-image-preview:large","max-video-preview":"max-video-preview:-1"},"canonical":"https:\/\/miaustore.com\/cz\/produkt\/cerna-fontana\/","og_locale":"cs_CZ","og_type":"article","og_title":"\u010cern\u00e1 vodn\u00ed font\u00e1na pro ko\u010dky","og_description":"Le","og_url":"https:\/\/miaustore.com\/cz\/produkt\/cerna-fontana\/","og_site_name":"Miaustore Czech","article_modified_time":"2022-07-13T10:19:17+00:00","og_image":[{"width":1215,"height":875,"url":"https:\/\/miaustore.com\/cz\/wp-content\/uploads\/sites\/16\/2019\/03\/fontaine-noir.jpg","type":"image\/jpeg"}],"twitter_card":"summary_large_image","schema":{"@context":"https:\/\/schema.org","@graph":[{"@type":"WebPage","@id":"https:\/\/miaustore.com\/cz\/produkt\/cerna-fontana\/","url":"https:\/\/miaustore.com\/cz\/produkt\/cerna-fontana\/","name":"\u010cern\u00e1 vodn\u00ed font\u00e1na pro ko\u010dky - Miaustore Czech","isPartOf":{"@id":"https:\/\/miaustore.com\/cz\/#website"},"primaryImageOfPage":{"@id":"https:\/\/miaustore.com\/cz\/produkt\/cerna-fontana\/#primaryimage"},"image":{"@id":"https:\/\/miaustore.com\/cz\/produkt\/cerna-fontana\/#primaryimage"},"thumbnailUrl":"https:\/\/miaustore.com\/cz\/wp-content\/uploads\/sites\/16\/2019\/03\/fontaine-noir.jpg","datePublished":"2019-03-01T16:23:15+00:00","dateModified":"2022-07-13T10:19:17+00:00","description":"Le","breadcrumb":{"@id":"https:\/\/miaustore.com\/cz\/produkt\/cerna-fontana\/#breadcrumb"},"inLanguage":"cs","potentialAction":[{"@type":"ReadAction","target":["https:\/\/miaustore.com\/cz\/produkt\/cerna-fontana\/"]}]},{"@type":"ImageObject","inLanguage":"cs","@id":"https:\/\/miaustore.com\/cz\/produkt\/cerna-fontana\/#primaryimage","url":"https:\/\/miaustore.com\/cz\/wp-content\/uploads\/sites\/16\/2019\/03\/fontaine-noir.jpg","contentUrl":"https:\/\/miaustore.com\/cz\/wp-content\/uploads\/sites\/16\/2019\/03\/fontaine-noir.jpg","width":1215,"height":875},{"@type":"BreadcrumbList","@id":"https:\/\/miaustore.com\/cz\/produkt\/cerna-fontana\/#breadcrumb","itemListElement":[{"@type":"ListItem","position":1,"name":"Startseite","item":"https:\/\/miaustore.com\/cz\/"},{"@type":"ListItem","position":2,"name":"Produkty","item":"https:\/\/miaustore.com\/cz\/shop\/"},{"@type":"ListItem","position":3,"name":"\u010cern\u00e1 vodn\u00ed font\u00e1na pro ko\u010dky"}]},{"@type":"WebSite","@id":"https:\/\/miaustore.com\/cz\/#website","url":"https:\/\/miaustore.com\/cz\/","name":"Miaustore Czech","description":"Eine weitere My Sites Website","potentialAction":[{"@type":"SearchAction","target":{"@type":"EntryPoint","urlTemplate":"https:\/\/miaustore.com\/cz\/?s={search_term_string}"},"query-input":{"@type":"PropertyValueSpecification","valueRequired":true,"valueName":"search_term_string"}}],"inLanguage":"cs"}]}},"_links":{"self":[{"href":"https:\/\/miaustore.com\/cz\/wp-json\/wp\/v2\/product\/36","targetHints":{"allow":["GET"]}}],"collection":[{"href":"https:\/\/miaustore.com\/cz\/wp-json\/wp\/v2\/product"}],"about":[{"href":"https:\/\/miaustore.com\/cz\/wp-json\/wp\/v2\/types\/product"}],"wp:featuredmedia":[{"embeddable":true,"href":"https:\/\/miaustore.com\/cz\/wp-json\/wp\/v2\/media\/37"}],"wp:attachment":[{"href":"https:\/\/miaustore.com\/cz\/wp-json\/wp\/v2\/media?parent=36"}],"wp:term":[{"taxonomy":"product_brand","embeddable":true,"href":"https:\/\/miaustore.com\/cz\/wp-json\/wp\/v2\/product_brand?post=36"},{"taxonomy":"product_cat","embeddable":true,"href":"https:\/\/miaustore.com\/cz\/wp-json\/wp\/v2\/product_cat?post=36"},{"taxonomy":"product_tag","embeddable":true,"href":"https:\/\/miaustore.com\/cz\/wp-json\/wp\/v2\/product_tag?post=36"}],"curies":[{"name":"wp","href":"https:\/\/api.w.org\/{rel}","templated":true}]}}