{"id":114,"date":"2019-12-04T17:16:40","date_gmt":"2019-12-04T16:16:40","guid":{"rendered":"https:\/\/miaustore.com\/dk\/?page_id=114"},"modified":"2023-03-10T15:41:11","modified_gmt":"2023-03-10T14:41:11","slug":"contact-us","status":"publish","type":"page","link":"https:\/\/miaustore.com\/dk\/contact-us.html","title":{"rendered":"Kontakt os"},"content":{"rendered":"<h1>Kontakt os<\/h1>\r\n<br class=\"\u201cclear\u201d\" \/>T\u00f8v ikke med at kontakte os via<br class=\"\u201cclear\u201d\" \/><br class=\"\u201cclear\u201d\" \/>\r\n\r\n<strong>Kunde Service:<\/strong>\r\n\r\nsupport@miaustore.com<br class=\"\u201cclear\u201d\" \/><br class=\"\u201cclear\u201d\" \/>\r\n\r\n<strong>S\u00f8sterselskaber og butiksordre:<\/strong>\r\n\r\nbusiness@miaustore.com<br class=\"\u201cclear\u201d\" \/><br class=\"\u201cclear\u201d\" \/>\r\n\r\n<strong>Post:<\/strong>\r\n\r\nMiaustore EU Webshop Limited<br class=\"clear\" \/>Room 1902, Easey Commercial Building 253-261 Hennessy Road,<br class=\"clear\" \/>Wan Chai, Hong Kong<br class=\"\u201cclear\u201d\" \/><br class=\"clear\" \/><br class=\"clear\" \/><strong>Pumpe klage<\/strong><br class=\"clear\" \/>F\u00f8r du kontakter os om en pumpe klage, bedes du l\u00e6se f\u00f8lgende instruktioner &#8220;<a href=\"https:\/\/miaustore.com\/dk\/pumpepleje.html\">Miaustore pumpebrug og vedligeholdelse<\/a>&#8220;. Det meste af tiden, kilden til fejlen er i forkert h\u00e5ndtering af pumpens reng\u00f8ring og afkalkning. Dette kan f\u00e5 pumpen til at blokere og ikke fungere korrekt.\r\n\r\n<img decoding=\"async\" class=\"size-medium wp-image-14 aligncenter\" src=\"https:\/\/miaustore.com\/eu\/wp-content\/uploads\/sites\/20\/2018\/11\/miaustore-logo-300x109.png\" alt=\"\" width=\"300\" height=\"109\" \/>","protected":false},"excerpt":{"rendered":"<p>Kontakt os T\u00f8v ikke med at kontakte os via Kunde Service: support@miaustore.com S\u00f8sterselskaber og butiksordre: business@miaustore.com Post: Miaustore EU Webshop LimitedRoom 1902, Easey Commercial Building 253-261 Hennessy Road,Wan Chai, Hong KongPumpe klageF\u00f8r du kontakter os om en pumpe klage, bedes du l\u00e6se f\u00f8lgende instruktioner &#8220;Miaustore pumpebrug og vedligeholdelse&#8220;. Det meste af tiden, kilden til fejlen er i forkert h\u00e5ndtering af &#8230; <\/p>\n<div><a href=\"https:\/\/miaustore.com\/dk\/contact-us.html\" class=\"more-link\">Read More<\/a><\/div>\n","protected":false},"author":1,"featured_media":0,"parent":0,"menu_order":0,"comment_status":"closed","ping_status":"closed","template":"template-blank-1.php","meta":{"_glsr_average":0,"_glsr_ranking":0,"_glsr_reviews":0,"footnotes":""},"class_list":["post-114","page","type-page","status-publish","hentry","no-post-thumbnail"],"yoast_head":"<!-- This site is optimized with the Yoast SEO Premium plugin v26.7 (Yoast SEO v26.7) - https:\/\/yoast.com\/wordpress\/plugins\/seo\/ -->\n<title>Kontakt os - Miaustore Denmark<\/title>\n<meta name=\"robots\" content=\"index, follow, max-snippet:-1, max-image-preview:large, max-video-preview:-1\" \/>\n<link rel=\"canonical\" href=\"https:\/\/miaustore.com\/dk\/contact-us.html\" \/>\n<meta property=\"og:locale\" content=\"da_DK\" \/>\n<meta property=\"og:type\" content=\"article\" \/>\n<meta property=\"og:title\" content=\"Kontakt os\" \/>\n<meta property=\"og:description\" content=\"Kontakt os T\u00f8v ikke med at kontakte os via Kunde Service: support@miaustore.com S\u00f8sterselskaber og butiksordre: business@miaustore.com Post: Miaustore EU Webshop LimitedRoom 1902, Easey Commercial Building 253-261 Hennessy Road,Wan Chai, Hong KongPumpe klageF\u00f8r du kontakter os om en pumpe klage, bedes du l\u00e6se f\u00f8lgende instruktioner &#8220;Miaustore pumpebrug og vedligeholdelse&#8220;. Det meste af tiden, kilden til fejlen er i forkert h\u00e5ndtering af ... Read More\" \/>\n<meta property=\"og:url\" content=\"https:\/\/miaustore.com\/dk\/contact-us.html\" \/>\n<meta property=\"og:site_name\" content=\"Miaustore Denmark\" \/>\n<meta property=\"article:modified_time\" content=\"2023-03-10T14:41:11+00:00\" \/>\n<meta property=\"og:image\" content=\"https:\/\/miaustore.com\/eu\/wp-content\/uploads\/sites\/20\/2018\/11\/miaustore-logo-300x109.png\" \/>\n<meta name=\"twitter:card\" content=\"summary_large_image\" \/>\n<meta name=\"twitter:label1\" content=\"Estimeret l\u00e6setid\" \/>\n\t<meta name=\"twitter:data1\" content=\"1 minut\" \/>\n<script type=\"application\/ld+json\" class=\"yoast-schema-graph\">{\"@context\":\"https:\/\/schema.org\",\"@graph\":[{\"@type\":\"WebPage\",\"@id\":\"https:\/\/miaustore.com\/dk\/contact-us.html\",\"url\":\"https:\/\/miaustore.com\/dk\/contact-us.html\",\"name\":\"Kontakt os - Miaustore Denmark\",\"isPartOf\":{\"@id\":\"https:\/\/miaustore.com\/dk\/#website\"},\"primaryImageOfPage\":{\"@id\":\"https:\/\/miaustore.com\/dk\/contact-us.html#primaryimage\"},\"image\":{\"@id\":\"https:\/\/miaustore.com\/dk\/contact-us.html#primaryimage\"},\"thumbnailUrl\":\"https:\/\/miaustore.com\/eu\/wp-content\/uploads\/sites\/20\/2018\/11\/miaustore-logo-300x109.png\",\"datePublished\":\"2019-12-04T16:16:40+00:00\",\"dateModified\":\"2023-03-10T14:41:11+00:00\",\"breadcrumb\":{\"@id\":\"https:\/\/miaustore.com\/dk\/contact-us.html#breadcrumb\"},\"inLanguage\":\"da-DK\",\"potentialAction\":[{\"@type\":\"ReadAction\",\"target\":[\"https:\/\/miaustore.com\/dk\/contact-us.html\"]}]},{\"@type\":\"ImageObject\",\"inLanguage\":\"da-DK\",\"@id\":\"https:\/\/miaustore.com\/dk\/contact-us.html#primaryimage\",\"url\":\"https:\/\/miaustore.com\/eu\/wp-content\/uploads\/sites\/20\/2018\/11\/miaustore-logo-300x109.png\",\"contentUrl\":\"https:\/\/miaustore.com\/eu\/wp-content\/uploads\/sites\/20\/2018\/11\/miaustore-logo-300x109.png\"},{\"@type\":\"BreadcrumbList\",\"@id\":\"https:\/\/miaustore.com\/dk\/contact-us.html#breadcrumb\",\"itemListElement\":[{\"@type\":\"ListItem\",\"position\":1,\"name\":\"Startseite\",\"item\":\"https:\/\/miaustore.com\/dk\/\"},{\"@type\":\"ListItem\",\"position\":2,\"name\":\"Kontakt os\"}]},{\"@type\":\"WebSite\",\"@id\":\"https:\/\/miaustore.com\/dk\/#website\",\"url\":\"https:\/\/miaustore.com\/dk\/\",\"name\":\"Miaustore Denmark\",\"description\":\"\",\"potentialAction\":[{\"@type\":\"SearchAction\",\"target\":{\"@type\":\"EntryPoint\",\"urlTemplate\":\"https:\/\/miaustore.com\/dk\/?s={search_term_string}\"},\"query-input\":{\"@type\":\"PropertyValueSpecification\",\"valueRequired\":true,\"valueName\":\"search_term_string\"}}],\"inLanguage\":\"da-DK\"}]}<\/script>\n<!-- \/ Yoast SEO Premium plugin. -->","yoast_head_json":{"title":"Kontakt os - Miaustore Denmark","robots":{"index":"index","follow":"follow","max-snippet":"max-snippet:-1","max-image-preview":"max-image-preview:large","max-video-preview":"max-video-preview:-1"},"canonical":"https:\/\/miaustore.com\/dk\/contact-us.html","og_locale":"da_DK","og_type":"article","og_title":"Kontakt os","og_description":"Kontakt os T\u00f8v ikke med at kontakte os via Kunde Service: support@miaustore.com S\u00f8sterselskaber og butiksordre: business@miaustore.com Post: Miaustore EU Webshop LimitedRoom 1902, Easey Commercial Building 253-261 Hennessy Road,Wan Chai, Hong KongPumpe klageF\u00f8r du kontakter os om en pumpe klage, bedes du l\u00e6se f\u00f8lgende instruktioner &#8220;Miaustore pumpebrug og vedligeholdelse&#8220;. Det meste af tiden, kilden til fejlen er i forkert h\u00e5ndtering af ... Read More","og_url":"https:\/\/miaustore.com\/dk\/contact-us.html","og_site_name":"Miaustore Denmark","article_modified_time":"2023-03-10T14:41:11+00:00","og_image":[{"url":"https:\/\/miaustore.com\/eu\/wp-content\/uploads\/sites\/20\/2018\/11\/miaustore-logo-300x109.png","type":"","width":"","height":""}],"twitter_card":"summary_large_image","twitter_misc":{"Estimeret l\u00e6setid":"1 minut"},"schema":{"@context":"https:\/\/schema.org","@graph":[{"@type":"WebPage","@id":"https:\/\/miaustore.com\/dk\/contact-us.html","url":"https:\/\/miaustore.com\/dk\/contact-us.html","name":"Kontakt os - Miaustore Denmark","isPartOf":{"@id":"https:\/\/miaustore.com\/dk\/#website"},"primaryImageOfPage":{"@id":"https:\/\/miaustore.com\/dk\/contact-us.html#primaryimage"},"image":{"@id":"https:\/\/miaustore.com\/dk\/contact-us.html#primaryimage"},"thumbnailUrl":"https:\/\/miaustore.com\/eu\/wp-content\/uploads\/sites\/20\/2018\/11\/miaustore-logo-300x109.png","datePublished":"2019-12-04T16:16:40+00:00","dateModified":"2023-03-10T14:41:11+00:00","breadcrumb":{"@id":"https:\/\/miaustore.com\/dk\/contact-us.html#breadcrumb"},"inLanguage":"da-DK","potentialAction":[{"@type":"ReadAction","target":["https:\/\/miaustore.com\/dk\/contact-us.html"]}]},{"@type":"ImageObject","inLanguage":"da-DK","@id":"https:\/\/miaustore.com\/dk\/contact-us.html#primaryimage","url":"https:\/\/miaustore.com\/eu\/wp-content\/uploads\/sites\/20\/2018\/11\/miaustore-logo-300x109.png","contentUrl":"https:\/\/miaustore.com\/eu\/wp-content\/uploads\/sites\/20\/2018\/11\/miaustore-logo-300x109.png"},{"@type":"BreadcrumbList","@id":"https:\/\/miaustore.com\/dk\/contact-us.html#breadcrumb","itemListElement":[{"@type":"ListItem","position":1,"name":"Startseite","item":"https:\/\/miaustore.com\/dk\/"},{"@type":"ListItem","position":2,"name":"Kontakt os"}]},{"@type":"WebSite","@id":"https:\/\/miaustore.com\/dk\/#website","url":"https:\/\/miaustore.com\/dk\/","name":"Miaustore Denmark","description":"","potentialAction":[{"@type":"SearchAction","target":{"@type":"EntryPoint","urlTemplate":"https:\/\/miaustore.com\/dk\/?s={search_term_string}"},"query-input":{"@type":"PropertyValueSpecification","valueRequired":true,"valueName":"search_term_string"}}],"inLanguage":"da-DK"}]}},"_links":{"self":[{"href":"https:\/\/miaustore.com\/dk\/wp-json\/wp\/v2\/pages\/114","targetHints":{"allow":["GET"]}}],"collection":[{"href":"https:\/\/miaustore.com\/dk\/wp-json\/wp\/v2\/pages"}],"about":[{"href":"https:\/\/miaustore.com\/dk\/wp-json\/wp\/v2\/types\/page"}],"author":[{"embeddable":true,"href":"https:\/\/miaustore.com\/dk\/wp-json\/wp\/v2\/users\/1"}],"replies":[{"embeddable":true,"href":"https:\/\/miaustore.com\/dk\/wp-json\/wp\/v2\/comments?post=114"}],"version-history":[{"count":0,"href":"https:\/\/miaustore.com\/dk\/wp-json\/wp\/v2\/pages\/114\/revisions"}],"wp:attachment":[{"href":"https:\/\/miaustore.com\/dk\/wp-json\/wp\/v2\/media?parent=114"}],"curies":[{"name":"wp","href":"https:\/\/api.w.org\/{rel}","templated":true}]}}