{"id":116,"date":"2019-12-04T17:17:49","date_gmt":"2019-12-04T16:17:49","guid":{"rendered":"https:\/\/miaustore.com\/dk\/?page_id=116"},"modified":"2023-06-02T11:51:34","modified_gmt":"2023-06-02T09:51:34","slug":"about-us","status":"publish","type":"page","link":"https:\/\/miaustore.com\/dk\/about-us.html","title":{"rendered":"Om os"},"content":{"rendered":"\t\t<div data-elementor-type=\"wp-page\" data-elementor-id=\"116\" class=\"elementor elementor-116\" data-elementor-post-type=\"page\">\n\t\t\t\t\t\t<section class=\"elementor-section elementor-top-section elementor-element elementor-element-b380872 elementor-section-boxed elementor-section-height-default elementor-section-height-default\" data-id=\"b380872\" data-element_type=\"section\">\n\t\t\t\t\t\t<div class=\"elementor-container elementor-column-gap-default\">\n\t\t\t\t\t<div class=\"elementor-column elementor-col-100 elementor-top-column elementor-element elementor-element-39796bb\" data-id=\"39796bb\" data-element_type=\"column\">\n\t\t\t<div class=\"elementor-widget-wrap elementor-element-populated\">\n\t\t\t\t\t\t<div class=\"elementor-element elementor-element-9dd4c02 elementor-widget elementor-widget-text-editor\" data-id=\"9dd4c02\" data-element_type=\"widget\" data-widget_type=\"text-editor.default\">\n\t\t\t\t<div class=\"elementor-widget-container\">\n\t\t\t\t\t\t\t\t\t<h1>Vores virksomhed<\/h1>\n<p>Kreative, innovative katteprodukter til at forbedre dit k\u00e6ledyrs sundhed og livskvalitet.<br><br>Hos Miaustore tror vi p\u00e5 at forbedre livet for katte og deres ejere gennem velunders\u00f8gte, h\u00e5ndlavede katteprodukter.<br><br>Vores vigtigste produkt er kattefont\u00e6nen, hovedsagelig lavet af dig, kunderne! Gennem markedsunders\u00f8gelser, kundeanmeldelser og med hj\u00e6lp fra ingeni\u00f8rer fra hele verden, var vi i stand til at skabe et kattefont\u00e6ne, der ikke har nogen af konkurrenternes problemer s\u00e5som en st\u00f8jende pumpe osv. og samtidig bevare alle fordelene af springvandene.<br><br>Vores m\u00e5l er konstant at lytte til katte og ejere og tilbyde dem de produkter, de \u00f8nsker, af den bedst mulige kvalitet til den bedste pris.<br><\/p>\n<h2>Ejerinformation<\/h2>\n<p><br><\/p>\n<p><strong>Virksomhedsejer (UBO):<\/strong>&nbsp;Chen Yongju<br><strong>Virksomhedsnavn:<\/strong>&nbsp;Miaustore EU Webshop Limited<br><strong>Virksomhedsadresse<\/strong>: V\u00e6relse 1902, Easey Commercial Building, 253-261 Hennessy Road, Wan Chai, Hong Kong<br><strong>Virksomhedslicensnummer:<\/strong>&nbsp;3220155<br><strong>E-mail:&nbsp;<\/strong>support@miaustore.com<br><strong>Tlf.:<\/strong>&nbsp;(+852) 57481890 (kun tekst)<\/p>\n<h2>Returpolitik<\/h2>\n<p>Siden den 1. november 2018 har Miaustore tilbudt sine kunder 1 \u00e5rs acceptgaranti. Hvis springvandet ikke bliver accepteret af katten, eller hvis et af l\u00f8fterne fra Miaustore ikke bliver opfyldt (nem reng\u00f8ring, h\u00f8j kvalitet, let genopfyldning, sikkerhed osv.), kan k\u00f8ber returnere springvandet inden for 1-\u00e5rs perioden og modtage tilbagebetaling af k\u00f8besummen betalt for springvandet. Springvandet skal v\u00e6re i intakt stand for at g\u00f8re krav p\u00e5 1 \u00e5rs garanti.<br><br>Undlad venligst at returnere andre produkter end kattefont\u00e6nen. Hvis du returnerer flere produkter, kan vi ikke tage h\u00f8jde for dem, og du skal muligvis betale de fulde returneringsomkostninger, hvis du \u00f8nsker at f\u00e5 dine produkter returneret. Vi beder om din forst\u00e5else for, at vi ikke kan refundere personlige produkter som f.eks. gravering.<br><br>Alle ikke-font\u00e6neprodukter kan returneres inden for 14 dage.<br><br>Du afholder de direkte omkostninger ved returnering af varerne. Kontakt os venligst, f\u00f8r du returnerer varerne.<br><\/p>\n<h5 style=\"text-align: center;\"><strong>Brandvandet skal returneres til f\u00f8lgende adresse:<\/strong><\/h5>\n<p style=\"text-align: center;\">Miaustore.com<\/p>\n<p><br><\/p>\n<p style=\"text-align: center;\">isklad e-fulfillment Dia\u013eni\u010dn\u00e1 cesta 5, Hala D, gate 35 90301 Senec Slovakia<\/p>\n<p>,<\/p>\t\t\t\t\t\t\t\t<\/div>\n\t\t\t\t<\/div>\n\t\t\t\t\t<\/div>\n\t\t<\/div>\n\t\t\t\t\t<\/div>\n\t\t<\/section>\n\t\t\t\t<\/div>\n\t\t","protected":false},"excerpt":{"rendered":"<p>Vores virksomhed Kreative, innovative katteprodukter til at forbedre dit k\u00e6ledyrs sundhed og livskvalitet.Hos Miaustore tror vi p\u00e5 at forbedre livet for katte og deres ejere gennem velunders\u00f8gte, h\u00e5ndlavede katteprodukter.Vores vigtigste produkt er kattefont\u00e6nen, hovedsagelig lavet af dig, kunderne! Gennem markedsunders\u00f8gelser, kundeanmeldelser og med hj\u00e6lp fra ingeni\u00f8rer fra hele verden, var vi i stand til at skabe et kattefont\u00e6ne, der ikke &#8230; <\/p>\n<div><a href=\"https:\/\/miaustore.com\/dk\/about-us.html\" class=\"more-link\">Read More<\/a><\/div>\n","protected":false},"author":1,"featured_media":0,"parent":0,"menu_order":0,"comment_status":"closed","ping_status":"closed","template":"elementor_header_footer","meta":{"_glsr_average":0,"_glsr_ranking":0,"_glsr_reviews":0,"footnotes":""},"class_list":["post-116","page","type-page","status-publish","hentry","no-post-thumbnail"],"yoast_head":"<!-- This site is optimized with the Yoast SEO Premium plugin v26.7 (Yoast SEO v26.7) - https:\/\/yoast.com\/wordpress\/plugins\/seo\/ -->\n<title>Om os - Miaustore Denmark<\/title>\n<meta name=\"robots\" content=\"index, follow, max-snippet:-1, max-image-preview:large, max-video-preview:-1\" \/>\n<link rel=\"canonical\" href=\"https:\/\/miaustore.com\/dk\/about-us.html\" \/>\n<meta property=\"og:locale\" content=\"da_DK\" \/>\n<meta property=\"og:type\" content=\"article\" \/>\n<meta property=\"og:title\" content=\"Om os\" \/>\n<meta property=\"og:description\" content=\"Vores virksomhed Kreative, innovative katteprodukter til at forbedre dit k\u00e6ledyrs sundhed og livskvalitet.Hos Miaustore tror vi p\u00e5 at forbedre livet for katte og deres ejere gennem velunders\u00f8gte, h\u00e5ndlavede katteprodukter.Vores vigtigste produkt er kattefont\u00e6nen, hovedsagelig lavet af dig, kunderne! Gennem markedsunders\u00f8gelser, kundeanmeldelser og med hj\u00e6lp fra ingeni\u00f8rer fra hele verden, var vi i stand til at skabe et kattefont\u00e6ne, der ikke ... Read More\" \/>\n<meta property=\"og:url\" content=\"https:\/\/miaustore.com\/dk\/about-us.html\" \/>\n<meta property=\"og:site_name\" content=\"Miaustore Denmark\" \/>\n<meta property=\"article:modified_time\" content=\"2023-06-02T09:51:34+00:00\" \/>\n<meta name=\"twitter:card\" content=\"summary_large_image\" \/>\n<meta name=\"twitter:label1\" content=\"Estimeret l\u00e6setid\" \/>\n\t<meta name=\"twitter:data1\" content=\"2 minutter\" \/>\n<script type=\"application\/ld+json\" class=\"yoast-schema-graph\">{\"@context\":\"https:\/\/schema.org\",\"@graph\":[{\"@type\":\"WebPage\",\"@id\":\"https:\/\/miaustore.com\/dk\/about-us.html\",\"url\":\"https:\/\/miaustore.com\/dk\/about-us.html\",\"name\":\"Om os - Miaustore Denmark\",\"isPartOf\":{\"@id\":\"https:\/\/miaustore.com\/dk\/#website\"},\"datePublished\":\"2019-12-04T16:17:49+00:00\",\"dateModified\":\"2023-06-02T09:51:34+00:00\",\"breadcrumb\":{\"@id\":\"https:\/\/miaustore.com\/dk\/about-us.html#breadcrumb\"},\"inLanguage\":\"da-DK\",\"potentialAction\":[{\"@type\":\"ReadAction\",\"target\":[\"https:\/\/miaustore.com\/dk\/about-us.html\"]}]},{\"@type\":\"BreadcrumbList\",\"@id\":\"https:\/\/miaustore.com\/dk\/about-us.html#breadcrumb\",\"itemListElement\":[{\"@type\":\"ListItem\",\"position\":1,\"name\":\"Startseite\",\"item\":\"https:\/\/miaustore.com\/dk\/\"},{\"@type\":\"ListItem\",\"position\":2,\"name\":\"Om os\"}]},{\"@type\":\"WebSite\",\"@id\":\"https:\/\/miaustore.com\/dk\/#website\",\"url\":\"https:\/\/miaustore.com\/dk\/\",\"name\":\"Miaustore Denmark\",\"description\":\"\",\"potentialAction\":[{\"@type\":\"SearchAction\",\"target\":{\"@type\":\"EntryPoint\",\"urlTemplate\":\"https:\/\/miaustore.com\/dk\/?s={search_term_string}\"},\"query-input\":{\"@type\":\"PropertyValueSpecification\",\"valueRequired\":true,\"valueName\":\"search_term_string\"}}],\"inLanguage\":\"da-DK\"}]}<\/script>\n<!-- \/ Yoast SEO Premium plugin. -->","yoast_head_json":{"title":"Om os - Miaustore Denmark","robots":{"index":"index","follow":"follow","max-snippet":"max-snippet:-1","max-image-preview":"max-image-preview:large","max-video-preview":"max-video-preview:-1"},"canonical":"https:\/\/miaustore.com\/dk\/about-us.html","og_locale":"da_DK","og_type":"article","og_title":"Om os","og_description":"Vores virksomhed Kreative, innovative katteprodukter til at forbedre dit k\u00e6ledyrs sundhed og livskvalitet.Hos Miaustore tror vi p\u00e5 at forbedre livet for katte og deres ejere gennem velunders\u00f8gte, h\u00e5ndlavede katteprodukter.Vores vigtigste produkt er kattefont\u00e6nen, hovedsagelig lavet af dig, kunderne! Gennem markedsunders\u00f8gelser, kundeanmeldelser og med hj\u00e6lp fra ingeni\u00f8rer fra hele verden, var vi i stand til at skabe et kattefont\u00e6ne, der ikke ... Read More","og_url":"https:\/\/miaustore.com\/dk\/about-us.html","og_site_name":"Miaustore Denmark","article_modified_time":"2023-06-02T09:51:34+00:00","twitter_card":"summary_large_image","twitter_misc":{"Estimeret l\u00e6setid":"2 minutter"},"schema":{"@context":"https:\/\/schema.org","@graph":[{"@type":"WebPage","@id":"https:\/\/miaustore.com\/dk\/about-us.html","url":"https:\/\/miaustore.com\/dk\/about-us.html","name":"Om os - Miaustore Denmark","isPartOf":{"@id":"https:\/\/miaustore.com\/dk\/#website"},"datePublished":"2019-12-04T16:17:49+00:00","dateModified":"2023-06-02T09:51:34+00:00","breadcrumb":{"@id":"https:\/\/miaustore.com\/dk\/about-us.html#breadcrumb"},"inLanguage":"da-DK","potentialAction":[{"@type":"ReadAction","target":["https:\/\/miaustore.com\/dk\/about-us.html"]}]},{"@type":"BreadcrumbList","@id":"https:\/\/miaustore.com\/dk\/about-us.html#breadcrumb","itemListElement":[{"@type":"ListItem","position":1,"name":"Startseite","item":"https:\/\/miaustore.com\/dk\/"},{"@type":"ListItem","position":2,"name":"Om os"}]},{"@type":"WebSite","@id":"https:\/\/miaustore.com\/dk\/#website","url":"https:\/\/miaustore.com\/dk\/","name":"Miaustore Denmark","description":"","potentialAction":[{"@type":"SearchAction","target":{"@type":"EntryPoint","urlTemplate":"https:\/\/miaustore.com\/dk\/?s={search_term_string}"},"query-input":{"@type":"PropertyValueSpecification","valueRequired":true,"valueName":"search_term_string"}}],"inLanguage":"da-DK"}]}},"_links":{"self":[{"href":"https:\/\/miaustore.com\/dk\/wp-json\/wp\/v2\/pages\/116","targetHints":{"allow":["GET"]}}],"collection":[{"href":"https:\/\/miaustore.com\/dk\/wp-json\/wp\/v2\/pages"}],"about":[{"href":"https:\/\/miaustore.com\/dk\/wp-json\/wp\/v2\/types\/page"}],"author":[{"embeddable":true,"href":"https:\/\/miaustore.com\/dk\/wp-json\/wp\/v2\/users\/1"}],"replies":[{"embeddable":true,"href":"https:\/\/miaustore.com\/dk\/wp-json\/wp\/v2\/comments?post=116"}],"version-history":[{"count":0,"href":"https:\/\/miaustore.com\/dk\/wp-json\/wp\/v2\/pages\/116\/revisions"}],"wp:attachment":[{"href":"https:\/\/miaustore.com\/dk\/wp-json\/wp\/v2\/media?parent=116"}],"curies":[{"name":"wp","href":"https:\/\/api.w.org\/{rel}","templated":true}]}}