{"id":123,"date":"2019-12-05T12:01:44","date_gmt":"2019-12-05T11:01:44","guid":{"rendered":"https:\/\/miaustore.com\/dk\/?page_id=123"},"modified":"2024-09-12T16:39:46","modified_gmt":"2024-09-12T14:39:46","slug":"terms-and-conditions","status":"publish","type":"page","link":"https:\/\/miaustore.com\/dk\/terms-and-conditions.html","title":{"rendered":"Betingelser og vilk\u00e5r"},"content":{"rendered":"<h1>Betingelser og vilk\u00e5r for\u00a0<a href=\"https:\/\/miaustore.com\/dk\/\">Miaustore<\/a><\/h1>\r\nP\u00e5 denne side vil du finde de generelle betingelser for https:\/\/www.miaustore.com\/dk, som stilles til r\u00e5dighed af den lovlige forretning af Miaustore EU Webshop Limited der handler som Miaustore. Under disse generelle betingelser erkl\u00e6rer vi herved oplysningerne p\u00e5 vores hjemmeside til dig.\r\n<h2><strong>Intellektuel ejendomsret<\/strong><\/h2>\r\nBrug af informationer p\u00e5 denne hjemmeside er gratis, s\u00e5 l\u00e6nge du ikke kopirer, distribuerer eller p\u00e5 en anden m\u00e5de misbruger disse oplysninger.\u00a0Du m\u00e5 kun bruge informationerne p\u00e5 dette websted igen i henhold til de obligatoriske lovbestemmelser.\r\n\r\nUden den udtrykkelige skriftlige tilladelse fra Miaustore er det ikke tilladt at genbruge tekst, fotomateriale eller andet materiale p\u00e5 dette websted. Den intellektuelle ejendom tilh\u00f8rer Miaustore.\r\n\r\nHvis relevant:\r\n<p id=\"tw-target-text\" dir=\"ltr\">For priserne p\u00e5 vores hjemmeside str\u00e6ber vi efter den mest n\u00f8jagtige repr\u00e6sentation af virkeligheden og de tilsigtede priser. Fejl, der opst\u00e5r og kan tilskrives programmerings- eller skrivefejl, udg\u00f8r aldrig en grund til at kr\u00e6ve eller aftale med Miaustore.<\/p>\r\n<p id=\"tw-target-text\" dir=\"ltr\">Miaustore str\u00e6ber efter et websted, der er s\u00e5 aktuelt som muligt. Hvis informationen eller indholdet p\u00e5 dette websted er ufuldst\u00e6ndig og \/ eller ukorrekt i denne indsats, kan vi ikke p\u00e5tage os noget ansvar for dette.<\/p>\r\n<p id=\"tw-target-text\" dir=\"ltr\">Oplysningerne og \/ eller produkterne p\u00e5 dette websted tilbydes uden nogen form for garanti og \/ eller krav p\u00e5 rigtighed. Vi forbeholder os ret til at \u00e6ndre, fjerne eller geninstallere disse materialer uden forudg\u00e5ende varsel. Miaustore p\u00e5tager sig intet ansvar for nogen information indeholdt i hyperlinks.<\/p>\r\nFarvestoffarvepigmenterne blandes for h\u00e5nd i farve kan opst\u00e5 p\u00e5 vores hjemmeside-foto. Vi giver ikke refusion, hvis anmodningen skyldes forskelle i farve.\r\n<h2><strong>S\u00e6rtilbud og rabatter<\/strong><\/h2>\r\nS\u00e6rtilbud og kampagner er tidsbegr\u00e6nsede og g\u00e6lder kun de produkter, der er n\u00e6vnt i det respektive tilbud. Rabatter kan ikke overdrages og kan ikke ombyttes til kontanter. Det er ikke muligt at kombinere flere tilbud, rabatter eller kuponer, medmindre det udtrykkeligt er angivet. Hver kampagne kan kun bruges \u00e9n gang pr. kunde. I tilf\u00e6lde af misforst\u00e5elser eller problemer med anvendelsen af rabatter forbeholder vi os retten til at annullere eller \u00e6ndre rabatten.\r\n<h2>\u00c6ndringer<\/h2>\r\n<p id=\"tw-target-text\" dir=\"ltr\">Hvis disse generelle betingelser \u00e6ndres, finder du den seneste version af ansvarsfraskrivelsen p\u00e5 https:\/\/www.miaustore.com\/dk p\u00e5 denne side.<\/p>\r\n\r\n<h2>Returpolitik<\/h2>\r\nSend ikke din ordre (retur) tilbage til producenten.\r\n<h3>14 dages retur ret<\/h3>\r\nI henhold til EU-lovgivningen har enhver kunde ret til at annullere enhver ordre inden for 14 dage efter modtagelse af hvilket som helst produkt.\r\n<p id=\"tw-target-text\" dir=\"ltr\">For at v\u00e6re berettiget til returnering skal dit objekt v\u00e6re i samme stand, som du modtog det og med den originale emballage.<\/p>\r\nFor at retunere dit produkt, venligst kontakt os via support@miaustore.com\r\n\r\nDu er ansvarlig for leverings\/returomkostningerne.\r\n<p style=\"text-align: center;\"><strong>\u00a0<\/strong><\/p>\r\n<p style=\"text-align: center;\">I tilf\u00e6lde af returforsendelse skal din ordre til<\/p>\r\n<p style=\"text-align: center;\"><b data-stringify-type=\"bold\">isklad 233017 \/ Miaustore EU Webshop Limited<\/b><\/p>\r\n<p style=\"text-align: center;\"><b data-stringify-type=\"bold\">Dia\u013eni\u010dn\u00e1 cesta 5, Hala D, gate 35<\/b><\/p>\r\n<p style=\"text-align: center;\"><b data-stringify-type=\"bold\">90301 Senec<\/b><\/p>\r\n<p style=\"text-align: center;\"><b data-stringify-type=\"bold\">Slovakia<\/b><\/p>\r\n<p style=\"text-align: center;\">(<a href=\"tel:+421948799408\" target=\"_blank\" rel=\"noopener noreferrer\" data-stringify-link=\"tel:+421948799408\" data-sk=\"tooltip_parent\">+421 948 799 408<\/a>)<\/p>\r\n\r\n<h3>1 \u00e5rs pengene tilbage-garanti<\/h3>\r\n<p style=\"text-align: left;\">Du kan sende kattespringvandet tilbage indenfor 1 \u00e5r, hvis din kat ikke drikker af det eller du p\u00e5 en anden m\u00e5de er utilfreds\u00a0og f\u00e5 din springvandpris tilbage.<\/p>\r\n<p style=\"text-align: left;\">Din vare skal v\u00e6re i samme stand, som du modtog den og med den originale emballage.<\/p>\r\n<p style=\"text-align: left;\">For at retunere dit produkt, venligst kontakt os via support@miaustore.com<\/p>\r\nKunden d\u00e6kker forsendelsesomkostningerne.\r\n\r\nAfst\u00e5 fra at indsende andre produkter end kilden. Hvis du returnerer andre produkter, kan vi ikke tage dem i betragtning, og du bliver muligvis n\u00f8dt til at betale de fulde returomkostninger, hvis du vil have disse produkter tilbage til dig.\r\n<p style=\"text-align: center;\"><strong>\u00a0<\/strong><\/p>\r\n<p style=\"text-align: center;\">I tilf\u00e6lde af returforsendelse skal din ordre til<\/p>\r\n<p style=\"text-align: center;\"><b data-stringify-type=\"bold\">isklad 233017 \/ Miaustore EU Webshop Limited<\/b><\/p>\r\n<p style=\"text-align: center;\"><b data-stringify-type=\"bold\">Dia\u013eni\u010dn\u00e1 cesta 5, Hala D, gate 35<\/b><\/p>\r\n<p style=\"text-align: center;\"><b data-stringify-type=\"bold\">90301 Senec<\/b><\/p>\r\n<p style=\"text-align: center;\"><b data-stringify-type=\"bold\">Slovakia<\/b><\/p>\r\n<p style=\"text-align: center;\">(<a href=\"tel:+421948799408\" target=\"_blank\" rel=\"noopener noreferrer\" data-stringify-link=\"tel:+421948799408\" data-sk=\"tooltip_parent\">+421 948 799 408<\/a>)<\/p>\r\nOverf\u00f8rsel af garantien om accept til tredjemand er udelukket.\r\n\r\n* 2-\u00e5rs garantien d\u00e6kker beskadigede dele af pumpen ved at vise et foto af den \u00f8delagte del. Hvis en del g\u00e5r tabt eller kastes, er det stadig muligt at k\u00f8be reservedele til pumpen p\u00e5 webstedet.\r\n<h3><\/h3>\r\n<h3>10 \u00e5rs garanti<\/h3>\r\nDu kan k\u00f8be den udvidede garanti p\u00e5 10 (ti) \u00e5r med springvandet.\r\n\r\n10 \u00e5rs garantien kan k\u00f8bes op til to uger efter du har k\u00f8bt springvandet.\r\n\r\n10 \u00e5rs garantien g\u00e6lder kun for et springvand. Dette betragtes som det f\u00f8rste (kvalificerede) springvand du har k\u00f8bt, medmindre du beskriver hvorfor ikke i en email.\r\n\r\nFra k\u00f8bsdagen d\u00e6kker denne garanti gratis levering til dig, herunder f\u00f8lgende:\r\n&#8211; En kattevandskilde\r\n&#8211; Hvis du har mere end en springvand, skal du k\u00f8be separate 10 \u00e5rs garantier\r\n&#8211; Vandpumpe\r\n&#8211; Plastplade, silikone-forbindelsesr\u00f8r og pumpestik\r\n&#8211; USB-adapter\r\n\r\nGarantien g\u00e6lder ikke for:\r\n&#8211; Keramiske brud efter 6 m\u00e5neder (samt ingen erstatning for keramiske brud, der ikke begr\u00e6nser brugen af \u200b\u200bbr\u00f8nden, f.eks. Flishugning, beskadigelse af keramikken, s\u00e5kaldte pletter)\r\n&#8211; Uagtsom eller bevidst skade p\u00e5:\r\nSpringvand, vandpumpe, plastikplade, silikone tilslutningsr\u00f8r og pumpestik, USB-adapter\r\n&#8211; Yderligere produkter, du har k\u00f8bt fra Miaustore.com\r\n&#8211; Lovbestemte garantier\r\n&#8211; Farveskift p\u00e5 grund af kalkaflejringer\r\n&#8211; Vi udskifter ikke pumper, der ikke \u00e5bnes og serviceres i overensstemmelse med vores reng\u00f8ringsinstruktioner for pumpe\r\n&#8211; Graveret keramik. Hvis du vil have indgraveret din base igen, skal du betale ekstra\r\n\r\nEn overdragelse af den 10-\u00e5rige garanti til tredjemand er udelukket.\r\n\r\nBrug af filtreret vand kan hj\u00e6lpe med at opretholde pumpen for maksimal effektivitet. Ufiltreret, kalkholdigt vand kan beskadige pumpemotoren og begr\u00e6nse \u00e5rs brug.\r\n<h2>S\u00e6rlige kendetegn ved h\u00e5ndlavede produkter<\/h2>\r\nVore h\u00e5ndlavede produkter, is\u00e6r keramiske og glaserede genstande, kendetegnes ved deres unikke h\u00e5ndv\u00e6rk og individuelle produktion. Derfor kan der opst\u00e5 sm\u00e5 variationer i farve, form, st\u00f8rrelse og tekstur, som er en naturlig del af produktionsprocessen. S\u00e5danne produktionsrelaterede uregelm\u00e6ssigheder, s\u00e5som sm\u00e5 fejl, farveforskelle eller mindre luftbobler i glasuren, betragtes ikke som defekter, men fremh\u00e6ver i stedet produktets unikke karakter.\r\nDisse variationer er ikke grundlag for reklamation, s\u00e5 l\u00e6nge de ikke p\u00e5virker produktets funktionalitet og er inden for branchens standardtolerancer.\r\n<h2>Kalkskalvand beskadiger pumpen<\/h2>\r\nKorrekt pleje og reng\u00f8ring kan forhindre dette. Ledningsvand er kalkholdigt. Nogle zoner er mindre udsatte, andre er mere belastet med kalk. Hvis du bruger h\u00e5rdt vand til at starte springvandet, stopper pumpen f\u00f8r eller senere med at arbejde, fordi mellemrummet mellem pumpen og rotoren er forkalket. P\u00e5 dette tidspunkt anbefaler vi udtrykkeligt brug af stille vand fra flasken eller i det mindste filtrering af ledningsvand p\u00e5 forh\u00e5nd.\r\nDu kan bruge eddike eller citron til at reng\u00f8re pumpen og fjerne kalk og andre mineraler. Hvis pumpen er stoppet med at fungere, hj\u00e6lper <a href=\"https:\/\/miaustore.com\/dk\/pumpepleje.html\">disse tip<\/a> med at f\u00e5 pumpen til at k\u00f8re igen (ved sorte pumper bedes du kontakte support@miaustore.com for yderligere tip).","protected":false},"excerpt":{"rendered":"<p>Betingelser og vilk\u00e5r for\u00a0Miaustore P\u00e5 denne side vil du finde de generelle betingelser for https:\/\/www.miaustore.com\/dk, som stilles til r\u00e5dighed af den lovlige forretning af Miaustore EU Webshop Limited der handler som Miaustore. Under disse generelle betingelser erkl\u00e6rer vi herved oplysningerne p\u00e5 vores hjemmeside til dig. Intellektuel ejendomsret Brug af informationer p\u00e5 denne hjemmeside er gratis, s\u00e5 l\u00e6nge du ikke kopirer, &#8230; <\/p>\n<div><a href=\"https:\/\/miaustore.com\/dk\/terms-and-conditions.html\" class=\"more-link\">Read More<\/a><\/div>\n","protected":false},"author":1,"featured_media":0,"parent":0,"menu_order":0,"comment_status":"closed","ping_status":"closed","template":"","meta":{"_glsr_average":0,"_glsr_ranking":0,"_glsr_reviews":0,"footnotes":""},"class_list":["post-123","page","type-page","status-publish","hentry","no-post-thumbnail"],"yoast_head":"<!-- This site is optimized with the Yoast SEO Premium plugin v26.7 (Yoast SEO v26.7) - https:\/\/yoast.com\/wordpress\/plugins\/seo\/ -->\n<title>Betingelser og vilk\u00e5r - Miaustore Denmark<\/title>\n<meta name=\"robots\" content=\"index, follow, max-snippet:-1, max-image-preview:large, max-video-preview:-1\" \/>\n<link rel=\"canonical\" href=\"https:\/\/miaustore.com\/dk\/terms-and-conditions.html\" \/>\n<meta property=\"og:locale\" content=\"da_DK\" \/>\n<meta property=\"og:type\" content=\"article\" \/>\n<meta property=\"og:title\" content=\"Betingelser og vilk\u00e5r\" \/>\n<meta property=\"og:description\" content=\"Betingelser og vilk\u00e5r for\u00a0Miaustore P\u00e5 denne side vil du finde de generelle betingelser for https:\/\/www.miaustore.com\/dk, som stilles til r\u00e5dighed af den lovlige forretning af Miaustore EU Webshop Limited der handler som Miaustore. Under disse generelle betingelser erkl\u00e6rer vi herved oplysningerne p\u00e5 vores hjemmeside til dig. Intellektuel ejendomsret Brug af informationer p\u00e5 denne hjemmeside er gratis, s\u00e5 l\u00e6nge du ikke kopirer, ... Read More\" \/>\n<meta property=\"og:url\" content=\"https:\/\/miaustore.com\/dk\/terms-and-conditions.html\" \/>\n<meta property=\"og:site_name\" content=\"Miaustore Denmark\" \/>\n<meta property=\"article:modified_time\" content=\"2024-09-12T14:39:46+00:00\" \/>\n<meta name=\"twitter:card\" content=\"summary_large_image\" \/>\n<meta name=\"twitter:label1\" content=\"Estimeret l\u00e6setid\" \/>\n\t<meta name=\"twitter:data1\" content=\"5 minutter\" \/>\n<script type=\"application\/ld+json\" class=\"yoast-schema-graph\">{\"@context\":\"https:\/\/schema.org\",\"@graph\":[{\"@type\":\"WebPage\",\"@id\":\"https:\/\/miaustore.com\/dk\/terms-and-conditions.html\",\"url\":\"https:\/\/miaustore.com\/dk\/terms-and-conditions.html\",\"name\":\"Betingelser og vilk\u00e5r - Miaustore Denmark\",\"isPartOf\":{\"@id\":\"https:\/\/miaustore.com\/dk\/#website\"},\"datePublished\":\"2019-12-05T11:01:44+00:00\",\"dateModified\":\"2024-09-12T14:39:46+00:00\",\"breadcrumb\":{\"@id\":\"https:\/\/miaustore.com\/dk\/terms-and-conditions.html#breadcrumb\"},\"inLanguage\":\"da-DK\",\"potentialAction\":[{\"@type\":\"ReadAction\",\"target\":[\"https:\/\/miaustore.com\/dk\/terms-and-conditions.html\"]}]},{\"@type\":\"BreadcrumbList\",\"@id\":\"https:\/\/miaustore.com\/dk\/terms-and-conditions.html#breadcrumb\",\"itemListElement\":[{\"@type\":\"ListItem\",\"position\":1,\"name\":\"Startseite\",\"item\":\"https:\/\/miaustore.com\/dk\/\"},{\"@type\":\"ListItem\",\"position\":2,\"name\":\"Betingelser og vilk\u00e5r\"}]},{\"@type\":\"WebSite\",\"@id\":\"https:\/\/miaustore.com\/dk\/#website\",\"url\":\"https:\/\/miaustore.com\/dk\/\",\"name\":\"Miaustore Denmark\",\"description\":\"\",\"potentialAction\":[{\"@type\":\"SearchAction\",\"target\":{\"@type\":\"EntryPoint\",\"urlTemplate\":\"https:\/\/miaustore.com\/dk\/?s={search_term_string}\"},\"query-input\":{\"@type\":\"PropertyValueSpecification\",\"valueRequired\":true,\"valueName\":\"search_term_string\"}}],\"inLanguage\":\"da-DK\"}]}<\/script>\n<!-- \/ Yoast SEO Premium plugin. -->","yoast_head_json":{"title":"Betingelser og vilk\u00e5r - Miaustore Denmark","robots":{"index":"index","follow":"follow","max-snippet":"max-snippet:-1","max-image-preview":"max-image-preview:large","max-video-preview":"max-video-preview:-1"},"canonical":"https:\/\/miaustore.com\/dk\/terms-and-conditions.html","og_locale":"da_DK","og_type":"article","og_title":"Betingelser og vilk\u00e5r","og_description":"Betingelser og vilk\u00e5r for\u00a0Miaustore P\u00e5 denne side vil du finde de generelle betingelser for https:\/\/www.miaustore.com\/dk, som stilles til r\u00e5dighed af den lovlige forretning af Miaustore EU Webshop Limited der handler som Miaustore. Under disse generelle betingelser erkl\u00e6rer vi herved oplysningerne p\u00e5 vores hjemmeside til dig. Intellektuel ejendomsret Brug af informationer p\u00e5 denne hjemmeside er gratis, s\u00e5 l\u00e6nge du ikke kopirer, ... Read More","og_url":"https:\/\/miaustore.com\/dk\/terms-and-conditions.html","og_site_name":"Miaustore Denmark","article_modified_time":"2024-09-12T14:39:46+00:00","twitter_card":"summary_large_image","twitter_misc":{"Estimeret l\u00e6setid":"5 minutter"},"schema":{"@context":"https:\/\/schema.org","@graph":[{"@type":"WebPage","@id":"https:\/\/miaustore.com\/dk\/terms-and-conditions.html","url":"https:\/\/miaustore.com\/dk\/terms-and-conditions.html","name":"Betingelser og vilk\u00e5r - Miaustore Denmark","isPartOf":{"@id":"https:\/\/miaustore.com\/dk\/#website"},"datePublished":"2019-12-05T11:01:44+00:00","dateModified":"2024-09-12T14:39:46+00:00","breadcrumb":{"@id":"https:\/\/miaustore.com\/dk\/terms-and-conditions.html#breadcrumb"},"inLanguage":"da-DK","potentialAction":[{"@type":"ReadAction","target":["https:\/\/miaustore.com\/dk\/terms-and-conditions.html"]}]},{"@type":"BreadcrumbList","@id":"https:\/\/miaustore.com\/dk\/terms-and-conditions.html#breadcrumb","itemListElement":[{"@type":"ListItem","position":1,"name":"Startseite","item":"https:\/\/miaustore.com\/dk\/"},{"@type":"ListItem","position":2,"name":"Betingelser og vilk\u00e5r"}]},{"@type":"WebSite","@id":"https:\/\/miaustore.com\/dk\/#website","url":"https:\/\/miaustore.com\/dk\/","name":"Miaustore Denmark","description":"","potentialAction":[{"@type":"SearchAction","target":{"@type":"EntryPoint","urlTemplate":"https:\/\/miaustore.com\/dk\/?s={search_term_string}"},"query-input":{"@type":"PropertyValueSpecification","valueRequired":true,"valueName":"search_term_string"}}],"inLanguage":"da-DK"}]}},"_links":{"self":[{"href":"https:\/\/miaustore.com\/dk\/wp-json\/wp\/v2\/pages\/123","targetHints":{"allow":["GET"]}}],"collection":[{"href":"https:\/\/miaustore.com\/dk\/wp-json\/wp\/v2\/pages"}],"about":[{"href":"https:\/\/miaustore.com\/dk\/wp-json\/wp\/v2\/types\/page"}],"author":[{"embeddable":true,"href":"https:\/\/miaustore.com\/dk\/wp-json\/wp\/v2\/users\/1"}],"replies":[{"embeddable":true,"href":"https:\/\/miaustore.com\/dk\/wp-json\/wp\/v2\/comments?post=123"}],"version-history":[{"count":0,"href":"https:\/\/miaustore.com\/dk\/wp-json\/wp\/v2\/pages\/123\/revisions"}],"wp:attachment":[{"href":"https:\/\/miaustore.com\/dk\/wp-json\/wp\/v2\/media?parent=123"}],"curies":[{"name":"wp","href":"https:\/\/api.w.org\/{rel}","templated":true}]}}