{"id":272,"date":"2020-02-25T13:01:39","date_gmt":"2020-02-25T12:01:39","guid":{"rendered":"https:\/\/miaustore.com\/dk\/?page_id=272"},"modified":"2024-11-18T14:22:01","modified_gmt":"2024-11-18T13:22:01","slug":"ekstra-dele","status":"publish","type":"page","link":"https:\/\/miaustore.com\/dk\/ekstra-dele.html","title":{"rendered":"Ekstra dele"},"content":{"rendered":"<div id=\"cs-content\" class=\"cs-content\"><\/div>","protected":false},"excerpt":{"rendered":"<p>Tillbage til hjemmesiden 1. Komplet pumpekitMiaustores erstatningspumpe er lavet af h\u00f8jkvalitets og f\u00f8devarevenligt materiale, hvilket g\u00f8r den til en af de bedste p\u00e5 markedet. Det specielle design minimerer str\u00f8mforbruget og forhindrer, at h\u00e5r- og snavspartikler ophobes og beskadiger pumpen takket v\u00e6re pumpens beskyttelse. USB-pumpen har en levetid p\u00e5 20.000 timer og leveres med en 2-\u00e5rig garanti. Hvis der opst\u00e5r problemer &#8230; <\/p>\n<div><a href=\"https:\/\/miaustore.com\/dk\/ekstra-dele.html\" class=\"more-link\">Read More<\/a><\/div>\n","protected":false},"author":1,"featured_media":0,"parent":0,"menu_order":0,"comment_status":"closed","ping_status":"closed","template":"template-blank-1.php","meta":{"_glsr_average":0,"_glsr_ranking":0,"_glsr_reviews":0,"footnotes":""},"class_list":["post-272","page","type-page","status-publish","hentry","no-post-thumbnail"],"yoast_head":"<!-- This site is optimized with the Yoast SEO Premium plugin v26.7 (Yoast SEO v26.7) - https:\/\/yoast.com\/wordpress\/plugins\/seo\/ -->\n<title>Ekstra dele - Miaustore Denmark<\/title>\n<meta name=\"robots\" content=\"index, follow, max-snippet:-1, max-image-preview:large, max-video-preview:-1\" \/>\n<link rel=\"canonical\" href=\"https:\/\/miaustore.com\/dk\/ekstra-dele.html\" \/>\n<meta property=\"og:locale\" content=\"da_DK\" \/>\n<meta property=\"og:type\" content=\"article\" \/>\n<meta property=\"og:title\" content=\"Ekstra dele\" \/>\n<meta property=\"og:description\" content=\"Tillbage til hjemmesiden 1. Komplet pumpekitMiaustores erstatningspumpe er lavet af h\u00f8jkvalitets og f\u00f8devarevenligt materiale, hvilket g\u00f8r den til en af de bedste p\u00e5 markedet. Det specielle design minimerer str\u00f8mforbruget og forhindrer, at h\u00e5r- og snavspartikler ophobes og beskadiger pumpen takket v\u00e6re pumpens beskyttelse. USB-pumpen har en levetid p\u00e5 20.000 timer og leveres med en 2-\u00e5rig garanti. Hvis der opst\u00e5r problemer ... Read More\" \/>\n<meta property=\"og:url\" content=\"https:\/\/miaustore.com\/dk\/ekstra-dele.html\" \/>\n<meta property=\"og:site_name\" content=\"Miaustore Denmark\" \/>\n<meta property=\"article:modified_time\" content=\"2024-11-18T13:22:01+00:00\" \/>\n<meta property=\"og:image\" content=\"https:\/\/miaustore.com\/wp-content\/uploads\/2022\/08\/test_jc6.jpg\" \/>\n<meta name=\"twitter:card\" content=\"summary_large_image\" \/>\n<meta name=\"twitter:label1\" content=\"Estimeret l\u00e6setid\" \/>\n\t<meta name=\"twitter:data1\" content=\"21 minutter\" \/>\n<script type=\"application\/ld+json\" class=\"yoast-schema-graph\">{\"@context\":\"https:\/\/schema.org\",\"@graph\":[{\"@type\":\"WebPage\",\"@id\":\"https:\/\/miaustore.com\/dk\/ekstra-dele.html\",\"url\":\"https:\/\/miaustore.com\/dk\/ekstra-dele.html\",\"name\":\"Ekstra dele - Miaustore Denmark\",\"isPartOf\":{\"@id\":\"https:\/\/miaustore.com\/dk\/#website\"},\"primaryImageOfPage\":{\"@id\":\"https:\/\/miaustore.com\/dk\/ekstra-dele.html#primaryimage\"},\"image\":{\"@id\":\"https:\/\/miaustore.com\/dk\/ekstra-dele.html#primaryimage\"},\"thumbnailUrl\":\"https:\/\/miaustore.com\/wp-content\/uploads\/2022\/08\/test_jc6.jpg\",\"datePublished\":\"2020-02-25T12:01:39+00:00\",\"dateModified\":\"2024-11-18T13:22:01+00:00\",\"breadcrumb\":{\"@id\":\"https:\/\/miaustore.com\/dk\/ekstra-dele.html#breadcrumb\"},\"inLanguage\":\"da-DK\",\"potentialAction\":[{\"@type\":\"ReadAction\",\"target\":[\"https:\/\/miaustore.com\/dk\/ekstra-dele.html\"]}]},{\"@type\":\"ImageObject\",\"inLanguage\":\"da-DK\",\"@id\":\"https:\/\/miaustore.com\/dk\/ekstra-dele.html#primaryimage\",\"url\":\"https:\/\/miaustore.com\/wp-content\/uploads\/2022\/08\/test_jc6.jpg\",\"contentUrl\":\"https:\/\/miaustore.com\/wp-content\/uploads\/2022\/08\/test_jc6.jpg\"},{\"@type\":\"BreadcrumbList\",\"@id\":\"https:\/\/miaustore.com\/dk\/ekstra-dele.html#breadcrumb\",\"itemListElement\":[{\"@type\":\"ListItem\",\"position\":1,\"name\":\"Startseite\",\"item\":\"https:\/\/miaustore.com\/dk\/\"},{\"@type\":\"ListItem\",\"position\":2,\"name\":\"Ekstra dele\"}]},{\"@type\":\"WebSite\",\"@id\":\"https:\/\/miaustore.com\/dk\/#website\",\"url\":\"https:\/\/miaustore.com\/dk\/\",\"name\":\"Miaustore Denmark\",\"description\":\"\",\"potentialAction\":[{\"@type\":\"SearchAction\",\"target\":{\"@type\":\"EntryPoint\",\"urlTemplate\":\"https:\/\/miaustore.com\/dk\/?s={search_term_string}\"},\"query-input\":{\"@type\":\"PropertyValueSpecification\",\"valueRequired\":true,\"valueName\":\"search_term_string\"}}],\"inLanguage\":\"da-DK\"}]}<\/script>\n<!-- \/ Yoast SEO Premium plugin. -->","yoast_head_json":{"title":"Ekstra dele - Miaustore Denmark","robots":{"index":"index","follow":"follow","max-snippet":"max-snippet:-1","max-image-preview":"max-image-preview:large","max-video-preview":"max-video-preview:-1"},"canonical":"https:\/\/miaustore.com\/dk\/ekstra-dele.html","og_locale":"da_DK","og_type":"article","og_title":"Ekstra dele","og_description":"Tillbage til hjemmesiden 1. Komplet pumpekitMiaustores erstatningspumpe er lavet af h\u00f8jkvalitets og f\u00f8devarevenligt materiale, hvilket g\u00f8r den til en af de bedste p\u00e5 markedet. Det specielle design minimerer str\u00f8mforbruget og forhindrer, at h\u00e5r- og snavspartikler ophobes og beskadiger pumpen takket v\u00e6re pumpens beskyttelse. USB-pumpen har en levetid p\u00e5 20.000 timer og leveres med en 2-\u00e5rig garanti. Hvis der opst\u00e5r problemer ... Read More","og_url":"https:\/\/miaustore.com\/dk\/ekstra-dele.html","og_site_name":"Miaustore Denmark","article_modified_time":"2024-11-18T13:22:01+00:00","og_image":[{"url":"https:\/\/miaustore.com\/wp-content\/uploads\/2022\/08\/test_jc6.jpg","type":"","width":"","height":""}],"twitter_card":"summary_large_image","twitter_misc":{"Estimeret l\u00e6setid":"21 minutter"},"schema":{"@context":"https:\/\/schema.org","@graph":[{"@type":"WebPage","@id":"https:\/\/miaustore.com\/dk\/ekstra-dele.html","url":"https:\/\/miaustore.com\/dk\/ekstra-dele.html","name":"Ekstra dele - Miaustore Denmark","isPartOf":{"@id":"https:\/\/miaustore.com\/dk\/#website"},"primaryImageOfPage":{"@id":"https:\/\/miaustore.com\/dk\/ekstra-dele.html#primaryimage"},"image":{"@id":"https:\/\/miaustore.com\/dk\/ekstra-dele.html#primaryimage"},"thumbnailUrl":"https:\/\/miaustore.com\/wp-content\/uploads\/2022\/08\/test_jc6.jpg","datePublished":"2020-02-25T12:01:39+00:00","dateModified":"2024-11-18T13:22:01+00:00","breadcrumb":{"@id":"https:\/\/miaustore.com\/dk\/ekstra-dele.html#breadcrumb"},"inLanguage":"da-DK","potentialAction":[{"@type":"ReadAction","target":["https:\/\/miaustore.com\/dk\/ekstra-dele.html"]}]},{"@type":"ImageObject","inLanguage":"da-DK","@id":"https:\/\/miaustore.com\/dk\/ekstra-dele.html#primaryimage","url":"https:\/\/miaustore.com\/wp-content\/uploads\/2022\/08\/test_jc6.jpg","contentUrl":"https:\/\/miaustore.com\/wp-content\/uploads\/2022\/08\/test_jc6.jpg"},{"@type":"BreadcrumbList","@id":"https:\/\/miaustore.com\/dk\/ekstra-dele.html#breadcrumb","itemListElement":[{"@type":"ListItem","position":1,"name":"Startseite","item":"https:\/\/miaustore.com\/dk\/"},{"@type":"ListItem","position":2,"name":"Ekstra dele"}]},{"@type":"WebSite","@id":"https:\/\/miaustore.com\/dk\/#website","url":"https:\/\/miaustore.com\/dk\/","name":"Miaustore Denmark","description":"","potentialAction":[{"@type":"SearchAction","target":{"@type":"EntryPoint","urlTemplate":"https:\/\/miaustore.com\/dk\/?s={search_term_string}"},"query-input":{"@type":"PropertyValueSpecification","valueRequired":true,"valueName":"search_term_string"}}],"inLanguage":"da-DK"}]}},"_links":{"self":[{"href":"https:\/\/miaustore.com\/dk\/wp-json\/wp\/v2\/pages\/272","targetHints":{"allow":["GET"]}}],"collection":[{"href":"https:\/\/miaustore.com\/dk\/wp-json\/wp\/v2\/pages"}],"about":[{"href":"https:\/\/miaustore.com\/dk\/wp-json\/wp\/v2\/types\/page"}],"author":[{"embeddable":true,"href":"https:\/\/miaustore.com\/dk\/wp-json\/wp\/v2\/users\/1"}],"replies":[{"embeddable":true,"href":"https:\/\/miaustore.com\/dk\/wp-json\/wp\/v2\/comments?post=272"}],"version-history":[{"count":0,"href":"https:\/\/miaustore.com\/dk\/wp-json\/wp\/v2\/pages\/272\/revisions"}],"wp:attachment":[{"href":"https:\/\/miaustore.com\/dk\/wp-json\/wp\/v2\/media?parent=272"}],"curies":[{"name":"wp","href":"https:\/\/api.w.org\/{rel}","templated":true}]}}