{"id":2,"date":"2017-08-03T09:26:22","date_gmt":"2017-08-03T09:26:22","guid":{"rendered":"http:\/\/188.226.153.12\/spain\/?page_id=2"},"modified":"2023-06-12T22:01:28","modified_gmt":"2023-06-12T22:01:28","slug":"miaustore","status":"publish","type":"page","link":"https:\/\/miaustore.com\/es\/miaustore.html","title":{"rendered":"Miaustore"},"content":{"rendered":"<div id=\"cs-content\" class=\"cs-content\"><\/div>","protected":false},"excerpt":{"rendered":"<p>Fuente de cer\u00e1mica para gatos Los gatos saludables y felices necesitan tener acceso al agua fresca. Cu\u00e1nto m\u00e1s agua obtengan, mayores ser\u00e1n los beneficios. Es por eso que la fuente de agua para gatos Miaustore tiene 8 \u00e1reas de bebida diferentes: 4 cuerpos de agua que fluyen f\u00e1cilmente, 3 mini cascadas y un manantial burbujeante. Los felinos prefieren beber agua &#8230; <\/p>\n<div><a href=\"https:\/\/miaustore.com\/es\/miaustore.html\" class=\"more-link\">Read More<\/a><\/div>\n","protected":false},"author":1,"featured_media":0,"parent":0,"menu_order":0,"comment_status":"closed","ping_status":"open","template":"template-blank-4.php","meta":{"_glsr_average":0,"_glsr_ranking":0,"_glsr_reviews":0,"footnotes":""},"class_list":["post-2","page","type-page","status-publish","hentry","no-post-thumbnail"],"yoast_head":"<!-- This site is optimized with the Yoast SEO Premium plugin v26.7 (Yoast SEO v26.7) - https:\/\/yoast.com\/wordpress\/plugins\/seo\/ -->\n<title>Fuente De Agua Para Gatos de cer\u00e1mica - Miaustore<\/title>\n<meta name=\"description\" content=\"Recomendado por veterinarios y hecho de cer\u00e1mica de alta calidad, la fuente de agua para gatos de Miaustore ayuda a tu gato a mantenerse siempre sano.\" \/>\n<meta name=\"robots\" content=\"index, follow, max-snippet:-1, max-image-preview:large, max-video-preview:-1\" \/>\n<link rel=\"canonical\" href=\"https:\/\/miaustore.com\/es\/miaustore.html\" \/>\n<meta property=\"og:locale\" content=\"es_ES\" \/>\n<meta property=\"og:type\" content=\"article\" \/>\n<meta property=\"og:title\" content=\"Miaustore\" \/>\n<meta property=\"og:description\" content=\"Recomendado por veterinarios y hecho de cer\u00e1mica de alta calidad, la fuente de agua para gatos de Miaustore ayuda a tu gato a mantenerse siempre sano.\" \/>\n<meta property=\"og:url\" content=\"https:\/\/miaustore.com\/es\/miaustore.html\" \/>\n<meta property=\"og:site_name\" content=\"Miaustore Espa\u00f1a\" \/>\n<meta property=\"article:modified_time\" content=\"2023-06-12T22:01:28+00:00\" \/>\n<meta property=\"og:image\" content=\"https:\/\/miaustore.com\/uk\/wp-content\/uploads\/sites\/3\/2019\/01\/blue-w-cat-1-mini.jpg\" \/>\n<meta name=\"twitter:card\" content=\"summary_large_image\" \/>\n<meta name=\"twitter:label1\" content=\"Tiempo de lectura\" \/>\n\t<meta name=\"twitter:data1\" content=\"31 minutos\" \/>\n<script type=\"application\/ld+json\" class=\"yoast-schema-graph\">{\"@context\":\"https:\/\/schema.org\",\"@graph\":[{\"@type\":\"WebPage\",\"@id\":\"https:\/\/miaustore.com\/es\/miaustore.html\",\"url\":\"https:\/\/miaustore.com\/es\/miaustore.html\",\"name\":\"Fuente De Agua Para Gatos de cer\u00e1mica - Miaustore\",\"isPartOf\":{\"@id\":\"https:\/\/miaustore.com\/es\/#website\"},\"primaryImageOfPage\":{\"@id\":\"https:\/\/miaustore.com\/es\/miaustore.html#primaryimage\"},\"image\":{\"@id\":\"https:\/\/miaustore.com\/es\/miaustore.html#primaryimage\"},\"thumbnailUrl\":\"https:\/\/miaustore.com\/uk\/wp-content\/uploads\/sites\/3\/2019\/01\/blue-w-cat-1-mini.jpg\",\"datePublished\":\"2017-08-03T09:26:22+00:00\",\"dateModified\":\"2023-06-12T22:01:28+00:00\",\"description\":\"Recomendado por veterinarios y hecho de cer\u00e1mica de alta calidad, la fuente de agua para gatos de Miaustore ayuda a tu gato a mantenerse siempre sano.\",\"breadcrumb\":{\"@id\":\"https:\/\/miaustore.com\/es\/miaustore.html#breadcrumb\"},\"inLanguage\":\"es\",\"potentialAction\":[{\"@type\":\"ReadAction\",\"target\":[\"https:\/\/miaustore.com\/es\/miaustore.html\"]}]},{\"@type\":\"ImageObject\",\"inLanguage\":\"es\",\"@id\":\"https:\/\/miaustore.com\/es\/miaustore.html#primaryimage\",\"url\":\"https:\/\/miaustore.com\/uk\/wp-content\/uploads\/sites\/3\/2019\/01\/blue-w-cat-1-mini.jpg\",\"contentUrl\":\"https:\/\/miaustore.com\/uk\/wp-content\/uploads\/sites\/3\/2019\/01\/blue-w-cat-1-mini.jpg\"},{\"@type\":\"BreadcrumbList\",\"@id\":\"https:\/\/miaustore.com\/es\/miaustore.html#breadcrumb\",\"itemListElement\":[{\"@type\":\"ListItem\",\"position\":1,\"name\":\"Startseite\",\"item\":\"https:\/\/miaustore.com\/es\/\"},{\"@type\":\"ListItem\",\"position\":2,\"name\":\"Miaustore\"}]},{\"@type\":\"WebSite\",\"@id\":\"https:\/\/miaustore.com\/es\/#website\",\"url\":\"https:\/\/miaustore.com\/es\/\",\"name\":\"Miaustore Espa\u00f1a\",\"description\":\"Miaustore fuente para gatos\",\"publisher\":{\"@id\":\"https:\/\/miaustore.com\/es\/#organization\"},\"potentialAction\":[{\"@type\":\"SearchAction\",\"target\":{\"@type\":\"EntryPoint\",\"urlTemplate\":\"https:\/\/miaustore.com\/es\/?s={search_term_string}\"},\"query-input\":{\"@type\":\"PropertyValueSpecification\",\"valueRequired\":true,\"valueName\":\"search_term_string\"}}],\"inLanguage\":\"es\"},{\"@type\":\"Organization\",\"@id\":\"https:\/\/miaustore.com\/es\/#organization\",\"name\":\"Miaustore\",\"url\":\"https:\/\/miaustore.com\/es\/\",\"logo\":{\"@type\":\"ImageObject\",\"inLanguage\":\"es\",\"@id\":\"https:\/\/miaustore.com\/es\/#\/schema\/logo\/image\/\",\"url\":\"https:\/\/miaustore.com\/es\/wp-content\/uploads\/sites\/7\/2018\/02\/miaustore-logo-compressed.jpg\",\"contentUrl\":\"https:\/\/miaustore.com\/es\/wp-content\/uploads\/sites\/7\/2018\/02\/miaustore-logo-compressed.jpg\",\"width\":500,\"height\":182,\"caption\":\"Miaustore\"},\"image\":{\"@id\":\"https:\/\/miaustore.com\/es\/#\/schema\/logo\/image\/\"}}]}<\/script>\n<!-- \/ Yoast SEO Premium plugin. -->","yoast_head_json":{"title":"Fuente De Agua Para Gatos de cer\u00e1mica - Miaustore","description":"Recomendado por veterinarios y hecho de cer\u00e1mica de alta calidad, la fuente de agua para gatos de Miaustore ayuda a tu gato a mantenerse siempre sano.","robots":{"index":"index","follow":"follow","max-snippet":"max-snippet:-1","max-image-preview":"max-image-preview:large","max-video-preview":"max-video-preview:-1"},"canonical":"https:\/\/miaustore.com\/es\/miaustore.html","og_locale":"es_ES","og_type":"article","og_title":"Miaustore","og_description":"Recomendado por veterinarios y hecho de cer\u00e1mica de alta calidad, la fuente de agua para gatos de Miaustore ayuda a tu gato a mantenerse siempre sano.","og_url":"https:\/\/miaustore.com\/es\/miaustore.html","og_site_name":"Miaustore Espa\u00f1a","article_modified_time":"2023-06-12T22:01:28+00:00","og_image":[{"url":"https:\/\/miaustore.com\/uk\/wp-content\/uploads\/sites\/3\/2019\/01\/blue-w-cat-1-mini.jpg","type":"","width":"","height":""}],"twitter_card":"summary_large_image","twitter_misc":{"Tiempo de lectura":"31 minutos"},"schema":{"@context":"https:\/\/schema.org","@graph":[{"@type":"WebPage","@id":"https:\/\/miaustore.com\/es\/miaustore.html","url":"https:\/\/miaustore.com\/es\/miaustore.html","name":"Fuente De Agua Para Gatos de cer\u00e1mica - Miaustore","isPartOf":{"@id":"https:\/\/miaustore.com\/es\/#website"},"primaryImageOfPage":{"@id":"https:\/\/miaustore.com\/es\/miaustore.html#primaryimage"},"image":{"@id":"https:\/\/miaustore.com\/es\/miaustore.html#primaryimage"},"thumbnailUrl":"https:\/\/miaustore.com\/uk\/wp-content\/uploads\/sites\/3\/2019\/01\/blue-w-cat-1-mini.jpg","datePublished":"2017-08-03T09:26:22+00:00","dateModified":"2023-06-12T22:01:28+00:00","description":"Recomendado por veterinarios y hecho de cer\u00e1mica de alta calidad, la fuente de agua para gatos de Miaustore ayuda a tu gato a mantenerse siempre sano.","breadcrumb":{"@id":"https:\/\/miaustore.com\/es\/miaustore.html#breadcrumb"},"inLanguage":"es","potentialAction":[{"@type":"ReadAction","target":["https:\/\/miaustore.com\/es\/miaustore.html"]}]},{"@type":"ImageObject","inLanguage":"es","@id":"https:\/\/miaustore.com\/es\/miaustore.html#primaryimage","url":"https:\/\/miaustore.com\/uk\/wp-content\/uploads\/sites\/3\/2019\/01\/blue-w-cat-1-mini.jpg","contentUrl":"https:\/\/miaustore.com\/uk\/wp-content\/uploads\/sites\/3\/2019\/01\/blue-w-cat-1-mini.jpg"},{"@type":"BreadcrumbList","@id":"https:\/\/miaustore.com\/es\/miaustore.html#breadcrumb","itemListElement":[{"@type":"ListItem","position":1,"name":"Startseite","item":"https:\/\/miaustore.com\/es\/"},{"@type":"ListItem","position":2,"name":"Miaustore"}]},{"@type":"WebSite","@id":"https:\/\/miaustore.com\/es\/#website","url":"https:\/\/miaustore.com\/es\/","name":"Miaustore Espa\u00f1a","description":"Miaustore fuente para gatos","publisher":{"@id":"https:\/\/miaustore.com\/es\/#organization"},"potentialAction":[{"@type":"SearchAction","target":{"@type":"EntryPoint","urlTemplate":"https:\/\/miaustore.com\/es\/?s={search_term_string}"},"query-input":{"@type":"PropertyValueSpecification","valueRequired":true,"valueName":"search_term_string"}}],"inLanguage":"es"},{"@type":"Organization","@id":"https:\/\/miaustore.com\/es\/#organization","name":"Miaustore","url":"https:\/\/miaustore.com\/es\/","logo":{"@type":"ImageObject","inLanguage":"es","@id":"https:\/\/miaustore.com\/es\/#\/schema\/logo\/image\/","url":"https:\/\/miaustore.com\/es\/wp-content\/uploads\/sites\/7\/2018\/02\/miaustore-logo-compressed.jpg","contentUrl":"https:\/\/miaustore.com\/es\/wp-content\/uploads\/sites\/7\/2018\/02\/miaustore-logo-compressed.jpg","width":500,"height":182,"caption":"Miaustore"},"image":{"@id":"https:\/\/miaustore.com\/es\/#\/schema\/logo\/image\/"}}]}},"_links":{"self":[{"href":"https:\/\/miaustore.com\/es\/wp-json\/wp\/v2\/pages\/2","targetHints":{"allow":["GET"]}}],"collection":[{"href":"https:\/\/miaustore.com\/es\/wp-json\/wp\/v2\/pages"}],"about":[{"href":"https:\/\/miaustore.com\/es\/wp-json\/wp\/v2\/types\/page"}],"author":[{"embeddable":true,"href":"https:\/\/miaustore.com\/es\/wp-json\/wp\/v2\/users\/1"}],"replies":[{"embeddable":true,"href":"https:\/\/miaustore.com\/es\/wp-json\/wp\/v2\/comments?post=2"}],"version-history":[{"count":200,"href":"https:\/\/miaustore.com\/es\/wp-json\/wp\/v2\/pages\/2\/revisions"}],"predecessor-version":[{"id":611977,"href":"https:\/\/miaustore.com\/es\/wp-json\/wp\/v2\/pages\/2\/revisions\/611977"}],"wp:attachment":[{"href":"https:\/\/miaustore.com\/es\/wp-json\/wp\/v2\/media?parent=2"}],"curies":[{"name":"wp","href":"https:\/\/api.w.org\/{rel}","templated":true}]}}