{"id":2359,"date":"2020-01-24T13:08:40","date_gmt":"2020-01-24T13:08:40","guid":{"rendered":"https:\/\/miaustore.com\/es\/?page_id=2359"},"modified":"2023-07-11T09:07:22","modified_gmt":"2023-07-11T09:07:22","slug":"comercio-mayorista","status":"publish","type":"page","link":"https:\/\/miaustore.com\/es\/comercio-mayorista.html","title":{"rendered":"Mayorista"},"content":{"rendered":"<p class=\"p1\"><strong>\u00bfTienes una tienda de mascotas y quieres convertirte en nuestro distribuidor?<\/strong><\/p>\r\n<p class=\"p1\">\u00a1Env\u00edenos un correo electr\u00f3nico a <strong>business@miaustore.com<\/strong> con su n\u00famero de identificaci\u00f3n fiscal, raz\u00f3n social y, si dispone de \u00e9l, el enlace a su sitio web!<\/p>\r\n&nbsp;","protected":false},"excerpt":{"rendered":"<p>\u00bfTienes una tienda de mascotas y quieres convertirte en nuestro distribuidor? \u00a1Env\u00edenos un correo electr\u00f3nico a business@miaustore.com con su n\u00famero de identificaci\u00f3n fiscal, raz\u00f3n social y, si dispone de \u00e9l, el enlace a su sitio web! &nbsp;<\/p>\n","protected":false},"author":1,"featured_media":0,"parent":0,"menu_order":0,"comment_status":"closed","ping_status":"closed","template":"","meta":{"_glsr_average":0,"_glsr_ranking":0,"_glsr_reviews":0,"footnotes":""},"class_list":["post-2359","page","type-page","status-publish","hentry","no-post-thumbnail"],"yoast_head":"<!-- This site is optimized with the Yoast SEO Premium plugin v26.7 (Yoast SEO v26.7) - https:\/\/yoast.com\/wordpress\/plugins\/seo\/ -->\n<title>Mayorista - Miaustore Espa\u00f1a<\/title>\n<meta name=\"robots\" content=\"noindex, follow\" \/>\n<meta property=\"og:locale\" content=\"es_ES\" \/>\n<meta property=\"og:type\" content=\"article\" \/>\n<meta property=\"og:title\" content=\"Mayorista\" \/>\n<meta property=\"og:description\" content=\"\u00bfTienes una tienda de mascotas y quieres convertirte en nuestro distribuidor? \u00a1Env\u00edenos un correo electr\u00f3nico a business@miaustore.com con su n\u00famero de identificaci\u00f3n fiscal, raz\u00f3n social y, si dispone de \u00e9l, el enlace a su sitio web! &nbsp;\" \/>\n<meta property=\"og:url\" content=\"https:\/\/miaustore.com\/es\/comercio-mayorista.html\" \/>\n<meta property=\"og:site_name\" content=\"Miaustore Espa\u00f1a\" \/>\n<meta property=\"article:modified_time\" content=\"2023-07-11T09:07:22+00:00\" \/>\n<meta name=\"twitter:card\" content=\"summary_large_image\" \/>\n<meta name=\"twitter:label1\" content=\"Tiempo de lectura\" \/>\n\t<meta name=\"twitter:data1\" content=\"1 minuto\" \/>\n<script type=\"application\/ld+json\" class=\"yoast-schema-graph\">{\"@context\":\"https:\/\/schema.org\",\"@graph\":[{\"@type\":\"WebPage\",\"@id\":\"https:\/\/miaustore.com\/es\/comercio-mayorista.html\",\"url\":\"https:\/\/miaustore.com\/es\/comercio-mayorista.html\",\"name\":\"Mayorista - Miaustore Espa\u00f1a\",\"isPartOf\":{\"@id\":\"https:\/\/miaustore.com\/es\/#website\"},\"datePublished\":\"2020-01-24T13:08:40+00:00\",\"dateModified\":\"2023-07-11T09:07:22+00:00\",\"breadcrumb\":{\"@id\":\"https:\/\/miaustore.com\/es\/comercio-mayorista.html#breadcrumb\"},\"inLanguage\":\"es\",\"potentialAction\":[{\"@type\":\"ReadAction\",\"target\":[\"https:\/\/miaustore.com\/es\/comercio-mayorista.html\"]}]},{\"@type\":\"BreadcrumbList\",\"@id\":\"https:\/\/miaustore.com\/es\/comercio-mayorista.html#breadcrumb\",\"itemListElement\":[{\"@type\":\"ListItem\",\"position\":1,\"name\":\"Startseite\",\"item\":\"https:\/\/miaustore.com\/es\/\"},{\"@type\":\"ListItem\",\"position\":2,\"name\":\"Mayorista\"}]},{\"@type\":\"WebSite\",\"@id\":\"https:\/\/miaustore.com\/es\/#website\",\"url\":\"https:\/\/miaustore.com\/es\/\",\"name\":\"Miaustore Espa\u00f1a\",\"description\":\"Miaustore fuente para gatos\",\"publisher\":{\"@id\":\"https:\/\/miaustore.com\/es\/#organization\"},\"potentialAction\":[{\"@type\":\"SearchAction\",\"target\":{\"@type\":\"EntryPoint\",\"urlTemplate\":\"https:\/\/miaustore.com\/es\/?s={search_term_string}\"},\"query-input\":{\"@type\":\"PropertyValueSpecification\",\"valueRequired\":true,\"valueName\":\"search_term_string\"}}],\"inLanguage\":\"es\"},{\"@type\":\"Organization\",\"@id\":\"https:\/\/miaustore.com\/es\/#organization\",\"name\":\"Miaustore\",\"url\":\"https:\/\/miaustore.com\/es\/\",\"logo\":{\"@type\":\"ImageObject\",\"inLanguage\":\"es\",\"@id\":\"https:\/\/miaustore.com\/es\/#\/schema\/logo\/image\/\",\"url\":\"https:\/\/miaustore.com\/es\/wp-content\/uploads\/sites\/7\/2018\/02\/miaustore-logo-compressed.jpg\",\"contentUrl\":\"https:\/\/miaustore.com\/es\/wp-content\/uploads\/sites\/7\/2018\/02\/miaustore-logo-compressed.jpg\",\"width\":500,\"height\":182,\"caption\":\"Miaustore\"},\"image\":{\"@id\":\"https:\/\/miaustore.com\/es\/#\/schema\/logo\/image\/\"}}]}<\/script>\n<!-- \/ Yoast SEO Premium plugin. -->","yoast_head_json":{"title":"Mayorista - Miaustore Espa\u00f1a","robots":{"index":"noindex","follow":"follow"},"og_locale":"es_ES","og_type":"article","og_title":"Mayorista","og_description":"\u00bfTienes una tienda de mascotas y quieres convertirte en nuestro distribuidor? \u00a1Env\u00edenos un correo electr\u00f3nico a business@miaustore.com con su n\u00famero de identificaci\u00f3n fiscal, raz\u00f3n social y, si dispone de \u00e9l, el enlace a su sitio web! &nbsp;","og_url":"https:\/\/miaustore.com\/es\/comercio-mayorista.html","og_site_name":"Miaustore Espa\u00f1a","article_modified_time":"2023-07-11T09:07:22+00:00","twitter_card":"summary_large_image","twitter_misc":{"Tiempo de lectura":"1 minuto"},"schema":{"@context":"https:\/\/schema.org","@graph":[{"@type":"WebPage","@id":"https:\/\/miaustore.com\/es\/comercio-mayorista.html","url":"https:\/\/miaustore.com\/es\/comercio-mayorista.html","name":"Mayorista - Miaustore Espa\u00f1a","isPartOf":{"@id":"https:\/\/miaustore.com\/es\/#website"},"datePublished":"2020-01-24T13:08:40+00:00","dateModified":"2023-07-11T09:07:22+00:00","breadcrumb":{"@id":"https:\/\/miaustore.com\/es\/comercio-mayorista.html#breadcrumb"},"inLanguage":"es","potentialAction":[{"@type":"ReadAction","target":["https:\/\/miaustore.com\/es\/comercio-mayorista.html"]}]},{"@type":"BreadcrumbList","@id":"https:\/\/miaustore.com\/es\/comercio-mayorista.html#breadcrumb","itemListElement":[{"@type":"ListItem","position":1,"name":"Startseite","item":"https:\/\/miaustore.com\/es\/"},{"@type":"ListItem","position":2,"name":"Mayorista"}]},{"@type":"WebSite","@id":"https:\/\/miaustore.com\/es\/#website","url":"https:\/\/miaustore.com\/es\/","name":"Miaustore Espa\u00f1a","description":"Miaustore fuente para gatos","publisher":{"@id":"https:\/\/miaustore.com\/es\/#organization"},"potentialAction":[{"@type":"SearchAction","target":{"@type":"EntryPoint","urlTemplate":"https:\/\/miaustore.com\/es\/?s={search_term_string}"},"query-input":{"@type":"PropertyValueSpecification","valueRequired":true,"valueName":"search_term_string"}}],"inLanguage":"es"},{"@type":"Organization","@id":"https:\/\/miaustore.com\/es\/#organization","name":"Miaustore","url":"https:\/\/miaustore.com\/es\/","logo":{"@type":"ImageObject","inLanguage":"es","@id":"https:\/\/miaustore.com\/es\/#\/schema\/logo\/image\/","url":"https:\/\/miaustore.com\/es\/wp-content\/uploads\/sites\/7\/2018\/02\/miaustore-logo-compressed.jpg","contentUrl":"https:\/\/miaustore.com\/es\/wp-content\/uploads\/sites\/7\/2018\/02\/miaustore-logo-compressed.jpg","width":500,"height":182,"caption":"Miaustore"},"image":{"@id":"https:\/\/miaustore.com\/es\/#\/schema\/logo\/image\/"}}]}},"_links":{"self":[{"href":"https:\/\/miaustore.com\/es\/wp-json\/wp\/v2\/pages\/2359","targetHints":{"allow":["GET"]}}],"collection":[{"href":"https:\/\/miaustore.com\/es\/wp-json\/wp\/v2\/pages"}],"about":[{"href":"https:\/\/miaustore.com\/es\/wp-json\/wp\/v2\/types\/page"}],"author":[{"embeddable":true,"href":"https:\/\/miaustore.com\/es\/wp-json\/wp\/v2\/users\/1"}],"replies":[{"embeddable":true,"href":"https:\/\/miaustore.com\/es\/wp-json\/wp\/v2\/comments?post=2359"}],"version-history":[{"count":5,"href":"https:\/\/miaustore.com\/es\/wp-json\/wp\/v2\/pages\/2359\/revisions"}],"predecessor-version":[{"id":612942,"href":"https:\/\/miaustore.com\/es\/wp-json\/wp\/v2\/pages\/2359\/revisions\/612942"}],"wp:attachment":[{"href":"https:\/\/miaustore.com\/es\/wp-json\/wp\/v2\/media?parent=2359"}],"curies":[{"name":"wp","href":"https:\/\/api.w.org\/{rel}","templated":true}]}}