{"id":285,"date":"2018-05-28T13:59:04","date_gmt":"2018-05-28T13:59:04","guid":{"rendered":"https:\/\/miaustore.com\/es\/?page_id=285"},"modified":"2023-03-14T12:12:28","modified_gmt":"2023-03-14T12:12:28","slug":"contactenos","status":"publish","type":"page","link":"https:\/\/miaustore.com\/es\/contactenos.html","title":{"rendered":"Cont\u00e1ctenos"},"content":{"rendered":"<h1>Cont\u00e1ctenos<\/h1>\r\n<br class=\"clear\" \/>Por favor no dude en ponerse en contacto con nosotros si tiene alguna pregunta.<br class=\"clear\" \/><br class=\"clear\" \/>\r\n\r\n<strong>Servicio al cliente:<\/strong><br class=\"clear\" \/>support@miaustore.com<br class=\"clear\" \/><br class=\"clear\" \/>\r\n\r\n<strong>Afiliados y\u00a0grandes pedidos:<\/strong><br class=\"clear\" \/>business@miaustore.com<br class=\"clear\" \/><br class=\"clear\" \/>\r\n\r\n<strong>Direcci\u00f3n del almac\u00e9n:<\/strong><\/p><\/p>\r\n<\/p>\r\nMiaustore.com<br>\r\nisklad e-fulfillment<br>\r\nDia\u013eni\u010dn\u00e1 cesta 5, Hala D, gate 35<br>\r\n90301 Senec<br>\r\nSlovakia<\/p>\r\n\r\n&nbsp;\r\n\r\n<br class=\"clear\" \/><strong>Queja de la bomba<\/strong> <br class=\"clear\" \/>Antes de ponerse en contacto con nosotros acerca de una queja de bomba, por favor lea el siguiente manual \u00ab<a href=\"https:\/\/miaustore.com\/es\/mantenimiento-la-bomba.html\">Uso y mantenimiento de la bomba Miaustore<\/a>\u00ab. La mayor\u00eda de las veces, la fuente del error est\u00e1 en el manejo incorrecto de la limpieza y descalcificaci\u00f3n de la bomba. Esto puede hacer que la bomba se bloquee y, por lo tanto, no funcione correctamente.","protected":false},"excerpt":{"rendered":"<p>Cont\u00e1ctenos Por favor no dude en ponerse en contacto con nosotros si tiene alguna pregunta. Servicio al cliente:support@miaustore.com Afiliados y\u00a0grandes pedidos:business@miaustore.com Direcci\u00f3n del almac\u00e9n: Miaustore.com isklad e-fulfillment Dia\u013eni\u010dn\u00e1 cesta 5, Hala D, gate 35 90301 Senec Slovakia &nbsp; Queja de la bomba Antes de ponerse en contacto con nosotros acerca de una queja de bomba, por favor lea el siguiente &#8230; <\/p>\n<div><a href=\"https:\/\/miaustore.com\/es\/contactenos.html\" class=\"more-link\">Read More<\/a><\/div>\n","protected":false},"author":1,"featured_media":0,"parent":0,"menu_order":0,"comment_status":"closed","ping_status":"closed","template":"template-blank-1.php","meta":{"_glsr_average":0,"_glsr_ranking":0,"_glsr_reviews":0,"footnotes":""},"class_list":["post-285","page","type-page","status-publish","hentry","no-post-thumbnail"],"yoast_head":"<!-- This site is optimized with the Yoast SEO Premium plugin v26.7 (Yoast SEO v26.7) - https:\/\/yoast.com\/wordpress\/plugins\/seo\/ -->\n<title>Cont\u00e1ctenos - Fuente de cer\u00e1mica para gatos Miaustore Espa\u00f1a<\/title>\n<meta name=\"description\" content=\"Por favor no dude en ponerse en contacto con nosotros por correo electr\u00f3nico support@miaustore.com si tiene alguna pregunta.\" \/>\n<meta name=\"robots\" content=\"index, follow, max-snippet:-1, max-image-preview:large, max-video-preview:-1\" \/>\n<link rel=\"canonical\" href=\"https:\/\/miaustore.com\/es\/contactenos.html\" \/>\n<meta property=\"og:locale\" content=\"es_ES\" \/>\n<meta property=\"og:type\" content=\"article\" \/>\n<meta property=\"og:title\" content=\"Cont\u00e1ctenos\" \/>\n<meta property=\"og:description\" content=\"Por favor no dude en ponerse en contacto con nosotros por correo electr\u00f3nico support@miaustore.com si tiene alguna pregunta.\" \/>\n<meta property=\"og:url\" content=\"https:\/\/miaustore.com\/es\/contactenos.html\" \/>\n<meta property=\"og:site_name\" content=\"Miaustore Espa\u00f1a\" \/>\n<meta property=\"article:modified_time\" content=\"2023-03-14T12:12:28+00:00\" \/>\n<meta name=\"twitter:card\" content=\"summary_large_image\" \/>\n<meta name=\"twitter:label1\" content=\"Tiempo de lectura\" \/>\n\t<meta name=\"twitter:data1\" content=\"1 minuto\" \/>\n<script type=\"application\/ld+json\" class=\"yoast-schema-graph\">{\"@context\":\"https:\/\/schema.org\",\"@graph\":[{\"@type\":\"WebPage\",\"@id\":\"https:\/\/miaustore.com\/es\/contactenos.html\",\"url\":\"https:\/\/miaustore.com\/es\/contactenos.html\",\"name\":\"Cont\u00e1ctenos - Fuente de cer\u00e1mica para gatos Miaustore Espa\u00f1a\",\"isPartOf\":{\"@id\":\"https:\/\/miaustore.com\/es\/#website\"},\"datePublished\":\"2018-05-28T13:59:04+00:00\",\"dateModified\":\"2023-03-14T12:12:28+00:00\",\"description\":\"Por favor no dude en ponerse en contacto con nosotros por correo electr\u00f3nico support@miaustore.com si tiene alguna pregunta.\",\"breadcrumb\":{\"@id\":\"https:\/\/miaustore.com\/es\/contactenos.html#breadcrumb\"},\"inLanguage\":\"es\",\"potentialAction\":[{\"@type\":\"ReadAction\",\"target\":[\"https:\/\/miaustore.com\/es\/contactenos.html\"]}]},{\"@type\":\"BreadcrumbList\",\"@id\":\"https:\/\/miaustore.com\/es\/contactenos.html#breadcrumb\",\"itemListElement\":[{\"@type\":\"ListItem\",\"position\":1,\"name\":\"Startseite\",\"item\":\"https:\/\/miaustore.com\/es\/\"},{\"@type\":\"ListItem\",\"position\":2,\"name\":\"Cont\u00e1ctenos\"}]},{\"@type\":\"WebSite\",\"@id\":\"https:\/\/miaustore.com\/es\/#website\",\"url\":\"https:\/\/miaustore.com\/es\/\",\"name\":\"Miaustore Espa\u00f1a\",\"description\":\"Miaustore fuente para gatos\",\"publisher\":{\"@id\":\"https:\/\/miaustore.com\/es\/#organization\"},\"potentialAction\":[{\"@type\":\"SearchAction\",\"target\":{\"@type\":\"EntryPoint\",\"urlTemplate\":\"https:\/\/miaustore.com\/es\/?s={search_term_string}\"},\"query-input\":{\"@type\":\"PropertyValueSpecification\",\"valueRequired\":true,\"valueName\":\"search_term_string\"}}],\"inLanguage\":\"es\"},{\"@type\":\"Organization\",\"@id\":\"https:\/\/miaustore.com\/es\/#organization\",\"name\":\"Miaustore\",\"url\":\"https:\/\/miaustore.com\/es\/\",\"logo\":{\"@type\":\"ImageObject\",\"inLanguage\":\"es\",\"@id\":\"https:\/\/miaustore.com\/es\/#\/schema\/logo\/image\/\",\"url\":\"https:\/\/miaustore.com\/es\/wp-content\/uploads\/sites\/7\/2018\/02\/miaustore-logo-compressed.jpg\",\"contentUrl\":\"https:\/\/miaustore.com\/es\/wp-content\/uploads\/sites\/7\/2018\/02\/miaustore-logo-compressed.jpg\",\"width\":500,\"height\":182,\"caption\":\"Miaustore\"},\"image\":{\"@id\":\"https:\/\/miaustore.com\/es\/#\/schema\/logo\/image\/\"}}]}<\/script>\n<!-- \/ Yoast SEO Premium plugin. -->","yoast_head_json":{"title":"Cont\u00e1ctenos - Fuente de cer\u00e1mica para gatos Miaustore Espa\u00f1a","description":"Por favor no dude en ponerse en contacto con nosotros por correo electr\u00f3nico support@miaustore.com si tiene alguna pregunta.","robots":{"index":"index","follow":"follow","max-snippet":"max-snippet:-1","max-image-preview":"max-image-preview:large","max-video-preview":"max-video-preview:-1"},"canonical":"https:\/\/miaustore.com\/es\/contactenos.html","og_locale":"es_ES","og_type":"article","og_title":"Cont\u00e1ctenos","og_description":"Por favor no dude en ponerse en contacto con nosotros por correo electr\u00f3nico support@miaustore.com si tiene alguna pregunta.","og_url":"https:\/\/miaustore.com\/es\/contactenos.html","og_site_name":"Miaustore Espa\u00f1a","article_modified_time":"2023-03-14T12:12:28+00:00","twitter_card":"summary_large_image","twitter_misc":{"Tiempo de lectura":"1 minuto"},"schema":{"@context":"https:\/\/schema.org","@graph":[{"@type":"WebPage","@id":"https:\/\/miaustore.com\/es\/contactenos.html","url":"https:\/\/miaustore.com\/es\/contactenos.html","name":"Cont\u00e1ctenos - Fuente de cer\u00e1mica para gatos Miaustore Espa\u00f1a","isPartOf":{"@id":"https:\/\/miaustore.com\/es\/#website"},"datePublished":"2018-05-28T13:59:04+00:00","dateModified":"2023-03-14T12:12:28+00:00","description":"Por favor no dude en ponerse en contacto con nosotros por correo electr\u00f3nico support@miaustore.com si tiene alguna pregunta.","breadcrumb":{"@id":"https:\/\/miaustore.com\/es\/contactenos.html#breadcrumb"},"inLanguage":"es","potentialAction":[{"@type":"ReadAction","target":["https:\/\/miaustore.com\/es\/contactenos.html"]}]},{"@type":"BreadcrumbList","@id":"https:\/\/miaustore.com\/es\/contactenos.html#breadcrumb","itemListElement":[{"@type":"ListItem","position":1,"name":"Startseite","item":"https:\/\/miaustore.com\/es\/"},{"@type":"ListItem","position":2,"name":"Cont\u00e1ctenos"}]},{"@type":"WebSite","@id":"https:\/\/miaustore.com\/es\/#website","url":"https:\/\/miaustore.com\/es\/","name":"Miaustore Espa\u00f1a","description":"Miaustore fuente para gatos","publisher":{"@id":"https:\/\/miaustore.com\/es\/#organization"},"potentialAction":[{"@type":"SearchAction","target":{"@type":"EntryPoint","urlTemplate":"https:\/\/miaustore.com\/es\/?s={search_term_string}"},"query-input":{"@type":"PropertyValueSpecification","valueRequired":true,"valueName":"search_term_string"}}],"inLanguage":"es"},{"@type":"Organization","@id":"https:\/\/miaustore.com\/es\/#organization","name":"Miaustore","url":"https:\/\/miaustore.com\/es\/","logo":{"@type":"ImageObject","inLanguage":"es","@id":"https:\/\/miaustore.com\/es\/#\/schema\/logo\/image\/","url":"https:\/\/miaustore.com\/es\/wp-content\/uploads\/sites\/7\/2018\/02\/miaustore-logo-compressed.jpg","contentUrl":"https:\/\/miaustore.com\/es\/wp-content\/uploads\/sites\/7\/2018\/02\/miaustore-logo-compressed.jpg","width":500,"height":182,"caption":"Miaustore"},"image":{"@id":"https:\/\/miaustore.com\/es\/#\/schema\/logo\/image\/"}}]}},"_links":{"self":[{"href":"https:\/\/miaustore.com\/es\/wp-json\/wp\/v2\/pages\/285","targetHints":{"allow":["GET"]}}],"collection":[{"href":"https:\/\/miaustore.com\/es\/wp-json\/wp\/v2\/pages"}],"about":[{"href":"https:\/\/miaustore.com\/es\/wp-json\/wp\/v2\/types\/page"}],"author":[{"embeddable":true,"href":"https:\/\/miaustore.com\/es\/wp-json\/wp\/v2\/users\/1"}],"replies":[{"embeddable":true,"href":"https:\/\/miaustore.com\/es\/wp-json\/wp\/v2\/comments?post=285"}],"version-history":[{"count":14,"href":"https:\/\/miaustore.com\/es\/wp-json\/wp\/v2\/pages\/285\/revisions"}],"predecessor-version":[{"id":611175,"href":"https:\/\/miaustore.com\/es\/wp-json\/wp\/v2\/pages\/285\/revisions\/611175"}],"wp:attachment":[{"href":"https:\/\/miaustore.com\/es\/wp-json\/wp\/v2\/media?parent=285"}],"curies":[{"name":"wp","href":"https:\/\/api.w.org\/{rel}","templated":true}]}}