{"id":290,"date":"2018-05-28T14:13:22","date_gmt":"2018-05-28T14:13:22","guid":{"rendered":"https:\/\/miaustore.com\/es\/?page_id=290"},"modified":"2024-09-12T14:34:02","modified_gmt":"2024-09-12T14:34:02","slug":"terminos-y-condiciones","status":"publish","type":"page","link":"https:\/\/miaustore.com\/es\/terminos-y-condiciones.html","title":{"rendered":"T\u00e9rminos y Condiciones"},"content":{"rendered":"<p id=\"tw-target-text\" class=\"tw-data-text tw-ta tw-text-small\" dir=\"ltr\" data-placeholder=\"Translation\"><span lang=\"es\">En estos t\u00e9rminos y condiciones, indicamos bajo qu\u00e9 reservaci\u00f3n le ofrecemos la informaci\u00f3n en nuestro sitio web. <\/span><\/p>\r\n\r\n<h3 dir=\"ltr\" data-placeholder=\"Translation\"><\/h3>\r\n<h3 class=\"tw-data-text tw-ta tw-text-small\" dir=\"ltr\" data-placeholder=\"Translation\"><span lang=\"es\"><strong>Propiedad intelectual<\/strong> <\/span><\/h3>\r\n<p class=\"tw-data-text tw-ta tw-text-small\" dir=\"ltr\" data-placeholder=\"Translation\"><span lang=\"es\">El uso de la informaci\u00f3n en este sitio web es gratuito, siempre y cuando no copie, distribuya o utilice o haga un mal uso de esta informaci\u00f3n. Solo puede reutilizar la informaci\u00f3n en este sitio web de acuerdo con las disposiciones de la ley vinculante. No est\u00e1 permitido reutilizar ning\u00fan texto, im\u00e1genes u otro material en este sitio web sin el permiso expreso por escrito de Miaustore. La propiedad intelectual pertenece a Miaustore. <\/span><\/p>\r\n<p class=\"tw-data-text tw-ta tw-text-small\" dir=\"ltr\" data-placeholder=\"Translation\"><span lang=\"es\">Si es aplicable: Para los precios en nuestro sitio web, nos esforzamos por la representaci\u00f3n m\u00e1s precisa de la realidad y los precios previstos. Los errores que surgen y que se pueden identificar como errores de programaci\u00f3n o de tipeo no son motivo para reclamar o aceptar un contrato o acuerdo con Miastore. Miaustore se esfuerza por tener el sitio web m\u00e1s actualizado posible. Si, a pesar de estos esfuerzos, la informaci\u00f3n o el contenido de este sitio web es incompleto o incorrecto, no podemos aceptar ninguna responsabilidad por ello. La informaci\u00f3n y \/ o productos en este sitio web se ofrecen sin ninguna garant\u00eda y \/ o afirmaci\u00f3n de exactitud. <\/span><\/p>\r\n<p class=\"tw-data-text tw-ta tw-text-small\" dir=\"ltr\" data-placeholder=\"Translation\"><span lang=\"es\">Nos reservamos el derecho de cambiar, eliminar o reinstalar estos materiales sin previo aviso. Miaustore no asume ninguna responsabilidad por la informaci\u00f3n en los sitios web a los que nos referimos a trav\u00e9s de hiperv\u00ednculos. <\/span><\/p>\r\n<p class=\"tw-data-text tw-ta tw-text-small\" dir=\"ltr\" data-placeholder=\"Translation\"><span lang=\"es\">Los pigmentos de color de la fuente se mezclan a mano, por lo que pueden surgir peque\u00f1as diferencias de color en nuestra foto de la p\u00e1gina de inicio. No damos reembolsos si la solicitud se debe a diferencias de color.<\/span><\/p>\r\n\r\n<h2><strong>Ofertas especiales y descuentos<\/strong><\/h2>\r\nLas ofertas especiales y promociones son por tiempo limitado y aplican solo a los productos mencionados en cada oferta. Los descuentos no son transferibles y no pueden canjearse por dinero en efectivo. No es posible combinar varias ofertas, descuentos o cupones, salvo que se indique expresamente. Cada promoci\u00f3n es v\u00e1lida solo una vez por cliente. En caso de malentendidos o problemas con la aplicaci\u00f3n de los descuentos, nos reservamos el derecho de cancelar o modificar el descuento.\r\n<h2 dir=\"ltr\" data-placeholder=\"Translation\"><span class=\"VIiyi\" lang=\"es\"><span class=\"JLqJ4b ChMk0b\" data-language-for-alternatives=\"es\" data-language-to-translate-into=\"auto\" data-phrase-index=\"0\">Pol\u00edtica de devoluci\u00f3n de 14 d\u00edas<\/span><\/span><\/h2>\r\n<span class=\"VIiyi\" lang=\"es\"><span class=\"JLqJ4b ChMk0b\" data-language-for-alternatives=\"es\" data-language-to-translate-into=\"auto\" data-phrase-index=\"2\">Seg\u00fan la legislaci\u00f3n de la UE, cada cliente tiene derecho a cancelar cualquier pedido dentro de los 14 d\u00edas posteriores a la recepci\u00f3n de cualquier producto.<\/span> <span class=\"JLqJ4b ChMk0b\" data-language-for-alternatives=\"es\" data-language-to-translate-into=\"auto\" data-phrase-index=\"3\">Para ser elegible para una devoluci\u00f3n, su art\u00edculo debe estar en las mismas condiciones en que lo recibi\u00f3 y con el embalaje original.<\/span><\/span>\r\n\r\n&nbsp;\r\n\r\n<span class=\"VIiyi\" lang=\"es\"><span class=\"JLqJ4b ChMk0b\" data-language-for-alternatives=\"es\" data-language-to-translate-into=\"auto\" data-phrase-index=\"5\">Para devolver su producto, cont\u00e1ctenos en support@miaustore.com.<\/span><\/span><br class=\"clear\" \/><br class=\"clear\" \/>\r\n\r\n&nbsp;\r\n\r\n<span class=\"VIiyi\" lang=\"es\"><span class=\"JLqJ4b ChMk0b\" data-language-for-alternatives=\"es\" data-language-to-translate-into=\"auto\" data-phrase-index=\"7\">El cliente es responsable de los gastos de env\u00edo.<\/span><\/span>\r\n\r\n&nbsp;\r\n<p style=\"text-align: left;\"><span class=\"VIiyi\" lang=\"es\"><span class=\"JLqJ4b ChMk0b\" data-language-for-alternatives=\"es\" data-language-to-translate-into=\"auto\" data-phrase-index=\"9\">Por favor, en caso de devoluci\u00f3n ponganse en contacto con nosotros: support@miaustore.com<\/span><\/span><\/p>\r\n&nbsp;\r\n\r\n&nbsp;\r\n<h2 class=\"tw-data-text tw-ta tw-text-small\" dir=\"ltr\" data-placeholder=\"Translation\"><span lang=\"es\"><strong>Garant\u00eda de aceptaci\u00f3n 1 a\u00f1o<\/strong> <\/span><\/h2>\r\n&nbsp;\r\n<p class=\"tw-data-text tw-ta tw-text-small\" dir=\"ltr\" data-placeholder=\"Translation\"><span lang=\"es\">Miaustore S.L. Ofrece, desde 01. Noviembre 2018, a sus clientes una garant\u00eda de aceptaci\u00f3n de 1 a\u00f1o. Si la fuente no es aceptado por el gato o una de las promesas de Miaustore S.L. no se cumple (limpieza simple, alta calidad, f\u00e1cil rellenado, seguridad, etc.) para que el comprador pueda devolver la fuente dentro del per\u00edodo de 1 a\u00f1o y recuperar el dinero para la fuente. <\/span><\/p>\r\n<p dir=\"ltr\" data-placeholder=\"Translation\"><span lang=\"es\">El producto tiene que estar en perfecto estado y con su embalaje original. <\/span><\/p>\r\n<p dir=\"ltr\" data-placeholder=\"Translation\">Para regresar el producto puede contactar a support@miaustore.com<\/p>\r\n<p class=\"tw-data-text tw-ta tw-text-small\" dir=\"ltr\" data-placeholder=\"Translation\"><span lang=\"es\">Los gastos de devoluci\u00f3n correr\u00e1n a cargo del comprador. <\/span><\/p>\r\n<p dir=\"ltr\" data-placeholder=\"Translation\">Abstenerse de enviar productos que no sean la fuente a nuestro almac\u00e9n. Si devuelve otros productos, no podemos tenerlos en cuenta y es posible que deba pagar el costo total de devoluci\u00f3n si desea que se le devuelvan estos productos.<\/p>\r\n<p class=\"tw-data-text tw-ta tw-text-small\" dir=\"ltr\" style=\"text-align: left;\" data-placeholder=\"Translation\"><span lang=\"es\">Por favor, en caso de devoluci\u00f3n ponganse en contacto con nosotros: support@miaustore.com<\/span><\/p>\r\n<p class=\"tw-data-text tw-ta tw-text-small\" dir=\"ltr\" data-placeholder=\"Translation\"><span lang=\"es\">\u00a0<span class=\"VIiyi\" lang=\"es\"><span class=\"JLqJ4b ChMk0b\" data-language-for-alternatives=\"es\" data-language-to-translate-into=\"auto\" data-phrase-index=\"0\">No hay reembolso por art\u00edculos personalizados como el grabado fuente.<\/span> <\/span><\/span><\/p>\r\n<p dir=\"ltr\" data-placeholder=\"Translation\">Se excluye una cesi\u00f3n de la garant\u00eda de aceptaci\u00f3n a terceros.<\/p>\r\n<p class=\"tw-data-text tw-ta tw-text-small\" dir=\"ltr\" data-placeholder=\"Translation\"><span lang=\"es\"><span class=\"VIiyi\" lang=\"es\"> <span class=\"JLqJ4b ChMk0b\" data-language-for-alternatives=\"es\" data-language-to-translate-into=\"auto\" data-phrase-index=\"2\">* La garant\u00eda de 2 a\u00f1os cubre las partes da\u00f1adas de la bomba mostrando una foto de la parte rota.<\/span> <span class=\"JLqJ4b ChMk0b\" data-language-for-alternatives=\"es\" data-language-to-translate-into=\"auto\" data-phrase-index=\"3\">Si una pieza se pierde o se tira, a\u00fan es posible comprar piezas de repuesto de la bomba en el sitio web.<\/span><\/span>\u00a0<\/span><\/p>\r\n\r\n<h2 dir=\"ltr\" data-placeholder=\"Translation\"><span class=\"tlid-translation translation\" lang=\"es\">10 a\u00f1os de garant\u00eda<\/span><\/h2>\r\n<span class=\"tlid-translation translation\" lang=\"es\">Desde el d\u00eda de la compra, la garant\u00eda cubre todos los gastos de env\u00edo relacionados con el pozo. En resumen, la garant\u00eda cubre:<br class=\"clear\" \/>&#8211; Una fuente, compre una garant\u00eda adicional si tiene m\u00e1s de una fuente<br class=\"clear\" \/>&#8211; Componentes de pl\u00e1stico 3D del pozo.<br class=\"clear\" \/>&#8211; Bomba de agua<br class=\"clear\" \/>&#8211; adaptador USB<\/span><br class=\"clear\" \/><br class=\"clear\" \/>\r\n\r\n&nbsp;\r\n\r\n<span class=\"tlid-translation translation\" lang=\"es\">La garant\u00eda no se aplica a:<br class=\"clear\" \/>&#8211; Fracturas de cer\u00e1mica despu\u00e9s de 6 meses (as\u00ed como sin reemplazo para las fracturas de cer\u00e1mica que no restringen el uso del pozo, por ejemplo, astillado, da\u00f1o a la cer\u00e1mica, las llamadas imperfecciones)<br class=\"clear\" \/>&#8211; Destrucci\u00f3n negligente y descuido de pozos, componentes pl\u00e1sticos 3D del pozo, bomba de agua, adaptador<br class=\"clear\" \/>&#8211; Art\u00edculos adicionales comprados en miaustore.com<br class=\"clear\" \/>&#8211; Garant\u00edas legales<br class=\"clear\" \/>&#8211; Los pigmentos de color de las fuentes se mezclan a mano, por lo que puede haber peque\u00f1as diferencias de color en nuestras fotos en el sitio web. Tenga en cuenta que no emitimos reembolsos en solicitudes de diferencia de color<br class=\"clear\" \/>&#8211; Bombas que no se abren y no se reparan de acuerdo con nuestras instrucciones de limpieza de bombas. Consulte el siguiente documento: Funcionamiento y mantenimiento de la bomba Miaustore <br class=\"clear\" \/>&#8211; Cambios de color en la fuente debido a dep\u00f3sitos de cal<br class=\"clear\" \/>&#8211; Para grabados. Si ha elegido una fuente grabada, solo se reemplazar\u00e1 la fuente. El grabado debe pagarse nuevamente si es necesario.<br class=\"clear\" \/><br class=\"clear\" \/><\/span>\r\n\r\nTenga en cuenta que puede adquirir la garant\u00eda hasta dos semanas despu\u00e9s de la compra.<br class=\"clear\" \/><br class=\"clear\" \/>\r\n\r\nSe excluye una cesi\u00f3n de la garant\u00eda de 10 a\u00f1os a terceros.<br class=\"clear\" \/><br class=\"clear\" \/>\r\n\r\nPara utilizar la fuente correctamente, le recomendamos que utilice agua filtrada. El agua sin filtrar y rica en cal puede da\u00f1ar el motor de la bomba y, por lo tanto, limitar el uso a largo plazo.<br class=\"clear\" \/><br class=\"clear\" \/>\r\n<h2><span class=\"tlid-translation translation\" lang=\"es\">Diferencias de color<\/span><\/h2>\r\n<span class=\"tlid-translation translation\" lang=\"es\">Cada fuente est\u00e1 hecha a mano, por lo que de vez en cuando una fuente no es exactamente del mismo color que en nuestro sitio web. Desafortunadamente, no tenemos ninguna influencia en esto y nos disculpamos. Cada una de nuestras fuentes es artesanal y \u00fanica y se env\u00eda al cliente de esta manera. Las fuentes estampadas como arlequ\u00edn, galaxia y nuez se ven particularmente afectadas por estas irregularidades.<br class=\"clear\" \/><br class=\"clear\" \/><\/span>\r\n\r\nEn el proceso de quema, un pozo no se quema en su totalidad. Las bases y las torres de diferentes alturas se fabrican cada una por separado y varias veces.\r\nLa base, por ejemplo, se produce en 2 procesos. Una vez que la forma se vierte y se cuece y luego se esmalta y se cuece nuevamente en el \u00faltimo paso.\r\nLas torres se vierten en los moldes adecuados, se secan de forma natural, luego se vidrian y se cuecen.\r\nLa base se cuece a diferentes temperaturas que las torres.<br class=\"clear\" \/><br class=\"clear\" \/>\r\n\r\nDebido a que no es posible disparar una fuente en su conjunto, a veces hay diferencias de color. \u00c9stos se deben a que las torres o bases que est\u00e1n m\u00e1s cerca del borde de los moldes reciben m\u00e1s calor en el horno y por tanto aparecen un poco m\u00e1s brillantes que el resto de torres.\r\n\r\nUna vez que la fuente se ha ensamblado como un todo, puede haber una ligera diferencia de color. Nos disculpamos por cualquier inconveniente. Obtienes un producto de alta calidad y una pieza \u00fanica.<br class=\"clear\" \/><br class=\"clear\" \/>\r\n\r\nAdem\u00e1s, los pigmentos de color de la fuente se mezclan a mano, por lo que puede haber ligeras diferencias de color en las im\u00e1genes de nuestro sitio web o entre las torres individuales. No emitimos reembolsos por consultas sobre la diferencia de color.\r\n<h2><strong>Caracter\u00edsticas Especiales de los Productos Hechos a Mano<\/strong><\/h2>\r\nNuestros productos hechos a mano, especialmente los art\u00edculos de cer\u00e1mica y esmaltados, se distinguen por su artesan\u00eda \u00fanica y producci\u00f3n individual. Como resultado, pueden ocurrir ligeras variaciones en color, forma, tama\u00f1o y textura, que son inherentes al proceso de producci\u00f3n. Tales irregularidades relacionadas con la producci\u00f3n, como peque\u00f1as imperfecciones, diferencias de color o burbujas de aire menores en el esmalte, no constituyen defectos, sino que resaltan el car\u00e1cter \u00fanico del producto.\r\n\r\nEstas variaciones no son motivo de reclamaci\u00f3n, siempre que no afecten la funcionalidad del producto y est\u00e9n dentro de las tolerancias est\u00e1ndar de la industria.\r\n<h2><span class=\"tlid-translation translation\" lang=\"es\"><span class=\"\" title=\"\">El agua calc\u00e1rea da\u00f1a la bomba<\/span><\/span><\/h2>\r\nEl cuidado y la limpieza adecuados pueden evitarlo. El agua del grifo es calc\u00e1rea. Algunas zonas est\u00e1n menos expuestas, otras est\u00e1n m\u00e1s cargadas de cal.\r\n\r\nSi usa agua dura para encender la fuente, tarde o temprano la bomba dejar\u00e1 de funcionar porque los espacios entre la bomba y el rotor est\u00e1n calcificados. En este punto, recomendamos el uso de agua sin gas de la botella o al menos filtrar el agua del grifo de antemano.\r\n\r\nPuede usar vinagre o lim\u00f3n para limpiar la bomba y eliminar la cal y otros minerales.\r\nSi la bomba ha dejado de funcionar, <a href=\"https:\/\/miaustore.com\/es\/mantenimiento-la-bomba.html\">estos consejos<\/a> ayudar\u00e1n a que la bomba vuelva a funcionar (para bombas negras, p\u00f3ngase en contacto con support@miaustore.com para obtener m\u00e1s consejos).","protected":false},"excerpt":{"rendered":"<p>En estos t\u00e9rminos y condiciones, indicamos bajo qu\u00e9 reservaci\u00f3n le ofrecemos la informaci\u00f3n en nuestro sitio web. Propiedad intelectual El uso de la informaci\u00f3n en este sitio web es gratuito, siempre y cuando no copie, distribuya o utilice o haga un mal uso de esta informaci\u00f3n. Solo puede reutilizar la informaci\u00f3n en este sitio web de acuerdo con las disposiciones &#8230; <\/p>\n<div><a href=\"https:\/\/miaustore.com\/es\/terminos-y-condiciones.html\" class=\"more-link\">Read More<\/a><\/div>\n","protected":false},"author":1,"featured_media":0,"parent":0,"menu_order":0,"comment_status":"closed","ping_status":"closed","template":"","meta":{"_glsr_average":0,"_glsr_ranking":0,"_glsr_reviews":0,"footnotes":""},"class_list":["post-290","page","type-page","status-publish","hentry","no-post-thumbnail"],"yoast_head":"<!-- This site is optimized with the Yoast SEO Premium plugin v26.7 (Yoast SEO v26.7) - https:\/\/yoast.com\/wordpress\/plugins\/seo\/ -->\n<title>T\u00e9rminos y Condiciones - Miaustore Espa\u00f1a Fuente para gatos<\/title>\n<meta name=\"description\" content=\"En esta p\u00e1gina, encontrar\u00e1 los t\u00e9rminos y condiciones de https:\/\/www.miastore.com\/es proporcionados por Miaustore. En estos t\u00e9rminos y condiciones...\" \/>\n<meta name=\"robots\" content=\"index, follow, max-snippet:-1, max-image-preview:large, max-video-preview:-1\" \/>\n<link rel=\"canonical\" href=\"https:\/\/miaustore.com\/es\/terminos-y-condiciones.html\" \/>\n<meta property=\"og:locale\" content=\"es_ES\" \/>\n<meta property=\"og:type\" content=\"article\" \/>\n<meta property=\"og:title\" content=\"T\u00e9rminos y Condiciones\" \/>\n<meta property=\"og:description\" content=\"En esta p\u00e1gina, encontrar\u00e1 los t\u00e9rminos y condiciones de https:\/\/www.miastore.com\/es proporcionados por Miaustore. En estos t\u00e9rminos y condiciones...\" \/>\n<meta property=\"og:url\" content=\"https:\/\/miaustore.com\/es\/terminos-y-condiciones.html\" \/>\n<meta property=\"og:site_name\" content=\"Miaustore Espa\u00f1a\" \/>\n<meta property=\"article:modified_time\" content=\"2024-09-12T14:34:02+00:00\" \/>\n<meta name=\"twitter:card\" content=\"summary_large_image\" \/>\n<meta name=\"twitter:label1\" content=\"Tiempo de lectura\" \/>\n\t<meta name=\"twitter:data1\" content=\"7 minutos\" \/>\n<script type=\"application\/ld+json\" class=\"yoast-schema-graph\">{\"@context\":\"https:\/\/schema.org\",\"@graph\":[{\"@type\":\"WebPage\",\"@id\":\"https:\/\/miaustore.com\/es\/terminos-y-condiciones.html\",\"url\":\"https:\/\/miaustore.com\/es\/terminos-y-condiciones.html\",\"name\":\"T\u00e9rminos y Condiciones - Miaustore Espa\u00f1a Fuente para gatos\",\"isPartOf\":{\"@id\":\"https:\/\/miaustore.com\/es\/#website\"},\"datePublished\":\"2018-05-28T14:13:22+00:00\",\"dateModified\":\"2024-09-12T14:34:02+00:00\",\"description\":\"En esta p\u00e1gina, encontrar\u00e1 los t\u00e9rminos y condiciones de https:\/\/www.miastore.com\/es proporcionados por Miaustore. En estos t\u00e9rminos y condiciones...\",\"breadcrumb\":{\"@id\":\"https:\/\/miaustore.com\/es\/terminos-y-condiciones.html#breadcrumb\"},\"inLanguage\":\"es\",\"potentialAction\":[{\"@type\":\"ReadAction\",\"target\":[\"https:\/\/miaustore.com\/es\/terminos-y-condiciones.html\"]}]},{\"@type\":\"BreadcrumbList\",\"@id\":\"https:\/\/miaustore.com\/es\/terminos-y-condiciones.html#breadcrumb\",\"itemListElement\":[{\"@type\":\"ListItem\",\"position\":1,\"name\":\"Startseite\",\"item\":\"https:\/\/miaustore.com\/es\/\"},{\"@type\":\"ListItem\",\"position\":2,\"name\":\"T\u00e9rminos y Condiciones\"}]},{\"@type\":\"WebSite\",\"@id\":\"https:\/\/miaustore.com\/es\/#website\",\"url\":\"https:\/\/miaustore.com\/es\/\",\"name\":\"Miaustore Espa\u00f1a\",\"description\":\"Miaustore fuente para gatos\",\"publisher\":{\"@id\":\"https:\/\/miaustore.com\/es\/#organization\"},\"potentialAction\":[{\"@type\":\"SearchAction\",\"target\":{\"@type\":\"EntryPoint\",\"urlTemplate\":\"https:\/\/miaustore.com\/es\/?s={search_term_string}\"},\"query-input\":{\"@type\":\"PropertyValueSpecification\",\"valueRequired\":true,\"valueName\":\"search_term_string\"}}],\"inLanguage\":\"es\"},{\"@type\":\"Organization\",\"@id\":\"https:\/\/miaustore.com\/es\/#organization\",\"name\":\"Miaustore\",\"url\":\"https:\/\/miaustore.com\/es\/\",\"logo\":{\"@type\":\"ImageObject\",\"inLanguage\":\"es\",\"@id\":\"https:\/\/miaustore.com\/es\/#\/schema\/logo\/image\/\",\"url\":\"https:\/\/miaustore.com\/es\/wp-content\/uploads\/sites\/7\/2018\/02\/miaustore-logo-compressed.jpg\",\"contentUrl\":\"https:\/\/miaustore.com\/es\/wp-content\/uploads\/sites\/7\/2018\/02\/miaustore-logo-compressed.jpg\",\"width\":500,\"height\":182,\"caption\":\"Miaustore\"},\"image\":{\"@id\":\"https:\/\/miaustore.com\/es\/#\/schema\/logo\/image\/\"}}]}<\/script>\n<!-- \/ Yoast SEO Premium plugin. -->","yoast_head_json":{"title":"T\u00e9rminos y Condiciones - Miaustore Espa\u00f1a Fuente para gatos","description":"En esta p\u00e1gina, encontrar\u00e1 los t\u00e9rminos y condiciones de https:\/\/www.miastore.com\/es proporcionados por Miaustore. En estos t\u00e9rminos y condiciones...","robots":{"index":"index","follow":"follow","max-snippet":"max-snippet:-1","max-image-preview":"max-image-preview:large","max-video-preview":"max-video-preview:-1"},"canonical":"https:\/\/miaustore.com\/es\/terminos-y-condiciones.html","og_locale":"es_ES","og_type":"article","og_title":"T\u00e9rminos y Condiciones","og_description":"En esta p\u00e1gina, encontrar\u00e1 los t\u00e9rminos y condiciones de https:\/\/www.miastore.com\/es proporcionados por Miaustore. En estos t\u00e9rminos y condiciones...","og_url":"https:\/\/miaustore.com\/es\/terminos-y-condiciones.html","og_site_name":"Miaustore Espa\u00f1a","article_modified_time":"2024-09-12T14:34:02+00:00","twitter_card":"summary_large_image","twitter_misc":{"Tiempo de lectura":"7 minutos"},"schema":{"@context":"https:\/\/schema.org","@graph":[{"@type":"WebPage","@id":"https:\/\/miaustore.com\/es\/terminos-y-condiciones.html","url":"https:\/\/miaustore.com\/es\/terminos-y-condiciones.html","name":"T\u00e9rminos y Condiciones - Miaustore Espa\u00f1a Fuente para gatos","isPartOf":{"@id":"https:\/\/miaustore.com\/es\/#website"},"datePublished":"2018-05-28T14:13:22+00:00","dateModified":"2024-09-12T14:34:02+00:00","description":"En esta p\u00e1gina, encontrar\u00e1 los t\u00e9rminos y condiciones de https:\/\/www.miastore.com\/es proporcionados por Miaustore. En estos t\u00e9rminos y condiciones...","breadcrumb":{"@id":"https:\/\/miaustore.com\/es\/terminos-y-condiciones.html#breadcrumb"},"inLanguage":"es","potentialAction":[{"@type":"ReadAction","target":["https:\/\/miaustore.com\/es\/terminos-y-condiciones.html"]}]},{"@type":"BreadcrumbList","@id":"https:\/\/miaustore.com\/es\/terminos-y-condiciones.html#breadcrumb","itemListElement":[{"@type":"ListItem","position":1,"name":"Startseite","item":"https:\/\/miaustore.com\/es\/"},{"@type":"ListItem","position":2,"name":"T\u00e9rminos y Condiciones"}]},{"@type":"WebSite","@id":"https:\/\/miaustore.com\/es\/#website","url":"https:\/\/miaustore.com\/es\/","name":"Miaustore Espa\u00f1a","description":"Miaustore fuente para gatos","publisher":{"@id":"https:\/\/miaustore.com\/es\/#organization"},"potentialAction":[{"@type":"SearchAction","target":{"@type":"EntryPoint","urlTemplate":"https:\/\/miaustore.com\/es\/?s={search_term_string}"},"query-input":{"@type":"PropertyValueSpecification","valueRequired":true,"valueName":"search_term_string"}}],"inLanguage":"es"},{"@type":"Organization","@id":"https:\/\/miaustore.com\/es\/#organization","name":"Miaustore","url":"https:\/\/miaustore.com\/es\/","logo":{"@type":"ImageObject","inLanguage":"es","@id":"https:\/\/miaustore.com\/es\/#\/schema\/logo\/image\/","url":"https:\/\/miaustore.com\/es\/wp-content\/uploads\/sites\/7\/2018\/02\/miaustore-logo-compressed.jpg","contentUrl":"https:\/\/miaustore.com\/es\/wp-content\/uploads\/sites\/7\/2018\/02\/miaustore-logo-compressed.jpg","width":500,"height":182,"caption":"Miaustore"},"image":{"@id":"https:\/\/miaustore.com\/es\/#\/schema\/logo\/image\/"}}]}},"_links":{"self":[{"href":"https:\/\/miaustore.com\/es\/wp-json\/wp\/v2\/pages\/290","targetHints":{"allow":["GET"]}}],"collection":[{"href":"https:\/\/miaustore.com\/es\/wp-json\/wp\/v2\/pages"}],"about":[{"href":"https:\/\/miaustore.com\/es\/wp-json\/wp\/v2\/types\/page"}],"author":[{"embeddable":true,"href":"https:\/\/miaustore.com\/es\/wp-json\/wp\/v2\/users\/1"}],"replies":[{"embeddable":true,"href":"https:\/\/miaustore.com\/es\/wp-json\/wp\/v2\/comments?post=290"}],"version-history":[{"count":22,"href":"https:\/\/miaustore.com\/es\/wp-json\/wp\/v2\/pages\/290\/revisions"}],"predecessor-version":[{"id":614916,"href":"https:\/\/miaustore.com\/es\/wp-json\/wp\/v2\/pages\/290\/revisions\/614916"}],"wp:attachment":[{"href":"https:\/\/miaustore.com\/es\/wp-json\/wp\/v2\/media?parent=290"}],"curies":[{"name":"wp","href":"https:\/\/api.w.org\/{rel}","templated":true}]}}