{"id":654,"date":"2019-01-02T10:34:39","date_gmt":"2019-01-02T10:34:39","guid":{"rendered":"https:\/\/miaustore.com\/es\/?page_id=654"},"modified":"2024-03-19T14:37:27","modified_gmt":"2024-03-19T14:37:27","slug":"personalizar","status":"publish","type":"page","link":"https:\/\/miaustore.com\/es\/personalizar.html","title":{"rendered":"Customise"},"content":{"rendered":"<div id=\"cs-content\" class=\"cs-content\"><\/div>","protected":false},"excerpt":{"rendered":"","protected":false},"author":1,"featured_media":0,"parent":0,"menu_order":0,"comment_status":"closed","ping_status":"closed","template":"template-blank-3.php","meta":{"_glsr_average":0,"_glsr_ranking":0,"_glsr_reviews":0,"footnotes":""},"class_list":["post-654","page","type-page","status-publish","hentry","no-post-thumbnail"],"yoast_head":"<!-- This site is optimized with the Yoast SEO Premium plugin v26.7 (Yoast SEO v26.7) - https:\/\/yoast.com\/wordpress\/plugins\/seo\/ -->\n<title>Personalizaci\u00f3n de la fuente de agua de tu gato - Miaustore Espa\u00f1a<\/title>\n<meta name=\"description\" content=\"Personalice su fuente de agua de cer\u00e1mica para gatos eligiendo su color y agregando accesorios como sensores de movimiento o tapetes impermeables y m\u00e1s.\" \/>\n<meta name=\"robots\" content=\"noindex, follow\" \/>\n<meta property=\"og:locale\" content=\"es_ES\" \/>\n<meta property=\"og:type\" content=\"article\" \/>\n<meta property=\"og:title\" content=\"Customise\" \/>\n<meta property=\"og:description\" content=\"Personalice su fuente de agua de cer\u00e1mica para gatos eligiendo su color y agregando accesorios como sensores de movimiento o tapetes impermeables y m\u00e1s.\" \/>\n<meta property=\"og:url\" content=\"https:\/\/miaustore.com\/es\/personalizar.html\" \/>\n<meta property=\"og:site_name\" content=\"Miaustore Espa\u00f1a\" \/>\n<meta property=\"article:modified_time\" content=\"2024-03-19T14:37:27+00:00\" \/>\n<meta property=\"og:image\" content=\"https:\/\/miaustore.com\/uk\/wp-content\/uploads\/sites\/3\/2018\/02\/blue.png\" \/>\n<meta name=\"twitter:card\" content=\"summary_large_image\" \/>\n<meta name=\"twitter:label1\" content=\"Tiempo de lectura\" \/>\n\t<meta name=\"twitter:data1\" content=\"6 minutos\" \/>\n<script type=\"application\/ld+json\" class=\"yoast-schema-graph\">{\"@context\":\"https:\/\/schema.org\",\"@graph\":[{\"@type\":\"WebPage\",\"@id\":\"https:\/\/miaustore.com\/es\/personalizar.html\",\"url\":\"https:\/\/miaustore.com\/es\/personalizar.html\",\"name\":\"Personalizaci\u00f3n de la fuente de agua de tu gato - Miaustore Espa\u00f1a\",\"isPartOf\":{\"@id\":\"https:\/\/miaustore.com\/es\/#website\"},\"primaryImageOfPage\":{\"@id\":\"https:\/\/miaustore.com\/es\/personalizar.html#primaryimage\"},\"image\":{\"@id\":\"https:\/\/miaustore.com\/es\/personalizar.html#primaryimage\"},\"thumbnailUrl\":\"https:\/\/miaustore.com\/uk\/wp-content\/uploads\/sites\/3\/2018\/02\/blue.png\",\"datePublished\":\"2019-01-02T10:34:39+00:00\",\"dateModified\":\"2024-03-19T14:37:27+00:00\",\"description\":\"Personalice su fuente de agua de cer\u00e1mica para gatos eligiendo su color y agregando accesorios como sensores de movimiento o tapetes impermeables y m\u00e1s.\",\"breadcrumb\":{\"@id\":\"https:\/\/miaustore.com\/es\/personalizar.html#breadcrumb\"},\"inLanguage\":\"es\",\"potentialAction\":[{\"@type\":\"ReadAction\",\"target\":[\"https:\/\/miaustore.com\/es\/personalizar.html\"]}]},{\"@type\":\"ImageObject\",\"inLanguage\":\"es\",\"@id\":\"https:\/\/miaustore.com\/es\/personalizar.html#primaryimage\",\"url\":\"https:\/\/miaustore.com\/uk\/wp-content\/uploads\/sites\/3\/2018\/02\/blue.png\",\"contentUrl\":\"https:\/\/miaustore.com\/uk\/wp-content\/uploads\/sites\/3\/2018\/02\/blue.png\"},{\"@type\":\"BreadcrumbList\",\"@id\":\"https:\/\/miaustore.com\/es\/personalizar.html#breadcrumb\",\"itemListElement\":[{\"@type\":\"ListItem\",\"position\":1,\"name\":\"Startseite\",\"item\":\"https:\/\/miaustore.com\/es\/\"},{\"@type\":\"ListItem\",\"position\":2,\"name\":\"Customise\"}]},{\"@type\":\"WebSite\",\"@id\":\"https:\/\/miaustore.com\/es\/#website\",\"url\":\"https:\/\/miaustore.com\/es\/\",\"name\":\"Miaustore Espa\u00f1a\",\"description\":\"Miaustore fuente para gatos\",\"publisher\":{\"@id\":\"https:\/\/miaustore.com\/es\/#organization\"},\"potentialAction\":[{\"@type\":\"SearchAction\",\"target\":{\"@type\":\"EntryPoint\",\"urlTemplate\":\"https:\/\/miaustore.com\/es\/?s={search_term_string}\"},\"query-input\":{\"@type\":\"PropertyValueSpecification\",\"valueRequired\":true,\"valueName\":\"search_term_string\"}}],\"inLanguage\":\"es\"},{\"@type\":\"Organization\",\"@id\":\"https:\/\/miaustore.com\/es\/#organization\",\"name\":\"Miaustore\",\"url\":\"https:\/\/miaustore.com\/es\/\",\"logo\":{\"@type\":\"ImageObject\",\"inLanguage\":\"es\",\"@id\":\"https:\/\/miaustore.com\/es\/#\/schema\/logo\/image\/\",\"url\":\"https:\/\/miaustore.com\/es\/wp-content\/uploads\/sites\/7\/2018\/02\/miaustore-logo-compressed.jpg\",\"contentUrl\":\"https:\/\/miaustore.com\/es\/wp-content\/uploads\/sites\/7\/2018\/02\/miaustore-logo-compressed.jpg\",\"width\":500,\"height\":182,\"caption\":\"Miaustore\"},\"image\":{\"@id\":\"https:\/\/miaustore.com\/es\/#\/schema\/logo\/image\/\"}}]}<\/script>\n<!-- \/ Yoast SEO Premium plugin. -->","yoast_head_json":{"title":"Personalizaci\u00f3n de la fuente de agua de tu gato - Miaustore Espa\u00f1a","description":"Personalice su fuente de agua de cer\u00e1mica para gatos eligiendo su color y agregando accesorios como sensores de movimiento o tapetes impermeables y m\u00e1s.","robots":{"index":"noindex","follow":"follow"},"og_locale":"es_ES","og_type":"article","og_title":"Customise","og_description":"Personalice su fuente de agua de cer\u00e1mica para gatos eligiendo su color y agregando accesorios como sensores de movimiento o tapetes impermeables y m\u00e1s.","og_url":"https:\/\/miaustore.com\/es\/personalizar.html","og_site_name":"Miaustore Espa\u00f1a","article_modified_time":"2024-03-19T14:37:27+00:00","og_image":[{"url":"https:\/\/miaustore.com\/uk\/wp-content\/uploads\/sites\/3\/2018\/02\/blue.png","type":"","width":"","height":""}],"twitter_card":"summary_large_image","twitter_misc":{"Tiempo de lectura":"6 minutos"},"schema":{"@context":"https:\/\/schema.org","@graph":[{"@type":"WebPage","@id":"https:\/\/miaustore.com\/es\/personalizar.html","url":"https:\/\/miaustore.com\/es\/personalizar.html","name":"Personalizaci\u00f3n de la fuente de agua de tu gato - Miaustore Espa\u00f1a","isPartOf":{"@id":"https:\/\/miaustore.com\/es\/#website"},"primaryImageOfPage":{"@id":"https:\/\/miaustore.com\/es\/personalizar.html#primaryimage"},"image":{"@id":"https:\/\/miaustore.com\/es\/personalizar.html#primaryimage"},"thumbnailUrl":"https:\/\/miaustore.com\/uk\/wp-content\/uploads\/sites\/3\/2018\/02\/blue.png","datePublished":"2019-01-02T10:34:39+00:00","dateModified":"2024-03-19T14:37:27+00:00","description":"Personalice su fuente de agua de cer\u00e1mica para gatos eligiendo su color y agregando accesorios como sensores de movimiento o tapetes impermeables y m\u00e1s.","breadcrumb":{"@id":"https:\/\/miaustore.com\/es\/personalizar.html#breadcrumb"},"inLanguage":"es","potentialAction":[{"@type":"ReadAction","target":["https:\/\/miaustore.com\/es\/personalizar.html"]}]},{"@type":"ImageObject","inLanguage":"es","@id":"https:\/\/miaustore.com\/es\/personalizar.html#primaryimage","url":"https:\/\/miaustore.com\/uk\/wp-content\/uploads\/sites\/3\/2018\/02\/blue.png","contentUrl":"https:\/\/miaustore.com\/uk\/wp-content\/uploads\/sites\/3\/2018\/02\/blue.png"},{"@type":"BreadcrumbList","@id":"https:\/\/miaustore.com\/es\/personalizar.html#breadcrumb","itemListElement":[{"@type":"ListItem","position":1,"name":"Startseite","item":"https:\/\/miaustore.com\/es\/"},{"@type":"ListItem","position":2,"name":"Customise"}]},{"@type":"WebSite","@id":"https:\/\/miaustore.com\/es\/#website","url":"https:\/\/miaustore.com\/es\/","name":"Miaustore Espa\u00f1a","description":"Miaustore fuente para gatos","publisher":{"@id":"https:\/\/miaustore.com\/es\/#organization"},"potentialAction":[{"@type":"SearchAction","target":{"@type":"EntryPoint","urlTemplate":"https:\/\/miaustore.com\/es\/?s={search_term_string}"},"query-input":{"@type":"PropertyValueSpecification","valueRequired":true,"valueName":"search_term_string"}}],"inLanguage":"es"},{"@type":"Organization","@id":"https:\/\/miaustore.com\/es\/#organization","name":"Miaustore","url":"https:\/\/miaustore.com\/es\/","logo":{"@type":"ImageObject","inLanguage":"es","@id":"https:\/\/miaustore.com\/es\/#\/schema\/logo\/image\/","url":"https:\/\/miaustore.com\/es\/wp-content\/uploads\/sites\/7\/2018\/02\/miaustore-logo-compressed.jpg","contentUrl":"https:\/\/miaustore.com\/es\/wp-content\/uploads\/sites\/7\/2018\/02\/miaustore-logo-compressed.jpg","width":500,"height":182,"caption":"Miaustore"},"image":{"@id":"https:\/\/miaustore.com\/es\/#\/schema\/logo\/image\/"}}]}},"_links":{"self":[{"href":"https:\/\/miaustore.com\/es\/wp-json\/wp\/v2\/pages\/654","targetHints":{"allow":["GET"]}}],"collection":[{"href":"https:\/\/miaustore.com\/es\/wp-json\/wp\/v2\/pages"}],"about":[{"href":"https:\/\/miaustore.com\/es\/wp-json\/wp\/v2\/types\/page"}],"author":[{"embeddable":true,"href":"https:\/\/miaustore.com\/es\/wp-json\/wp\/v2\/users\/1"}],"replies":[{"embeddable":true,"href":"https:\/\/miaustore.com\/es\/wp-json\/wp\/v2\/comments?post=654"}],"version-history":[{"count":56,"href":"https:\/\/miaustore.com\/es\/wp-json\/wp\/v2\/pages\/654\/revisions"}],"predecessor-version":[{"id":611377,"href":"https:\/\/miaustore.com\/es\/wp-json\/wp\/v2\/pages\/654\/revisions\/611377"}],"wp:attachment":[{"href":"https:\/\/miaustore.com\/es\/wp-json\/wp\/v2\/media?parent=654"}],"curies":[{"name":"wp","href":"https:\/\/api.w.org\/{rel}","templated":true}]}}