{"id":818,"date":"2019-02-08T10:37:48","date_gmt":"2019-02-08T10:37:48","guid":{"rendered":"https:\/\/miaustore.com\/es\/?page_id=818"},"modified":"2020-01-29T11:27:31","modified_gmt":"2020-01-29T11:27:31","slug":"afiliar-colaboracion","status":"publish","type":"page","link":"https:\/\/miaustore.com\/es\/afiliar-colaboracion.html","title":{"rendered":"Afiliar colaboraci\u00f3n"},"content":{"rendered":"Gane dinero como afiliado con nuestro programa de afiliados de Miaustore sin grandes gastos y riesgos.\r\n\r\nPara participar con \u00e9xito en nuestro programa de afiliados, necesita su propio sitio web o un canal de medios sociales adecuado.\r\n\r\nSi estas interesado y obtenes m\u00e1s informaci\u00f3n, cont\u00e1ctanos.\r\n\r\n\u00a1Gracias por su inter\u00e9s en convertirse en un socio afiliado!\r\n\r\n&nbsp;\r\n<h3>Afiliado login<\/h3>\r\nPlease Login to View\/Submit Affiliate Request <a href=https:\/\/miaustore.com\/es\/my-account.html?redirect_to=miaustore.com\/es\/afiliar-colaboracion.html>My account<\/a>","protected":false},"excerpt":{"rendered":"<p>Gane dinero como afiliado con nuestro programa de afiliados de Miaustore sin grandes gastos y riesgos. Para participar con \u00e9xito en nuestro programa de afiliados, necesita su propio sitio web o un canal de medios sociales adecuado. Si estas interesado y obtenes m\u00e1s informaci\u00f3n, cont\u00e1ctanos. \u00a1Gracias por su inter\u00e9s en convertirse en un socio afiliado! &nbsp; Afiliado login<\/p>\n","protected":false},"author":1,"featured_media":0,"parent":0,"menu_order":0,"comment_status":"closed","ping_status":"closed","template":"","meta":{"_glsr_average":0,"_glsr_ranking":0,"_glsr_reviews":0,"footnotes":""},"class_list":["post-818","page","type-page","status-publish","hentry","no-post-thumbnail"],"yoast_head":"<!-- This site is optimized with the Yoast SEO Premium plugin v26.7 (Yoast SEO v26.7) - https:\/\/yoast.com\/wordpress\/plugins\/seo\/ -->\n<title>Afiliar colaboraci\u00f3n - Miaustore Espa\u00f1a<\/title>\n<meta name=\"robots\" content=\"noindex, follow\" \/>\n<meta property=\"og:locale\" content=\"es_ES\" \/>\n<meta property=\"og:type\" content=\"article\" \/>\n<meta property=\"og:title\" content=\"Afiliar colaboraci\u00f3n\" \/>\n<meta property=\"og:description\" content=\"Gane dinero como afiliado con nuestro programa de afiliados de Miaustore sin grandes gastos y riesgos. Para participar con \u00e9xito en nuestro programa de afiliados, necesita su propio sitio web o un canal de medios sociales adecuado. Si estas interesado y obtenes m\u00e1s informaci\u00f3n, cont\u00e1ctanos. \u00a1Gracias por su inter\u00e9s en convertirse en un socio afiliado! &nbsp; Afiliado login\" \/>\n<meta property=\"og:url\" content=\"https:\/\/miaustore.com\/es\/afiliar-colaboracion.html\" \/>\n<meta property=\"og:site_name\" content=\"Miaustore Espa\u00f1a\" \/>\n<meta property=\"article:modified_time\" content=\"2020-01-29T11:27:31+00:00\" \/>\n<meta name=\"twitter:card\" content=\"summary_large_image\" \/>\n<script type=\"application\/ld+json\" class=\"yoast-schema-graph\">{\"@context\":\"https:\/\/schema.org\",\"@graph\":[{\"@type\":\"WebPage\",\"@id\":\"https:\/\/miaustore.com\/es\/afiliar-colaboracion.html\",\"url\":\"https:\/\/miaustore.com\/es\/afiliar-colaboracion.html\",\"name\":\"Afiliar colaboraci\u00f3n - Miaustore Espa\u00f1a\",\"isPartOf\":{\"@id\":\"https:\/\/miaustore.com\/es\/#website\"},\"datePublished\":\"2019-02-08T10:37:48+00:00\",\"dateModified\":\"2020-01-29T11:27:31+00:00\",\"breadcrumb\":{\"@id\":\"https:\/\/miaustore.com\/es\/afiliar-colaboracion.html#breadcrumb\"},\"inLanguage\":\"es\",\"potentialAction\":[{\"@type\":\"ReadAction\",\"target\":[\"https:\/\/miaustore.com\/es\/afiliar-colaboracion.html\"]}]},{\"@type\":\"BreadcrumbList\",\"@id\":\"https:\/\/miaustore.com\/es\/afiliar-colaboracion.html#breadcrumb\",\"itemListElement\":[{\"@type\":\"ListItem\",\"position\":1,\"name\":\"Startseite\",\"item\":\"https:\/\/miaustore.com\/es\/\"},{\"@type\":\"ListItem\",\"position\":2,\"name\":\"Afiliar colaboraci\u00f3n\"}]},{\"@type\":\"WebSite\",\"@id\":\"https:\/\/miaustore.com\/es\/#website\",\"url\":\"https:\/\/miaustore.com\/es\/\",\"name\":\"Miaustore Espa\u00f1a\",\"description\":\"Miaustore fuente para gatos\",\"publisher\":{\"@id\":\"https:\/\/miaustore.com\/es\/#organization\"},\"potentialAction\":[{\"@type\":\"SearchAction\",\"target\":{\"@type\":\"EntryPoint\",\"urlTemplate\":\"https:\/\/miaustore.com\/es\/?s={search_term_string}\"},\"query-input\":{\"@type\":\"PropertyValueSpecification\",\"valueRequired\":true,\"valueName\":\"search_term_string\"}}],\"inLanguage\":\"es\"},{\"@type\":\"Organization\",\"@id\":\"https:\/\/miaustore.com\/es\/#organization\",\"name\":\"Miaustore\",\"url\":\"https:\/\/miaustore.com\/es\/\",\"logo\":{\"@type\":\"ImageObject\",\"inLanguage\":\"es\",\"@id\":\"https:\/\/miaustore.com\/es\/#\/schema\/logo\/image\/\",\"url\":\"https:\/\/miaustore.com\/es\/wp-content\/uploads\/sites\/7\/2018\/02\/miaustore-logo-compressed.jpg\",\"contentUrl\":\"https:\/\/miaustore.com\/es\/wp-content\/uploads\/sites\/7\/2018\/02\/miaustore-logo-compressed.jpg\",\"width\":500,\"height\":182,\"caption\":\"Miaustore\"},\"image\":{\"@id\":\"https:\/\/miaustore.com\/es\/#\/schema\/logo\/image\/\"}}]}<\/script>\n<!-- \/ Yoast SEO Premium plugin. -->","yoast_head_json":{"title":"Afiliar colaboraci\u00f3n - Miaustore Espa\u00f1a","robots":{"index":"noindex","follow":"follow"},"og_locale":"es_ES","og_type":"article","og_title":"Afiliar colaboraci\u00f3n","og_description":"Gane dinero como afiliado con nuestro programa de afiliados de Miaustore sin grandes gastos y riesgos. Para participar con \u00e9xito en nuestro programa de afiliados, necesita su propio sitio web o un canal de medios sociales adecuado. Si estas interesado y obtenes m\u00e1s informaci\u00f3n, cont\u00e1ctanos. \u00a1Gracias por su inter\u00e9s en convertirse en un socio afiliado! &nbsp; Afiliado login","og_url":"https:\/\/miaustore.com\/es\/afiliar-colaboracion.html","og_site_name":"Miaustore Espa\u00f1a","article_modified_time":"2020-01-29T11:27:31+00:00","twitter_card":"summary_large_image","schema":{"@context":"https:\/\/schema.org","@graph":[{"@type":"WebPage","@id":"https:\/\/miaustore.com\/es\/afiliar-colaboracion.html","url":"https:\/\/miaustore.com\/es\/afiliar-colaboracion.html","name":"Afiliar colaboraci\u00f3n - Miaustore Espa\u00f1a","isPartOf":{"@id":"https:\/\/miaustore.com\/es\/#website"},"datePublished":"2019-02-08T10:37:48+00:00","dateModified":"2020-01-29T11:27:31+00:00","breadcrumb":{"@id":"https:\/\/miaustore.com\/es\/afiliar-colaboracion.html#breadcrumb"},"inLanguage":"es","potentialAction":[{"@type":"ReadAction","target":["https:\/\/miaustore.com\/es\/afiliar-colaboracion.html"]}]},{"@type":"BreadcrumbList","@id":"https:\/\/miaustore.com\/es\/afiliar-colaboracion.html#breadcrumb","itemListElement":[{"@type":"ListItem","position":1,"name":"Startseite","item":"https:\/\/miaustore.com\/es\/"},{"@type":"ListItem","position":2,"name":"Afiliar colaboraci\u00f3n"}]},{"@type":"WebSite","@id":"https:\/\/miaustore.com\/es\/#website","url":"https:\/\/miaustore.com\/es\/","name":"Miaustore Espa\u00f1a","description":"Miaustore fuente para gatos","publisher":{"@id":"https:\/\/miaustore.com\/es\/#organization"},"potentialAction":[{"@type":"SearchAction","target":{"@type":"EntryPoint","urlTemplate":"https:\/\/miaustore.com\/es\/?s={search_term_string}"},"query-input":{"@type":"PropertyValueSpecification","valueRequired":true,"valueName":"search_term_string"}}],"inLanguage":"es"},{"@type":"Organization","@id":"https:\/\/miaustore.com\/es\/#organization","name":"Miaustore","url":"https:\/\/miaustore.com\/es\/","logo":{"@type":"ImageObject","inLanguage":"es","@id":"https:\/\/miaustore.com\/es\/#\/schema\/logo\/image\/","url":"https:\/\/miaustore.com\/es\/wp-content\/uploads\/sites\/7\/2018\/02\/miaustore-logo-compressed.jpg","contentUrl":"https:\/\/miaustore.com\/es\/wp-content\/uploads\/sites\/7\/2018\/02\/miaustore-logo-compressed.jpg","width":500,"height":182,"caption":"Miaustore"},"image":{"@id":"https:\/\/miaustore.com\/es\/#\/schema\/logo\/image\/"}}]}},"_links":{"self":[{"href":"https:\/\/miaustore.com\/es\/wp-json\/wp\/v2\/pages\/818","targetHints":{"allow":["GET"]}}],"collection":[{"href":"https:\/\/miaustore.com\/es\/wp-json\/wp\/v2\/pages"}],"about":[{"href":"https:\/\/miaustore.com\/es\/wp-json\/wp\/v2\/types\/page"}],"author":[{"embeddable":true,"href":"https:\/\/miaustore.com\/es\/wp-json\/wp\/v2\/users\/1"}],"replies":[{"embeddable":true,"href":"https:\/\/miaustore.com\/es\/wp-json\/wp\/v2\/comments?post=818"}],"version-history":[{"count":7,"href":"https:\/\/miaustore.com\/es\/wp-json\/wp\/v2\/pages\/818\/revisions"}],"predecessor-version":[{"id":832,"href":"https:\/\/miaustore.com\/es\/wp-json\/wp\/v2\/pages\/818\/revisions\/832"}],"wp:attachment":[{"href":"https:\/\/miaustore.com\/es\/wp-json\/wp\/v2\/media?parent=818"}],"curies":[{"name":"wp","href":"https:\/\/api.w.org\/{rel}","templated":true}]}}