{"id":1377,"date":"2021-02-17T18:32:33","date_gmt":"2021-02-17T17:32:33","guid":{"rendered":"https:\/\/miaustore.com\/fi\/?page_id=1377"},"modified":"2025-02-13T22:59:17","modified_gmt":"2025-02-13T21:59:17","slug":"subscription","status":"publish","type":"page","link":"https:\/\/miaustore.com\/fi\/subscription.html","title":{"rendered":"Subscription"},"content":{"rendered":"<div id=\"cs-content\" class=\"cs-content\"><\/div>","protected":false},"excerpt":{"rendered":"<p>Takaisin etusivulle 1. Miaustore kissanruokaMiaustoren pakastekuivattu kissanruoka on yksinkertaisesti tuoretta, luonnonmukaista, vapaana kasvatettua lihaa, josta vesi on haihdutettu. Siin\u00e4 ei ole viljapohjaista t\u00e4yteainetta, ei t\u00e4rkkelyst\u00e4, ei s\u00e4il\u00f6nt\u00e4aineita, ei keinotekoisia makuja. Vain tuoretta lihaa, sek\u00e4 3 % jauhettuja herneit\u00e4 ja salaattia ja 1 % jauhettuja munankuoria kalsiumin ja luun lujuuden lis\u00e4\u00e4miseksi.\u00a0Liha, jossa on n\u00e4it\u00e4 ylim\u00e4\u00e4r\u00e4isi\u00e4 ainesosia, py\u00f6r\u00e4ytet\u00e4\u00e4n pieniksi lihapulliksi ja pakastetaan. &#8230; <\/p>\n<div><a href=\"https:\/\/miaustore.com\/fi\/subscription.html\" class=\"more-link\">Read More<\/a><\/div>\n","protected":false},"author":260,"featured_media":0,"parent":0,"menu_order":0,"comment_status":"closed","ping_status":"closed","template":"template-blank-1.php","meta":{"_glsr_average":0,"_glsr_ranking":0,"_glsr_reviews":0,"footnotes":""},"class_list":["post-1377","page","type-page","status-publish","hentry","no-post-thumbnail"],"yoast_head":"<!-- This site is optimized with the Yoast SEO Premium plugin v26.7 (Yoast SEO v26.7) - https:\/\/yoast.com\/wordpress\/plugins\/seo\/ -->\n<title>Lis\u00e4varusteet Miaustore-kissan suihkul\u00e4hteelle - Finland<\/title>\n<meta name=\"description\" content=\"Ylivoimainen Jutai-pumpun muotoilu tekee siit\u00e4 parhaan pumpun markkinoille elintarvikkeille turvallisia materiaaleja. Sen suunnittelu varmistaa, ett\u00e4...\" \/>\n<meta name=\"robots\" content=\"index, follow, max-snippet:-1, max-image-preview:large, max-video-preview:-1\" \/>\n<link rel=\"canonical\" href=\"https:\/\/miaustore.com\/fi\/subscription.html\" \/>\n<meta property=\"og:locale\" content=\"fi_FI\" \/>\n<meta property=\"og:type\" content=\"article\" \/>\n<meta property=\"og:title\" content=\"Subscription\" \/>\n<meta property=\"og:description\" content=\"Ylivoimainen Jutai-pumpun muotoilu tekee siit\u00e4 parhaan pumpun markkinoille elintarvikkeille turvallisia materiaaleja. Sen suunnittelu varmistaa, ett\u00e4...\" \/>\n<meta property=\"og:url\" content=\"https:\/\/miaustore.com\/fi\/subscription.html\" \/>\n<meta property=\"og:site_name\" content=\"Miaustore Finland\" \/>\n<meta property=\"article:modified_time\" content=\"2025-02-13T21:59:17+00:00\" \/>\n<meta property=\"og:image\" content=\"https:\/\/miaustore.com\/fi\/wp-content\/uploads\/sites\/14\/2021\/02\/miaustore_mobile.png\" \/>\n<meta name=\"twitter:card\" content=\"summary_large_image\" \/>\n<meta name=\"twitter:label1\" content=\"Arvioitu lukuaika\" \/>\n\t<meta name=\"twitter:data1\" content=\"4 minuuttia\" \/>\n<script type=\"application\/ld+json\" class=\"yoast-schema-graph\">{\"@context\":\"https:\/\/schema.org\",\"@graph\":[{\"@type\":\"WebPage\",\"@id\":\"https:\/\/miaustore.com\/fi\/subscription.html\",\"url\":\"https:\/\/miaustore.com\/fi\/subscription.html\",\"name\":\"Lis\u00e4varusteet Miaustore-kissan suihkul\u00e4hteelle - Finland\",\"isPartOf\":{\"@id\":\"https:\/\/miaustore.com\/fi\/#website\"},\"primaryImageOfPage\":{\"@id\":\"https:\/\/miaustore.com\/fi\/subscription.html#primaryimage\"},\"image\":{\"@id\":\"https:\/\/miaustore.com\/fi\/subscription.html#primaryimage\"},\"thumbnailUrl\":\"https:\/\/miaustore.com\/fi\/wp-content\/uploads\/sites\/14\/2021\/02\/miaustore_mobile.png\",\"datePublished\":\"2021-02-17T17:32:33+00:00\",\"dateModified\":\"2025-02-13T21:59:17+00:00\",\"description\":\"Ylivoimainen Jutai-pumpun muotoilu tekee siit\u00e4 parhaan pumpun markkinoille elintarvikkeille turvallisia materiaaleja. Sen suunnittelu varmistaa, ett\u00e4...\",\"breadcrumb\":{\"@id\":\"https:\/\/miaustore.com\/fi\/subscription.html#breadcrumb\"},\"inLanguage\":\"fi\",\"potentialAction\":[{\"@type\":\"ReadAction\",\"target\":[\"https:\/\/miaustore.com\/fi\/subscription.html\"]}]},{\"@type\":\"ImageObject\",\"inLanguage\":\"fi\",\"@id\":\"https:\/\/miaustore.com\/fi\/subscription.html#primaryimage\",\"url\":\"https:\/\/miaustore.com\/fi\/wp-content\/uploads\/sites\/14\/2021\/02\/miaustore_mobile.png\",\"contentUrl\":\"https:\/\/miaustore.com\/fi\/wp-content\/uploads\/sites\/14\/2021\/02\/miaustore_mobile.png\",\"width\":411,\"height\":64},{\"@type\":\"BreadcrumbList\",\"@id\":\"https:\/\/miaustore.com\/fi\/subscription.html#breadcrumb\",\"itemListElement\":[{\"@type\":\"ListItem\",\"position\":1,\"name\":\"Startseite\",\"item\":\"https:\/\/miaustore.com\/fi\/\"},{\"@type\":\"ListItem\",\"position\":2,\"name\":\"Subscription\"}]},{\"@type\":\"WebSite\",\"@id\":\"https:\/\/miaustore.com\/fi\/#website\",\"url\":\"https:\/\/miaustore.com\/fi\/\",\"name\":\"Miaustore Finland\",\"description\":\"Keraaminen kissan juomal\u00e4hde\",\"potentialAction\":[{\"@type\":\"SearchAction\",\"target\":{\"@type\":\"EntryPoint\",\"urlTemplate\":\"https:\/\/miaustore.com\/fi\/?s={search_term_string}\"},\"query-input\":{\"@type\":\"PropertyValueSpecification\",\"valueRequired\":true,\"valueName\":\"search_term_string\"}}],\"inLanguage\":\"fi\"}]}<\/script>\n<!-- \/ Yoast SEO Premium plugin. -->","yoast_head_json":{"title":"Lis\u00e4varusteet Miaustore-kissan suihkul\u00e4hteelle - Finland","description":"Ylivoimainen Jutai-pumpun muotoilu tekee siit\u00e4 parhaan pumpun markkinoille elintarvikkeille turvallisia materiaaleja. Sen suunnittelu varmistaa, ett\u00e4...","robots":{"index":"index","follow":"follow","max-snippet":"max-snippet:-1","max-image-preview":"max-image-preview:large","max-video-preview":"max-video-preview:-1"},"canonical":"https:\/\/miaustore.com\/fi\/subscription.html","og_locale":"fi_FI","og_type":"article","og_title":"Subscription","og_description":"Ylivoimainen Jutai-pumpun muotoilu tekee siit\u00e4 parhaan pumpun markkinoille elintarvikkeille turvallisia materiaaleja. Sen suunnittelu varmistaa, ett\u00e4...","og_url":"https:\/\/miaustore.com\/fi\/subscription.html","og_site_name":"Miaustore Finland","article_modified_time":"2025-02-13T21:59:17+00:00","og_image":[{"url":"https:\/\/miaustore.com\/fi\/wp-content\/uploads\/sites\/14\/2021\/02\/miaustore_mobile.png","type":"","width":"","height":""}],"twitter_card":"summary_large_image","twitter_misc":{"Arvioitu lukuaika":"4 minuuttia"},"schema":{"@context":"https:\/\/schema.org","@graph":[{"@type":"WebPage","@id":"https:\/\/miaustore.com\/fi\/subscription.html","url":"https:\/\/miaustore.com\/fi\/subscription.html","name":"Lis\u00e4varusteet Miaustore-kissan suihkul\u00e4hteelle - Finland","isPartOf":{"@id":"https:\/\/miaustore.com\/fi\/#website"},"primaryImageOfPage":{"@id":"https:\/\/miaustore.com\/fi\/subscription.html#primaryimage"},"image":{"@id":"https:\/\/miaustore.com\/fi\/subscription.html#primaryimage"},"thumbnailUrl":"https:\/\/miaustore.com\/fi\/wp-content\/uploads\/sites\/14\/2021\/02\/miaustore_mobile.png","datePublished":"2021-02-17T17:32:33+00:00","dateModified":"2025-02-13T21:59:17+00:00","description":"Ylivoimainen Jutai-pumpun muotoilu tekee siit\u00e4 parhaan pumpun markkinoille elintarvikkeille turvallisia materiaaleja. Sen suunnittelu varmistaa, ett\u00e4...","breadcrumb":{"@id":"https:\/\/miaustore.com\/fi\/subscription.html#breadcrumb"},"inLanguage":"fi","potentialAction":[{"@type":"ReadAction","target":["https:\/\/miaustore.com\/fi\/subscription.html"]}]},{"@type":"ImageObject","inLanguage":"fi","@id":"https:\/\/miaustore.com\/fi\/subscription.html#primaryimage","url":"https:\/\/miaustore.com\/fi\/wp-content\/uploads\/sites\/14\/2021\/02\/miaustore_mobile.png","contentUrl":"https:\/\/miaustore.com\/fi\/wp-content\/uploads\/sites\/14\/2021\/02\/miaustore_mobile.png","width":411,"height":64},{"@type":"BreadcrumbList","@id":"https:\/\/miaustore.com\/fi\/subscription.html#breadcrumb","itemListElement":[{"@type":"ListItem","position":1,"name":"Startseite","item":"https:\/\/miaustore.com\/fi\/"},{"@type":"ListItem","position":2,"name":"Subscription"}]},{"@type":"WebSite","@id":"https:\/\/miaustore.com\/fi\/#website","url":"https:\/\/miaustore.com\/fi\/","name":"Miaustore Finland","description":"Keraaminen kissan juomal\u00e4hde","potentialAction":[{"@type":"SearchAction","target":{"@type":"EntryPoint","urlTemplate":"https:\/\/miaustore.com\/fi\/?s={search_term_string}"},"query-input":{"@type":"PropertyValueSpecification","valueRequired":true,"valueName":"search_term_string"}}],"inLanguage":"fi"}]}},"_links":{"self":[{"href":"https:\/\/miaustore.com\/fi\/wp-json\/wp\/v2\/pages\/1377","targetHints":{"allow":["GET"]}}],"collection":[{"href":"https:\/\/miaustore.com\/fi\/wp-json\/wp\/v2\/pages"}],"about":[{"href":"https:\/\/miaustore.com\/fi\/wp-json\/wp\/v2\/types\/page"}],"author":[{"embeddable":true,"href":"https:\/\/miaustore.com\/fi\/wp-json\/wp\/v2\/users\/260"}],"replies":[{"embeddable":true,"href":"https:\/\/miaustore.com\/fi\/wp-json\/wp\/v2\/comments?post=1377"}],"version-history":[{"count":5,"href":"https:\/\/miaustore.com\/fi\/wp-json\/wp\/v2\/pages\/1377\/revisions"}],"predecessor-version":[{"id":613845,"href":"https:\/\/miaustore.com\/fi\/wp-json\/wp\/v2\/pages\/1377\/revisions\/613845"}],"wp:attachment":[{"href":"https:\/\/miaustore.com\/fi\/wp-json\/wp\/v2\/media?parent=1377"}],"curies":[{"name":"wp","href":"https:\/\/api.w.org\/{rel}","templated":true}]}}