{"id":279,"date":"2019-10-21T14:55:09","date_gmt":"2019-10-21T12:55:09","guid":{"rendered":"https:\/\/miaustore.com\/fi\/?page_id=279"},"modified":"2024-09-12T16:38:40","modified_gmt":"2024-09-12T14:38:40","slug":"termsconditions","status":"publish","type":"page","link":"https:\/\/miaustore.com\/fi\/termsconditions.html","title":{"rendered":"Terms&#038;Conditions"},"content":{"rendered":"<h1>Miaustoren k\u00e4ytt\u00f6ehdot<\/h1>\r\nL\u00f6yd\u00e4tte t\u00e4lt\u00e4 sivulta yleiset k\u00e4ytt\u00f6ehdot sivustolle https:\/\/www.miaustore.com\/uk, sellaisena kun ne on julkaissut virallinen<b>\u00a0<\/b>yritys Miaustore EU Webshop Limited trading, toisin sanoen Miaustore. N\u00e4ist\u00e4 yleisist\u00e4 k\u00e4ytt\u00f6ehdoista k\u00e4y ilmi yrityksen toimintaperiaate koskien sen tarjoamia tuotteita.\r\n\r\n&nbsp;\r\n<h2><strong>Immateriaalioikeudet<\/strong><\/h2>\r\nT\u00e4m\u00e4n internetsivuston tieto on vapaasti k\u00e4ytett\u00e4viss\u00e4, mik\u00e4li sit\u00e4 ei kopioida, levitet\u00e4 tai mulla tavoin v\u00e4\u00e4rink\u00e4ytet\u00e4. Sen uudelleenk\u00e4ytt\u00f6 on sallittua ainoastaan pakollisen lains\u00e4\u00e4d\u00e4nn\u00f6n mukaan.\r\n\r\nIlman Miaustoren my\u00f6nt\u00e4m\u00e4\u00e4 kirjallista lupaa, sivuston tekstin, kuvamateriaalin tai muun materiaalin uudelleenk\u00e4ytt\u00f6 ei ole sallittua. Immateriaalioikeudet kuuluvat Miaustorelle.\r\n\r\n&nbsp;\r\n\r\nTarvittaessa:\r\n\r\nMit\u00e4 tulee sivustomme hinnastoon, t\u00e4ht\u00e4\u00e4mme kaikkein tarkimpaan, sit\u00e4 hetke\u00e4 vastaavaan hintatasoon.\u00a0Miaustore ei ota vastuuta ohjelmointi-tai konekirjoituksesta johtuvista virheist\u00e4.\r\n\r\nMiaustore t\u00e4ht\u00e4\u00e4 mahdollisimman ajankohtaiseen internetsivustoon. Mik\u00e4li t\u00e4m\u00e4n nettisivun sis\u00e4lt\u00f6 on kuitenkin riitt\u00e4m\u00e4t\u00f6n tai virheellinen n\u00e4ist\u00e4 tavoitteista huolimatta, emme ota siit\u00e4 vastuuta.\r\n\r\nT\u00e4m\u00e4n sivuston tarjoamat tiedot ja \/ tai tuotteet eiv\u00e4t oikeuta mink\u00e4anlaiseen takuuseen ja \/ tai vaateisiin koskien virheett\u00f6myytt\u00e4. Pid\u00e4t\u00e4mme oikeudet muuttaa, poistaa tai uudelleen asentaa n\u00e4m\u00e4 aineistot ilman ennakkovaroitusta. Miaustore ota vastuuta mihink\u00e4\u00e4n t\u00e4m\u00e4n sivuston sis\u00e4lt\u00e4m\u00e4\u00e4n tietoon, johon viittaamme hyperlinkkien kautta.\u00a0<br class=\"clear\" \/>L\u00e4hteiden v\u00e4ripigmentit ovat k\u00e4sin sekoitettuja, mist\u00e4 johtuen pieni\u00e4 eroavuuksia niiden v\u00e4ris\u00e4vyiss\u00e4 voi ilmet\u00e4 verrattuna kuviin kotisivullamme. Emme palauta rahoja, mik\u00e4li vaade liittyy v\u00e4ris\u00e4vyeroihin.\u00a0<br class=\"clear\" \/><br class=\"clear\" \/>\r\n<h2><strong>Erikoistarjoukset ja alennukset<\/strong><\/h2>\r\nErikoistarjoukset ja kampanjat ovat voimassa vain rajoitetun ajan ja koskevat vain kyseisess\u00e4 tarjouksessa mainittuja tuotteita. Alennuksia ei voi siirt\u00e4\u00e4 toiselle henkil\u00f6lle, eik\u00e4 niit\u00e4 voi vaihtaa rahaksi. Useita tarjouksia, alennuksia tai kuponkeja ei voi yhdist\u00e4\u00e4, ellei toisin mainita. Jokainen kampanja on voimassa vain kerran per asiakas. Jos alennusten soveltamisessa ilmenee ep\u00e4selvyyksi\u00e4 tai ongelmia, pid\u00e4t\u00e4mme oikeuden peruuttaa tai muuttaa alennuksen.\r\n<h2>Muutokset<\/h2>\r\nMik\u00e4li n\u00e4iss\u00e4 yleisiss\u00e4 k\u00e4ytt\u00f6ehdoissa on muutoksia, l\u00f6yd\u00e4tte uusimman version vastuuvapauslausekkeesta seuraavan linkin kautta: https:\/\/www.miaustore.com\/uk\r\n\r\nYleiset Palautusohjeet\r\n\r\nHalutessanne palauttaa tuotteita, olkaa hyv\u00e4 ja ottakaa meihin yhteytt\u00e4 s\u00e4hk\u00f6postitse: support@miaustore.com\r\n\r\nPalautusprosessi voi kest\u00e4\u00e4 pari viikkoa, l\u00e4hetysaikoja lukuunottamatta.\r\nAsiakas on vastuussa palautusta koskeviin l\u00e4hetyskuluihin, jotka eiv\u00e4t liity valituksiin.\r\n\r\n&nbsp;\r\n<h2>Palautusk\u00e4yt\u00e4nt\u00f6<\/h2>\r\nOlkaa hyv\u00e4, ja <strong>\u00e4lk\u00e4\u00e4 l\u00e4hett\u00e4k\u00f6 tilaustanne takaisin\u00a0valmistajalle<\/strong>.\r\n\r\n&nbsp;\r\n<h3>14:sta P\u00e4iv\u00e4n Palautusoikeus<\/h3>\r\n<br class=\"clear\" \/>EU:n asettaman lains\u00e4\u00e4d\u00e4nn\u00f6n mukaan jokaisella asiakkaalla on oikeus peruuttaa mik\u00e4 tahansa tilaus 14:sta p\u00e4iv\u00e4n sis\u00e4ll\u00e4 tuotteen vastaanottamisesta.\u00a0<br class=\"clear\" \/><br class=\"clear\" \/>\r\n\r\nOllaksenne oikeutettu takaisinmaksuun, on tuotteen oltava samassa kunnossa kun sen teille saapuessa, sek\u00e4 alkuper\u00e4isess\u00e4 pakkauksessaan.\r\n\r\n<br class=\"clear\" \/>Mik\u00e4li haluatte palauttaa tuotteen, <strong>olkaa hyv\u00e4 ja ottakaa meihin yhteytt\u00e4:\u00a0support@miaustore.com<\/strong>. <br class=\"clear\" \/><br class=\"clear\" \/>Asiakas on vastuussa l\u00e4hetyskuluista. <br class=\"clear\" \/><br class=\"clear\" \/><br class=\"clear\" \/>\r\n<p style=\"text-align: center;\"><strong>Palautuksen ollessa kyseess\u00e4, l\u00e4hett\u00e4k\u00e4\u00e4 se seuraavaan osoitteeseen:\u00a0\u00a0<\/strong><\/p>\r\n&nbsp;\r\n<p style=\"text-align: center;\"><strong>isklad 233017 \/ Miaustore EU Webshop Limited<\/strong><br class=\"clear\" \/><strong>Dia\u013eni\u010dn\u00e1 cesta 5, Hala D, gate 35<\/strong><br class=\"clear\" \/><strong>90301 Senec<\/strong><br class=\"clear\" \/>(+421 948 799 408)<\/p>\r\n&nbsp;\r\n<h3>Yhden vuoden palautusoikeus<\/h3>\r\n<p style=\"text-align: left;\"><br class=\"clear\" \/>Voitte palauttaa ostamme l\u00e4hteen vuoden sis\u00e4ll\u00e4, mik\u00e4li kissanne ei juo siit\u00e4, tai olette siihen muuten tyytym\u00e4tt\u00f6mi\u00e4 ja saat suihkul\u00e4hteesi hinnan takaisin.<\/p>\r\n<p style=\"text-align: left;\">Tuotteen oltava samassa kunnossa kun sen teille saapuessa, sek\u00e4 alkuper\u00e4isess\u00e4 pakkauksessaan.<\/p>\r\n<br class=\"clear\" \/>Voit palauttaa tuotteen ottamalla yhteytt\u00e4 osoitteeseen support@miaustore.com\r\n\r\nPalautuskustannukset maksaa ostaja.\r\n\r\n\u00c4l\u00e4 l\u00e4het\u00e4 muita tuotteita kuin l\u00e4hde. Jos palautat muita tuotteita, emme voi ottaa niit\u00e4 huomioon, ja joudut ehk\u00e4 maksamaan kaikki palautuskustannukset, jos haluat n\u00e4iden tuotteiden palauttamisen sinulle.\r\n<p style=\"text-align: center;\"><br class=\"clear\" \/>Palautuksen ollessa kyseess\u00e4, l\u00e4hett\u00e4k\u00e4\u00e4 se seuraavaan osoitteeseen:<\/p>\r\n<p style=\"text-align: center;\"><strong>isklad 233017 \/ Miaustore EU Webshop Limited<\/strong><br class=\"clear\" \/><strong>Dia\u013eni\u010dn\u00e1 cesta 5, Hala D, gate 35<\/strong><br class=\"clear\" \/><strong>90301 Senec<\/strong><br class=\"clear\" \/>(+421 948 799 408)<\/p>\r\nHyv\u00e4ksynt\u00e4takuun luovuttaminen kolmansille osapuolille ei ole mahdollista.<br class=\"clear\" \/><br class=\"clear\" \/>\r\n\r\n&nbsp;\r\n\r\n* Kahden vuoden takuu kattaa pumpun vaurioituneet osat n\u00e4ytt\u00e4m\u00e4ll\u00e4 kuvan rikkoutuneesta osasta. Jos osa katoaa tai heitet\u00e4\u00e4n pois, on edelleen mahdollista ostaa pumpun varaosia verkkosivustolta.\r\n\r\n&nbsp;\r\n<h2>Kymmen vuoden takuu<\/h2>\r\n<br class=\"clear\" \/>Voitte my\u00f6s ostaa laajennetun (10) kymmenen vuoden takuun\r\n\r\nSaatamme vaatia valokuvan tuotteesta, jonka haluatte reklamoida, ja pid\u00e4t\u00e4mme oikeuden vaatia asiakasta palauttamaan meille l\u00e4hteen.\r\n\r\nKymmenen vuoden takuu on ostettavissa kahden viikon sis\u00e4ll\u00e4 l\u00e4hteen ostamisesta.\r\n\r\nJokaiselle tuotteelle on ostettava erillinen kymmenen vuoden takuu.<br class=\"clear\" \/><br class=\"clear\" \/>\r\n\r\n<span class=\"tlid-translation translation\" lang=\"fi\">Ostop\u00e4iv\u00e4st\u00e4 lukien t\u00e4m\u00e4 takuu kattaa ilmaisen toimituksen sinulle, mukaan lukien seuraavat:<br class=\"clear\" \/>&#8211; Yksi kissan suihkul\u00e4hde<br class=\"clear\" \/>&#8211; Jos sinulla on enemm\u00e4n kuin yksi suihkul\u00e4hde, sinun on ostettava erilliset 10 vuoden takuut<br class=\"clear\" \/>&#8211; Vesipumppu<br class=\"clear\" \/>&#8211; Muovinen yl\u00e4osa, silikoniliit\u00e4nt\u00e4putki ja pumpun liitin<br class=\"clear\" \/>&#8211; USB-sovitin<br class=\"clear\" \/><\/span>\r\n\r\n<br class=\"clear\" \/><span class=\"tlid-translation translation\" lang=\"fi\"><span title=\"\">Takuu ei koske:<\/span><br class=\"clear\" \/><span class=\"\" title=\"\">&#8211; Keraamiset murtumat kuuden kuukauden kuluttua (eik\u00e4 korvaa keraamisia murtumia, jotka eiv\u00e4t rajoita kaivon k\u00e4ytt\u00f6\u00e4, esim. Haketusta, keraamisten vaurioita, ns. Viat)<\/span><br class=\"clear\" \/><span class=\"\" title=\"\">&#8211; huolimaton tai tahallinen vahinko seuraaville:<\/span><br class=\"clear\" \/><span class=\"\" title=\"\">Suihkul\u00e4hde, vesipumppu, muovinen yl\u00e4osa, silikoniliit\u00e4nt\u00e4putki ja pumpun liitin, USB-sovitin<\/span><br class=\"clear\" \/><span class=\"\" title=\"\">&#8211; Muita tuotteita, jotka olet ostanut osoitteesta Miaustore.com<\/span><br class=\"clear\" \/><span title=\"\">&#8211; Lakis\u00e4\u00e4teiset takuut<\/span><br class=\"clear\" \/><span title=\"\">&#8211; V\u00e4rimuutos kalkkikerrostumien takia<\/span><br class=\"clear\" \/><span class=\"\" title=\"\">&#8211; Emme korvaa pumppuja, joita ei ole avattu ja huollettu pumpun puhdistusohjeidemme mukaisesti<\/span><br class=\"clear\" \/><span title=\"\">&#8211; kaiverrettu keramiikka.<\/span> Jos haluat kaivertaa suihkul\u00e4hteen uudelleen, sinun on maksettava ylim\u00e4\u00e4r\u00e4inen.<\/span><br class=\"clear\" \/><br class=\"clear\" \/>\r\n\r\n<span class=\"tlid-translation translation\" lang=\"fi\"><span class=\"\" title=\"\">Kymmenen vuoden takuun luovuttaminen kolmansille osapuolille ei ole mahdollista.<\/span><br class=\"clear\" \/><br class=\"clear\" \/><\/span>\r\n\r\n<span class=\"\" title=\"\">Suodatetun veden k\u00e4ytt\u00f6 voi auttaa pit\u00e4m\u00e4\u00e4n pumpun mahdollisimman tehokkaana.<\/span> <span class=\"\" title=\"\">Suodattamaton, kalkkipitoinen vesi voi vahingoittaa pumpun moottoria ja rajoittaa vuosien k\u00e4ytt\u00f6\u00e4.<\/span><br class=\"clear\" \/><br class=\"clear\" \/>\r\n<h2><strong>K\u00e4sintehtyjen tuotteiden erityispiirteet<\/strong><\/h2>\r\nK\u00e4sintehdyt tuotteemme, erityisesti keraamiset ja lasitetut esineet, erottuvat ainutlaatuisella k\u00e4sity\u00f6taidollaan ja yksil\u00f6llisell\u00e4 tuotannollaan. T\u00e4m\u00e4n seurauksena voi esiinty\u00e4 pieni\u00e4 vaihteluita v\u00e4riss\u00e4, muodossa, koossa ja tekstuurissa, jotka ovat tuotantoprosessille luontaisia. T\u00e4llaiset tuotantoon liittyv\u00e4t poikkeamat, kuten pienet virheet, v\u00e4rierot tai pienet ilmakuplat lasitteessa, eiv\u00e4t ole vikoja, vaan korostavat tuotteen ainutlaatuista luonteenpiirrett\u00e4.\r\n\r\nN\u00e4m\u00e4 vaihtelut eiv\u00e4t ole valituksen perusteita, kunhan ne eiv\u00e4t vaikuta tuotteen toiminnallisuuteen ja ovat teollisuusstandardien sallimissa rajoissa.\r\n<h2><span class=\"tlid-translation translation\" lang=\"fi\"><span class=\"\" title=\"\">Kalkkivesi vahingoittaa pumppua<\/span><\/span><\/h2>\r\n<br class=\"clear\" \/>Asianmukainen hoito ja puhdistus voivat est\u00e4\u00e4 t\u00e4m\u00e4n. Vesijohtovesi on kalkkipitoista. Jotkut alueet ovat v\u00e4hemm\u00e4n alttiita, toiset ovat enemm\u00e4n kalkkia kuormitettuja. Jos k\u00e4yt\u00e4t kovaa vett\u00e4 suihkul\u00e4hteen k\u00e4ynnist\u00e4miseen, ennemmin tai my\u00f6hemmin pumppu lakkaa toimimasta, koska pumpun ja roottorin v\u00e4liset tilat ovat kalkkiutuneita. T\u00e4ss\u00e4 vaiheessa suosittelemme nimenomaan pullon k\u00e4ytt\u00e4m\u00e4tt\u00f6m\u00e4n veden k\u00e4ytt\u00f6\u00e4 tai ainakin hanaveden suodattamista etuk\u00e4teen.<br class=\"clear\" \/>Voit k\u00e4ytt\u00e4\u00e4 etikkaa tai sitruunaa pumpun puhdistamiseen ja kalkin ja muiden mineraalien poistamiseen. Jos pumppu on lakannut toimimasta, <a href=\"https:\/\/miaustore.com\/fi\/pumpun-kaytto.html\">n\u00e4m\u00e4 vinkit<\/a> auttavat saamaan pumpun k\u00e4yntiin uudelleen (mustia pumppuja varten ota yhteys tukeen osoitteeseen support@miaustore.com).\r\n\r\n&nbsp;","protected":false},"excerpt":{"rendered":"<p>Miaustoren k\u00e4ytt\u00f6ehdot L\u00f6yd\u00e4tte t\u00e4lt\u00e4 sivulta yleiset k\u00e4ytt\u00f6ehdot sivustolle https:\/\/www.miaustore.com\/uk, sellaisena kun ne on julkaissut virallinen\u00a0yritys Miaustore EU Webshop Limited trading, toisin sanoen Miaustore. N\u00e4ist\u00e4 yleisist\u00e4 k\u00e4ytt\u00f6ehdoista k\u00e4y ilmi yrityksen toimintaperiaate koskien sen tarjoamia tuotteita. &nbsp; Immateriaalioikeudet T\u00e4m\u00e4n internetsivuston tieto on vapaasti k\u00e4ytett\u00e4viss\u00e4, mik\u00e4li sit\u00e4 ei kopioida, levitet\u00e4 tai mulla tavoin v\u00e4\u00e4rink\u00e4ytet\u00e4. Sen uudelleenk\u00e4ytt\u00f6 on sallittua ainoastaan pakollisen lains\u00e4\u00e4d\u00e4nn\u00f6n mukaan. Ilman &#8230; <\/p>\n<div><a href=\"https:\/\/miaustore.com\/fi\/termsconditions.html\" class=\"more-link\">Read More<\/a><\/div>\n","protected":false},"author":1,"featured_media":0,"parent":0,"menu_order":0,"comment_status":"closed","ping_status":"closed","template":"template-blank-1.php","meta":{"_glsr_average":0,"_glsr_ranking":0,"_glsr_reviews":0,"footnotes":""},"class_list":["post-279","page","type-page","status-publish","hentry","no-post-thumbnail"],"yoast_head":"<!-- This site is optimized with the Yoast SEO Premium plugin v26.7 (Yoast SEO v26.7) - https:\/\/yoast.com\/wordpress\/plugins\/seo\/ -->\n<title>Miaustoren k\u00e4ytt\u00f6ehdot - Miaustore Finland Keraaminen kissan juomal\u00e4hde<\/title>\n<meta name=\"description\" content=\"L\u00f6yd\u00e4tte t\u00e4lt\u00e4 sivulta yleiset k\u00e4ytt\u00f6ehdot sivustolle https:\/\/www.miaustore.com\/uk, sellaisena kun ne on julkaissut virallinen yritys Miaustore S.L trading.\" \/>\n<meta name=\"robots\" content=\"index, follow, max-snippet:-1, max-image-preview:large, max-video-preview:-1\" \/>\n<link rel=\"canonical\" href=\"https:\/\/miaustore.com\/fi\/termsconditions.html\" \/>\n<meta property=\"og:locale\" content=\"fi_FI\" \/>\n<meta property=\"og:type\" content=\"article\" \/>\n<meta property=\"og:title\" content=\"Terms&amp;Conditions\" \/>\n<meta property=\"og:description\" content=\"L\u00f6yd\u00e4tte t\u00e4lt\u00e4 sivulta yleiset k\u00e4ytt\u00f6ehdot sivustolle https:\/\/www.miaustore.com\/uk, sellaisena kun ne on julkaissut virallinen yritys Miaustore S.L trading.\" \/>\n<meta property=\"og:url\" content=\"https:\/\/miaustore.com\/fi\/termsconditions.html\" \/>\n<meta property=\"og:site_name\" content=\"Miaustore Finland\" \/>\n<meta property=\"article:modified_time\" content=\"2024-09-12T14:38:40+00:00\" \/>\n<meta name=\"twitter:card\" content=\"summary_large_image\" \/>\n<meta name=\"twitter:label1\" content=\"Arvioitu lukuaika\" \/>\n\t<meta name=\"twitter:data1\" content=\"4 minuuttia\" \/>\n<script type=\"application\/ld+json\" class=\"yoast-schema-graph\">{\"@context\":\"https:\/\/schema.org\",\"@graph\":[{\"@type\":\"WebPage\",\"@id\":\"https:\/\/miaustore.com\/fi\/termsconditions.html\",\"url\":\"https:\/\/miaustore.com\/fi\/termsconditions.html\",\"name\":\"Miaustoren k\u00e4ytt\u00f6ehdot - Miaustore Finland Keraaminen kissan juomal\u00e4hde\",\"isPartOf\":{\"@id\":\"https:\/\/miaustore.com\/fi\/#website\"},\"datePublished\":\"2019-10-21T12:55:09+00:00\",\"dateModified\":\"2024-09-12T14:38:40+00:00\",\"description\":\"L\u00f6yd\u00e4tte t\u00e4lt\u00e4 sivulta yleiset k\u00e4ytt\u00f6ehdot sivustolle https:\/\/www.miaustore.com\/uk, sellaisena kun ne on julkaissut virallinen yritys Miaustore S.L trading.\",\"breadcrumb\":{\"@id\":\"https:\/\/miaustore.com\/fi\/termsconditions.html#breadcrumb\"},\"inLanguage\":\"fi\",\"potentialAction\":[{\"@type\":\"ReadAction\",\"target\":[\"https:\/\/miaustore.com\/fi\/termsconditions.html\"]}]},{\"@type\":\"BreadcrumbList\",\"@id\":\"https:\/\/miaustore.com\/fi\/termsconditions.html#breadcrumb\",\"itemListElement\":[{\"@type\":\"ListItem\",\"position\":1,\"name\":\"Startseite\",\"item\":\"https:\/\/miaustore.com\/fi\/\"},{\"@type\":\"ListItem\",\"position\":2,\"name\":\"Terms&#038;Conditions\"}]},{\"@type\":\"WebSite\",\"@id\":\"https:\/\/miaustore.com\/fi\/#website\",\"url\":\"https:\/\/miaustore.com\/fi\/\",\"name\":\"Miaustore Finland\",\"description\":\"Keraaminen kissan juomal\u00e4hde\",\"potentialAction\":[{\"@type\":\"SearchAction\",\"target\":{\"@type\":\"EntryPoint\",\"urlTemplate\":\"https:\/\/miaustore.com\/fi\/?s={search_term_string}\"},\"query-input\":{\"@type\":\"PropertyValueSpecification\",\"valueRequired\":true,\"valueName\":\"search_term_string\"}}],\"inLanguage\":\"fi\"}]}<\/script>\n<!-- \/ Yoast SEO Premium plugin. -->","yoast_head_json":{"title":"Miaustoren k\u00e4ytt\u00f6ehdot - Miaustore Finland Keraaminen kissan juomal\u00e4hde","description":"L\u00f6yd\u00e4tte t\u00e4lt\u00e4 sivulta yleiset k\u00e4ytt\u00f6ehdot sivustolle https:\/\/www.miaustore.com\/uk, sellaisena kun ne on julkaissut virallinen yritys Miaustore S.L trading.","robots":{"index":"index","follow":"follow","max-snippet":"max-snippet:-1","max-image-preview":"max-image-preview:large","max-video-preview":"max-video-preview:-1"},"canonical":"https:\/\/miaustore.com\/fi\/termsconditions.html","og_locale":"fi_FI","og_type":"article","og_title":"Terms&Conditions","og_description":"L\u00f6yd\u00e4tte t\u00e4lt\u00e4 sivulta yleiset k\u00e4ytt\u00f6ehdot sivustolle https:\/\/www.miaustore.com\/uk, sellaisena kun ne on julkaissut virallinen yritys Miaustore S.L trading.","og_url":"https:\/\/miaustore.com\/fi\/termsconditions.html","og_site_name":"Miaustore Finland","article_modified_time":"2024-09-12T14:38:40+00:00","twitter_card":"summary_large_image","twitter_misc":{"Arvioitu lukuaika":"4 minuuttia"},"schema":{"@context":"https:\/\/schema.org","@graph":[{"@type":"WebPage","@id":"https:\/\/miaustore.com\/fi\/termsconditions.html","url":"https:\/\/miaustore.com\/fi\/termsconditions.html","name":"Miaustoren k\u00e4ytt\u00f6ehdot - Miaustore Finland Keraaminen kissan juomal\u00e4hde","isPartOf":{"@id":"https:\/\/miaustore.com\/fi\/#website"},"datePublished":"2019-10-21T12:55:09+00:00","dateModified":"2024-09-12T14:38:40+00:00","description":"L\u00f6yd\u00e4tte t\u00e4lt\u00e4 sivulta yleiset k\u00e4ytt\u00f6ehdot sivustolle https:\/\/www.miaustore.com\/uk, sellaisena kun ne on julkaissut virallinen yritys Miaustore S.L trading.","breadcrumb":{"@id":"https:\/\/miaustore.com\/fi\/termsconditions.html#breadcrumb"},"inLanguage":"fi","potentialAction":[{"@type":"ReadAction","target":["https:\/\/miaustore.com\/fi\/termsconditions.html"]}]},{"@type":"BreadcrumbList","@id":"https:\/\/miaustore.com\/fi\/termsconditions.html#breadcrumb","itemListElement":[{"@type":"ListItem","position":1,"name":"Startseite","item":"https:\/\/miaustore.com\/fi\/"},{"@type":"ListItem","position":2,"name":"Terms&#038;Conditions"}]},{"@type":"WebSite","@id":"https:\/\/miaustore.com\/fi\/#website","url":"https:\/\/miaustore.com\/fi\/","name":"Miaustore Finland","description":"Keraaminen kissan juomal\u00e4hde","potentialAction":[{"@type":"SearchAction","target":{"@type":"EntryPoint","urlTemplate":"https:\/\/miaustore.com\/fi\/?s={search_term_string}"},"query-input":{"@type":"PropertyValueSpecification","valueRequired":true,"valueName":"search_term_string"}}],"inLanguage":"fi"}]}},"_links":{"self":[{"href":"https:\/\/miaustore.com\/fi\/wp-json\/wp\/v2\/pages\/279","targetHints":{"allow":["GET"]}}],"collection":[{"href":"https:\/\/miaustore.com\/fi\/wp-json\/wp\/v2\/pages"}],"about":[{"href":"https:\/\/miaustore.com\/fi\/wp-json\/wp\/v2\/types\/page"}],"author":[{"embeddable":true,"href":"https:\/\/miaustore.com\/fi\/wp-json\/wp\/v2\/users\/1"}],"replies":[{"embeddable":true,"href":"https:\/\/miaustore.com\/fi\/wp-json\/wp\/v2\/comments?post=279"}],"version-history":[{"count":29,"href":"https:\/\/miaustore.com\/fi\/wp-json\/wp\/v2\/pages\/279\/revisions"}],"predecessor-version":[{"id":613215,"href":"https:\/\/miaustore.com\/fi\/wp-json\/wp\/v2\/pages\/279\/revisions\/613215"}],"wp:attachment":[{"href":"https:\/\/miaustore.com\/fi\/wp-json\/wp\/v2\/media?parent=279"}],"curies":[{"name":"wp","href":"https:\/\/api.w.org\/{rel}","templated":true}]}}