{"id":292,"date":"2019-10-21T18:51:10","date_gmt":"2019-10-21T16:51:10","guid":{"rendered":"https:\/\/miaustore.com\/fi\/?page_id=292"},"modified":"2021-11-12T17:21:43","modified_gmt":"2021-11-12T16:21:43","slug":"perustaa","status":"publish","type":"page","link":"https:\/\/miaustore.com\/fi\/perustaa.html","title":{"rendered":"Perustaa"},"content":{"rendered":"<div id=\"cs-content\" class=\"cs-content\"><\/div>","protected":false},"excerpt":{"rendered":"","protected":false},"author":1,"featured_media":0,"parent":0,"menu_order":0,"comment_status":"closed","ping_status":"closed","template":"template-blank-1.php","meta":{"_glsr_average":0,"_glsr_ranking":0,"_glsr_reviews":0,"footnotes":""},"class_list":["post-292","page","type-page","status-publish","hentry","no-post-thumbnail"],"yoast_head":"<!-- This site is optimized with the Yoast SEO Premium plugin v26.7 (Yoast SEO v26.7) - https:\/\/yoast.com\/wordpress\/plugins\/seo\/ -->\n<title>Perustaa - Miaustore Finland Keraaminen kissan juomal\u00e4hde<\/title>\n<meta name=\"description\" content=\"1.) Pura pakkaus, poista suojaava pakkausmateriaali 2.) Aseta alusta vakaalle tasolle ja t\u00e4yt\u00e4 se vedell\u00e4 puoleen v\u00e4liin asti.\" \/>\n<meta name=\"robots\" content=\"index, follow, max-snippet:-1, max-image-preview:large, max-video-preview:-1\" \/>\n<link rel=\"canonical\" href=\"https:\/\/miaustore.com\/fi\/perustaa.html\" \/>\n<meta property=\"og:locale\" content=\"fi_FI\" \/>\n<meta property=\"og:type\" content=\"article\" \/>\n<meta property=\"og:title\" content=\"Perustaa\" \/>\n<meta property=\"og:description\" content=\"1.) Pura pakkaus, poista suojaava pakkausmateriaali 2.) Aseta alusta vakaalle tasolle ja t\u00e4yt\u00e4 se vedell\u00e4 puoleen v\u00e4liin asti.\" \/>\n<meta property=\"og:url\" content=\"https:\/\/miaustore.com\/fi\/perustaa.html\" \/>\n<meta property=\"og:site_name\" content=\"Miaustore Finland\" \/>\n<meta property=\"article:modified_time\" content=\"2021-11-12T16:21:43+00:00\" \/>\n<meta name=\"twitter:card\" content=\"summary_large_image\" \/>\n<meta name=\"twitter:label1\" content=\"Arvioitu lukuaika\" \/>\n\t<meta name=\"twitter:data1\" content=\"2 minuuttia\" \/>\n<script type=\"application\/ld+json\" class=\"yoast-schema-graph\">{\"@context\":\"https:\/\/schema.org\",\"@graph\":[{\"@type\":\"WebPage\",\"@id\":\"https:\/\/miaustore.com\/fi\/perustaa.html\",\"url\":\"https:\/\/miaustore.com\/fi\/perustaa.html\",\"name\":\"Perustaa - Miaustore Finland Keraaminen kissan juomal\u00e4hde\",\"isPartOf\":{\"@id\":\"https:\/\/miaustore.com\/fi\/#website\"},\"datePublished\":\"2019-10-21T16:51:10+00:00\",\"dateModified\":\"2021-11-12T16:21:43+00:00\",\"description\":\"1.) Pura pakkaus, poista suojaava pakkausmateriaali 2.) Aseta alusta vakaalle tasolle ja t\u00e4yt\u00e4 se vedell\u00e4 puoleen v\u00e4liin asti.\",\"breadcrumb\":{\"@id\":\"https:\/\/miaustore.com\/fi\/perustaa.html#breadcrumb\"},\"inLanguage\":\"fi\",\"potentialAction\":[{\"@type\":\"ReadAction\",\"target\":[\"https:\/\/miaustore.com\/fi\/perustaa.html\"]}]},{\"@type\":\"BreadcrumbList\",\"@id\":\"https:\/\/miaustore.com\/fi\/perustaa.html#breadcrumb\",\"itemListElement\":[{\"@type\":\"ListItem\",\"position\":1,\"name\":\"Startseite\",\"item\":\"https:\/\/miaustore.com\/fi\/\"},{\"@type\":\"ListItem\",\"position\":2,\"name\":\"Perustaa\"}]},{\"@type\":\"WebSite\",\"@id\":\"https:\/\/miaustore.com\/fi\/#website\",\"url\":\"https:\/\/miaustore.com\/fi\/\",\"name\":\"Miaustore Finland\",\"description\":\"Keraaminen kissan juomal\u00e4hde\",\"potentialAction\":[{\"@type\":\"SearchAction\",\"target\":{\"@type\":\"EntryPoint\",\"urlTemplate\":\"https:\/\/miaustore.com\/fi\/?s={search_term_string}\"},\"query-input\":{\"@type\":\"PropertyValueSpecification\",\"valueRequired\":true,\"valueName\":\"search_term_string\"}}],\"inLanguage\":\"fi\"}]}<\/script>\n<!-- \/ Yoast SEO Premium plugin. -->","yoast_head_json":{"title":"Perustaa - Miaustore Finland Keraaminen kissan juomal\u00e4hde","description":"1.) Pura pakkaus, poista suojaava pakkausmateriaali 2.) Aseta alusta vakaalle tasolle ja t\u00e4yt\u00e4 se vedell\u00e4 puoleen v\u00e4liin asti.","robots":{"index":"index","follow":"follow","max-snippet":"max-snippet:-1","max-image-preview":"max-image-preview:large","max-video-preview":"max-video-preview:-1"},"canonical":"https:\/\/miaustore.com\/fi\/perustaa.html","og_locale":"fi_FI","og_type":"article","og_title":"Perustaa","og_description":"1.) Pura pakkaus, poista suojaava pakkausmateriaali 2.) Aseta alusta vakaalle tasolle ja t\u00e4yt\u00e4 se vedell\u00e4 puoleen v\u00e4liin asti.","og_url":"https:\/\/miaustore.com\/fi\/perustaa.html","og_site_name":"Miaustore Finland","article_modified_time":"2021-11-12T16:21:43+00:00","twitter_card":"summary_large_image","twitter_misc":{"Arvioitu lukuaika":"2 minuuttia"},"schema":{"@context":"https:\/\/schema.org","@graph":[{"@type":"WebPage","@id":"https:\/\/miaustore.com\/fi\/perustaa.html","url":"https:\/\/miaustore.com\/fi\/perustaa.html","name":"Perustaa - Miaustore Finland Keraaminen kissan juomal\u00e4hde","isPartOf":{"@id":"https:\/\/miaustore.com\/fi\/#website"},"datePublished":"2019-10-21T16:51:10+00:00","dateModified":"2021-11-12T16:21:43+00:00","description":"1.) Pura pakkaus, poista suojaava pakkausmateriaali 2.) Aseta alusta vakaalle tasolle ja t\u00e4yt\u00e4 se vedell\u00e4 puoleen v\u00e4liin asti.","breadcrumb":{"@id":"https:\/\/miaustore.com\/fi\/perustaa.html#breadcrumb"},"inLanguage":"fi","potentialAction":[{"@type":"ReadAction","target":["https:\/\/miaustore.com\/fi\/perustaa.html"]}]},{"@type":"BreadcrumbList","@id":"https:\/\/miaustore.com\/fi\/perustaa.html#breadcrumb","itemListElement":[{"@type":"ListItem","position":1,"name":"Startseite","item":"https:\/\/miaustore.com\/fi\/"},{"@type":"ListItem","position":2,"name":"Perustaa"}]},{"@type":"WebSite","@id":"https:\/\/miaustore.com\/fi\/#website","url":"https:\/\/miaustore.com\/fi\/","name":"Miaustore Finland","description":"Keraaminen kissan juomal\u00e4hde","potentialAction":[{"@type":"SearchAction","target":{"@type":"EntryPoint","urlTemplate":"https:\/\/miaustore.com\/fi\/?s={search_term_string}"},"query-input":{"@type":"PropertyValueSpecification","valueRequired":true,"valueName":"search_term_string"}}],"inLanguage":"fi"}]}},"_links":{"self":[{"href":"https:\/\/miaustore.com\/fi\/wp-json\/wp\/v2\/pages\/292","targetHints":{"allow":["GET"]}}],"collection":[{"href":"https:\/\/miaustore.com\/fi\/wp-json\/wp\/v2\/pages"}],"about":[{"href":"https:\/\/miaustore.com\/fi\/wp-json\/wp\/v2\/types\/page"}],"author":[{"embeddable":true,"href":"https:\/\/miaustore.com\/fi\/wp-json\/wp\/v2\/users\/1"}],"replies":[{"embeddable":true,"href":"https:\/\/miaustore.com\/fi\/wp-json\/wp\/v2\/comments?post=292"}],"version-history":[{"count":7,"href":"https:\/\/miaustore.com\/fi\/wp-json\/wp\/v2\/pages\/292\/revisions"}],"predecessor-version":[{"id":2224,"href":"https:\/\/miaustore.com\/fi\/wp-json\/wp\/v2\/pages\/292\/revisions\/2224"}],"wp:attachment":[{"href":"https:\/\/miaustore.com\/fi\/wp-json\/wp\/v2\/media?parent=292"}],"curies":[{"name":"wp","href":"https:\/\/api.w.org\/{rel}","templated":true}]}}