{"id":4,"date":"2018-09-26T15:49:11","date_gmt":"2018-09-26T13:49:11","guid":{"rendered":"https:\/\/miaustore.com\/fi\/?page_id=4"},"modified":"2020-10-16T12:39:30","modified_gmt":"2020-10-16T10:39:30","slug":"miaustore-finland","status":"publish","type":"page","link":"https:\/\/miaustore.com\/fi\/miaustore-finland.html","title":{"rendered":"Miaustore Finland"},"content":{"rendered":"<div id=\"cs-content\" class=\"cs-content\"><\/div>","protected":false},"excerpt":{"rendered":"","protected":false},"author":1,"featured_media":0,"parent":0,"menu_order":0,"comment_status":"closed","ping_status":"closed","template":"template-blank-4.php","meta":{"_glsr_average":0,"_glsr_ranking":0,"_glsr_reviews":0,"footnotes":""},"class_list":["post-4","page","type-page","status-publish","hentry","no-post-thumbnail"],"yoast_head":"<!-- This site is optimized with the Yoast SEO Premium plugin v26.7 (Yoast SEO v26.7) - https:\/\/yoast.com\/wordpress\/plugins\/seo\/ -->\n<title>Keraaminen kissan juomal\u00e4hde- Miaustore Finland<\/title>\n<meta name=\"description\" content=\"Kissat juovat mieluummin juoksevaa kuin seisovaa vett\u00e4. Siksi useimmat kissat eiv\u00e4t juo tarpeeksi, jos niill\u00e4 on saatavilla vain yksi kuppi seisovaa vett\u00e4.\" \/>\n<meta name=\"robots\" content=\"index, follow, max-snippet:-1, max-image-preview:large, max-video-preview:-1\" \/>\n<link rel=\"canonical\" href=\"https:\/\/miaustore.com\/fi\/miaustore-finland.html\" \/>\n<meta property=\"og:locale\" content=\"fi_FI\" \/>\n<meta property=\"og:type\" content=\"article\" \/>\n<meta property=\"og:title\" content=\"Miaustore Finland\" \/>\n<meta property=\"og:description\" content=\"Kissat juovat mieluummin juoksevaa kuin seisovaa vett\u00e4. Siksi useimmat kissat eiv\u00e4t juo tarpeeksi, jos niill\u00e4 on saatavilla vain yksi kuppi seisovaa vett\u00e4.\" \/>\n<meta property=\"og:url\" content=\"https:\/\/miaustore.com\/fi\/miaustore-finland.html\" \/>\n<meta property=\"og:site_name\" content=\"Miaustore Finland\" \/>\n<meta property=\"article:modified_time\" content=\"2020-10-16T10:39:30+00:00\" \/>\n<meta property=\"og:image\" content=\"https:\/\/miaustore.com\/wp-content\/uploads\/2017\/10\/new-norton-seal1-300x162.png\" \/>\n<meta name=\"twitter:card\" content=\"summary_large_image\" \/>\n<meta name=\"twitter:label1\" content=\"Arvioitu lukuaika\" \/>\n\t<meta name=\"twitter:data1\" content=\"26 minuuttia\" \/>\n<script type=\"application\/ld+json\" class=\"yoast-schema-graph\">{\"@context\":\"https:\/\/schema.org\",\"@graph\":[{\"@type\":\"WebPage\",\"@id\":\"https:\/\/miaustore.com\/fi\/miaustore-finland.html\",\"url\":\"https:\/\/miaustore.com\/fi\/miaustore-finland.html\",\"name\":\"Keraaminen kissan juomal\u00e4hde- Miaustore Finland\",\"isPartOf\":{\"@id\":\"https:\/\/miaustore.com\/fi\/#website\"},\"primaryImageOfPage\":{\"@id\":\"https:\/\/miaustore.com\/fi\/miaustore-finland.html#primaryimage\"},\"image\":{\"@id\":\"https:\/\/miaustore.com\/fi\/miaustore-finland.html#primaryimage\"},\"thumbnailUrl\":\"https:\/\/miaustore.com\/wp-content\/uploads\/2017\/10\/new-norton-seal1-300x162.png\",\"datePublished\":\"2018-09-26T13:49:11+00:00\",\"dateModified\":\"2020-10-16T10:39:30+00:00\",\"description\":\"Kissat juovat mieluummin juoksevaa kuin seisovaa vett\u00e4. Siksi useimmat kissat eiv\u00e4t juo tarpeeksi, jos niill\u00e4 on saatavilla vain yksi kuppi seisovaa vett\u00e4.\",\"breadcrumb\":{\"@id\":\"https:\/\/miaustore.com\/fi\/miaustore-finland.html#breadcrumb\"},\"inLanguage\":\"fi\",\"potentialAction\":[{\"@type\":\"ReadAction\",\"target\":[\"https:\/\/miaustore.com\/fi\/miaustore-finland.html\"]}]},{\"@type\":\"ImageObject\",\"inLanguage\":\"fi\",\"@id\":\"https:\/\/miaustore.com\/fi\/miaustore-finland.html#primaryimage\",\"url\":\"https:\/\/miaustore.com\/wp-content\/uploads\/2017\/10\/new-norton-seal1-300x162.png\",\"contentUrl\":\"https:\/\/miaustore.com\/wp-content\/uploads\/2017\/10\/new-norton-seal1-300x162.png\"},{\"@type\":\"BreadcrumbList\",\"@id\":\"https:\/\/miaustore.com\/fi\/miaustore-finland.html#breadcrumb\",\"itemListElement\":[{\"@type\":\"ListItem\",\"position\":1,\"name\":\"Startseite\",\"item\":\"https:\/\/miaustore.com\/fi\/\"},{\"@type\":\"ListItem\",\"position\":2,\"name\":\"Miaustore Finland\"}]},{\"@type\":\"WebSite\",\"@id\":\"https:\/\/miaustore.com\/fi\/#website\",\"url\":\"https:\/\/miaustore.com\/fi\/\",\"name\":\"Miaustore Finland\",\"description\":\"Keraaminen kissan juomal\u00e4hde\",\"potentialAction\":[{\"@type\":\"SearchAction\",\"target\":{\"@type\":\"EntryPoint\",\"urlTemplate\":\"https:\/\/miaustore.com\/fi\/?s={search_term_string}\"},\"query-input\":{\"@type\":\"PropertyValueSpecification\",\"valueRequired\":true,\"valueName\":\"search_term_string\"}}],\"inLanguage\":\"fi\"}]}<\/script>\n<!-- \/ Yoast SEO Premium plugin. -->","yoast_head_json":{"title":"Keraaminen kissan juomal\u00e4hde- Miaustore Finland","description":"Kissat juovat mieluummin juoksevaa kuin seisovaa vett\u00e4. Siksi useimmat kissat eiv\u00e4t juo tarpeeksi, jos niill\u00e4 on saatavilla vain yksi kuppi seisovaa vett\u00e4.","robots":{"index":"index","follow":"follow","max-snippet":"max-snippet:-1","max-image-preview":"max-image-preview:large","max-video-preview":"max-video-preview:-1"},"canonical":"https:\/\/miaustore.com\/fi\/miaustore-finland.html","og_locale":"fi_FI","og_type":"article","og_title":"Miaustore Finland","og_description":"Kissat juovat mieluummin juoksevaa kuin seisovaa vett\u00e4. Siksi useimmat kissat eiv\u00e4t juo tarpeeksi, jos niill\u00e4 on saatavilla vain yksi kuppi seisovaa vett\u00e4.","og_url":"https:\/\/miaustore.com\/fi\/miaustore-finland.html","og_site_name":"Miaustore Finland","article_modified_time":"2020-10-16T10:39:30+00:00","og_image":[{"url":"https:\/\/miaustore.com\/wp-content\/uploads\/2017\/10\/new-norton-seal1-300x162.png","type":"","width":"","height":""}],"twitter_card":"summary_large_image","twitter_misc":{"Arvioitu lukuaika":"26 minuuttia"},"schema":{"@context":"https:\/\/schema.org","@graph":[{"@type":"WebPage","@id":"https:\/\/miaustore.com\/fi\/miaustore-finland.html","url":"https:\/\/miaustore.com\/fi\/miaustore-finland.html","name":"Keraaminen kissan juomal\u00e4hde- Miaustore Finland","isPartOf":{"@id":"https:\/\/miaustore.com\/fi\/#website"},"primaryImageOfPage":{"@id":"https:\/\/miaustore.com\/fi\/miaustore-finland.html#primaryimage"},"image":{"@id":"https:\/\/miaustore.com\/fi\/miaustore-finland.html#primaryimage"},"thumbnailUrl":"https:\/\/miaustore.com\/wp-content\/uploads\/2017\/10\/new-norton-seal1-300x162.png","datePublished":"2018-09-26T13:49:11+00:00","dateModified":"2020-10-16T10:39:30+00:00","description":"Kissat juovat mieluummin juoksevaa kuin seisovaa vett\u00e4. Siksi useimmat kissat eiv\u00e4t juo tarpeeksi, jos niill\u00e4 on saatavilla vain yksi kuppi seisovaa vett\u00e4.","breadcrumb":{"@id":"https:\/\/miaustore.com\/fi\/miaustore-finland.html#breadcrumb"},"inLanguage":"fi","potentialAction":[{"@type":"ReadAction","target":["https:\/\/miaustore.com\/fi\/miaustore-finland.html"]}]},{"@type":"ImageObject","inLanguage":"fi","@id":"https:\/\/miaustore.com\/fi\/miaustore-finland.html#primaryimage","url":"https:\/\/miaustore.com\/wp-content\/uploads\/2017\/10\/new-norton-seal1-300x162.png","contentUrl":"https:\/\/miaustore.com\/wp-content\/uploads\/2017\/10\/new-norton-seal1-300x162.png"},{"@type":"BreadcrumbList","@id":"https:\/\/miaustore.com\/fi\/miaustore-finland.html#breadcrumb","itemListElement":[{"@type":"ListItem","position":1,"name":"Startseite","item":"https:\/\/miaustore.com\/fi\/"},{"@type":"ListItem","position":2,"name":"Miaustore Finland"}]},{"@type":"WebSite","@id":"https:\/\/miaustore.com\/fi\/#website","url":"https:\/\/miaustore.com\/fi\/","name":"Miaustore Finland","description":"Keraaminen kissan juomal\u00e4hde","potentialAction":[{"@type":"SearchAction","target":{"@type":"EntryPoint","urlTemplate":"https:\/\/miaustore.com\/fi\/?s={search_term_string}"},"query-input":{"@type":"PropertyValueSpecification","valueRequired":true,"valueName":"search_term_string"}}],"inLanguage":"fi"}]}},"_links":{"self":[{"href":"https:\/\/miaustore.com\/fi\/wp-json\/wp\/v2\/pages\/4","targetHints":{"allow":["GET"]}}],"collection":[{"href":"https:\/\/miaustore.com\/fi\/wp-json\/wp\/v2\/pages"}],"about":[{"href":"https:\/\/miaustore.com\/fi\/wp-json\/wp\/v2\/types\/page"}],"author":[{"embeddable":true,"href":"https:\/\/miaustore.com\/fi\/wp-json\/wp\/v2\/users\/1"}],"replies":[{"embeddable":true,"href":"https:\/\/miaustore.com\/fi\/wp-json\/wp\/v2\/comments?post=4"}],"version-history":[{"count":134,"href":"https:\/\/miaustore.com\/fi\/wp-json\/wp\/v2\/pages\/4\/revisions"}],"predecessor-version":[{"id":1116,"href":"https:\/\/miaustore.com\/fi\/wp-json\/wp\/v2\/pages\/4\/revisions\/1116"}],"wp:attachment":[{"href":"https:\/\/miaustore.com\/fi\/wp-json\/wp\/v2\/media?parent=4"}],"curies":[{"name":"wp","href":"https:\/\/api.w.org\/{rel}","templated":true}]}}