{"id":491,"date":"2020-02-12T17:18:45","date_gmt":"2020-02-12T16:18:45","guid":{"rendered":"https:\/\/miaustore.com\/fi\/?page_id=491"},"modified":"2020-10-12T15:15:35","modified_gmt":"2020-10-12T13:15:35","slug":"pumpun-kaytto","status":"publish","type":"page","link":"https:\/\/miaustore.com\/fi\/pumpun-kaytto.html","title":{"rendered":"Pumpun k\u00e4ytt\u00f6"},"content":{"rendered":"<div id=\"cs-content\" class=\"cs-content\"><\/div>","protected":false},"excerpt":{"rendered":"","protected":false},"author":1,"featured_media":0,"parent":0,"menu_order":0,"comment_status":"closed","ping_status":"closed","template":"template-blank-6.php","meta":{"_glsr_average":0,"_glsr_ranking":0,"_glsr_reviews":0,"footnotes":""},"class_list":["post-491","page","type-page","status-publish","hentry","no-post-thumbnail"],"yoast_head":"<!-- This site is optimized with the Yoast SEO Premium plugin v26.7 (Yoast SEO v26.7) - https:\/\/yoast.com\/wordpress\/plugins\/seo\/ -->\n<title>Lis\u00e4varusteet Miaustore-suihkul\u00e4hteelle - Finnland<\/title>\n<meta name=\"description\" content=\"Jatkuvan pumpun k\u00e4yt\u00f6n aikana joskus lika, kissan karva, ruokahiukkaset voivat kerty\u00e4 pumpun sis\u00e4\u00e4n ja heikent\u00e4\u00e4 sen tehokkuutta.\" \/>\n<meta name=\"robots\" content=\"index, follow, max-snippet:-1, max-image-preview:large, max-video-preview:-1\" \/>\n<link rel=\"canonical\" href=\"https:\/\/miaustore.com\/fi\/pumpun-kaytto.html\" \/>\n<meta property=\"og:locale\" content=\"fi_FI\" \/>\n<meta property=\"og:type\" content=\"article\" \/>\n<meta property=\"og:title\" content=\"Pumpun k\u00e4ytt\u00f6\" \/>\n<meta property=\"og:description\" content=\"Jatkuvan pumpun k\u00e4yt\u00f6n aikana joskus lika, kissan karva, ruokahiukkaset voivat kerty\u00e4 pumpun sis\u00e4\u00e4n ja heikent\u00e4\u00e4 sen tehokkuutta.\" \/>\n<meta property=\"og:url\" content=\"https:\/\/miaustore.com\/fi\/pumpun-kaytto.html\" \/>\n<meta property=\"og:site_name\" content=\"Miaustore Finland\" \/>\n<meta property=\"article:modified_time\" content=\"2020-10-12T13:15:35+00:00\" \/>\n<meta name=\"twitter:card\" content=\"summary_large_image\" \/>\n<meta name=\"twitter:label1\" content=\"Arvioitu lukuaika\" \/>\n\t<meta name=\"twitter:data1\" content=\"4 minuuttia\" \/>\n<script type=\"application\/ld+json\" class=\"yoast-schema-graph\">{\"@context\":\"https:\/\/schema.org\",\"@graph\":[{\"@type\":\"WebPage\",\"@id\":\"https:\/\/miaustore.com\/fi\/pumpun-kaytto.html\",\"url\":\"https:\/\/miaustore.com\/fi\/pumpun-kaytto.html\",\"name\":\"Lis\u00e4varusteet Miaustore-suihkul\u00e4hteelle - Finnland\",\"isPartOf\":{\"@id\":\"https:\/\/miaustore.com\/fi\/#website\"},\"datePublished\":\"2020-02-12T16:18:45+00:00\",\"dateModified\":\"2020-10-12T13:15:35+00:00\",\"description\":\"Jatkuvan pumpun k\u00e4yt\u00f6n aikana joskus lika, kissan karva, ruokahiukkaset voivat kerty\u00e4 pumpun sis\u00e4\u00e4n ja heikent\u00e4\u00e4 sen tehokkuutta.\",\"breadcrumb\":{\"@id\":\"https:\/\/miaustore.com\/fi\/pumpun-kaytto.html#breadcrumb\"},\"inLanguage\":\"fi\",\"potentialAction\":[{\"@type\":\"ReadAction\",\"target\":[\"https:\/\/miaustore.com\/fi\/pumpun-kaytto.html\"]}]},{\"@type\":\"BreadcrumbList\",\"@id\":\"https:\/\/miaustore.com\/fi\/pumpun-kaytto.html#breadcrumb\",\"itemListElement\":[{\"@type\":\"ListItem\",\"position\":1,\"name\":\"Startseite\",\"item\":\"https:\/\/miaustore.com\/fi\/\"},{\"@type\":\"ListItem\",\"position\":2,\"name\":\"Pumpun k\u00e4ytt\u00f6\"}]},{\"@type\":\"WebSite\",\"@id\":\"https:\/\/miaustore.com\/fi\/#website\",\"url\":\"https:\/\/miaustore.com\/fi\/\",\"name\":\"Miaustore Finland\",\"description\":\"Keraaminen kissan juomal\u00e4hde\",\"potentialAction\":[{\"@type\":\"SearchAction\",\"target\":{\"@type\":\"EntryPoint\",\"urlTemplate\":\"https:\/\/miaustore.com\/fi\/?s={search_term_string}\"},\"query-input\":{\"@type\":\"PropertyValueSpecification\",\"valueRequired\":true,\"valueName\":\"search_term_string\"}}],\"inLanguage\":\"fi\"}]}<\/script>\n<!-- \/ Yoast SEO Premium plugin. -->","yoast_head_json":{"title":"Lis\u00e4varusteet Miaustore-suihkul\u00e4hteelle - Finnland","description":"Jatkuvan pumpun k\u00e4yt\u00f6n aikana joskus lika, kissan karva, ruokahiukkaset voivat kerty\u00e4 pumpun sis\u00e4\u00e4n ja heikent\u00e4\u00e4 sen tehokkuutta.","robots":{"index":"index","follow":"follow","max-snippet":"max-snippet:-1","max-image-preview":"max-image-preview:large","max-video-preview":"max-video-preview:-1"},"canonical":"https:\/\/miaustore.com\/fi\/pumpun-kaytto.html","og_locale":"fi_FI","og_type":"article","og_title":"Pumpun k\u00e4ytt\u00f6","og_description":"Jatkuvan pumpun k\u00e4yt\u00f6n aikana joskus lika, kissan karva, ruokahiukkaset voivat kerty\u00e4 pumpun sis\u00e4\u00e4n ja heikent\u00e4\u00e4 sen tehokkuutta.","og_url":"https:\/\/miaustore.com\/fi\/pumpun-kaytto.html","og_site_name":"Miaustore Finland","article_modified_time":"2020-10-12T13:15:35+00:00","twitter_card":"summary_large_image","twitter_misc":{"Arvioitu lukuaika":"4 minuuttia"},"schema":{"@context":"https:\/\/schema.org","@graph":[{"@type":"WebPage","@id":"https:\/\/miaustore.com\/fi\/pumpun-kaytto.html","url":"https:\/\/miaustore.com\/fi\/pumpun-kaytto.html","name":"Lis\u00e4varusteet Miaustore-suihkul\u00e4hteelle - Finnland","isPartOf":{"@id":"https:\/\/miaustore.com\/fi\/#website"},"datePublished":"2020-02-12T16:18:45+00:00","dateModified":"2020-10-12T13:15:35+00:00","description":"Jatkuvan pumpun k\u00e4yt\u00f6n aikana joskus lika, kissan karva, ruokahiukkaset voivat kerty\u00e4 pumpun sis\u00e4\u00e4n ja heikent\u00e4\u00e4 sen tehokkuutta.","breadcrumb":{"@id":"https:\/\/miaustore.com\/fi\/pumpun-kaytto.html#breadcrumb"},"inLanguage":"fi","potentialAction":[{"@type":"ReadAction","target":["https:\/\/miaustore.com\/fi\/pumpun-kaytto.html"]}]},{"@type":"BreadcrumbList","@id":"https:\/\/miaustore.com\/fi\/pumpun-kaytto.html#breadcrumb","itemListElement":[{"@type":"ListItem","position":1,"name":"Startseite","item":"https:\/\/miaustore.com\/fi\/"},{"@type":"ListItem","position":2,"name":"Pumpun k\u00e4ytt\u00f6"}]},{"@type":"WebSite","@id":"https:\/\/miaustore.com\/fi\/#website","url":"https:\/\/miaustore.com\/fi\/","name":"Miaustore Finland","description":"Keraaminen kissan juomal\u00e4hde","potentialAction":[{"@type":"SearchAction","target":{"@type":"EntryPoint","urlTemplate":"https:\/\/miaustore.com\/fi\/?s={search_term_string}"},"query-input":{"@type":"PropertyValueSpecification","valueRequired":true,"valueName":"search_term_string"}}],"inLanguage":"fi"}]}},"_links":{"self":[{"href":"https:\/\/miaustore.com\/fi\/wp-json\/wp\/v2\/pages\/491","targetHints":{"allow":["GET"]}}],"collection":[{"href":"https:\/\/miaustore.com\/fi\/wp-json\/wp\/v2\/pages"}],"about":[{"href":"https:\/\/miaustore.com\/fi\/wp-json\/wp\/v2\/types\/page"}],"author":[{"embeddable":true,"href":"https:\/\/miaustore.com\/fi\/wp-json\/wp\/v2\/users\/1"}],"replies":[{"embeddable":true,"href":"https:\/\/miaustore.com\/fi\/wp-json\/wp\/v2\/comments?post=491"}],"version-history":[{"count":4,"href":"https:\/\/miaustore.com\/fi\/wp-json\/wp\/v2\/pages\/491\/revisions"}],"predecessor-version":[{"id":1103,"href":"https:\/\/miaustore.com\/fi\/wp-json\/wp\/v2\/pages\/491\/revisions\/1103"}],"wp:attachment":[{"href":"https:\/\/miaustore.com\/fi\/wp-json\/wp\/v2\/media?parent=491"}],"curies":[{"name":"wp","href":"https:\/\/api.w.org\/{rel}","templated":true}]}}