{"id":611117,"date":"2023-04-27T11:40:41","date_gmt":"2023-04-27T09:40:41","guid":{"rendered":"https:\/\/miaustore.com\/fi\/?page_id=611117"},"modified":"2023-06-02T11:41:44","modified_gmt":"2023-06-02T09:41:44","slug":"meista","status":"publish","type":"page","link":"https:\/\/miaustore.com\/fi\/meista.html","title":{"rendered":"Meist\u00e4"},"content":{"rendered":"\t\t<div data-elementor-type=\"wp-page\" data-elementor-id=\"611117\" class=\"elementor elementor-611117\" data-elementor-post-type=\"page\">\n\t\t\t\t\t\t<section class=\"elementor-section elementor-top-section elementor-element elementor-element-2fdc34d elementor-section-boxed elementor-section-height-default elementor-section-height-default\" data-id=\"2fdc34d\" data-element_type=\"section\">\n\t\t\t\t\t\t<div class=\"elementor-container elementor-column-gap-default\">\n\t\t\t\t\t<div class=\"elementor-column elementor-col-100 elementor-top-column elementor-element elementor-element-45669dd\" data-id=\"45669dd\" data-element_type=\"column\">\n\t\t\t<div class=\"elementor-widget-wrap elementor-element-populated\">\n\t\t\t\t\t\t<div class=\"elementor-element elementor-element-5a0af06 elementor-widget elementor-widget-text-editor\" data-id=\"5a0af06\" data-element_type=\"widget\" data-widget_type=\"text-editor.default\">\n\t\t\t\t<div class=\"elementor-widget-container\">\n\t\t\t\t\t\t\t\t\t<h1>Yrityksemme<\/h1>\n<p>Luovat, innovatiiviset kissatuotteet parantamaan lemmikkisi terveytt\u00e4 ja el\u00e4m\u00e4nlaatua.<br><br>Me Miaustoressa uskomme kissojen ja heid\u00e4n omistajiensa el\u00e4m\u00e4n parantamiseen hyvin tutkittujen, k\u00e4sintehtyjen kissatuotteiden avulla.<br><br>P\u00e4\u00e4tuotteemme on kissan suihkul\u00e4hde, p\u00e4\u00e4osin te, asiakkaat! Markkinatutkimuksen, asiakasarvostelujen ja eri puolilta maailmaa olevien insin\u00f6\u00f6rien avulla pystyimme luomaan kissan suihkul\u00e4hteen, jossa ei ole kilpailijoiden ongelmia, kuten meluisaa pumppua jne., mutta joka s\u00e4ilytt\u00e4\u00e4 kaikki edut. suihkul\u00e4hteist\u00e4.<br><br>Tavoitteemme on jatkuvasti kuunnella kissoja ja omistajia ja tarjota heille heid\u00e4n haluamiaan tuotteita, parasta mahdollista laatua, parhaaseen hintaan.<br><\/p>\n<h2>Omistajan tiedot<\/h2>\n<p><br><\/p>\n<p><strong>Yritysomistaja (UBO):<\/strong>&nbsp;Chen Yongju<br><strong>Yrityksen nimi:<\/strong>&nbsp;Miaustore EU Webshop Limited<br><strong>Yrityksen osoite<\/strong>: Room 1902, Easey Commercial Building, 253-261 Hennessy Road, Wan Chai, Hong Kong<br><strong>Yrityksen lisenssinumero:<\/strong>&nbsp;3220155<br><strong>S\u00e4hk\u00f6posti:&nbsp;<\/strong>Miaustore699@outlook.com<br><strong>Puhelin:<\/strong>&nbsp;(+852) 57481890 (vain tekstiviesti)<\/p>\n<h2>Palautusk\u00e4yt\u00e4nt\u00f6<\/h2>\n<p>1.11.2018 l\u00e4htien Miaustore on tarjonnut asiakkailleen 1 vuoden vastaanottotakuun. Jos kissa ei hyv\u00e4ksy suihkul\u00e4hdett\u00e4 tai jos jokin Miaustoren lupauksista ei t\u00e4yty (helppo puhdistaminen, korkea laatu, helppo t\u00e4ytt\u00f6, turvallisuus jne.), ostaja voi palauttaa suihkul\u00e4hteen 1 vuoden kuluessa ja saada takaisin suihkul\u00e4hteest\u00e4 maksetun ostohinnan. Suihkul\u00e4hteen on oltava ehj\u00e4ss\u00e4 1 vuoden takuun saamiseksi.<br><br>V\u00e4lt\u00e4 palauttamasta muita tuotteita kuin kissan suihkul\u00e4hdett\u00e4. Jos palautat useampia tuotteita, emme voi ottaa niit\u00e4 huomioon ja saatat joutua maksamaan palautuskulut kokonaisuudessaan, jos haluat tuotteesi palautettavan. Pyyd\u00e4mme ymm\u00e4rryst\u00e4si, ettemme voi hyvitt\u00e4\u00e4 personoituja tuotteita, kuten kaiverruksia.<br><br>Kaikki muut kuin suihkul\u00e4hdetuotteet voidaan palauttaa 14 p\u00e4iv\u00e4n kuluessa.<br><br>Sin\u00e4 maksat v\u00e4litt\u00f6m\u00e4t palautuskustannukset. Ota meihin yhteytt\u00e4 ennen tavaroiden palauttamista.<br><\/p>\n<h5 style=\"text-align: center;\"><strong>Suihkul\u00e4hde on palautettava seuraavaan osoitteeseen:<\/strong><\/h5>\n<p style=\"text-align: center;\">Miaustore.com<\/p>\n<p><br><\/p>\n<p style=\"text-align: center;\">isklad e-fulfillment Dia\u013eni\u010dn\u00e1 cesta 5, Hala D, portti 35 90301 Senec Slovakia<\/p>\n<p>,<\/p>\t\t\t\t\t\t\t\t<\/div>\n\t\t\t\t<\/div>\n\t\t\t\t\t<\/div>\n\t\t<\/div>\n\t\t\t\t\t<\/div>\n\t\t<\/section>\n\t\t\t\t<\/div>\n\t\t","protected":false},"excerpt":{"rendered":"<p>Yrityksemme Luovat, innovatiiviset kissatuotteet parantamaan lemmikkisi terveytt\u00e4 ja el\u00e4m\u00e4nlaatua.Me Miaustoressa uskomme kissojen ja heid\u00e4n omistajiensa el\u00e4m\u00e4n parantamiseen hyvin tutkittujen, k\u00e4sintehtyjen kissatuotteiden avulla.P\u00e4\u00e4tuotteemme on kissan suihkul\u00e4hde, p\u00e4\u00e4osin te, asiakkaat! Markkinatutkimuksen, asiakasarvostelujen ja eri puolilta maailmaa olevien insin\u00f6\u00f6rien avulla pystyimme luomaan kissan suihkul\u00e4hteen, jossa ei ole kilpailijoiden ongelmia, kuten meluisaa pumppua jne., mutta joka s\u00e4ilytt\u00e4\u00e4 kaikki edut. suihkul\u00e4hteist\u00e4.Tavoitteemme on jatkuvasti kuunnella kissoja &#8230; <\/p>\n<div><a href=\"https:\/\/miaustore.com\/fi\/meista.html\" class=\"more-link\">Read More<\/a><\/div>\n","protected":false},"author":260,"featured_media":0,"parent":0,"menu_order":0,"comment_status":"closed","ping_status":"closed","template":"elementor_header_footer","meta":{"_glsr_average":0,"_glsr_ranking":0,"_glsr_reviews":0,"footnotes":""},"class_list":["post-611117","page","type-page","status-publish","hentry","no-post-thumbnail"],"yoast_head":"<!-- This site is optimized with the Yoast SEO Premium plugin v26.7 (Yoast SEO v26.7) - https:\/\/yoast.com\/wordpress\/plugins\/seo\/ -->\n<title>Meist\u00e4 - Miaustore Finland<\/title>\n<meta name=\"robots\" content=\"index, follow, max-snippet:-1, max-image-preview:large, max-video-preview:-1\" \/>\n<link rel=\"canonical\" href=\"https:\/\/miaustore.com\/fi\/meista.html\" \/>\n<meta property=\"og:locale\" content=\"fi_FI\" \/>\n<meta property=\"og:type\" content=\"article\" \/>\n<meta property=\"og:title\" content=\"Meist\u00e4\" \/>\n<meta property=\"og:description\" content=\"Yrityksemme Luovat, innovatiiviset kissatuotteet parantamaan lemmikkisi terveytt\u00e4 ja el\u00e4m\u00e4nlaatua.Me Miaustoressa uskomme kissojen ja heid\u00e4n omistajiensa el\u00e4m\u00e4n parantamiseen hyvin tutkittujen, k\u00e4sintehtyjen kissatuotteiden avulla.P\u00e4\u00e4tuotteemme on kissan suihkul\u00e4hde, p\u00e4\u00e4osin te, asiakkaat! Markkinatutkimuksen, asiakasarvostelujen ja eri puolilta maailmaa olevien insin\u00f6\u00f6rien avulla pystyimme luomaan kissan suihkul\u00e4hteen, jossa ei ole kilpailijoiden ongelmia, kuten meluisaa pumppua jne., mutta joka s\u00e4ilytt\u00e4\u00e4 kaikki edut. suihkul\u00e4hteist\u00e4.Tavoitteemme on jatkuvasti kuunnella kissoja ... Read More\" \/>\n<meta property=\"og:url\" content=\"https:\/\/miaustore.com\/fi\/meista.html\" \/>\n<meta property=\"og:site_name\" content=\"Miaustore Finland\" \/>\n<meta property=\"article:modified_time\" content=\"2023-06-02T09:41:44+00:00\" \/>\n<meta name=\"twitter:card\" content=\"summary_large_image\" \/>\n<meta name=\"twitter:label1\" content=\"Arvioitu lukuaika\" \/>\n\t<meta name=\"twitter:data1\" content=\"2 minuuttia\" \/>\n<script type=\"application\/ld+json\" class=\"yoast-schema-graph\">{\"@context\":\"https:\/\/schema.org\",\"@graph\":[{\"@type\":\"WebPage\",\"@id\":\"https:\/\/miaustore.com\/fi\/meista.html\",\"url\":\"https:\/\/miaustore.com\/fi\/meista.html\",\"name\":\"Meist\u00e4 - Miaustore Finland\",\"isPartOf\":{\"@id\":\"https:\/\/miaustore.com\/fi\/#website\"},\"datePublished\":\"2023-04-27T09:40:41+00:00\",\"dateModified\":\"2023-06-02T09:41:44+00:00\",\"breadcrumb\":{\"@id\":\"https:\/\/miaustore.com\/fi\/meista.html#breadcrumb\"},\"inLanguage\":\"fi\",\"potentialAction\":[{\"@type\":\"ReadAction\",\"target\":[\"https:\/\/miaustore.com\/fi\/meista.html\"]}]},{\"@type\":\"BreadcrumbList\",\"@id\":\"https:\/\/miaustore.com\/fi\/meista.html#breadcrumb\",\"itemListElement\":[{\"@type\":\"ListItem\",\"position\":1,\"name\":\"Startseite\",\"item\":\"https:\/\/miaustore.com\/fi\/\"},{\"@type\":\"ListItem\",\"position\":2,\"name\":\"Meist\u00e4\"}]},{\"@type\":\"WebSite\",\"@id\":\"https:\/\/miaustore.com\/fi\/#website\",\"url\":\"https:\/\/miaustore.com\/fi\/\",\"name\":\"Miaustore Finland\",\"description\":\"Keraaminen kissan juomal\u00e4hde\",\"potentialAction\":[{\"@type\":\"SearchAction\",\"target\":{\"@type\":\"EntryPoint\",\"urlTemplate\":\"https:\/\/miaustore.com\/fi\/?s={search_term_string}\"},\"query-input\":{\"@type\":\"PropertyValueSpecification\",\"valueRequired\":true,\"valueName\":\"search_term_string\"}}],\"inLanguage\":\"fi\"}]}<\/script>\n<!-- \/ Yoast SEO Premium plugin. -->","yoast_head_json":{"title":"Meist\u00e4 - Miaustore Finland","robots":{"index":"index","follow":"follow","max-snippet":"max-snippet:-1","max-image-preview":"max-image-preview:large","max-video-preview":"max-video-preview:-1"},"canonical":"https:\/\/miaustore.com\/fi\/meista.html","og_locale":"fi_FI","og_type":"article","og_title":"Meist\u00e4","og_description":"Yrityksemme Luovat, innovatiiviset kissatuotteet parantamaan lemmikkisi terveytt\u00e4 ja el\u00e4m\u00e4nlaatua.Me Miaustoressa uskomme kissojen ja heid\u00e4n omistajiensa el\u00e4m\u00e4n parantamiseen hyvin tutkittujen, k\u00e4sintehtyjen kissatuotteiden avulla.P\u00e4\u00e4tuotteemme on kissan suihkul\u00e4hde, p\u00e4\u00e4osin te, asiakkaat! Markkinatutkimuksen, asiakasarvostelujen ja eri puolilta maailmaa olevien insin\u00f6\u00f6rien avulla pystyimme luomaan kissan suihkul\u00e4hteen, jossa ei ole kilpailijoiden ongelmia, kuten meluisaa pumppua jne., mutta joka s\u00e4ilytt\u00e4\u00e4 kaikki edut. suihkul\u00e4hteist\u00e4.Tavoitteemme on jatkuvasti kuunnella kissoja ... Read More","og_url":"https:\/\/miaustore.com\/fi\/meista.html","og_site_name":"Miaustore Finland","article_modified_time":"2023-06-02T09:41:44+00:00","twitter_card":"summary_large_image","twitter_misc":{"Arvioitu lukuaika":"2 minuuttia"},"schema":{"@context":"https:\/\/schema.org","@graph":[{"@type":"WebPage","@id":"https:\/\/miaustore.com\/fi\/meista.html","url":"https:\/\/miaustore.com\/fi\/meista.html","name":"Meist\u00e4 - Miaustore Finland","isPartOf":{"@id":"https:\/\/miaustore.com\/fi\/#website"},"datePublished":"2023-04-27T09:40:41+00:00","dateModified":"2023-06-02T09:41:44+00:00","breadcrumb":{"@id":"https:\/\/miaustore.com\/fi\/meista.html#breadcrumb"},"inLanguage":"fi","potentialAction":[{"@type":"ReadAction","target":["https:\/\/miaustore.com\/fi\/meista.html"]}]},{"@type":"BreadcrumbList","@id":"https:\/\/miaustore.com\/fi\/meista.html#breadcrumb","itemListElement":[{"@type":"ListItem","position":1,"name":"Startseite","item":"https:\/\/miaustore.com\/fi\/"},{"@type":"ListItem","position":2,"name":"Meist\u00e4"}]},{"@type":"WebSite","@id":"https:\/\/miaustore.com\/fi\/#website","url":"https:\/\/miaustore.com\/fi\/","name":"Miaustore Finland","description":"Keraaminen kissan juomal\u00e4hde","potentialAction":[{"@type":"SearchAction","target":{"@type":"EntryPoint","urlTemplate":"https:\/\/miaustore.com\/fi\/?s={search_term_string}"},"query-input":{"@type":"PropertyValueSpecification","valueRequired":true,"valueName":"search_term_string"}}],"inLanguage":"fi"}]}},"_links":{"self":[{"href":"https:\/\/miaustore.com\/fi\/wp-json\/wp\/v2\/pages\/611117","targetHints":{"allow":["GET"]}}],"collection":[{"href":"https:\/\/miaustore.com\/fi\/wp-json\/wp\/v2\/pages"}],"about":[{"href":"https:\/\/miaustore.com\/fi\/wp-json\/wp\/v2\/types\/page"}],"author":[{"embeddable":true,"href":"https:\/\/miaustore.com\/fi\/wp-json\/wp\/v2\/users\/260"}],"replies":[{"embeddable":true,"href":"https:\/\/miaustore.com\/fi\/wp-json\/wp\/v2\/comments?post=611117"}],"version-history":[{"count":10,"href":"https:\/\/miaustore.com\/fi\/wp-json\/wp\/v2\/pages\/611117\/revisions"}],"predecessor-version":[{"id":611223,"href":"https:\/\/miaustore.com\/fi\/wp-json\/wp\/v2\/pages\/611117\/revisions\/611223"}],"wp:attachment":[{"href":"https:\/\/miaustore.com\/fi\/wp-json\/wp\/v2\/media?parent=611117"}],"curies":[{"name":"wp","href":"https:\/\/api.w.org\/{rel}","templated":true}]}}