{"id":833,"date":"2020-07-10T13:56:53","date_gmt":"2020-07-10T11:56:53","guid":{"rendered":"https:\/\/miaustore.com\/fi\/?page_id=833"},"modified":"2025-12-16T04:07:37","modified_gmt":"2025-12-16T03:07:37","slug":"ota-yhteytta","status":"publish","type":"page","link":"https:\/\/miaustore.com\/fi\/ota-yhteytta.html","title":{"rendered":"Ota yhteytt\u00e4"},"content":{"rendered":"<strong>\u00c4L\u00c4 EP\u00c4R\u00d6I OTTAA MEIHIN YHTEYTT\u00c4, JOS SINULLA ON KYSYTT\u00c4V\u00c4\u00c4.<\/strong>\r\n<br class=\"clear\" \/><strong>Asiakaspalvelu:<\/strong> support@miaustore.com<br class=\"clear\" \/><strong>Joukkotilaukset tai yritykset:<\/strong> business@miaustore.com <br class=\"clear\" \/><strong>Viesti:<\/strong> Miaustore EU Webshop Limited<br class=\"clear\" \/>Room 1902, Easey Commercial Building 253-261 Hennessy Road,<br class=\"clear\" \/>Wan Chai, Hong Kong<br class=\"clear\" \/><br class=\"clear\" \/><br class=\"clear\" \/><strong>Pumpun valitus<\/strong><br class=\"clear\" \/>Ennen kuin otat meihin yhteytt\u00e4 pumpun valituksia, lue seuraava k\u00e4ytt\u00f6ohje &#8221;<a href=\"https:\/\/miaustore.com\/fi\/pumpun-kaytto.html\">Miaustore Pumpun k\u00e4ytt\u00f6 ja huolto<\/a>&#8221;. Suurimman osan ajasta virheen l\u00e4hde on pumpun puhdistuksen ja kalkinpoiston virheellinen k\u00e4sittely. T\u00e4m\u00e4 voi aiheuttaa pumpun tukkeutumisen ja siksi se ei toimi kunnolla.\r\n\r\n&nbsp;\r\n\r\n","protected":false},"excerpt":{"rendered":"<p>\u00c4L\u00c4 EP\u00c4R\u00d6I OTTAA MEIHIN YHTEYTT\u00c4, JOS SINULLA ON KYSYTT\u00c4V\u00c4\u00c4. Asiakaspalvelu: support@miaustore.comJoukkotilaukset tai yritykset: business@miaustore.com Viesti: Miaustore EU Webshop LimitedRoom 1902, Easey Commercial Building 253-261 Hennessy Road,Wan Chai, Hong KongPumpun valitusEnnen kuin otat meihin yhteytt\u00e4 pumpun valituksia, lue seuraava k\u00e4ytt\u00f6ohje &#8221;Miaustore Pumpun k\u00e4ytt\u00f6 ja huolto&#8221;. Suurimman osan ajasta virheen l\u00e4hde on pumpun puhdistuksen ja kalkinpoiston virheellinen k\u00e4sittely. T\u00e4m\u00e4 voi aiheuttaa pumpun &#8230; <\/p>\n<div><a href=\"https:\/\/miaustore.com\/fi\/ota-yhteytta.html\" class=\"more-link\">Read More<\/a><\/div>\n","protected":false},"author":1,"featured_media":0,"parent":0,"menu_order":0,"comment_status":"closed","ping_status":"closed","template":"","meta":{"_glsr_average":0,"_glsr_ranking":0,"_glsr_reviews":0,"footnotes":""},"class_list":["post-833","page","type-page","status-publish","hentry","no-post-thumbnail"],"yoast_head":"<!-- This site is optimized with the Yoast SEO Premium plugin v26.7 (Yoast SEO v26.7) - https:\/\/yoast.com\/wordpress\/plugins\/seo\/ -->\n<title>Ota yhteytt\u00e4 - Miaustore Finland<\/title>\n<meta name=\"robots\" content=\"index, follow, max-snippet:-1, max-image-preview:large, max-video-preview:-1\" \/>\n<link rel=\"canonical\" href=\"https:\/\/miaustore.com\/fi\/ota-yhteytta.html\" \/>\n<meta property=\"og:locale\" content=\"fi_FI\" \/>\n<meta property=\"og:type\" content=\"article\" \/>\n<meta property=\"og:title\" content=\"Ota yhteytt\u00e4\" \/>\n<meta property=\"og:description\" content=\"\u00c4L\u00c4 EP\u00c4R\u00d6I OTTAA MEIHIN YHTEYTT\u00c4, JOS SINULLA ON KYSYTT\u00c4V\u00c4\u00c4. Asiakaspalvelu: support@miaustore.comJoukkotilaukset tai yritykset: business@miaustore.com Viesti: Miaustore EU Webshop LimitedRoom 1902, Easey Commercial Building 253-261 Hennessy Road,Wan Chai, Hong KongPumpun valitusEnnen kuin otat meihin yhteytt\u00e4 pumpun valituksia, lue seuraava k\u00e4ytt\u00f6ohje &#8221;Miaustore Pumpun k\u00e4ytt\u00f6 ja huolto&#8221;. Suurimman osan ajasta virheen l\u00e4hde on pumpun puhdistuksen ja kalkinpoiston virheellinen k\u00e4sittely. T\u00e4m\u00e4 voi aiheuttaa pumpun ... Read More\" \/>\n<meta property=\"og:url\" content=\"https:\/\/miaustore.com\/fi\/ota-yhteytta.html\" \/>\n<meta property=\"og:site_name\" content=\"Miaustore Finland\" \/>\n<meta property=\"article:modified_time\" content=\"2025-12-16T03:07:37+00:00\" \/>\n<meta name=\"twitter:card\" content=\"summary_large_image\" \/>\n<meta name=\"twitter:label1\" content=\"Arvioitu lukuaika\" \/>\n\t<meta name=\"twitter:data1\" content=\"1 minuutti\" \/>\n<script type=\"application\/ld+json\" class=\"yoast-schema-graph\">{\"@context\":\"https:\/\/schema.org\",\"@graph\":[{\"@type\":\"WebPage\",\"@id\":\"https:\/\/miaustore.com\/fi\/ota-yhteytta.html\",\"url\":\"https:\/\/miaustore.com\/fi\/ota-yhteytta.html\",\"name\":\"Ota yhteytt\u00e4 - Miaustore Finland\",\"isPartOf\":{\"@id\":\"https:\/\/miaustore.com\/fi\/#website\"},\"datePublished\":\"2020-07-10T11:56:53+00:00\",\"dateModified\":\"2025-12-16T03:07:37+00:00\",\"breadcrumb\":{\"@id\":\"https:\/\/miaustore.com\/fi\/ota-yhteytta.html#breadcrumb\"},\"inLanguage\":\"fi\",\"potentialAction\":[{\"@type\":\"ReadAction\",\"target\":[\"https:\/\/miaustore.com\/fi\/ota-yhteytta.html\"]}]},{\"@type\":\"BreadcrumbList\",\"@id\":\"https:\/\/miaustore.com\/fi\/ota-yhteytta.html#breadcrumb\",\"itemListElement\":[{\"@type\":\"ListItem\",\"position\":1,\"name\":\"Startseite\",\"item\":\"https:\/\/miaustore.com\/fi\/\"},{\"@type\":\"ListItem\",\"position\":2,\"name\":\"Ota yhteytt\u00e4\"}]},{\"@type\":\"WebSite\",\"@id\":\"https:\/\/miaustore.com\/fi\/#website\",\"url\":\"https:\/\/miaustore.com\/fi\/\",\"name\":\"Miaustore Finland\",\"description\":\"Keraaminen kissan juomal\u00e4hde\",\"potentialAction\":[{\"@type\":\"SearchAction\",\"target\":{\"@type\":\"EntryPoint\",\"urlTemplate\":\"https:\/\/miaustore.com\/fi\/?s={search_term_string}\"},\"query-input\":{\"@type\":\"PropertyValueSpecification\",\"valueRequired\":true,\"valueName\":\"search_term_string\"}}],\"inLanguage\":\"fi\"}]}<\/script>\n<!-- \/ Yoast SEO Premium plugin. -->","yoast_head_json":{"title":"Ota yhteytt\u00e4 - Miaustore Finland","robots":{"index":"index","follow":"follow","max-snippet":"max-snippet:-1","max-image-preview":"max-image-preview:large","max-video-preview":"max-video-preview:-1"},"canonical":"https:\/\/miaustore.com\/fi\/ota-yhteytta.html","og_locale":"fi_FI","og_type":"article","og_title":"Ota yhteytt\u00e4","og_description":"\u00c4L\u00c4 EP\u00c4R\u00d6I OTTAA MEIHIN YHTEYTT\u00c4, JOS SINULLA ON KYSYTT\u00c4V\u00c4\u00c4. Asiakaspalvelu: support@miaustore.comJoukkotilaukset tai yritykset: business@miaustore.com Viesti: Miaustore EU Webshop LimitedRoom 1902, Easey Commercial Building 253-261 Hennessy Road,Wan Chai, Hong KongPumpun valitusEnnen kuin otat meihin yhteytt\u00e4 pumpun valituksia, lue seuraava k\u00e4ytt\u00f6ohje &#8221;Miaustore Pumpun k\u00e4ytt\u00f6 ja huolto&#8221;. Suurimman osan ajasta virheen l\u00e4hde on pumpun puhdistuksen ja kalkinpoiston virheellinen k\u00e4sittely. T\u00e4m\u00e4 voi aiheuttaa pumpun ... Read More","og_url":"https:\/\/miaustore.com\/fi\/ota-yhteytta.html","og_site_name":"Miaustore Finland","article_modified_time":"2025-12-16T03:07:37+00:00","twitter_card":"summary_large_image","twitter_misc":{"Arvioitu lukuaika":"1 minuutti"},"schema":{"@context":"https:\/\/schema.org","@graph":[{"@type":"WebPage","@id":"https:\/\/miaustore.com\/fi\/ota-yhteytta.html","url":"https:\/\/miaustore.com\/fi\/ota-yhteytta.html","name":"Ota yhteytt\u00e4 - Miaustore Finland","isPartOf":{"@id":"https:\/\/miaustore.com\/fi\/#website"},"datePublished":"2020-07-10T11:56:53+00:00","dateModified":"2025-12-16T03:07:37+00:00","breadcrumb":{"@id":"https:\/\/miaustore.com\/fi\/ota-yhteytta.html#breadcrumb"},"inLanguage":"fi","potentialAction":[{"@type":"ReadAction","target":["https:\/\/miaustore.com\/fi\/ota-yhteytta.html"]}]},{"@type":"BreadcrumbList","@id":"https:\/\/miaustore.com\/fi\/ota-yhteytta.html#breadcrumb","itemListElement":[{"@type":"ListItem","position":1,"name":"Startseite","item":"https:\/\/miaustore.com\/fi\/"},{"@type":"ListItem","position":2,"name":"Ota yhteytt\u00e4"}]},{"@type":"WebSite","@id":"https:\/\/miaustore.com\/fi\/#website","url":"https:\/\/miaustore.com\/fi\/","name":"Miaustore Finland","description":"Keraaminen kissan juomal\u00e4hde","potentialAction":[{"@type":"SearchAction","target":{"@type":"EntryPoint","urlTemplate":"https:\/\/miaustore.com\/fi\/?s={search_term_string}"},"query-input":{"@type":"PropertyValueSpecification","valueRequired":true,"valueName":"search_term_string"}}],"inLanguage":"fi"}]}},"_links":{"self":[{"href":"https:\/\/miaustore.com\/fi\/wp-json\/wp\/v2\/pages\/833","targetHints":{"allow":["GET"]}}],"collection":[{"href":"https:\/\/miaustore.com\/fi\/wp-json\/wp\/v2\/pages"}],"about":[{"href":"https:\/\/miaustore.com\/fi\/wp-json\/wp\/v2\/types\/page"}],"author":[{"embeddable":true,"href":"https:\/\/miaustore.com\/fi\/wp-json\/wp\/v2\/users\/1"}],"replies":[{"embeddable":true,"href":"https:\/\/miaustore.com\/fi\/wp-json\/wp\/v2\/comments?post=833"}],"version-history":[{"count":7,"href":"https:\/\/miaustore.com\/fi\/wp-json\/wp\/v2\/pages\/833\/revisions"}],"predecessor-version":[{"id":615957,"href":"https:\/\/miaustore.com\/fi\/wp-json\/wp\/v2\/pages\/833\/revisions\/615957"}],"wp:attachment":[{"href":"https:\/\/miaustore.com\/fi\/wp-json\/wp\/v2\/media?parent=833"}],"curies":[{"name":"wp","href":"https:\/\/api.w.org\/{rel}","templated":true}]}}