{"id":298830,"date":"2020-11-12T08:38:36","date_gmt":"2020-11-12T08:38:36","guid":{"rendered":"https:\/\/miaustore.com\/fr\/?page_id=298830"},"modified":"2026-01-21T05:19:29","modified_gmt":"2026-01-21T05:19:29","slug":"subscription","status":"publish","type":"page","link":"https:\/\/miaustore.com\/fr\/subscription.html","title":{"rendered":"Subscription Products"},"content":{"rendered":"<div id=\"cs-content\" class=\"cs-content\"><div id=\"x-section-1\" class=\"x-section\" style=\"margin: 0px;padding: 45px 0px; background-color: transparent;\" ><div id=\"\" class=\"x-container\" style=\"margin: 0px auto;padding: 0px;\" ><div  class=\"x-column x-sm x-1-1\" style=\"padding: 0px;\" ><div id=\"\" class=\"x-text\" style=\"margin-top:-65px;\" ><p><img decoding=\"async\"  width=200px src=\"\/\/miaustore.com\/wp-content\/uploads\/2018\/03\/miaustore_mobile.png\" alt=\"Ceramic cat water fountain\"><br \/>\n<a href=\"https:\/\/miaustore.com\/fr\/\" >Retour \u00e0 la page d\u2019accueil<\/a><\/p>\n<\/div><\/div><\/div><div id=\"\" class=\"x-container\" style=\"margin: 0px auto;padding: 0px;\" ><div  class=\"x-column x-sm x-2-3\" style=\"padding: 0px;\" ><hr  class=\"x-hr\" style=\"margin:0px;border-top-width: 1px;width: 100%;\"><h2  class=\"h-custom-headline h3\" style=\"margin-top:20px;\"><span>1. La nourriture lyophilis\u00e9e de Miaustore<\/span><\/h2><div id=\"\" class=\"x-text\" style=\"\" ><p><strong>La nourriture lyophilis\u00e9e pour chats de Miaustore est simplement de la viande fra\u00eeche, biologique et de plein air, avec de l'eau \u00e9vapor\u00e9e. Il n'y a pas de mat\u00e9riau de remplissage \u00e0 base de c\u00e9r\u00e9ales, pas d'amidon, pas de conservateur, pas d'ar\u00f4me artificiel. Seulement de la viande fra\u00eeche, plus 3% de pois et de laitue hach\u00e9s et 1% de coquilles d'\u0153ufs moulues pour le calcium et la solidit\u00e9 des os. <\/strong> <span> La viande contenant ces ingr\u00e9dients suppl\u00e9mentaires est roul\u00e9e en petites boulettes de viande et congel\u00e9e. Ensuite, il est s\u00e9ch\u00e9 dans un processus appel\u00e9 \u00ablyophilisation\u00bb. Cette technique pr\u00e9serve tous les nutriments d'origine, mais cr\u00e9e des morceaux d'aliments secs qui ont une dur\u00e9e de conservation de 12 mois. Pour la toute premi\u00e8re fois, cela permet d'avoir de la nourriture pour chat fra\u00eeche, saine, \u00e0 base de viande et s\u00e8che.<\/span><\/p>\n<ul>\n<li>Aidez votre chat \u00e0 d\u00e9velopper une fourrure plus douce et plus saine<\/li>\n<li>Les chats en surpods perdent du poids, et les chats maigres deviennent plus forts<\/li>\n<li>Votre chat produira 2 \u00e0 3 fois moins d\u2019excr\u00e9ments<\/li>\n<li>680 g sachet<\/li>\n<\/ul>\n<\/div><a  class=\"x-btn extraBtn x-btn-global\"  href=\"https:\/\/miaustore.com\/fr\/subscription.html?add-to-cart=708505\"     data-options=\"thumbnail: ''\">Ajoutez nourriture lyophilis\u00e9e 49.90\u20ac<\/a><div id=\"\" class=\"x-text\" style=\"\" ><p>ou<\/p>\n<\/div><a  class=\"x-btn extraBtn x-btn-global\"  href=\"https:\/\/miaustore.com\/fr\/subscription.html?add-to-cart=298530\"     data-options=\"thumbnail: ''\">Ajoutez nourriture lyophilis\u00e9e 39.90\u20ac mensuel<\/a><\/div><div  class=\"x-column x-sm x-1-3\" style=\"padding: 0px;\" ><hr class=\"x-line e298830-e14 m6eku-0 m6eku-1\"><\/hr><img decoding=\"async\"  class=\"x-img x-img-rounded\"  src=\"https:\/\/miaustore.com\/fr\/wp-content\/uploads\/sites\/2\/2020\/11\/Miaustore-Notokoty-11-of-28.jpg\" alt=\"pompe jutai\"><\/div><\/div><div id=\"\" class=\"x-container hide\" style=\"margin: 0px auto;padding: 0px;\" ><div  class=\"x-column x-sm x-2-3\" style=\"padding: 0px;\" ><hr  class=\"x-hr\" style=\"margin:0px;border-top-width: 1px;width: 100%;\"><h2  class=\"h-custom-headline h3\" style=\"margin-top:20px;\"><span>1. La liti\u00e8re de tofu pour chats<\/span><\/h2><div id=\"\" class=\"x-text\" style=\"\" ><p><strong>La plupart des liti\u00e8res pour chats ne sont pas naturelles. Il est plein d'agents agglom\u00e9rants artificiels, de couleurs et d'autres produits chimiques. La liti\u00e8re de tofu Miaustore ne contient que 2 ingr\u00e9dients: de l'argile naturelle et du tofu naturel.<\/strong><br \/>\n<span>Elle ne contient aucun agent d'agglom\u00e9ration chimique, aucun colorant artificiel, aucune odeur artificielle.\u00a0<\/span><\/p>\n<p><strong>La liti\u00e8re pour chat Miaustores Tofu absorbe 1,5 fois mieux que la liti\u00e8re commerciale \u00e0 base d'argile<\/strong><span>\u00a0<\/span>Parce qu'elle absorbe mieux, vous devez acheter moins de liti\u00e8re pour chat et vous n'avez pas besoin de la changer aussi souvent.<\/p>\n<p><strong>Le tofu \u00e9limine naturellement les odeurs<\/strong><br \/>\n83% de nos clients rapportent que notre liti\u00e8re de tofu pour chat prend beaucoup plus de temps avant de commencer  \u00e0 produire des odeurs.<\/p>\n<p><strong>Les granul\u00e9s ne collent jamais aux pattes<\/strong><br \/>\nLa taille de nos granul\u00e9s de liti\u00e8re est suffisamment grande pour qu\u2019elle ne puisse pas rester entre les orteils de votre chat. Et la structure de surface naturelle de ce tofu ne colle \u00e0 rien, m\u00eame lorsqu'il est mouill\u00e9. Cela garantit que la liti\u00e8re ne quitte jamais le bac \u00e0 liti\u00e8re et cr\u00e9e un d\u00e9sordre.<\/p>\n<\/div><a  class=\"x-btn extraBtn x-btn-global\"  href=\"https:\/\/miaustore.com\/fr\/subscription.html?add-to-cart=298529\"     data-options=\"thumbnail: ''\">Ajoutez liti\u00e8re de tofu 19.90\u20ac  mensuel<\/a><div id=\"\" class=\"x-text\" style=\"\" ><p>Bo\u00eete contenant 8,3 kg<\/p>\n<\/div><div id=\"\" class=\"x-text\" style=\"\" ><\/div><\/div><div  class=\"x-column x-sm x-1-3\" style=\"padding: 0px;\" ><hr class=\"x-line e298830-e25 m6eku-1 m6eku-2\"><\/hr><img decoding=\"async\"  class=\"x-img x-img-rounded\"  src=\"https:\/\/miaustore.com\/fr\/wp-content\/uploads\/sites\/2\/2020\/11\/Miaustore-Notokoty-21-of-282.jpg\" alt=\"pompe jutai\"><img decoding=\"async\"  class=\"x-img x-img-rounded\"  src=\"https:\/\/miaustore.com\/fr\/wp-content\/uploads\/sites\/2\/2020\/11\/Miaustore-Notokoty-27-of-28.jpg\" ><\/div><\/div><div id=\"\" class=\"x-container max width\" style=\"margin: 0px auto;padding: 0px;\" ><div  class=\"x-column x-sm x-1-1\" style=\"padding: 0px;\" ><div  class=\"x-raw-content\" >\n\n<!-- Google Code for Remarketing Tag -->\n<!--------------------------------------------------\nRemarketing tags may not be associated with personally identifiable information or placed on pages related to sensitive categories. See more information and instructions on how to setup the tag on: http:\/\/google.com\/ads\/remarketingsetup\n--------------------------------------------------->\n<script type=\"text\/javascript\">\nvar google_tag_params = {\necomm_prodid: 'REPLACE_WITH_VALUE',\necomm_pagetype: 'REPLACE_WITH_VALUE',\necomm_totalvalue: 'REPLACE_WITH_VALUE',\n};\n<\/script>\n<script type=\"text\/javascript\">\n\/* <!&#091;CDATA&#091; *\/\nvar google_conversion_id = 964652507;\nvar google_custom_params = window.google_tag_params;\nvar google_remarketing_only = true;\n\/* &#093;&#093;> *\/\n<\/script>\n<script type=\"text\/javascript\" src=\"\/\/www.googleadservices.com\/pagead\/conversion.js\">\n<\/script>\n<noscript>\n<div style=\"display:inline;\">\n<img decoding=\"async\" height=\"1\" width=\"1\" style=\"border-style:none;\" alt=\"\" src=\"\/\/googleads.g.doubleclick.net\/pagead\/viewthroughconversion\/964652507\/?guid=ON&amp;script=0\"\/>\n<\/div>\n<\/noscript><\/div><hr  class=\"x-hr\" style=\"border-top-width: 1px;width: 100%;\"><div id=\"\" class=\"x-text\" style=\"\" ><p>\u00a0<br \/>\n\u00a0\n<\/p>\n<p><a id=\"orderbutton\" class=\"x-btn x-btn-global\" style=\"width: 80%; display: block; margin: -30px auto -3%; outline: none;\" href=\"https:\/\/miaustore.com\/fr\/la-caisse.html\" data-options=\"thumbnail: ''\"><span id=\"order-now\">Voir votre panier<\/span><\/a><\/p>\n<\/div><\/div><\/div><\/div><\/div>","protected":false},"excerpt":{"rendered":"<p>Retour \u00e0 la page d\u2019accueil 1. La nourriture lyophilis\u00e9e de MiaustoreLa nourriture lyophilis\u00e9e pour chats de Miaustore est simplement de la viande fra\u00eeche, biologique et de plein air, avec de l&#8217;eau \u00e9vapor\u00e9e. Il n&#8217;y a pas de mat\u00e9riau de remplissage \u00e0 base de c\u00e9r\u00e9ales, pas d&#8217;amidon, pas de conservateur, pas d&#8217;ar\u00f4me artificiel. Seulement de la viande fra\u00eeche, plus 3% de &#8230; <\/p>\n<div><a href=\"https:\/\/miaustore.com\/fr\/subscription.html\" class=\"more-link\">Read More<\/a><\/div>\n","protected":false},"author":260,"featured_media":0,"parent":0,"menu_order":0,"comment_status":"closed","ping_status":"closed","template":"template-blank-1.php","meta":{"_glsr_average":0,"_glsr_ranking":0,"_glsr_reviews":0,"footnotes":""},"categories":[],"tags":[],"class_list":["post-298830","page","type-page","status-publish","hentry","no-post-thumbnail"],"yoast_head":"<!-- This site is optimized with the Yoast SEO Premium plugin v26.7 (Yoast SEO v26.7) - https:\/\/yoast.com\/wordpress\/plugins\/seo\/ -->\n<title>Suppl\u00e9ments -Fontaine \u00e0 eau chat en c\u00e9ramique Miaustore<\/title>\n<meta name=\"description\" content=\"Vous souhaitez acheter une pompe suppl\u00e9mentaire ou completer votre fontaine avec d&#039;autres options? Vous trouverez nos diff\u00e9rents accessoires sur cette page!\" \/>\n<meta name=\"robots\" content=\"index, follow, max-snippet:-1, max-image-preview:large, max-video-preview:-1\" \/>\n<link rel=\"canonical\" href=\"https:\/\/miaustore.com\/fr\/subscription.html\" \/>\n<meta property=\"og:locale\" content=\"fr_FR\" \/>\n<meta property=\"og:type\" content=\"article\" \/>\n<meta property=\"og:title\" content=\"Subscription Products\" \/>\n<meta property=\"og:description\" content=\"Vous souhaitez acheter une pompe suppl\u00e9mentaire ou completer votre fontaine avec d&#039;autres options? Vous trouverez nos diff\u00e9rents accessoires sur cette page!\" \/>\n<meta property=\"og:url\" content=\"https:\/\/miaustore.com\/fr\/subscription.html\" \/>\n<meta property=\"og:site_name\" content=\"Fontaine \u00e0 eau chat\" \/>\n<meta property=\"article:publisher\" content=\"https:\/\/www.facebook.com\/miaustorecom\/\" \/>\n<meta property=\"article:modified_time\" content=\"2026-01-21T05:19:29+00:00\" \/>\n<meta name=\"twitter:card\" content=\"summary_large_image\" \/>\n<meta name=\"twitter:site\" content=\"@MiaustoreFR\" \/>\n<meta name=\"twitter:label1\" content=\"Dur\u00e9e de lecture estim\u00e9e\" \/>\n\t<meta name=\"twitter:data1\" content=\"5 minutes\" \/>\n<script type=\"application\/ld+json\" class=\"yoast-schema-graph\">{\"@context\":\"https:\/\/schema.org\",\"@graph\":[{\"@type\":\"WebPage\",\"@id\":\"https:\/\/miaustore.com\/fr\/subscription.html\",\"url\":\"https:\/\/miaustore.com\/fr\/subscription.html\",\"name\":\"Suppl\u00e9ments -Fontaine \u00e0 eau chat en c\u00e9ramique Miaustore\",\"isPartOf\":{\"@id\":\"https:\/\/miaustore.com\/fr\/#website\"},\"datePublished\":\"2020-11-12T08:38:36+00:00\",\"dateModified\":\"2026-01-21T05:19:29+00:00\",\"description\":\"Vous souhaitez acheter une pompe suppl\u00e9mentaire ou completer votre fontaine avec d'autres options? Vous trouverez nos diff\u00e9rents accessoires sur cette page!\",\"breadcrumb\":{\"@id\":\"https:\/\/miaustore.com\/fr\/subscription.html#breadcrumb\"},\"inLanguage\":\"fr-FR\",\"potentialAction\":[{\"@type\":\"ReadAction\",\"target\":[\"https:\/\/miaustore.com\/fr\/subscription.html\"]}]},{\"@type\":\"BreadcrumbList\",\"@id\":\"https:\/\/miaustore.com\/fr\/subscription.html#breadcrumb\",\"itemListElement\":[{\"@type\":\"ListItem\",\"position\":1,\"name\":\"Accueil\",\"item\":\"https:\/\/miaustore.com\/fr\/\"},{\"@type\":\"ListItem\",\"position\":2,\"name\":\"Subscription Products\"}]},{\"@type\":\"WebSite\",\"@id\":\"https:\/\/miaustore.com\/fr\/#website\",\"url\":\"https:\/\/miaustore.com\/fr\/\",\"name\":\"Fontaine \u00e0 eau chat\",\"description\":\"Fontaine \u00e0 eau pour chat en c\u00e9ramique\",\"potentialAction\":[{\"@type\":\"SearchAction\",\"target\":{\"@type\":\"EntryPoint\",\"urlTemplate\":\"https:\/\/miaustore.com\/fr\/?s={search_term_string}\"},\"query-input\":{\"@type\":\"PropertyValueSpecification\",\"valueRequired\":true,\"valueName\":\"search_term_string\"}}],\"inLanguage\":\"fr-FR\"}]}<\/script>\n<!-- \/ Yoast SEO Premium plugin. -->","yoast_head_json":{"title":"Suppl\u00e9ments -Fontaine \u00e0 eau chat en c\u00e9ramique Miaustore","description":"Vous souhaitez acheter une pompe suppl\u00e9mentaire ou completer votre fontaine avec d'autres options? Vous trouverez nos diff\u00e9rents accessoires sur cette page!","robots":{"index":"index","follow":"follow","max-snippet":"max-snippet:-1","max-image-preview":"max-image-preview:large","max-video-preview":"max-video-preview:-1"},"canonical":"https:\/\/miaustore.com\/fr\/subscription.html","og_locale":"fr_FR","og_type":"article","og_title":"Subscription Products","og_description":"Vous souhaitez acheter une pompe suppl\u00e9mentaire ou completer votre fontaine avec d'autres options? Vous trouverez nos diff\u00e9rents accessoires sur cette page!","og_url":"https:\/\/miaustore.com\/fr\/subscription.html","og_site_name":"Fontaine \u00e0 eau chat","article_publisher":"https:\/\/www.facebook.com\/miaustorecom\/","article_modified_time":"2026-01-21T05:19:29+00:00","twitter_card":"summary_large_image","twitter_site":"@MiaustoreFR","twitter_misc":{"Dur\u00e9e de lecture estim\u00e9e":"5 minutes"},"schema":{"@context":"https:\/\/schema.org","@graph":[{"@type":"WebPage","@id":"https:\/\/miaustore.com\/fr\/subscription.html","url":"https:\/\/miaustore.com\/fr\/subscription.html","name":"Suppl\u00e9ments -Fontaine \u00e0 eau chat en c\u00e9ramique Miaustore","isPartOf":{"@id":"https:\/\/miaustore.com\/fr\/#website"},"datePublished":"2020-11-12T08:38:36+00:00","dateModified":"2026-01-21T05:19:29+00:00","description":"Vous souhaitez acheter une pompe suppl\u00e9mentaire ou completer votre fontaine avec d'autres options? Vous trouverez nos diff\u00e9rents accessoires sur cette page!","breadcrumb":{"@id":"https:\/\/miaustore.com\/fr\/subscription.html#breadcrumb"},"inLanguage":"fr-FR","potentialAction":[{"@type":"ReadAction","target":["https:\/\/miaustore.com\/fr\/subscription.html"]}]},{"@type":"BreadcrumbList","@id":"https:\/\/miaustore.com\/fr\/subscription.html#breadcrumb","itemListElement":[{"@type":"ListItem","position":1,"name":"Accueil","item":"https:\/\/miaustore.com\/fr\/"},{"@type":"ListItem","position":2,"name":"Subscription Products"}]},{"@type":"WebSite","@id":"https:\/\/miaustore.com\/fr\/#website","url":"https:\/\/miaustore.com\/fr\/","name":"Fontaine \u00e0 eau chat","description":"Fontaine \u00e0 eau pour chat en c\u00e9ramique","potentialAction":[{"@type":"SearchAction","target":{"@type":"EntryPoint","urlTemplate":"https:\/\/miaustore.com\/fr\/?s={search_term_string}"},"query-input":{"@type":"PropertyValueSpecification","valueRequired":true,"valueName":"search_term_string"}}],"inLanguage":"fr-FR"}]}},"_links":{"self":[{"href":"https:\/\/miaustore.com\/fr\/wp-json\/wp\/v2\/pages\/298830","targetHints":{"allow":["GET"]}}],"collection":[{"href":"https:\/\/miaustore.com\/fr\/wp-json\/wp\/v2\/pages"}],"about":[{"href":"https:\/\/miaustore.com\/fr\/wp-json\/wp\/v2\/types\/page"}],"author":[{"embeddable":true,"href":"https:\/\/miaustore.com\/fr\/wp-json\/wp\/v2\/users\/260"}],"replies":[{"embeddable":true,"href":"https:\/\/miaustore.com\/fr\/wp-json\/wp\/v2\/comments?post=298830"}],"version-history":[{"count":0,"href":"https:\/\/miaustore.com\/fr\/wp-json\/wp\/v2\/pages\/298830\/revisions"}],"wp:attachment":[{"href":"https:\/\/miaustore.com\/fr\/wp-json\/wp\/v2\/media?parent=298830"}],"wp:term":[{"taxonomy":"category","embeddable":true,"href":"https:\/\/miaustore.com\/fr\/wp-json\/wp\/v2\/categories?post=298830"},{"taxonomy":"post_tag","embeddable":true,"href":"https:\/\/miaustore.com\/fr\/wp-json\/wp\/v2\/tags?post=298830"}],"curies":[{"name":"wp","href":"https:\/\/api.w.org\/{rel}","templated":true}]}}