{"id":369,"date":"2017-12-19T16:14:04","date_gmt":"2017-12-19T16:14:04","guid":{"rendered":"https:\/\/miaustore.com\/fr\/?page_id=369"},"modified":"2020-05-18T14:33:12","modified_gmt":"2020-05-18T14:33:12","slug":"nos-articles","status":"publish","type":"page","link":"https:\/\/miaustore.com\/fr\/nos-articles.html","title":{"rendered":"Nos articles"},"content":{"rendered":"<div id=\"cs-content\" class=\"cs-content\"><\/div>","protected":false},"excerpt":{"rendered":"","protected":false},"author":1,"featured_media":0,"parent":0,"menu_order":0,"comment_status":"closed","ping_status":"closed","template":"","meta":{"_glsr_average":0,"_glsr_ranking":0,"_glsr_reviews":0,"footnotes":""},"categories":[],"tags":[],"class_list":["post-369","page","type-page","status-publish","hentry","no-post-thumbnail"],"yoast_head":"<!-- This site is optimized with the Yoast SEO Premium plugin v26.7 (Yoast SEO v26.7) - https:\/\/yoast.com\/wordpress\/plugins\/seo\/ -->\n<title>Nos articles sur le bien-\u00eatre de votre chat - Fontaine \u00e0 eau chat<\/title>\n<meta name=\"description\" content=\"Articles \u00e0 propos des chats, concernant leur bien-\u00eatre, leurs besoins, le comportement \u00e0 adopter en cas de probl\u00e8mes et des r\u00e9ponses sur certaines attitudes\" \/>\n<meta name=\"robots\" content=\"index, follow, max-snippet:-1, max-image-preview:large, max-video-preview:-1\" \/>\n<link rel=\"canonical\" href=\"https:\/\/miaustore.com\/fr\/nos-articles.html\" \/>\n<meta property=\"og:locale\" content=\"fr_FR\" \/>\n<meta property=\"og:type\" content=\"article\" \/>\n<meta property=\"og:title\" content=\"Nos articles\" \/>\n<meta property=\"og:description\" content=\"Articles \u00e0 propos des chats, concernant leur bien-\u00eatre, leurs besoins, le comportement \u00e0 adopter en cas de probl\u00e8mes et des r\u00e9ponses sur certaines attitudes\" \/>\n<meta property=\"og:url\" content=\"https:\/\/miaustore.com\/fr\/nos-articles.html\" \/>\n<meta property=\"og:site_name\" content=\"Fontaine \u00e0 eau chat\" \/>\n<meta property=\"article:publisher\" content=\"https:\/\/www.facebook.com\/miaustorecom\/\" \/>\n<meta property=\"article:modified_time\" content=\"2020-05-18T14:33:12+00:00\" \/>\n<meta name=\"twitter:card\" content=\"summary_large_image\" \/>\n<meta name=\"twitter:site\" content=\"@MiaustoreFR\" \/>\n<meta name=\"twitter:label1\" content=\"Dur\u00e9e de lecture estim\u00e9e\" \/>\n\t<meta name=\"twitter:data1\" content=\"1 minute\" \/>\n<script type=\"application\/ld+json\" class=\"yoast-schema-graph\">{\"@context\":\"https:\/\/schema.org\",\"@graph\":[{\"@type\":\"WebPage\",\"@id\":\"https:\/\/miaustore.com\/fr\/nos-articles.html\",\"url\":\"https:\/\/miaustore.com\/fr\/nos-articles.html\",\"name\":\"Nos articles sur le bien-\u00eatre de votre chat - Fontaine \u00e0 eau chat\",\"isPartOf\":{\"@id\":\"https:\/\/miaustore.com\/fr\/#website\"},\"datePublished\":\"2017-12-19T16:14:04+00:00\",\"dateModified\":\"2020-05-18T14:33:12+00:00\",\"description\":\"Articles \u00e0 propos des chats, concernant leur bien-\u00eatre, leurs besoins, le comportement \u00e0 adopter en cas de probl\u00e8mes et des r\u00e9ponses sur certaines attitudes\",\"breadcrumb\":{\"@id\":\"https:\/\/miaustore.com\/fr\/nos-articles.html#breadcrumb\"},\"inLanguage\":\"fr-FR\",\"potentialAction\":[{\"@type\":\"ReadAction\",\"target\":[\"https:\/\/miaustore.com\/fr\/nos-articles.html\"]}]},{\"@type\":\"BreadcrumbList\",\"@id\":\"https:\/\/miaustore.com\/fr\/nos-articles.html#breadcrumb\",\"itemListElement\":[{\"@type\":\"ListItem\",\"position\":1,\"name\":\"Accueil\",\"item\":\"https:\/\/miaustore.com\/fr\/\"},{\"@type\":\"ListItem\",\"position\":2,\"name\":\"Nos articles\"}]},{\"@type\":\"WebSite\",\"@id\":\"https:\/\/miaustore.com\/fr\/#website\",\"url\":\"https:\/\/miaustore.com\/fr\/\",\"name\":\"Fontaine \u00e0 eau chat\",\"description\":\"Fontaine \u00e0 eau pour chat en c\u00e9ramique\",\"potentialAction\":[{\"@type\":\"SearchAction\",\"target\":{\"@type\":\"EntryPoint\",\"urlTemplate\":\"https:\/\/miaustore.com\/fr\/?s={search_term_string}\"},\"query-input\":{\"@type\":\"PropertyValueSpecification\",\"valueRequired\":true,\"valueName\":\"search_term_string\"}}],\"inLanguage\":\"fr-FR\"}]}<\/script>\n<!-- \/ Yoast SEO Premium plugin. -->","yoast_head_json":{"title":"Nos articles sur le bien-\u00eatre de votre chat - Fontaine \u00e0 eau chat","description":"Articles \u00e0 propos des chats, concernant leur bien-\u00eatre, leurs besoins, le comportement \u00e0 adopter en cas de probl\u00e8mes et des r\u00e9ponses sur certaines attitudes","robots":{"index":"index","follow":"follow","max-snippet":"max-snippet:-1","max-image-preview":"max-image-preview:large","max-video-preview":"max-video-preview:-1"},"canonical":"https:\/\/miaustore.com\/fr\/nos-articles.html","og_locale":"fr_FR","og_type":"article","og_title":"Nos articles","og_description":"Articles \u00e0 propos des chats, concernant leur bien-\u00eatre, leurs besoins, le comportement \u00e0 adopter en cas de probl\u00e8mes et des r\u00e9ponses sur certaines attitudes","og_url":"https:\/\/miaustore.com\/fr\/nos-articles.html","og_site_name":"Fontaine \u00e0 eau chat","article_publisher":"https:\/\/www.facebook.com\/miaustorecom\/","article_modified_time":"2020-05-18T14:33:12+00:00","twitter_card":"summary_large_image","twitter_site":"@MiaustoreFR","twitter_misc":{"Dur\u00e9e de lecture estim\u00e9e":"1 minute"},"schema":{"@context":"https:\/\/schema.org","@graph":[{"@type":"WebPage","@id":"https:\/\/miaustore.com\/fr\/nos-articles.html","url":"https:\/\/miaustore.com\/fr\/nos-articles.html","name":"Nos articles sur le bien-\u00eatre de votre chat - Fontaine \u00e0 eau chat","isPartOf":{"@id":"https:\/\/miaustore.com\/fr\/#website"},"datePublished":"2017-12-19T16:14:04+00:00","dateModified":"2020-05-18T14:33:12+00:00","description":"Articles \u00e0 propos des chats, concernant leur bien-\u00eatre, leurs besoins, le comportement \u00e0 adopter en cas de probl\u00e8mes et des r\u00e9ponses sur certaines attitudes","breadcrumb":{"@id":"https:\/\/miaustore.com\/fr\/nos-articles.html#breadcrumb"},"inLanguage":"fr-FR","potentialAction":[{"@type":"ReadAction","target":["https:\/\/miaustore.com\/fr\/nos-articles.html"]}]},{"@type":"BreadcrumbList","@id":"https:\/\/miaustore.com\/fr\/nos-articles.html#breadcrumb","itemListElement":[{"@type":"ListItem","position":1,"name":"Accueil","item":"https:\/\/miaustore.com\/fr\/"},{"@type":"ListItem","position":2,"name":"Nos articles"}]},{"@type":"WebSite","@id":"https:\/\/miaustore.com\/fr\/#website","url":"https:\/\/miaustore.com\/fr\/","name":"Fontaine \u00e0 eau chat","description":"Fontaine \u00e0 eau pour chat en c\u00e9ramique","potentialAction":[{"@type":"SearchAction","target":{"@type":"EntryPoint","urlTemplate":"https:\/\/miaustore.com\/fr\/?s={search_term_string}"},"query-input":{"@type":"PropertyValueSpecification","valueRequired":true,"valueName":"search_term_string"}}],"inLanguage":"fr-FR"}]}},"_links":{"self":[{"href":"https:\/\/miaustore.com\/fr\/wp-json\/wp\/v2\/pages\/369","targetHints":{"allow":["GET"]}}],"collection":[{"href":"https:\/\/miaustore.com\/fr\/wp-json\/wp\/v2\/pages"}],"about":[{"href":"https:\/\/miaustore.com\/fr\/wp-json\/wp\/v2\/types\/page"}],"author":[{"embeddable":true,"href":"https:\/\/miaustore.com\/fr\/wp-json\/wp\/v2\/users\/1"}],"replies":[{"embeddable":true,"href":"https:\/\/miaustore.com\/fr\/wp-json\/wp\/v2\/comments?post=369"}],"version-history":[{"count":0,"href":"https:\/\/miaustore.com\/fr\/wp-json\/wp\/v2\/pages\/369\/revisions"}],"wp:attachment":[{"href":"https:\/\/miaustore.com\/fr\/wp-json\/wp\/v2\/media?parent=369"}],"wp:term":[{"taxonomy":"category","embeddable":true,"href":"https:\/\/miaustore.com\/fr\/wp-json\/wp\/v2\/categories?post=369"},{"taxonomy":"post_tag","embeddable":true,"href":"https:\/\/miaustore.com\/fr\/wp-json\/wp\/v2\/tags?post=369"}],"curies":[{"name":"wp","href":"https:\/\/api.w.org\/{rel}","templated":true}]}}