{"id":402421,"date":"2021-07-07T16:05:31","date_gmt":"2021-07-07T16:05:31","guid":{"rendered":"https:\/\/miaustore.com\/fr\/?page_id=402421"},"modified":"2021-07-07T16:05:31","modified_gmt":"2021-07-07T16:05:31","slug":"review","status":"publish","type":"page","link":"https:\/\/miaustore.com\/fr\/review.html","title":{"rendered":"Review"},"content":{"rendered":"<div id=\"wufoo-qk7sduz0qd0jqs\"> Fill out my <a href=\"https:\/\/miaustore1.wufoo.com\/forms\/qk7sduz0qd0jqs\">online form<\/a>. <\/div> <script type=\"text\/javascript\"> var qk7sduz0qd0jqs; (function(d, t) { var s = d.createElement(t), options = { 'userName':'miaustore1', 'formHash':'qk7sduz0qd0jqs', 'autoResize':true, 'height':'621', 'async':true, 'host':'wufoo.com', 'header':'show', 'ssl':true }; s.src = ('https:' == d.location.protocol ?'https:\/\/':'http:\/\/') + 'secure.wufoo.com\/scripts\/embed\/form.js'; s.onload = s.onreadystatechange = function() { var rs = this.readyState; if (rs) if (rs != 'complete') if (rs != 'loaded') return; try { qk7sduz0qd0jqs = new WufooForm(); qk7sduz0qd0jqs.initialize(options); qk7sduz0qd0jqs.display(); } catch (e) { } }; var scr = d.getElementsByTagName(t)[0], par = scr.parentNode; par.insertBefore(s, scr); })(document, 'script'); <\/script>","protected":false},"excerpt":{"rendered":"<p>Fill out my online form.<\/p>\n","protected":false},"author":1,"featured_media":0,"parent":0,"menu_order":0,"comment_status":"closed","ping_status":"closed","template":"template-blank-1.php","meta":{"_glsr_average":0,"_glsr_ranking":0,"_glsr_reviews":0,"footnotes":""},"categories":[],"tags":[],"class_list":["post-402421","page","type-page","status-publish","hentry","no-post-thumbnail"],"yoast_head":"<!-- This site is optimized with the Yoast SEO Premium plugin v26.7 (Yoast SEO v26.7) - https:\/\/yoast.com\/wordpress\/plugins\/seo\/ -->\n<title>Review - Fontaine \u00e0 eau chat<\/title>\n<meta name=\"robots\" content=\"index, follow, max-snippet:-1, max-image-preview:large, max-video-preview:-1\" \/>\n<link rel=\"canonical\" href=\"https:\/\/miaustore.com\/fr\/review.html\" \/>\n<meta property=\"og:locale\" content=\"fr_FR\" \/>\n<meta property=\"og:type\" content=\"article\" \/>\n<meta property=\"og:title\" content=\"Review\" \/>\n<meta property=\"og:description\" content=\"Fill out my online form.\" \/>\n<meta property=\"og:url\" content=\"https:\/\/miaustore.com\/fr\/review.html\" \/>\n<meta property=\"og:site_name\" content=\"Fontaine \u00e0 eau chat\" \/>\n<meta property=\"article:publisher\" content=\"https:\/\/www.facebook.com\/miaustorecom\/\" \/>\n<meta name=\"twitter:card\" content=\"summary_large_image\" \/>\n<meta name=\"twitter:site\" content=\"@MiaustoreFR\" \/>\n<script type=\"application\/ld+json\" class=\"yoast-schema-graph\">{\"@context\":\"https:\/\/schema.org\",\"@graph\":[{\"@type\":\"WebPage\",\"@id\":\"https:\/\/miaustore.com\/fr\/review.html\",\"url\":\"https:\/\/miaustore.com\/fr\/review.html\",\"name\":\"Review - Fontaine \u00e0 eau chat\",\"isPartOf\":{\"@id\":\"https:\/\/miaustore.com\/fr\/#website\"},\"datePublished\":\"2021-07-07T16:05:31+00:00\",\"breadcrumb\":{\"@id\":\"https:\/\/miaustore.com\/fr\/review.html#breadcrumb\"},\"inLanguage\":\"fr-FR\",\"potentialAction\":[{\"@type\":\"ReadAction\",\"target\":[\"https:\/\/miaustore.com\/fr\/review.html\"]}]},{\"@type\":\"BreadcrumbList\",\"@id\":\"https:\/\/miaustore.com\/fr\/review.html#breadcrumb\",\"itemListElement\":[{\"@type\":\"ListItem\",\"position\":1,\"name\":\"Accueil\",\"item\":\"https:\/\/miaustore.com\/fr\/\"},{\"@type\":\"ListItem\",\"position\":2,\"name\":\"Review\"}]},{\"@type\":\"WebSite\",\"@id\":\"https:\/\/miaustore.com\/fr\/#website\",\"url\":\"https:\/\/miaustore.com\/fr\/\",\"name\":\"Fontaine \u00e0 eau chat\",\"description\":\"Fontaine \u00e0 eau pour chat en c\u00e9ramique\",\"potentialAction\":[{\"@type\":\"SearchAction\",\"target\":{\"@type\":\"EntryPoint\",\"urlTemplate\":\"https:\/\/miaustore.com\/fr\/?s={search_term_string}\"},\"query-input\":{\"@type\":\"PropertyValueSpecification\",\"valueRequired\":true,\"valueName\":\"search_term_string\"}}],\"inLanguage\":\"fr-FR\"}]}<\/script>\n<!-- \/ Yoast SEO Premium plugin. -->","yoast_head_json":{"title":"Review - Fontaine \u00e0 eau chat","robots":{"index":"index","follow":"follow","max-snippet":"max-snippet:-1","max-image-preview":"max-image-preview:large","max-video-preview":"max-video-preview:-1"},"canonical":"https:\/\/miaustore.com\/fr\/review.html","og_locale":"fr_FR","og_type":"article","og_title":"Review","og_description":"Fill out my online form.","og_url":"https:\/\/miaustore.com\/fr\/review.html","og_site_name":"Fontaine \u00e0 eau chat","article_publisher":"https:\/\/www.facebook.com\/miaustorecom\/","twitter_card":"summary_large_image","twitter_site":"@MiaustoreFR","schema":{"@context":"https:\/\/schema.org","@graph":[{"@type":"WebPage","@id":"https:\/\/miaustore.com\/fr\/review.html","url":"https:\/\/miaustore.com\/fr\/review.html","name":"Review - Fontaine \u00e0 eau chat","isPartOf":{"@id":"https:\/\/miaustore.com\/fr\/#website"},"datePublished":"2021-07-07T16:05:31+00:00","breadcrumb":{"@id":"https:\/\/miaustore.com\/fr\/review.html#breadcrumb"},"inLanguage":"fr-FR","potentialAction":[{"@type":"ReadAction","target":["https:\/\/miaustore.com\/fr\/review.html"]}]},{"@type":"BreadcrumbList","@id":"https:\/\/miaustore.com\/fr\/review.html#breadcrumb","itemListElement":[{"@type":"ListItem","position":1,"name":"Accueil","item":"https:\/\/miaustore.com\/fr\/"},{"@type":"ListItem","position":2,"name":"Review"}]},{"@type":"WebSite","@id":"https:\/\/miaustore.com\/fr\/#website","url":"https:\/\/miaustore.com\/fr\/","name":"Fontaine \u00e0 eau chat","description":"Fontaine \u00e0 eau pour chat en c\u00e9ramique","potentialAction":[{"@type":"SearchAction","target":{"@type":"EntryPoint","urlTemplate":"https:\/\/miaustore.com\/fr\/?s={search_term_string}"},"query-input":{"@type":"PropertyValueSpecification","valueRequired":true,"valueName":"search_term_string"}}],"inLanguage":"fr-FR"}]}},"_links":{"self":[{"href":"https:\/\/miaustore.com\/fr\/wp-json\/wp\/v2\/pages\/402421","targetHints":{"allow":["GET"]}}],"collection":[{"href":"https:\/\/miaustore.com\/fr\/wp-json\/wp\/v2\/pages"}],"about":[{"href":"https:\/\/miaustore.com\/fr\/wp-json\/wp\/v2\/types\/page"}],"author":[{"embeddable":true,"href":"https:\/\/miaustore.com\/fr\/wp-json\/wp\/v2\/users\/1"}],"replies":[{"embeddable":true,"href":"https:\/\/miaustore.com\/fr\/wp-json\/wp\/v2\/comments?post=402421"}],"version-history":[{"count":0,"href":"https:\/\/miaustore.com\/fr\/wp-json\/wp\/v2\/pages\/402421\/revisions"}],"wp:attachment":[{"href":"https:\/\/miaustore.com\/fr\/wp-json\/wp\/v2\/media?parent=402421"}],"wp:term":[{"taxonomy":"category","embeddable":true,"href":"https:\/\/miaustore.com\/fr\/wp-json\/wp\/v2\/categories?post=402421"},{"taxonomy":"post_tag","embeddable":true,"href":"https:\/\/miaustore.com\/fr\/wp-json\/wp\/v2\/tags?post=402421"}],"curies":[{"name":"wp","href":"https:\/\/api.w.org\/{rel}","templated":true}]}}