{"id":414617,"date":"2021-08-06T16:12:09","date_gmt":"2021-08-06T16:12:09","guid":{"rendered":"https:\/\/miaustore.com\/fr\/?page_id=414617"},"modified":"2023-04-12T15:36:11","modified_gmt":"2023-04-12T15:36:11","slug":"mentions-legales","status":"publish","type":"page","link":"https:\/\/miaustore.com\/fr\/mentions-legales.html","title":{"rendered":"Mentions l\u00e9gales"},"content":{"rendered":"<h2>Mentions L\u00e9gales<\/h2>\r\n\r\n<strong>Si\u00e8ge social :<\/strong><\/br>\r\nMiaustore EU Webshop Limited<\/br><\/br>\r\n\r\nRoom 1902, Easey Commercial Building 253-261 Hennessy Road,<\/br><\/br>\r\n\r\nWan Chai, Hong Kong<\/br><\/br><\/br>\r\n\r\n\r\n<strong>Contactez Miaustore<\/strong><\/br>\r\n\r\nPour toute question, veuillez contacter notre service client :<\/br><\/br>\r\n\r\nPar t\u00e9l\u00e9phone au (+33)644634533  Heures de consultation :   11:30 am to 03:30 pm Mardi au samedi<\/br>\r\nPar e-mail : support@miaustore.com<\/br><\/br>\r\n\r\nLes informations contenues dans ces mentions l\u00e9gales s&#8217;appliquent \u00e9galement aux pr\u00e9sences en ligne suivantes de Miaustore :<\/br><\/br>\r\n\r\n\u2013 Facebook<\/br>\r\n\r\n\u2013 Instagram<\/br>\r\n\r\n\u2013 YouTube<\/br>\r\n\r\n\u2013 Twitter<\/br>\r\n\r\n<img fetchpriority=\"high\" decoding=\"async\" src=\"https:\/\/miaustore.com\/fr\/wp-content\/uploads\/sites\/2\/2020\/01\/miaustore-logo-compressed.jpg\" sizes=\"(max-width: 500px) 100vw, 500px\" srcset=\"https:\/\/miaustore.com\/fr\/wp-content\/uploads\/sites\/2\/2020\/01\/miaustore-logo-compressed.jpg 500w, https:\/\/miaustore.com\/fr\/wp-content\/uploads\/sites\/2\/2020\/01\/miaustore-logo-compressed-300x109.jpg 300w, https:\/\/miaustore.com\/fr\/wp-content\/uploads\/sites\/2\/2020\/01\/miaustore-logo-compressed-100x36.jpg 100w\" alt=\"Logo Miaustore\" width=\"500\" height=\"182\" \/>","protected":false},"excerpt":{"rendered":"<p>Mentions L\u00e9gales Si\u00e8ge social : Miaustore EU Webshop Limited Room 1902, Easey Commercial Building 253-261 Hennessy Road, Wan Chai, Hong Kong Contactez Miaustore Pour toute question, veuillez contacter notre service client : Par t\u00e9l\u00e9phone au (+33)644634533 Heures de consultation : 11:30 am to 03:30 pm Mardi au samedi Par e-mail : support@miaustore.com Les informations contenues dans ces mentions l\u00e9gales s&#8217;appliquent &#8230; <\/p>\n<div><a href=\"https:\/\/miaustore.com\/fr\/mentions-legales.html\" class=\"more-link\">Read More<\/a><\/div>\n","protected":false},"author":1,"featured_media":0,"parent":0,"menu_order":0,"comment_status":"closed","ping_status":"closed","template":"template-blank-1.php","meta":{"_glsr_average":0,"_glsr_ranking":0,"_glsr_reviews":0,"footnotes":""},"categories":[],"tags":[],"class_list":["post-414617","page","type-page","status-publish","hentry","no-post-thumbnail"],"yoast_head":"<!-- This site is optimized with the Yoast SEO Premium plugin v26.7 (Yoast SEO v26.7) - https:\/\/yoast.com\/wordpress\/plugins\/seo\/ -->\n<title>Mentions l\u00e9gales - Fontaine \u00e0 eau chat<\/title>\n<meta name=\"robots\" content=\"index, follow, max-snippet:-1, max-image-preview:large, max-video-preview:-1\" \/>\n<link rel=\"canonical\" href=\"https:\/\/miaustore.com\/fr\/mentions-legales.html\" \/>\n<meta property=\"og:locale\" content=\"fr_FR\" \/>\n<meta property=\"og:type\" content=\"article\" \/>\n<meta property=\"og:title\" content=\"Mentions l\u00e9gales\" \/>\n<meta property=\"og:description\" content=\"Mentions L\u00e9gales Si\u00e8ge social : Miaustore EU Webshop Limited Room 1902, Easey Commercial Building 253-261 Hennessy Road, Wan Chai, Hong Kong Contactez Miaustore Pour toute question, veuillez contacter notre service client : Par t\u00e9l\u00e9phone au (+33)644634533 Heures de consultation : 11:30 am to 03:30 pm Mardi au samedi Par e-mail : support@miaustore.com Les informations contenues dans ces mentions l\u00e9gales s&#8217;appliquent ... Read More\" \/>\n<meta property=\"og:url\" content=\"https:\/\/miaustore.com\/fr\/mentions-legales.html\" \/>\n<meta property=\"og:site_name\" content=\"Fontaine \u00e0 eau chat\" \/>\n<meta property=\"article:publisher\" content=\"https:\/\/www.facebook.com\/miaustorecom\/\" \/>\n<meta property=\"article:modified_time\" content=\"2023-04-12T15:36:11+00:00\" \/>\n<meta property=\"og:image\" content=\"https:\/\/miaustore.com\/fr\/wp-content\/uploads\/sites\/2\/2020\/01\/miaustore-logo-compressed.jpg\" \/>\n<meta name=\"twitter:card\" content=\"summary_large_image\" \/>\n<meta name=\"twitter:site\" content=\"@MiaustoreFR\" \/>\n<meta name=\"twitter:label1\" content=\"Dur\u00e9e de lecture estim\u00e9e\" \/>\n\t<meta name=\"twitter:data1\" content=\"1 minute\" \/>\n<script type=\"application\/ld+json\" class=\"yoast-schema-graph\">{\"@context\":\"https:\/\/schema.org\",\"@graph\":[{\"@type\":\"WebPage\",\"@id\":\"https:\/\/miaustore.com\/fr\/mentions-legales.html\",\"url\":\"https:\/\/miaustore.com\/fr\/mentions-legales.html\",\"name\":\"Mentions l\u00e9gales - Fontaine \u00e0 eau chat\",\"isPartOf\":{\"@id\":\"https:\/\/miaustore.com\/fr\/#website\"},\"primaryImageOfPage\":{\"@id\":\"https:\/\/miaustore.com\/fr\/mentions-legales.html#primaryimage\"},\"image\":{\"@id\":\"https:\/\/miaustore.com\/fr\/mentions-legales.html#primaryimage\"},\"thumbnailUrl\":\"https:\/\/miaustore.com\/fr\/wp-content\/uploads\/sites\/2\/2020\/01\/miaustore-logo-compressed.jpg\",\"datePublished\":\"2021-08-06T16:12:09+00:00\",\"dateModified\":\"2023-04-12T15:36:11+00:00\",\"breadcrumb\":{\"@id\":\"https:\/\/miaustore.com\/fr\/mentions-legales.html#breadcrumb\"},\"inLanguage\":\"fr-FR\",\"potentialAction\":[{\"@type\":\"ReadAction\",\"target\":[\"https:\/\/miaustore.com\/fr\/mentions-legales.html\"]}]},{\"@type\":\"ImageObject\",\"inLanguage\":\"fr-FR\",\"@id\":\"https:\/\/miaustore.com\/fr\/mentions-legales.html#primaryimage\",\"url\":\"https:\/\/miaustore.com\/fr\/wp-content\/uploads\/sites\/2\/2020\/01\/miaustore-logo-compressed.jpg\",\"contentUrl\":\"https:\/\/miaustore.com\/fr\/wp-content\/uploads\/sites\/2\/2020\/01\/miaustore-logo-compressed.jpg\",\"width\":500,\"height\":182,\"caption\":\"Logo Miaustore\"},{\"@type\":\"BreadcrumbList\",\"@id\":\"https:\/\/miaustore.com\/fr\/mentions-legales.html#breadcrumb\",\"itemListElement\":[{\"@type\":\"ListItem\",\"position\":1,\"name\":\"Accueil\",\"item\":\"https:\/\/miaustore.com\/fr\/\"},{\"@type\":\"ListItem\",\"position\":2,\"name\":\"Mentions l\u00e9gales\"}]},{\"@type\":\"WebSite\",\"@id\":\"https:\/\/miaustore.com\/fr\/#website\",\"url\":\"https:\/\/miaustore.com\/fr\/\",\"name\":\"Fontaine \u00e0 eau chat\",\"description\":\"Fontaine \u00e0 eau pour chat en c\u00e9ramique\",\"potentialAction\":[{\"@type\":\"SearchAction\",\"target\":{\"@type\":\"EntryPoint\",\"urlTemplate\":\"https:\/\/miaustore.com\/fr\/?s={search_term_string}\"},\"query-input\":{\"@type\":\"PropertyValueSpecification\",\"valueRequired\":true,\"valueName\":\"search_term_string\"}}],\"inLanguage\":\"fr-FR\"}]}<\/script>\n<!-- \/ Yoast SEO Premium plugin. -->","yoast_head_json":{"title":"Mentions l\u00e9gales - Fontaine \u00e0 eau chat","robots":{"index":"index","follow":"follow","max-snippet":"max-snippet:-1","max-image-preview":"max-image-preview:large","max-video-preview":"max-video-preview:-1"},"canonical":"https:\/\/miaustore.com\/fr\/mentions-legales.html","og_locale":"fr_FR","og_type":"article","og_title":"Mentions l\u00e9gales","og_description":"Mentions L\u00e9gales Si\u00e8ge social : Miaustore EU Webshop Limited Room 1902, Easey Commercial Building 253-261 Hennessy Road, Wan Chai, Hong Kong Contactez Miaustore Pour toute question, veuillez contacter notre service client : Par t\u00e9l\u00e9phone au (+33)644634533 Heures de consultation : 11:30 am to 03:30 pm Mardi au samedi Par e-mail : support@miaustore.com Les informations contenues dans ces mentions l\u00e9gales s&#8217;appliquent ... Read More","og_url":"https:\/\/miaustore.com\/fr\/mentions-legales.html","og_site_name":"Fontaine \u00e0 eau chat","article_publisher":"https:\/\/www.facebook.com\/miaustorecom\/","article_modified_time":"2023-04-12T15:36:11+00:00","og_image":[{"url":"https:\/\/miaustore.com\/fr\/wp-content\/uploads\/sites\/2\/2020\/01\/miaustore-logo-compressed.jpg","type":"","width":"","height":""}],"twitter_card":"summary_large_image","twitter_site":"@MiaustoreFR","twitter_misc":{"Dur\u00e9e de lecture estim\u00e9e":"1 minute"},"schema":{"@context":"https:\/\/schema.org","@graph":[{"@type":"WebPage","@id":"https:\/\/miaustore.com\/fr\/mentions-legales.html","url":"https:\/\/miaustore.com\/fr\/mentions-legales.html","name":"Mentions l\u00e9gales - Fontaine \u00e0 eau chat","isPartOf":{"@id":"https:\/\/miaustore.com\/fr\/#website"},"primaryImageOfPage":{"@id":"https:\/\/miaustore.com\/fr\/mentions-legales.html#primaryimage"},"image":{"@id":"https:\/\/miaustore.com\/fr\/mentions-legales.html#primaryimage"},"thumbnailUrl":"https:\/\/miaustore.com\/fr\/wp-content\/uploads\/sites\/2\/2020\/01\/miaustore-logo-compressed.jpg","datePublished":"2021-08-06T16:12:09+00:00","dateModified":"2023-04-12T15:36:11+00:00","breadcrumb":{"@id":"https:\/\/miaustore.com\/fr\/mentions-legales.html#breadcrumb"},"inLanguage":"fr-FR","potentialAction":[{"@type":"ReadAction","target":["https:\/\/miaustore.com\/fr\/mentions-legales.html"]}]},{"@type":"ImageObject","inLanguage":"fr-FR","@id":"https:\/\/miaustore.com\/fr\/mentions-legales.html#primaryimage","url":"https:\/\/miaustore.com\/fr\/wp-content\/uploads\/sites\/2\/2020\/01\/miaustore-logo-compressed.jpg","contentUrl":"https:\/\/miaustore.com\/fr\/wp-content\/uploads\/sites\/2\/2020\/01\/miaustore-logo-compressed.jpg","width":500,"height":182,"caption":"Logo Miaustore"},{"@type":"BreadcrumbList","@id":"https:\/\/miaustore.com\/fr\/mentions-legales.html#breadcrumb","itemListElement":[{"@type":"ListItem","position":1,"name":"Accueil","item":"https:\/\/miaustore.com\/fr\/"},{"@type":"ListItem","position":2,"name":"Mentions l\u00e9gales"}]},{"@type":"WebSite","@id":"https:\/\/miaustore.com\/fr\/#website","url":"https:\/\/miaustore.com\/fr\/","name":"Fontaine \u00e0 eau chat","description":"Fontaine \u00e0 eau pour chat en c\u00e9ramique","potentialAction":[{"@type":"SearchAction","target":{"@type":"EntryPoint","urlTemplate":"https:\/\/miaustore.com\/fr\/?s={search_term_string}"},"query-input":{"@type":"PropertyValueSpecification","valueRequired":true,"valueName":"search_term_string"}}],"inLanguage":"fr-FR"}]}},"_links":{"self":[{"href":"https:\/\/miaustore.com\/fr\/wp-json\/wp\/v2\/pages\/414617","targetHints":{"allow":["GET"]}}],"collection":[{"href":"https:\/\/miaustore.com\/fr\/wp-json\/wp\/v2\/pages"}],"about":[{"href":"https:\/\/miaustore.com\/fr\/wp-json\/wp\/v2\/types\/page"}],"author":[{"embeddable":true,"href":"https:\/\/miaustore.com\/fr\/wp-json\/wp\/v2\/users\/1"}],"replies":[{"embeddable":true,"href":"https:\/\/miaustore.com\/fr\/wp-json\/wp\/v2\/comments?post=414617"}],"version-history":[{"count":0,"href":"https:\/\/miaustore.com\/fr\/wp-json\/wp\/v2\/pages\/414617\/revisions"}],"wp:attachment":[{"href":"https:\/\/miaustore.com\/fr\/wp-json\/wp\/v2\/media?parent=414617"}],"wp:term":[{"taxonomy":"category","embeddable":true,"href":"https:\/\/miaustore.com\/fr\/wp-json\/wp\/v2\/categories?post=414617"},{"taxonomy":"post_tag","embeddable":true,"href":"https:\/\/miaustore.com\/fr\/wp-json\/wp\/v2\/tags?post=414617"}],"curies":[{"name":"wp","href":"https:\/\/api.w.org\/{rel}","templated":true}]}}