{"id":45,"date":"2017-09-08T16:37:51","date_gmt":"2017-09-08T16:37:51","guid":{"rendered":"http:\/\/188.226.153.12\/fr\/?page_id=45"},"modified":"2020-12-08T16:24:51","modified_gmt":"2020-12-08T16:24:51","slug":"costume-de-requin","status":"publish","type":"page","link":"https:\/\/miaustore.com\/fr\/criniere-de-lion\/costume-de-requin.html","title":{"rendered":"Costume de Requin"},"content":{"rendered":"<div id=\"cs-content\" class=\"cs-content\"><\/div>","protected":false},"excerpt":{"rendered":"","protected":false},"author":1,"featured_media":0,"parent":66,"menu_order":0,"comment_status":"closed","ping_status":"closed","template":"template-blank-1.php","meta":{"_glsr_average":0,"_glsr_ranking":0,"_glsr_reviews":0,"footnotes":""},"categories":[],"tags":[],"class_list":["post-45","page","type-page","status-publish","hentry","no-post-thumbnail"],"yoast_head":"<!-- This site is optimized with the Yoast SEO Premium plugin v26.7 (Yoast SEO v26.7) - https:\/\/yoast.com\/wordpress\/plugins\/seo\/ -->\n<title>Costume de requin en coton pour chat - Miaustore<\/title>\n<meta name=\"description\" content=\"D\u00e9guisement de requin pour transformer un chat en v\u00e9ritable requin mignon \u00e0 embeter. Parfait en cadeau pour votre chat ou celui d&#039;un ami.\" \/>\n<meta name=\"robots\" content=\"index, follow, max-snippet:-1, max-image-preview:large, max-video-preview:-1\" \/>\n<link rel=\"canonical\" href=\"https:\/\/miaustore.com\/fr\/criniere-de-lion\/costume-de-requin.html\" \/>\n<meta property=\"og:locale\" content=\"fr_FR\" \/>\n<meta property=\"og:type\" content=\"article\" \/>\n<meta property=\"og:title\" content=\"Costume de Requin\" \/>\n<meta property=\"og:description\" content=\"D\u00e9guisement de requin pour transformer un chat en v\u00e9ritable requin mignon \u00e0 embeter. Parfait en cadeau pour votre chat ou celui d&#039;un ami.\" \/>\n<meta property=\"og:url\" content=\"https:\/\/miaustore.com\/fr\/criniere-de-lion\/costume-de-requin.html\" \/>\n<meta property=\"og:site_name\" content=\"Fontaine \u00e0 eau chat\" \/>\n<meta property=\"article:publisher\" content=\"https:\/\/www.facebook.com\/miaustorecom\/\" \/>\n<meta property=\"article:modified_time\" content=\"2020-12-08T16:24:51+00:00\" \/>\n<meta name=\"twitter:card\" content=\"summary_large_image\" \/>\n<meta name=\"twitter:site\" content=\"@MiaustoreFR\" \/>\n<meta name=\"twitter:label1\" content=\"Dur\u00e9e de lecture estim\u00e9e\" \/>\n\t<meta name=\"twitter:data1\" content=\"3 minutes\" \/>\n<script type=\"application\/ld+json\" class=\"yoast-schema-graph\">{\"@context\":\"https:\/\/schema.org\",\"@graph\":[{\"@type\":\"WebPage\",\"@id\":\"https:\/\/miaustore.com\/fr\/criniere-de-lion\/costume-de-requin.html\",\"url\":\"https:\/\/miaustore.com\/fr\/criniere-de-lion\/costume-de-requin.html\",\"name\":\"Costume de requin en coton pour chat - Miaustore\",\"isPartOf\":{\"@id\":\"https:\/\/miaustore.com\/fr\/#website\"},\"datePublished\":\"2017-09-08T16:37:51+00:00\",\"dateModified\":\"2020-12-08T16:24:51+00:00\",\"description\":\"D\u00e9guisement de requin pour transformer un chat en v\u00e9ritable requin mignon \u00e0 embeter. Parfait en cadeau pour votre chat ou celui d'un ami.\",\"breadcrumb\":{\"@id\":\"https:\/\/miaustore.com\/fr\/criniere-de-lion\/costume-de-requin.html#breadcrumb\"},\"inLanguage\":\"fr-FR\",\"potentialAction\":[{\"@type\":\"ReadAction\",\"target\":[\"https:\/\/miaustore.com\/fr\/criniere-de-lion\/costume-de-requin.html\"]}]},{\"@type\":\"BreadcrumbList\",\"@id\":\"https:\/\/miaustore.com\/fr\/criniere-de-lion\/costume-de-requin.html#breadcrumb\",\"itemListElement\":[{\"@type\":\"ListItem\",\"position\":1,\"name\":\"Accueil\",\"item\":\"https:\/\/miaustore.com\/fr\/\"},{\"@type\":\"ListItem\",\"position\":2,\"name\":\"Criniere de Lion\",\"item\":\"https:\/\/miaustore.com\/fr\/criniere-de-lion.html\"},{\"@type\":\"ListItem\",\"position\":3,\"name\":\"Costume de Requin\"}]},{\"@type\":\"WebSite\",\"@id\":\"https:\/\/miaustore.com\/fr\/#website\",\"url\":\"https:\/\/miaustore.com\/fr\/\",\"name\":\"Fontaine \u00e0 eau chat\",\"description\":\"Fontaine \u00e0 eau pour chat en c\u00e9ramique\",\"potentialAction\":[{\"@type\":\"SearchAction\",\"target\":{\"@type\":\"EntryPoint\",\"urlTemplate\":\"https:\/\/miaustore.com\/fr\/?s={search_term_string}\"},\"query-input\":{\"@type\":\"PropertyValueSpecification\",\"valueRequired\":true,\"valueName\":\"search_term_string\"}}],\"inLanguage\":\"fr-FR\"}]}<\/script>\n<!-- \/ Yoast SEO Premium plugin. -->","yoast_head_json":{"title":"Costume de requin en coton pour chat - Miaustore","description":"D\u00e9guisement de requin pour transformer un chat en v\u00e9ritable requin mignon \u00e0 embeter. Parfait en cadeau pour votre chat ou celui d'un ami.","robots":{"index":"index","follow":"follow","max-snippet":"max-snippet:-1","max-image-preview":"max-image-preview:large","max-video-preview":"max-video-preview:-1"},"canonical":"https:\/\/miaustore.com\/fr\/criniere-de-lion\/costume-de-requin.html","og_locale":"fr_FR","og_type":"article","og_title":"Costume de Requin","og_description":"D\u00e9guisement de requin pour transformer un chat en v\u00e9ritable requin mignon \u00e0 embeter. Parfait en cadeau pour votre chat ou celui d'un ami.","og_url":"https:\/\/miaustore.com\/fr\/criniere-de-lion\/costume-de-requin.html","og_site_name":"Fontaine \u00e0 eau chat","article_publisher":"https:\/\/www.facebook.com\/miaustorecom\/","article_modified_time":"2020-12-08T16:24:51+00:00","twitter_card":"summary_large_image","twitter_site":"@MiaustoreFR","twitter_misc":{"Dur\u00e9e de lecture estim\u00e9e":"3 minutes"},"schema":{"@context":"https:\/\/schema.org","@graph":[{"@type":"WebPage","@id":"https:\/\/miaustore.com\/fr\/criniere-de-lion\/costume-de-requin.html","url":"https:\/\/miaustore.com\/fr\/criniere-de-lion\/costume-de-requin.html","name":"Costume de requin en coton pour chat - Miaustore","isPartOf":{"@id":"https:\/\/miaustore.com\/fr\/#website"},"datePublished":"2017-09-08T16:37:51+00:00","dateModified":"2020-12-08T16:24:51+00:00","description":"D\u00e9guisement de requin pour transformer un chat en v\u00e9ritable requin mignon \u00e0 embeter. Parfait en cadeau pour votre chat ou celui d'un ami.","breadcrumb":{"@id":"https:\/\/miaustore.com\/fr\/criniere-de-lion\/costume-de-requin.html#breadcrumb"},"inLanguage":"fr-FR","potentialAction":[{"@type":"ReadAction","target":["https:\/\/miaustore.com\/fr\/criniere-de-lion\/costume-de-requin.html"]}]},{"@type":"BreadcrumbList","@id":"https:\/\/miaustore.com\/fr\/criniere-de-lion\/costume-de-requin.html#breadcrumb","itemListElement":[{"@type":"ListItem","position":1,"name":"Accueil","item":"https:\/\/miaustore.com\/fr\/"},{"@type":"ListItem","position":2,"name":"Criniere de Lion","item":"https:\/\/miaustore.com\/fr\/criniere-de-lion.html"},{"@type":"ListItem","position":3,"name":"Costume de Requin"}]},{"@type":"WebSite","@id":"https:\/\/miaustore.com\/fr\/#website","url":"https:\/\/miaustore.com\/fr\/","name":"Fontaine \u00e0 eau chat","description":"Fontaine \u00e0 eau pour chat en c\u00e9ramique","potentialAction":[{"@type":"SearchAction","target":{"@type":"EntryPoint","urlTemplate":"https:\/\/miaustore.com\/fr\/?s={search_term_string}"},"query-input":{"@type":"PropertyValueSpecification","valueRequired":true,"valueName":"search_term_string"}}],"inLanguage":"fr-FR"}]}},"_links":{"self":[{"href":"https:\/\/miaustore.com\/fr\/wp-json\/wp\/v2\/pages\/45","targetHints":{"allow":["GET"]}}],"collection":[{"href":"https:\/\/miaustore.com\/fr\/wp-json\/wp\/v2\/pages"}],"about":[{"href":"https:\/\/miaustore.com\/fr\/wp-json\/wp\/v2\/types\/page"}],"author":[{"embeddable":true,"href":"https:\/\/miaustore.com\/fr\/wp-json\/wp\/v2\/users\/1"}],"replies":[{"embeddable":true,"href":"https:\/\/miaustore.com\/fr\/wp-json\/wp\/v2\/comments?post=45"}],"version-history":[{"count":0,"href":"https:\/\/miaustore.com\/fr\/wp-json\/wp\/v2\/pages\/45\/revisions"}],"up":[{"embeddable":true,"href":"https:\/\/miaustore.com\/fr\/wp-json\/wp\/v2\/pages\/66"}],"wp:attachment":[{"href":"https:\/\/miaustore.com\/fr\/wp-json\/wp\/v2\/media?parent=45"}],"wp:term":[{"taxonomy":"category","embeddable":true,"href":"https:\/\/miaustore.com\/fr\/wp-json\/wp\/v2\/categories?post=45"},{"taxonomy":"post_tag","embeddable":true,"href":"https:\/\/miaustore.com\/fr\/wp-json\/wp\/v2\/tags?post=45"}],"curies":[{"name":"wp","href":"https:\/\/api.w.org\/{rel}","templated":true}]}}