{"id":618,"date":"2018-03-14T12:10:04","date_gmt":"2018-03-14T12:10:04","guid":{"rendered":"https:\/\/miaustore.com\/fr\/?page_id=618"},"modified":"2020-08-21T23:13:52","modified_gmt":"2020-08-21T23:13:52","slug":"expedition","status":"publish","type":"page","link":"https:\/\/miaustore.com\/fr\/expedition.html","title":{"rendered":"Exp\u00e9dition"},"content":{"rendered":"<h1>Comment sont r\u00e9alis\u00e9es les exp\u00e9ditions vers l&#8217;UE de nos fontaines ?<\/h1>\r\n<img fetchpriority=\"high\" decoding=\"async\" class=\"alignnone size-medium wp-image-204460\" src=\"https:\/\/miaustore.com\/fr\/wp-content\/uploads\/sites\/2\/2020\/04\/LOGO-MIAUSTORE-300x181.jpg\" alt=\"logo miaustore\" width=\"300\" height=\"181\" srcset=\"https:\/\/miaustore.com\/fr\/wp-content\/uploads\/sites\/2\/2020\/04\/LOGO-MIAUSTORE-300x181.jpg 300w, https:\/\/miaustore.com\/fr\/wp-content\/uploads\/sites\/2\/2020\/04\/LOGO-MIAUSTORE-768x463.jpg 768w, https:\/\/miaustore.com\/fr\/wp-content\/uploads\/sites\/2\/2020\/04\/LOGO-MIAUSTORE-100x60.jpg 100w, https:\/\/miaustore.com\/fr\/wp-content\/uploads\/sites\/2\/2020\/04\/LOGO-MIAUSTORE-758x457.jpg 758w, https:\/\/miaustore.com\/fr\/wp-content\/uploads\/sites\/2\/2020\/04\/LOGO-MIAUSTORE.jpg 900w\" sizes=\"(max-width: 300px) 100vw, 300px\" \/>\r\n<h2>Expedition Europe<\/h2>\r\nPour l&#8217;exp\u00e9dition, les fontaines \u00e0 eau pour chat sont livr\u00e9es par DHL dans tous les pays de l&#8217;UE. En France, c&#8217;est LaPoste qui est en charge de la distribution. Les d\u00e9lais de livraison normaux sont de 3 \u00e0 5 jours ouvrables. Toutefois, en p\u00e9riode de forte demande et de faible offre, nous sommes contraints de prolonger ce d\u00e9lai de livraison. Tout d\u00e9lai de livraison sur mesure sera clair et apparent avant la fin du paiement.\r\n\r\nCela concerne les fontaines et ses accessoires, pour plus d&#8217;information, n&#8217;h\u00e9sitez pas \u00e0 nous contacter par mail au support@miaustore.com\r\n\r\nSauf indication contraire, les frais de port sont de 7 \u20ac.\r\n\r\nL&#8217;expedition concernent les fontaines et ses accessoires, pour plus d&#8217;information, n&#8217;h\u00e9sitez pas \u00e0 nous contacter par mail au support@miaustore.com\r\n\r\nL&#8217;exp\u00e9dition co\u00fbte 7 \u20ac.\r\n\r\nPour toute demande de contact, vous trouverez toutes les informations sur <a href=\"https:\/\/miaustore.com\/fr\/nous-contacter.html\" title=\"Miaustore \u2013 Comment nous contacter\" rel=\"nofollow\">cette page<\/a>.","protected":false},"excerpt":{"rendered":"<p>Comment sont r\u00e9alis\u00e9es les exp\u00e9ditions vers l&#8217;UE de nos fontaines ? Expedition Europe Pour l&#8217;exp\u00e9dition, les fontaines \u00e0 eau pour chat sont livr\u00e9es par DHL dans tous les pays de l&#8217;UE. En France, c&#8217;est LaPoste qui est en charge de la distribution. Les d\u00e9lais de livraison normaux sont de 3 \u00e0 5 jours ouvrables. Toutefois, en p\u00e9riode de forte demande &#8230; <\/p>\n<div><a href=\"https:\/\/miaustore.com\/fr\/expedition.html\" class=\"more-link\">Read More<\/a><\/div>\n","protected":false},"author":1,"featured_media":0,"parent":0,"menu_order":0,"comment_status":"closed","ping_status":"closed","template":"","meta":{"_glsr_average":0,"_glsr_ranking":0,"_glsr_reviews":0,"footnotes":""},"categories":[],"tags":[],"class_list":["post-618","page","type-page","status-publish","hentry","no-post-thumbnail"],"yoast_head":"<!-- This site is optimized with the Yoast SEO Premium plugin v26.7 (Yoast SEO v26.7) - https:\/\/yoast.com\/wordpress\/plugins\/seo\/ -->\n<title>Exp\u00e9dition des livraisons produits Miaustore France<\/title>\n<meta name=\"description\" content=\"Miaustore - Exp\u00e9dition. Sur cette page, vous trouverez toutes les informations concernant l\u2019exp\u00e9dition de nos produits et leurs couts.\" \/>\n<meta name=\"robots\" content=\"index, follow, max-snippet:-1, max-image-preview:large, max-video-preview:-1\" \/>\n<link rel=\"canonical\" href=\"https:\/\/miaustore.com\/fr\/expedition.html\" \/>\n<meta property=\"og:locale\" content=\"fr_FR\" \/>\n<meta property=\"og:type\" content=\"article\" \/>\n<meta property=\"og:title\" content=\"Exp\u00e9dition\" \/>\n<meta property=\"og:description\" content=\"Miaustore - Exp\u00e9dition. Sur cette page, vous trouverez toutes les informations concernant l\u2019exp\u00e9dition de nos produits et leurs couts.\" \/>\n<meta property=\"og:url\" content=\"https:\/\/miaustore.com\/fr\/expedition.html\" \/>\n<meta property=\"og:site_name\" content=\"Fontaine \u00e0 eau chat\" \/>\n<meta property=\"article:publisher\" content=\"https:\/\/www.facebook.com\/miaustorecom\/\" \/>\n<meta property=\"article:modified_time\" content=\"2020-08-21T23:13:52+00:00\" \/>\n<meta property=\"og:image\" content=\"https:\/\/miaustore.com\/fr\/wp-content\/uploads\/sites\/2\/2020\/04\/LOGO-MIAUSTORE.jpg\" \/>\n\t<meta property=\"og:image:width\" content=\"900\" \/>\n\t<meta property=\"og:image:height\" content=\"543\" \/>\n\t<meta property=\"og:image:type\" content=\"image\/jpeg\" \/>\n<meta name=\"twitter:card\" content=\"summary_large_image\" \/>\n<meta name=\"twitter:site\" content=\"@MiaustoreFR\" \/>\n<meta name=\"twitter:label1\" content=\"Dur\u00e9e de lecture estim\u00e9e\" \/>\n\t<meta name=\"twitter:data1\" content=\"1 minute\" \/>\n<script type=\"application\/ld+json\" class=\"yoast-schema-graph\">{\"@context\":\"https:\/\/schema.org\",\"@graph\":[{\"@type\":\"WebPage\",\"@id\":\"https:\/\/miaustore.com\/fr\/expedition.html\",\"url\":\"https:\/\/miaustore.com\/fr\/expedition.html\",\"name\":\"Exp\u00e9dition des livraisons produits Miaustore France\",\"isPartOf\":{\"@id\":\"https:\/\/miaustore.com\/fr\/#website\"},\"primaryImageOfPage\":{\"@id\":\"https:\/\/miaustore.com\/fr\/expedition.html#primaryimage\"},\"image\":{\"@id\":\"https:\/\/miaustore.com\/fr\/expedition.html#primaryimage\"},\"thumbnailUrl\":\"https:\/\/miaustore.com\/fr\/wp-content\/uploads\/sites\/2\/2020\/04\/LOGO-MIAUSTORE-300x181.jpg\",\"datePublished\":\"2018-03-14T12:10:04+00:00\",\"dateModified\":\"2020-08-21T23:13:52+00:00\",\"description\":\"Miaustore - Exp\u00e9dition. Sur cette page, vous trouverez toutes les informations concernant l\u2019exp\u00e9dition de nos produits et leurs couts.\",\"breadcrumb\":{\"@id\":\"https:\/\/miaustore.com\/fr\/expedition.html#breadcrumb\"},\"inLanguage\":\"fr-FR\",\"potentialAction\":[{\"@type\":\"ReadAction\",\"target\":[\"https:\/\/miaustore.com\/fr\/expedition.html\"]}]},{\"@type\":\"ImageObject\",\"inLanguage\":\"fr-FR\",\"@id\":\"https:\/\/miaustore.com\/fr\/expedition.html#primaryimage\",\"url\":\"https:\/\/miaustore.com\/fr\/wp-content\/uploads\/sites\/2\/2020\/04\/LOGO-MIAUSTORE.jpg\",\"contentUrl\":\"https:\/\/miaustore.com\/fr\/wp-content\/uploads\/sites\/2\/2020\/04\/LOGO-MIAUSTORE.jpg\",\"width\":900,\"height\":543,\"caption\":\"logo miaustore\"},{\"@type\":\"BreadcrumbList\",\"@id\":\"https:\/\/miaustore.com\/fr\/expedition.html#breadcrumb\",\"itemListElement\":[{\"@type\":\"ListItem\",\"position\":1,\"name\":\"Accueil\",\"item\":\"https:\/\/miaustore.com\/fr\/\"},{\"@type\":\"ListItem\",\"position\":2,\"name\":\"Exp\u00e9dition\"}]},{\"@type\":\"WebSite\",\"@id\":\"https:\/\/miaustore.com\/fr\/#website\",\"url\":\"https:\/\/miaustore.com\/fr\/\",\"name\":\"Fontaine \u00e0 eau chat\",\"description\":\"Fontaine \u00e0 eau pour chat en c\u00e9ramique\",\"potentialAction\":[{\"@type\":\"SearchAction\",\"target\":{\"@type\":\"EntryPoint\",\"urlTemplate\":\"https:\/\/miaustore.com\/fr\/?s={search_term_string}\"},\"query-input\":{\"@type\":\"PropertyValueSpecification\",\"valueRequired\":true,\"valueName\":\"search_term_string\"}}],\"inLanguage\":\"fr-FR\"}]}<\/script>\n<!-- \/ Yoast SEO Premium plugin. -->","yoast_head_json":{"title":"Exp\u00e9dition des livraisons produits Miaustore France","description":"Miaustore - Exp\u00e9dition. Sur cette page, vous trouverez toutes les informations concernant l\u2019exp\u00e9dition de nos produits et leurs couts.","robots":{"index":"index","follow":"follow","max-snippet":"max-snippet:-1","max-image-preview":"max-image-preview:large","max-video-preview":"max-video-preview:-1"},"canonical":"https:\/\/miaustore.com\/fr\/expedition.html","og_locale":"fr_FR","og_type":"article","og_title":"Exp\u00e9dition","og_description":"Miaustore - Exp\u00e9dition. Sur cette page, vous trouverez toutes les informations concernant l\u2019exp\u00e9dition de nos produits et leurs couts.","og_url":"https:\/\/miaustore.com\/fr\/expedition.html","og_site_name":"Fontaine \u00e0 eau chat","article_publisher":"https:\/\/www.facebook.com\/miaustorecom\/","article_modified_time":"2020-08-21T23:13:52+00:00","og_image":[{"width":900,"height":543,"url":"https:\/\/miaustore.com\/fr\/wp-content\/uploads\/sites\/2\/2020\/04\/LOGO-MIAUSTORE.jpg","type":"image\/jpeg"}],"twitter_card":"summary_large_image","twitter_site":"@MiaustoreFR","twitter_misc":{"Dur\u00e9e de lecture estim\u00e9e":"1 minute"},"schema":{"@context":"https:\/\/schema.org","@graph":[{"@type":"WebPage","@id":"https:\/\/miaustore.com\/fr\/expedition.html","url":"https:\/\/miaustore.com\/fr\/expedition.html","name":"Exp\u00e9dition des livraisons produits Miaustore France","isPartOf":{"@id":"https:\/\/miaustore.com\/fr\/#website"},"primaryImageOfPage":{"@id":"https:\/\/miaustore.com\/fr\/expedition.html#primaryimage"},"image":{"@id":"https:\/\/miaustore.com\/fr\/expedition.html#primaryimage"},"thumbnailUrl":"https:\/\/miaustore.com\/fr\/wp-content\/uploads\/sites\/2\/2020\/04\/LOGO-MIAUSTORE-300x181.jpg","datePublished":"2018-03-14T12:10:04+00:00","dateModified":"2020-08-21T23:13:52+00:00","description":"Miaustore - Exp\u00e9dition. Sur cette page, vous trouverez toutes les informations concernant l\u2019exp\u00e9dition de nos produits et leurs couts.","breadcrumb":{"@id":"https:\/\/miaustore.com\/fr\/expedition.html#breadcrumb"},"inLanguage":"fr-FR","potentialAction":[{"@type":"ReadAction","target":["https:\/\/miaustore.com\/fr\/expedition.html"]}]},{"@type":"ImageObject","inLanguage":"fr-FR","@id":"https:\/\/miaustore.com\/fr\/expedition.html#primaryimage","url":"https:\/\/miaustore.com\/fr\/wp-content\/uploads\/sites\/2\/2020\/04\/LOGO-MIAUSTORE.jpg","contentUrl":"https:\/\/miaustore.com\/fr\/wp-content\/uploads\/sites\/2\/2020\/04\/LOGO-MIAUSTORE.jpg","width":900,"height":543,"caption":"logo miaustore"},{"@type":"BreadcrumbList","@id":"https:\/\/miaustore.com\/fr\/expedition.html#breadcrumb","itemListElement":[{"@type":"ListItem","position":1,"name":"Accueil","item":"https:\/\/miaustore.com\/fr\/"},{"@type":"ListItem","position":2,"name":"Exp\u00e9dition"}]},{"@type":"WebSite","@id":"https:\/\/miaustore.com\/fr\/#website","url":"https:\/\/miaustore.com\/fr\/","name":"Fontaine \u00e0 eau chat","description":"Fontaine \u00e0 eau pour chat en c\u00e9ramique","potentialAction":[{"@type":"SearchAction","target":{"@type":"EntryPoint","urlTemplate":"https:\/\/miaustore.com\/fr\/?s={search_term_string}"},"query-input":{"@type":"PropertyValueSpecification","valueRequired":true,"valueName":"search_term_string"}}],"inLanguage":"fr-FR"}]}},"_links":{"self":[{"href":"https:\/\/miaustore.com\/fr\/wp-json\/wp\/v2\/pages\/618","targetHints":{"allow":["GET"]}}],"collection":[{"href":"https:\/\/miaustore.com\/fr\/wp-json\/wp\/v2\/pages"}],"about":[{"href":"https:\/\/miaustore.com\/fr\/wp-json\/wp\/v2\/types\/page"}],"author":[{"embeddable":true,"href":"https:\/\/miaustore.com\/fr\/wp-json\/wp\/v2\/users\/1"}],"replies":[{"embeddable":true,"href":"https:\/\/miaustore.com\/fr\/wp-json\/wp\/v2\/comments?post=618"}],"version-history":[{"count":0,"href":"https:\/\/miaustore.com\/fr\/wp-json\/wp\/v2\/pages\/618\/revisions"}],"wp:attachment":[{"href":"https:\/\/miaustore.com\/fr\/wp-json\/wp\/v2\/media?parent=618"}],"wp:term":[{"taxonomy":"category","embeddable":true,"href":"https:\/\/miaustore.com\/fr\/wp-json\/wp\/v2\/categories?post=618"},{"taxonomy":"post_tag","embeddable":true,"href":"https:\/\/miaustore.com\/fr\/wp-json\/wp\/v2\/tags?post=618"}],"curies":[{"name":"wp","href":"https:\/\/api.w.org\/{rel}","templated":true}]}}