{"id":621,"date":"2018-03-14T12:16:17","date_gmt":"2018-03-14T12:16:17","guid":{"rendered":"https:\/\/miaustore.com\/fr\/?page_id=621"},"modified":"2020-05-18T14:35:15","modified_gmt":"2020-05-18T14:35:15","slug":"garantie","status":"publish","type":"page","link":"https:\/\/miaustore.com\/fr\/garantie.html","title":{"rendered":"Garantie"},"content":{"rendered":"<div id=\"gt-langs\"><\/div>\r\n<div id=\"gt-text-top\">\r\n<div id=\"gt-src-c\" class=\"g-unit\">\r\n<div id=\"gt-src-p\">\r\n<h1 id=\"gt-src-wrap\">\u00a0Garantie<\/h1>\r\n&nbsp;\r\n<h2 id=\"src-translit\" class=\"translit\" dir=\"ltr\">\u00a0Conditions pour notre service de garantie<\/h2>\r\n<\/div>\r\n<\/div>\r\n<div id=\"gt-res-c\" class=\"g-unit\">\r\n<div id=\"gt-res-p\">\r\n<div id=\"gt-res-data\">\r\n<div id=\"gt-res-wrap\">\r\n<div id=\"gt-res-content\">\r\n<p id=\"gt-res-dir-ctr\" class=\"trans-verified-button-small\" dir=\"ltr\"><span id=\"result_box\" class=\"\" lang=\"fr\">La seule condition est que vous retourniez le produit dans les 12 mois suivant la commande.<\/span><\/p>\r\n\r\n<h2 class=\"trans-verified-button-small\" dir=\"ltr\"><span id=\"result_box\" class=\"\" lang=\"fr\">\r\nComment obtenir un remboursement<\/span><\/h2>\r\n<p class=\"trans-verified-button-small\" dir=\"ltr\"><span id=\"result_box\" class=\"\" lang=\"fr\">\r\n1.Vous envoyez un email \u00e0 support@miaustore.com pour demander le remboursement.\r\nIncluez le num\u00e9ro de commande, l&#8217;adresse mail que vous avez utilis\u00e9 lors de votre achat ou l&#8217;identit\u00e9 de l&#8217;acheteur afin que nous puisons localiser votre commande dans notre base de donn\u00e9e.\r\n<span class=\"\">Nous serions tr\u00e8s heureux si vous nous expliquez pourquoi vous n&#8217;\u00eates pas satisfait du produit, mais ce n&#8217;est pas obligatoire.<\/span><\/span><\/p>\r\n<span class=\"\">2. Nous vous enverrons un email avec l&#8217;adresse \u00e0 laquelle vous pouvez retourner le produit.<\/span>\r\n\r\n<span class=\"\">3. Lorsque nous recevons le retour, nous rembourserons l&#8217;argent via Paypal<\/span>\r\n\r\nRemarques:\r\n\r\n<span class=\"\">Le prix d&#8217;achat et le prix d&#8217;exp\u00e9dition pay\u00e9 par le client sont rembours\u00e9s.<\/span>\r\n<span class=\"\">Mais le client paiera les frais de r\u00e9exp\u00e9dition du produit \u00e0 notre entrep\u00f4t.<\/span>\r\n\r\n<\/div>\r\nPour consulter les informations de contact Miaustore <a href=\"https:\/\/miaustore.com\/fr\/nous-contacter.html\" title=\"Miaustore \u2013 Comment nous contacter\">cliquez ici<\/a> \r\n<\/div>\r\n<\/div>\r\n<\/div>\r\n<\/div>\r\n<\/div>","protected":false},"excerpt":{"rendered":"<p>\u00a0Garantie &nbsp; \u00a0Conditions pour notre service de garantie La seule condition est que vous retourniez le produit dans les 12 mois suivant la commande. Comment obtenir un remboursement 1.Vous envoyez un email \u00e0 support@miaustore.com pour demander le remboursement. Incluez le num\u00e9ro de commande, l&#8217;adresse mail que vous avez utilis\u00e9 lors de votre achat ou l&#8217;identit\u00e9 de l&#8217;acheteur afin que nous &#8230; <\/p>\n<div><a href=\"https:\/\/miaustore.com\/fr\/garantie.html\" class=\"more-link\">Read More<\/a><\/div>\n","protected":false},"author":1,"featured_media":0,"parent":0,"menu_order":0,"comment_status":"closed","ping_status":"closed","template":"","meta":{"_glsr_average":0,"_glsr_ranking":0,"_glsr_reviews":0,"footnotes":""},"categories":[],"tags":[],"class_list":["post-621","page","type-page","status-publish","hentry","no-post-thumbnail"],"yoast_head":"<!-- This site is optimized with the Yoast SEO Premium plugin v26.7 (Yoast SEO v26.7) - https:\/\/yoast.com\/wordpress\/plugins\/seo\/ -->\n<title>Garantie compl\u00e9mentaire - Fontaine \u00e0 eau pour chats<\/title>\n<meta name=\"description\" content=\"Conditions concernant la garantie compl\u00e9mentaire que vous accorde Miaustore. Afin de garantir votre satisfaction, une garantie en plus est mise en place.\" \/>\n<meta name=\"robots\" content=\"index, follow, max-snippet:-1, max-image-preview:large, max-video-preview:-1\" \/>\n<link rel=\"canonical\" href=\"https:\/\/miaustore.com\/fr\/garantie.html\" \/>\n<meta property=\"og:locale\" content=\"fr_FR\" \/>\n<meta property=\"og:type\" content=\"article\" \/>\n<meta property=\"og:title\" content=\"Garantie\" \/>\n<meta property=\"og:description\" content=\"Conditions concernant la garantie compl\u00e9mentaire que vous accorde Miaustore. Afin de garantir votre satisfaction, une garantie en plus est mise en place.\" \/>\n<meta property=\"og:url\" content=\"https:\/\/miaustore.com\/fr\/garantie.html\" \/>\n<meta property=\"og:site_name\" content=\"Fontaine \u00e0 eau chat\" \/>\n<meta property=\"article:publisher\" content=\"https:\/\/www.facebook.com\/miaustorecom\/\" \/>\n<meta property=\"article:modified_time\" content=\"2020-05-18T14:35:15+00:00\" \/>\n<meta name=\"twitter:card\" content=\"summary_large_image\" \/>\n<meta name=\"twitter:site\" content=\"@MiaustoreFR\" \/>\n<meta name=\"twitter:label1\" content=\"Dur\u00e9e de lecture estim\u00e9e\" \/>\n\t<meta name=\"twitter:data1\" content=\"1 minute\" \/>\n<script type=\"application\/ld+json\" class=\"yoast-schema-graph\">{\"@context\":\"https:\/\/schema.org\",\"@graph\":[{\"@type\":\"WebPage\",\"@id\":\"https:\/\/miaustore.com\/fr\/garantie.html\",\"url\":\"https:\/\/miaustore.com\/fr\/garantie.html\",\"name\":\"Garantie compl\u00e9mentaire - Fontaine \u00e0 eau pour chats\",\"isPartOf\":{\"@id\":\"https:\/\/miaustore.com\/fr\/#website\"},\"datePublished\":\"2018-03-14T12:16:17+00:00\",\"dateModified\":\"2020-05-18T14:35:15+00:00\",\"description\":\"Conditions concernant la garantie compl\u00e9mentaire que vous accorde Miaustore. Afin de garantir votre satisfaction, une garantie en plus est mise en place.\",\"breadcrumb\":{\"@id\":\"https:\/\/miaustore.com\/fr\/garantie.html#breadcrumb\"},\"inLanguage\":\"fr-FR\",\"potentialAction\":[{\"@type\":\"ReadAction\",\"target\":[\"https:\/\/miaustore.com\/fr\/garantie.html\"]}]},{\"@type\":\"BreadcrumbList\",\"@id\":\"https:\/\/miaustore.com\/fr\/garantie.html#breadcrumb\",\"itemListElement\":[{\"@type\":\"ListItem\",\"position\":1,\"name\":\"Accueil\",\"item\":\"https:\/\/miaustore.com\/fr\/\"},{\"@type\":\"ListItem\",\"position\":2,\"name\":\"Garantie\"}]},{\"@type\":\"WebSite\",\"@id\":\"https:\/\/miaustore.com\/fr\/#website\",\"url\":\"https:\/\/miaustore.com\/fr\/\",\"name\":\"Fontaine \u00e0 eau chat\",\"description\":\"Fontaine \u00e0 eau pour chat en c\u00e9ramique\",\"potentialAction\":[{\"@type\":\"SearchAction\",\"target\":{\"@type\":\"EntryPoint\",\"urlTemplate\":\"https:\/\/miaustore.com\/fr\/?s={search_term_string}\"},\"query-input\":{\"@type\":\"PropertyValueSpecification\",\"valueRequired\":true,\"valueName\":\"search_term_string\"}}],\"inLanguage\":\"fr-FR\"}]}<\/script>\n<!-- \/ Yoast SEO Premium plugin. -->","yoast_head_json":{"title":"Garantie compl\u00e9mentaire - Fontaine \u00e0 eau pour chats","description":"Conditions concernant la garantie compl\u00e9mentaire que vous accorde Miaustore. Afin de garantir votre satisfaction, une garantie en plus est mise en place.","robots":{"index":"index","follow":"follow","max-snippet":"max-snippet:-1","max-image-preview":"max-image-preview:large","max-video-preview":"max-video-preview:-1"},"canonical":"https:\/\/miaustore.com\/fr\/garantie.html","og_locale":"fr_FR","og_type":"article","og_title":"Garantie","og_description":"Conditions concernant la garantie compl\u00e9mentaire que vous accorde Miaustore. Afin de garantir votre satisfaction, une garantie en plus est mise en place.","og_url":"https:\/\/miaustore.com\/fr\/garantie.html","og_site_name":"Fontaine \u00e0 eau chat","article_publisher":"https:\/\/www.facebook.com\/miaustorecom\/","article_modified_time":"2020-05-18T14:35:15+00:00","twitter_card":"summary_large_image","twitter_site":"@MiaustoreFR","twitter_misc":{"Dur\u00e9e de lecture estim\u00e9e":"1 minute"},"schema":{"@context":"https:\/\/schema.org","@graph":[{"@type":"WebPage","@id":"https:\/\/miaustore.com\/fr\/garantie.html","url":"https:\/\/miaustore.com\/fr\/garantie.html","name":"Garantie compl\u00e9mentaire - Fontaine \u00e0 eau pour chats","isPartOf":{"@id":"https:\/\/miaustore.com\/fr\/#website"},"datePublished":"2018-03-14T12:16:17+00:00","dateModified":"2020-05-18T14:35:15+00:00","description":"Conditions concernant la garantie compl\u00e9mentaire que vous accorde Miaustore. Afin de garantir votre satisfaction, une garantie en plus est mise en place.","breadcrumb":{"@id":"https:\/\/miaustore.com\/fr\/garantie.html#breadcrumb"},"inLanguage":"fr-FR","potentialAction":[{"@type":"ReadAction","target":["https:\/\/miaustore.com\/fr\/garantie.html"]}]},{"@type":"BreadcrumbList","@id":"https:\/\/miaustore.com\/fr\/garantie.html#breadcrumb","itemListElement":[{"@type":"ListItem","position":1,"name":"Accueil","item":"https:\/\/miaustore.com\/fr\/"},{"@type":"ListItem","position":2,"name":"Garantie"}]},{"@type":"WebSite","@id":"https:\/\/miaustore.com\/fr\/#website","url":"https:\/\/miaustore.com\/fr\/","name":"Fontaine \u00e0 eau chat","description":"Fontaine \u00e0 eau pour chat en c\u00e9ramique","potentialAction":[{"@type":"SearchAction","target":{"@type":"EntryPoint","urlTemplate":"https:\/\/miaustore.com\/fr\/?s={search_term_string}"},"query-input":{"@type":"PropertyValueSpecification","valueRequired":true,"valueName":"search_term_string"}}],"inLanguage":"fr-FR"}]}},"_links":{"self":[{"href":"https:\/\/miaustore.com\/fr\/wp-json\/wp\/v2\/pages\/621","targetHints":{"allow":["GET"]}}],"collection":[{"href":"https:\/\/miaustore.com\/fr\/wp-json\/wp\/v2\/pages"}],"about":[{"href":"https:\/\/miaustore.com\/fr\/wp-json\/wp\/v2\/types\/page"}],"author":[{"embeddable":true,"href":"https:\/\/miaustore.com\/fr\/wp-json\/wp\/v2\/users\/1"}],"replies":[{"embeddable":true,"href":"https:\/\/miaustore.com\/fr\/wp-json\/wp\/v2\/comments?post=621"}],"version-history":[{"count":0,"href":"https:\/\/miaustore.com\/fr\/wp-json\/wp\/v2\/pages\/621\/revisions"}],"wp:attachment":[{"href":"https:\/\/miaustore.com\/fr\/wp-json\/wp\/v2\/media?parent=621"}],"wp:term":[{"taxonomy":"category","embeddable":true,"href":"https:\/\/miaustore.com\/fr\/wp-json\/wp\/v2\/categories?post=621"},{"taxonomy":"post_tag","embeddable":true,"href":"https:\/\/miaustore.com\/fr\/wp-json\/wp\/v2\/tags?post=621"}],"curies":[{"name":"wp","href":"https:\/\/api.w.org\/{rel}","templated":true}]}}