{"id":679721,"date":"2024-02-21T16:28:31","date_gmt":"2024-02-21T16:28:31","guid":{"rendered":"https:\/\/miaustore.com\/fr\/?page_id=679721"},"modified":"2024-04-16T19:36:10","modified_gmt":"2024-04-16T19:36:10","slug":"initiative-de-bien-etre-animal","status":"publish","type":"page","link":"https:\/\/miaustore.com\/fr\/initiative-de-bien-etre-animal.html","title":{"rendered":"Initiative de bien-\u00eatre animal"},"content":{"rendered":"\t\t<div data-elementor-type=\"wp-page\" data-elementor-id=\"679721\" class=\"elementor elementor-679721\" data-elementor-post-type=\"page\">\n\t\t\t\t\t\t<section class=\"elementor-section elementor-top-section elementor-element elementor-element-d6902f0 elementor-section-boxed elementor-section-height-default elementor-section-height-default\" data-id=\"d6902f0\" data-element_type=\"section\">\n\t\t\t\t\t\t<div class=\"elementor-container elementor-column-gap-default\">\n\t\t\t\t\t<div class=\"elementor-column elementor-col-33 elementor-top-column elementor-element elementor-element-9038ec7\" data-id=\"9038ec7\" data-element_type=\"column\">\n\t\t\t<div class=\"elementor-widget-wrap elementor-element-populated\">\n\t\t\t\t\t\t<div class=\"elementor-element elementor-element-91a0e80 elementor-widget elementor-widget-image\" data-id=\"91a0e80\" data-element_type=\"widget\" data-widget_type=\"image.default\">\n\t\t\t\t<div class=\"elementor-widget-container\">\n\t\t\t\t\t\t\t\t\t\t\t\t\t\t\t<img decoding=\"async\" src=\"https:\/\/miaustore.com\/wp-content\/uploads\/2016\/09\/catnames.jpg\" title=\"\" alt=\"\" loading=\"lazy\" \/>\t\t\t\t\t\t\t\t\t\t\t\t\t\t\t<\/div>\n\t\t\t\t<\/div>\n\t\t\t\t\t<\/div>\n\t\t<\/div>\n\t\t\t\t<div class=\"elementor-column elementor-col-66 elementor-top-column elementor-element elementor-element-4340a69\" data-id=\"4340a69\" data-element_type=\"column\">\n\t\t\t<div class=\"elementor-widget-wrap elementor-element-populated\">\n\t\t\t\t\t\t<div class=\"elementor-element elementor-element-8ae0c5a elementor-widget elementor-widget-heading\" data-id=\"8ae0c5a\" data-element_type=\"widget\" data-widget_type=\"heading.default\">\n\t\t\t\t<div class=\"elementor-widget-container\">\n\t\t\t\t\t<h2 class=\"elementor-heading-title elementor-size-default\">Programme de soutien aux refuges pour animaux<\/h2>\t\t\t\t<\/div>\n\t\t\t\t<\/div>\n\t\t\t\t\t<\/div>\n\t\t<\/div>\n\t\t\t\t\t<\/div>\n\t\t<\/section>\n\t\t\t\t<section class=\"elementor-section elementor-top-section elementor-element elementor-element-acd0103 elementor-section-boxed elementor-section-height-default elementor-section-height-default\" data-id=\"acd0103\" data-element_type=\"section\">\n\t\t\t\t\t\t<div class=\"elementor-container elementor-column-gap-default\">\n\t\t\t\t\t<div class=\"elementor-column elementor-col-100 elementor-top-column elementor-element elementor-element-552c287\" data-id=\"552c287\" data-element_type=\"column\">\n\t\t\t<div class=\"elementor-widget-wrap elementor-element-populated\">\n\t\t\t\t\t\t<div class=\"elementor-element elementor-element-93204f7 elementor-widget elementor-widget-text-editor\" data-id=\"93204f7\" data-element_type=\"widget\" data-widget_type=\"text-editor.default\">\n\t\t\t\t<div class=\"elementor-widget-container\">\n\t\t\t\t\t\t\t\t\t<p>Le programme de dons de Miaustore a \u00e9t\u00e9 d\u00e9velopp\u00e9 en collaboration \u00e9troite avec nos clients et est destin\u00e9 aux associations de protection des animaux enregistr\u00e9es.<\/p><p>Afin de garantir qu&#8217;il s&#8217;agit d&#8217;une association enregistr\u00e9e, nous avons besoin :<\/p><ul><li>\u00a0des documents d&#8217;enregistrement de l&#8217;association ou d&#8217;un avis de l&#8217;administration fiscale confirmant son statut d&#8217;organisme \u00e0 but non lucratif<\/li><li>\u00a0des coordonn\u00e9es officielles de la personne responsable ainsi que son adresse e-mail<\/li><li>d&#8217;une adresse postale officielle que nous pouvons communiquer \u00e0 nos clients<\/li><\/ul><p>Veuillez noter que nous ne pouvons ajouter les demandes de dons \u00e0 notre liste que si les documents demand\u00e9s nous parviennent int\u00e9gralement. Vous pouvez \u00e9galement vous renseigner sur notre programme \u00e0 l&#8217;avance en utilisant le m\u00eame formulaire. Nous sommes \u00e0 votre disposition pour r\u00e9pondre \u00e0 toute question que vous pourriez avoir.<\/p>\t\t\t\t\t\t\t\t<\/div>\n\t\t\t\t<\/div>\n\t\t\t\t\t<\/div>\n\t\t<\/div>\n\t\t\t\t\t<\/div>\n\t\t<\/section>\n\t\t\t\t<section class=\"elementor-section elementor-top-section elementor-element elementor-element-a4f6669 elementor-section-boxed elementor-section-height-default elementor-section-height-default\" data-id=\"a4f6669\" data-element_type=\"section\" data-settings=\"{&quot;background_background&quot;:&quot;gradient&quot;}\">\n\t\t\t\t\t\t<div class=\"elementor-container elementor-column-gap-default\">\n\t\t\t\t\t<div class=\"elementor-column elementor-col-33 elementor-top-column elementor-element elementor-element-edb6afb\" data-id=\"edb6afb\" data-element_type=\"column\">\n\t\t\t<div class=\"elementor-widget-wrap\">\n\t\t\t\t\t\t\t<\/div>\n\t\t<\/div>\n\t\t\t\t<div class=\"elementor-column elementor-col-33 elementor-top-column elementor-element elementor-element-ba38cf7\" data-id=\"ba38cf7\" data-element_type=\"column\">\n\t\t\t<div class=\"elementor-widget-wrap elementor-element-populated\">\n\t\t\t\t\t\t<div class=\"elementor-element elementor-element-c2efdb3 elementor-button-align-stretch elementor-widget elementor-widget-form\" data-id=\"c2efdb3\" data-element_type=\"widget\" data-settings=\"{&quot;step_next_label&quot;:&quot;Next&quot;,&quot;step_previous_label&quot;:&quot;Previous&quot;,&quot;button_width&quot;:&quot;100&quot;,&quot;step_type&quot;:&quot;number_text&quot;,&quot;step_icon_shape&quot;:&quot;circle&quot;}\" data-widget_type=\"form.default\">\n\t\t\t\t<div class=\"elementor-widget-container\">\n\t\t\t\t\t\t\t<form class=\"elementor-form\" method=\"post\" name=\"Spendenprogrammanfrage\" aria-label=\"Spendenprogrammanfrage\">\n\t\t\t<input type=\"hidden\" name=\"post_id\" value=\"679721\"\/>\n\t\t\t<input type=\"hidden\" name=\"form_id\" value=\"c2efdb3\"\/>\n\t\t\t<input type=\"hidden\" name=\"referer_title\" value=\"Initiative de bien-\u00eatre animal - Fontaine \u00e0 eau chat\" \/>\n\n\t\t\t\t\t\t\t<input type=\"hidden\" name=\"queried_id\" value=\"679721\"\/>\n\t\t\t\n\t\t\t<div class=\"elementor-form-fields-wrapper elementor-labels-\">\n\t\t\t\t\t\t\t\t<div class=\"elementor-field-type-text elementor-field-group elementor-column elementor-field-group-name elementor-col-100 elementor-field-required\">\n\t\t\t\t\t\t\t\t\t\t\t\t<label for=\"form-field-name\" class=\"elementor-field-label elementor-screen-only\">\n\t\t\t\t\t\t\t\tOrganisation de protection des animaux\t\t\t\t\t\t\t<\/label>\n\t\t\t\t\t\t\t\t\t\t\t\t\t\t<input size=\"1\" type=\"text\" name=\"form_fields[name]\" id=\"form-field-name\" class=\"elementor-field elementor-size-sm  elementor-field-textual\" placeholder=\"Le nom enregistr\u00e9 de l&#039;organisation de protection des animaux\" required=\"required\">\n\t\t\t\t\t\t\t\t\t\t\t<\/div>\n\t\t\t\t\t\t\t\t<div class=\"elementor-field-type-email elementor-field-group elementor-column elementor-field-group-email elementor-col-100 elementor-field-required\">\n\t\t\t\t\t\t\t\t\t\t\t\t<label for=\"form-field-email\" class=\"elementor-field-label elementor-screen-only\">\n\t\t\t\t\t\t\t\tE-Mail\t\t\t\t\t\t\t<\/label>\n\t\t\t\t\t\t\t\t\t\t\t\t\t\t<input size=\"1\" type=\"email\" name=\"form_fields[email]\" id=\"form-field-email\" class=\"elementor-field elementor-size-sm  elementor-field-textual\" placeholder=\"Adresse e-mail de contact officielle de la personne responsable\" required=\"required\">\n\t\t\t\t\t\t\t\t\t\t\t<\/div>\n\t\t\t\t\t\t\t\t<div class=\"elementor-field-type-text elementor-field-group elementor-column elementor-field-group-field_f960914 elementor-col-100 elementor-field-required\">\n\t\t\t\t\t\t\t\t\t\t\t\t<label for=\"form-field-field_f960914\" class=\"elementor-field-label elementor-screen-only\">\n\t\t\t\t\t\t\t\tLa personne de contact\t\t\t\t\t\t\t<\/label>\n\t\t\t\t\t\t\t\t\t\t\t\t\t\t<input size=\"1\" type=\"text\" name=\"form_fields[field_f960914]\" id=\"form-field-field_f960914\" class=\"elementor-field elementor-size-sm  elementor-field-textual\" placeholder=\"Nom complet de la personne de contact\" required=\"required\">\n\t\t\t\t\t\t\t\t\t\t\t<\/div>\n\t\t\t\t\t\t\t\t<div class=\"elementor-field-type-textarea elementor-field-group elementor-column elementor-field-group-message elementor-col-100\">\n\t\t\t\t\t\t\t\t\t\t\t\t<label for=\"form-field-message\" class=\"elementor-field-label elementor-screen-only\">\n\t\t\t\t\t\t\t\tMessage\t\t\t\t\t\t\t<\/label>\n\t\t\t\t\t\t<textarea class=\"elementor-field-textual elementor-field  elementor-size-sm\" name=\"form_fields[message]\" id=\"form-field-message\" rows=\"4\" placeholder=\"Questions \u00e9ventuelles ou ce que nous voulions absolument savoir\"><\/textarea>\t\t\t\t<\/div>\n\t\t\t\t\t\t\t\t<div class=\"elementor-field-type-upload elementor-field-group elementor-column elementor-field-group-field_bc3ad02 elementor-col-100\">\n\t\t\t\t\t\t\t\t\t\t\t\t<label for=\"form-field-field_bc3ad02\" class=\"elementor-field-label elementor-screen-only\">\n\t\t\t\t\t\t\t\tS\u00e9lectionner des fichiers\t\t\t\t\t\t\t<\/label>\n\t\t\t\t\t\t\t\t<input type=\"file\" name=\"form_fields[field_bc3ad02][]\" id=\"form-field-field_bc3ad02\" class=\"elementor-field elementor-size-sm  elementor-upload-field\" multiple=\"multiple\">\n\n\t\t\t\t\t\t<\/div>\n\t\t\t\t\t\t\t\t<div class=\"elementor-field-type-text\">\n\t\t\t\t\t<input size=\"1\" type=\"text\" name=\"form_fields[field_247116d]\" id=\"form-field-field_247116d\" class=\"elementor-field elementor-size-sm \" style=\"display:none !important;\">\t\t\t\t<\/div>\n\t\t\t\t\t\t\t\t<div class=\"elementor-field-group elementor-column elementor-field-type-submit elementor-col-100 e-form__buttons\">\n\t\t\t\t\t<button class=\"elementor-button elementor-size-sm\" type=\"submit\">\n\t\t\t\t\t\t<span class=\"elementor-button-content-wrapper\">\n\t\t\t\t\t\t\t\t\t\t\t\t\t\t\t\t\t\t\t\t\t\t<span class=\"elementor-button-text\">Envoyer la demande<\/span>\n\t\t\t\t\t\t\t\t\t\t\t\t\t<\/span>\n\t\t\t\t\t<\/button>\n\t\t\t\t<\/div>\n\t\t\t<\/div>\n\t\t<\/form>\n\t\t\t\t\t\t<\/div>\n\t\t\t\t<\/div>\n\t\t\t\t\t<\/div>\n\t\t<\/div>\n\t\t\t\t<div class=\"elementor-column elementor-col-33 elementor-top-column elementor-element elementor-element-95235d1\" data-id=\"95235d1\" data-element_type=\"column\">\n\t\t\t<div class=\"elementor-widget-wrap\">\n\t\t\t\t\t\t\t<\/div>\n\t\t<\/div>\n\t\t\t\t\t<\/div>\n\t\t<\/section>\n\t\t\t\t<section class=\"elementor-section elementor-top-section elementor-element elementor-element-d864f3b elementor-section-boxed elementor-section-height-default elementor-section-height-default\" data-id=\"d864f3b\" data-element_type=\"section\">\n\t\t\t\t\t\t<div class=\"elementor-container elementor-column-gap-default\">\n\t\t\t\t\t<div class=\"elementor-column elementor-col-100 elementor-top-column elementor-element elementor-element-082b19b\" data-id=\"082b19b\" data-element_type=\"column\">\n\t\t\t<div class=\"elementor-widget-wrap elementor-element-populated\">\n\t\t\t\t\t\t<div class=\"elementor-element elementor-element-f3a38b4 elementor-widget elementor-widget-text-editor\" data-id=\"f3a38b4\" data-element_type=\"widget\" data-widget_type=\"text-editor.default\">\n\t\t\t\t<div class=\"elementor-widget-container\">\n\t\t\t\t\t\t\t\t\t<p>Organisations avec lesquelles nous collaborons d\u00e9j\u00e0 dans le cadre du programme de dons<\/p>\t\t\t\t\t\t\t\t<\/div>\n\t\t\t\t<\/div>\n\t\t\t\t\t<\/div>\n\t\t<\/div>\n\t\t\t\t\t<\/div>\n\t\t<\/section>\n\t\t\t\t<section class=\"elementor-section elementor-top-section elementor-element elementor-element-27c8d5a elementor-section-boxed elementor-section-height-default elementor-section-height-default\" data-id=\"27c8d5a\" data-element_type=\"section\">\n\t\t\t\t\t\t<div class=\"elementor-container elementor-column-gap-default\">\n\t\t\t\t\t<div class=\"elementor-column elementor-col-50 elementor-top-column elementor-element elementor-element-c9cfd84\" data-id=\"c9cfd84\" data-element_type=\"column\">\n\t\t\t<div class=\"elementor-widget-wrap elementor-element-populated\">\n\t\t\t\t\t\t<div class=\"elementor-element elementor-element-822e35c elementor-widget elementor-widget-image\" data-id=\"822e35c\" data-element_type=\"widget\" data-widget_type=\"image.default\">\n\t\t\t\t<div class=\"elementor-widget-container\">\n\t\t\t\t\t\t\t\t\t\t\t\t\t\t\t\t<a href=\"https:\/\/lesamisdesanimaux.com\/\" target=\"_blank\" rel=\"nofollow\">\n\t\t\t\t\t\t\t<img decoding=\"async\" src=\"https:\/\/lesamisdesanimaux.com\/wp-content\/uploads\/2018\/10\/les-amis-logo.png\" title=\"\" alt=\"\" loading=\"lazy\" \/>\t\t\t\t\t\t\t\t<\/a>\n\t\t\t\t\t\t\t\t\t\t\t\t\t\t\t<\/div>\n\t\t\t\t<\/div>\n\t\t\t\t\t<\/div>\n\t\t<\/div>\n\t\t\t\t<div class=\"elementor-column elementor-col-50 elementor-top-column elementor-element elementor-element-9897a21\" data-id=\"9897a21\" data-element_type=\"column\">\n\t\t\t<div class=\"elementor-widget-wrap\">\n\t\t\t\t\t\t\t<\/div>\n\t\t<\/div>\n\t\t\t\t\t<\/div>\n\t\t<\/section>\n\t\t\t\t<\/div>\n\t\t","protected":false},"excerpt":{"rendered":"<p>Programme de soutien aux refuges pour animaux Le programme de dons de Miaustore a \u00e9t\u00e9 d\u00e9velopp\u00e9 en collaboration \u00e9troite avec nos clients et est destin\u00e9 aux associations de protection des animaux enregistr\u00e9es.Afin de garantir qu&#8217;il s&#8217;agit d&#8217;une association enregistr\u00e9e, nous avons besoin :\u00a0des documents d&#8217;enregistrement de l&#8217;association ou d&#8217;un avis de l&#8217;administration fiscale confirmant son statut d&#8217;organisme \u00e0 but non &#8230; <\/p>\n<div><a href=\"https:\/\/miaustore.com\/fr\/initiative-de-bien-etre-animal.html\" class=\"more-link\">Read More<\/a><\/div>\n","protected":false},"author":1,"featured_media":0,"parent":0,"menu_order":0,"comment_status":"closed","ping_status":"closed","template":"","meta":{"_glsr_average":0,"_glsr_ranking":0,"_glsr_reviews":0,"footnotes":""},"categories":[],"tags":[],"class_list":["post-679721","page","type-page","status-publish","hentry","no-post-thumbnail"],"yoast_head":"<!-- This site is optimized with the Yoast SEO Premium plugin v26.7 (Yoast SEO v26.7) - https:\/\/yoast.com\/wordpress\/plugins\/seo\/ -->\n<title>Initiative de bien-\u00eatre animal - Fontaine \u00e0 eau chat<\/title>\n<meta name=\"robots\" content=\"index, follow, max-snippet:-1, max-image-preview:large, max-video-preview:-1\" \/>\n<link rel=\"canonical\" href=\"https:\/\/miaustore.com\/fr\/initiative-de-bien-etre-animal.html\" \/>\n<meta property=\"og:locale\" content=\"fr_FR\" \/>\n<meta property=\"og:type\" content=\"article\" \/>\n<meta property=\"og:title\" content=\"Initiative de bien-\u00eatre animal\" \/>\n<meta property=\"og:description\" content=\"Programme de soutien aux refuges pour animaux Le programme de dons de Miaustore a \u00e9t\u00e9 d\u00e9velopp\u00e9 en collaboration \u00e9troite avec nos clients et est destin\u00e9 aux associations de protection des animaux enregistr\u00e9es.Afin de garantir qu&#8217;il s&#8217;agit d&#8217;une association enregistr\u00e9e, nous avons besoin :\u00a0des documents d&#8217;enregistrement de l&#8217;association ou d&#8217;un avis de l&#8217;administration fiscale confirmant son statut d&#8217;organisme \u00e0 but non ... Read More\" \/>\n<meta property=\"og:url\" content=\"https:\/\/miaustore.com\/fr\/initiative-de-bien-etre-animal.html\" \/>\n<meta property=\"og:site_name\" content=\"Fontaine \u00e0 eau chat\" \/>\n<meta property=\"article:publisher\" content=\"https:\/\/www.facebook.com\/miaustorecom\/\" \/>\n<meta property=\"article:modified_time\" content=\"2024-04-16T19:36:10+00:00\" \/>\n<meta property=\"og:image\" content=\"https:\/\/miaustore.com\/wp-content\/uploads\/2016\/09\/catnames.jpg\" \/>\n<meta name=\"twitter:card\" content=\"summary_large_image\" \/>\n<meta name=\"twitter:site\" content=\"@MiaustoreFR\" \/>\n<meta name=\"twitter:label1\" content=\"Dur\u00e9e de lecture estim\u00e9e\" \/>\n\t<meta name=\"twitter:data1\" content=\"2 minutes\" \/>\n<script type=\"application\/ld+json\" class=\"yoast-schema-graph\">{\"@context\":\"https:\/\/schema.org\",\"@graph\":[{\"@type\":\"WebPage\",\"@id\":\"https:\/\/miaustore.com\/fr\/initiative-de-bien-etre-animal.html\",\"url\":\"https:\/\/miaustore.com\/fr\/initiative-de-bien-etre-animal.html\",\"name\":\"Initiative de bien-\u00eatre animal - Fontaine \u00e0 eau chat\",\"isPartOf\":{\"@id\":\"https:\/\/miaustore.com\/fr\/#website\"},\"primaryImageOfPage\":{\"@id\":\"https:\/\/miaustore.com\/fr\/initiative-de-bien-etre-animal.html#primaryimage\"},\"image\":{\"@id\":\"https:\/\/miaustore.com\/fr\/initiative-de-bien-etre-animal.html#primaryimage\"},\"thumbnailUrl\":\"https:\/\/miaustore.com\/wp-content\/uploads\/2016\/09\/catnames.jpg\",\"datePublished\":\"2024-02-21T16:28:31+00:00\",\"dateModified\":\"2024-04-16T19:36:10+00:00\",\"breadcrumb\":{\"@id\":\"https:\/\/miaustore.com\/fr\/initiative-de-bien-etre-animal.html#breadcrumb\"},\"inLanguage\":\"fr-FR\",\"potentialAction\":[{\"@type\":\"ReadAction\",\"target\":[\"https:\/\/miaustore.com\/fr\/initiative-de-bien-etre-animal.html\"]}]},{\"@type\":\"ImageObject\",\"inLanguage\":\"fr-FR\",\"@id\":\"https:\/\/miaustore.com\/fr\/initiative-de-bien-etre-animal.html#primaryimage\",\"url\":\"https:\/\/miaustore.com\/wp-content\/uploads\/2016\/09\/catnames.jpg\",\"contentUrl\":\"https:\/\/miaustore.com\/wp-content\/uploads\/2016\/09\/catnames.jpg\"},{\"@type\":\"BreadcrumbList\",\"@id\":\"https:\/\/miaustore.com\/fr\/initiative-de-bien-etre-animal.html#breadcrumb\",\"itemListElement\":[{\"@type\":\"ListItem\",\"position\":1,\"name\":\"Accueil\",\"item\":\"https:\/\/miaustore.com\/fr\/\"},{\"@type\":\"ListItem\",\"position\":2,\"name\":\"Initiative de bien-\u00eatre animal\"}]},{\"@type\":\"WebSite\",\"@id\":\"https:\/\/miaustore.com\/fr\/#website\",\"url\":\"https:\/\/miaustore.com\/fr\/\",\"name\":\"Fontaine \u00e0 eau chat\",\"description\":\"Fontaine \u00e0 eau pour chat en c\u00e9ramique\",\"potentialAction\":[{\"@type\":\"SearchAction\",\"target\":{\"@type\":\"EntryPoint\",\"urlTemplate\":\"https:\/\/miaustore.com\/fr\/?s={search_term_string}\"},\"query-input\":{\"@type\":\"PropertyValueSpecification\",\"valueRequired\":true,\"valueName\":\"search_term_string\"}}],\"inLanguage\":\"fr-FR\"}]}<\/script>\n<!-- \/ Yoast SEO Premium plugin. -->","yoast_head_json":{"title":"Initiative de bien-\u00eatre animal - Fontaine \u00e0 eau chat","robots":{"index":"index","follow":"follow","max-snippet":"max-snippet:-1","max-image-preview":"max-image-preview:large","max-video-preview":"max-video-preview:-1"},"canonical":"https:\/\/miaustore.com\/fr\/initiative-de-bien-etre-animal.html","og_locale":"fr_FR","og_type":"article","og_title":"Initiative de bien-\u00eatre animal","og_description":"Programme de soutien aux refuges pour animaux Le programme de dons de Miaustore a \u00e9t\u00e9 d\u00e9velopp\u00e9 en collaboration \u00e9troite avec nos clients et est destin\u00e9 aux associations de protection des animaux enregistr\u00e9es.Afin de garantir qu&#8217;il s&#8217;agit d&#8217;une association enregistr\u00e9e, nous avons besoin :\u00a0des documents d&#8217;enregistrement de l&#8217;association ou d&#8217;un avis de l&#8217;administration fiscale confirmant son statut d&#8217;organisme \u00e0 but non ... Read More","og_url":"https:\/\/miaustore.com\/fr\/initiative-de-bien-etre-animal.html","og_site_name":"Fontaine \u00e0 eau chat","article_publisher":"https:\/\/www.facebook.com\/miaustorecom\/","article_modified_time":"2024-04-16T19:36:10+00:00","og_image":[{"url":"https:\/\/miaustore.com\/wp-content\/uploads\/2016\/09\/catnames.jpg","type":"","width":"","height":""}],"twitter_card":"summary_large_image","twitter_site":"@MiaustoreFR","twitter_misc":{"Dur\u00e9e de lecture estim\u00e9e":"2 minutes"},"schema":{"@context":"https:\/\/schema.org","@graph":[{"@type":"WebPage","@id":"https:\/\/miaustore.com\/fr\/initiative-de-bien-etre-animal.html","url":"https:\/\/miaustore.com\/fr\/initiative-de-bien-etre-animal.html","name":"Initiative de bien-\u00eatre animal - Fontaine \u00e0 eau chat","isPartOf":{"@id":"https:\/\/miaustore.com\/fr\/#website"},"primaryImageOfPage":{"@id":"https:\/\/miaustore.com\/fr\/initiative-de-bien-etre-animal.html#primaryimage"},"image":{"@id":"https:\/\/miaustore.com\/fr\/initiative-de-bien-etre-animal.html#primaryimage"},"thumbnailUrl":"https:\/\/miaustore.com\/wp-content\/uploads\/2016\/09\/catnames.jpg","datePublished":"2024-02-21T16:28:31+00:00","dateModified":"2024-04-16T19:36:10+00:00","breadcrumb":{"@id":"https:\/\/miaustore.com\/fr\/initiative-de-bien-etre-animal.html#breadcrumb"},"inLanguage":"fr-FR","potentialAction":[{"@type":"ReadAction","target":["https:\/\/miaustore.com\/fr\/initiative-de-bien-etre-animal.html"]}]},{"@type":"ImageObject","inLanguage":"fr-FR","@id":"https:\/\/miaustore.com\/fr\/initiative-de-bien-etre-animal.html#primaryimage","url":"https:\/\/miaustore.com\/wp-content\/uploads\/2016\/09\/catnames.jpg","contentUrl":"https:\/\/miaustore.com\/wp-content\/uploads\/2016\/09\/catnames.jpg"},{"@type":"BreadcrumbList","@id":"https:\/\/miaustore.com\/fr\/initiative-de-bien-etre-animal.html#breadcrumb","itemListElement":[{"@type":"ListItem","position":1,"name":"Accueil","item":"https:\/\/miaustore.com\/fr\/"},{"@type":"ListItem","position":2,"name":"Initiative de bien-\u00eatre animal"}]},{"@type":"WebSite","@id":"https:\/\/miaustore.com\/fr\/#website","url":"https:\/\/miaustore.com\/fr\/","name":"Fontaine \u00e0 eau chat","description":"Fontaine \u00e0 eau pour chat en c\u00e9ramique","potentialAction":[{"@type":"SearchAction","target":{"@type":"EntryPoint","urlTemplate":"https:\/\/miaustore.com\/fr\/?s={search_term_string}"},"query-input":{"@type":"PropertyValueSpecification","valueRequired":true,"valueName":"search_term_string"}}],"inLanguage":"fr-FR"}]}},"_links":{"self":[{"href":"https:\/\/miaustore.com\/fr\/wp-json\/wp\/v2\/pages\/679721","targetHints":{"allow":["GET"]}}],"collection":[{"href":"https:\/\/miaustore.com\/fr\/wp-json\/wp\/v2\/pages"}],"about":[{"href":"https:\/\/miaustore.com\/fr\/wp-json\/wp\/v2\/types\/page"}],"author":[{"embeddable":true,"href":"https:\/\/miaustore.com\/fr\/wp-json\/wp\/v2\/users\/1"}],"replies":[{"embeddable":true,"href":"https:\/\/miaustore.com\/fr\/wp-json\/wp\/v2\/comments?post=679721"}],"version-history":[{"count":0,"href":"https:\/\/miaustore.com\/fr\/wp-json\/wp\/v2\/pages\/679721\/revisions"}],"wp:attachment":[{"href":"https:\/\/miaustore.com\/fr\/wp-json\/wp\/v2\/media?parent=679721"}],"wp:term":[{"taxonomy":"category","embeddable":true,"href":"https:\/\/miaustore.com\/fr\/wp-json\/wp\/v2\/categories?post=679721"},{"taxonomy":"post_tag","embeddable":true,"href":"https:\/\/miaustore.com\/fr\/wp-json\/wp\/v2\/tags?post=679721"}],"curies":[{"name":"wp","href":"https:\/\/api.w.org\/{rel}","templated":true}]}}