{"id":182,"date":"2019-10-31T17:56:08","date_gmt":"2019-10-31T16:56:08","guid":{"rendered":"https:\/\/miaustore.com\/hu\/?page_id=182"},"modified":"2020-02-07T14:06:29","modified_gmt":"2020-02-07T13:06:29","slug":"182-2","status":"publish","type":"page","link":"https:\/\/miaustore.com\/hu\/182-2.html","title":{"rendered":"R\u00f3lunk"},"content":{"rendered":"<div id=\"cs-content\" class=\"cs-content\"><\/div>","protected":false},"excerpt":{"rendered":"","protected":false},"author":1,"featured_media":0,"parent":0,"menu_order":0,"comment_status":"closed","ping_status":"closed","template":"","meta":{"_glsr_average":0,"_glsr_ranking":0,"_glsr_reviews":0,"footnotes":""},"class_list":["post-182","page","type-page","status-publish","hentry","no-post-thumbnail"],"yoast_head":"<!-- This site is optimized with the Yoast SEO Premium plugin v26.7 (Yoast SEO v26.7) - https:\/\/yoast.com\/wordpress\/plugins\/seo\/ -->\n<title>C\u00e9g\u00fcnk - Miaustore Hungary Ker\u00e1mia itat\u00f3k\u00fat macsk\u00e1knak<\/title>\n<meta name=\"description\" content=\"Innovat\u00edv macskafelszerel\u00e9sek k\u00e9sz\u00edt\u00e9s\u00e9vel foglalkozik kedvence eg\u00e9szs\u00e9g\u00e9nek \u00e9s \u00e9letsz\u00ednvonal\u00e1nak n\u00f6vel\u00e9se \u00e9rdek\u00e9ben. A macsk\u00e1k nagyon fontosak sz\u00e1munkra\" \/>\n<meta name=\"robots\" content=\"index, follow, max-snippet:-1, max-image-preview:large, max-video-preview:-1\" \/>\n<link rel=\"canonical\" href=\"https:\/\/miaustore.com\/hu\/182-2.html\" \/>\n<meta property=\"og:locale\" content=\"hu_HU\" \/>\n<meta property=\"og:type\" content=\"article\" \/>\n<meta property=\"og:title\" content=\"R\u00f3lunk\" \/>\n<meta property=\"og:description\" content=\"Innovat\u00edv macskafelszerel\u00e9sek k\u00e9sz\u00edt\u00e9s\u00e9vel foglalkozik kedvence eg\u00e9szs\u00e9g\u00e9nek \u00e9s \u00e9letsz\u00ednvonal\u00e1nak n\u00f6vel\u00e9se \u00e9rdek\u00e9ben. A macsk\u00e1k nagyon fontosak sz\u00e1munkra\" \/>\n<meta property=\"og:url\" content=\"https:\/\/miaustore.com\/hu\/182-2.html\" \/>\n<meta property=\"og:site_name\" content=\"Miaustore Hungary\" \/>\n<meta property=\"article:modified_time\" content=\"2020-02-07T13:06:29+00:00\" \/>\n<meta name=\"twitter:card\" content=\"summary_large_image\" \/>\n<meta name=\"twitter:label1\" content=\"Becs\u00fclt olvas\u00e1si id\u0151\" \/>\n\t<meta name=\"twitter:data1\" content=\"1 perc\" \/>\n<script type=\"application\/ld+json\" class=\"yoast-schema-graph\">{\"@context\":\"https:\/\/schema.org\",\"@graph\":[{\"@type\":\"WebPage\",\"@id\":\"https:\/\/miaustore.com\/hu\/182-2.html\",\"url\":\"https:\/\/miaustore.com\/hu\/182-2.html\",\"name\":\"C\u00e9g\u00fcnk - Miaustore Hungary Ker\u00e1mia itat\u00f3k\u00fat macsk\u00e1knak\",\"isPartOf\":{\"@id\":\"https:\/\/miaustore.com\/hu\/#website\"},\"datePublished\":\"2019-10-31T16:56:08+00:00\",\"dateModified\":\"2020-02-07T13:06:29+00:00\",\"description\":\"Innovat\u00edv macskafelszerel\u00e9sek k\u00e9sz\u00edt\u00e9s\u00e9vel foglalkozik kedvence eg\u00e9szs\u00e9g\u00e9nek \u00e9s \u00e9letsz\u00ednvonal\u00e1nak n\u00f6vel\u00e9se \u00e9rdek\u00e9ben. A macsk\u00e1k nagyon fontosak sz\u00e1munkra\",\"breadcrumb\":{\"@id\":\"https:\/\/miaustore.com\/hu\/182-2.html#breadcrumb\"},\"inLanguage\":\"hu\",\"potentialAction\":[{\"@type\":\"ReadAction\",\"target\":[\"https:\/\/miaustore.com\/hu\/182-2.html\"]}]},{\"@type\":\"BreadcrumbList\",\"@id\":\"https:\/\/miaustore.com\/hu\/182-2.html#breadcrumb\",\"itemListElement\":[{\"@type\":\"ListItem\",\"position\":1,\"name\":\"Startseite\",\"item\":\"https:\/\/miaustore.com\/hu\/\"},{\"@type\":\"ListItem\",\"position\":2,\"name\":\"R\u00f3lunk\"}]},{\"@type\":\"WebSite\",\"@id\":\"https:\/\/miaustore.com\/hu\/#website\",\"url\":\"https:\/\/miaustore.com\/hu\/\",\"name\":\"Miaustore Hungary\",\"description\":\"\",\"potentialAction\":[{\"@type\":\"SearchAction\",\"target\":{\"@type\":\"EntryPoint\",\"urlTemplate\":\"https:\/\/miaustore.com\/hu\/?s={search_term_string}\"},\"query-input\":{\"@type\":\"PropertyValueSpecification\",\"valueRequired\":true,\"valueName\":\"search_term_string\"}}],\"inLanguage\":\"hu\"}]}<\/script>\n<!-- \/ Yoast SEO Premium plugin. -->","yoast_head_json":{"title":"C\u00e9g\u00fcnk - Miaustore Hungary Ker\u00e1mia itat\u00f3k\u00fat macsk\u00e1knak","description":"Innovat\u00edv macskafelszerel\u00e9sek k\u00e9sz\u00edt\u00e9s\u00e9vel foglalkozik kedvence eg\u00e9szs\u00e9g\u00e9nek \u00e9s \u00e9letsz\u00ednvonal\u00e1nak n\u00f6vel\u00e9se \u00e9rdek\u00e9ben. A macsk\u00e1k nagyon fontosak sz\u00e1munkra","robots":{"index":"index","follow":"follow","max-snippet":"max-snippet:-1","max-image-preview":"max-image-preview:large","max-video-preview":"max-video-preview:-1"},"canonical":"https:\/\/miaustore.com\/hu\/182-2.html","og_locale":"hu_HU","og_type":"article","og_title":"R\u00f3lunk","og_description":"Innovat\u00edv macskafelszerel\u00e9sek k\u00e9sz\u00edt\u00e9s\u00e9vel foglalkozik kedvence eg\u00e9szs\u00e9g\u00e9nek \u00e9s \u00e9letsz\u00ednvonal\u00e1nak n\u00f6vel\u00e9se \u00e9rdek\u00e9ben. A macsk\u00e1k nagyon fontosak sz\u00e1munkra","og_url":"https:\/\/miaustore.com\/hu\/182-2.html","og_site_name":"Miaustore Hungary","article_modified_time":"2020-02-07T13:06:29+00:00","twitter_card":"summary_large_image","twitter_misc":{"Becs\u00fclt olvas\u00e1si id\u0151":"1 perc"},"schema":{"@context":"https:\/\/schema.org","@graph":[{"@type":"WebPage","@id":"https:\/\/miaustore.com\/hu\/182-2.html","url":"https:\/\/miaustore.com\/hu\/182-2.html","name":"C\u00e9g\u00fcnk - Miaustore Hungary Ker\u00e1mia itat\u00f3k\u00fat macsk\u00e1knak","isPartOf":{"@id":"https:\/\/miaustore.com\/hu\/#website"},"datePublished":"2019-10-31T16:56:08+00:00","dateModified":"2020-02-07T13:06:29+00:00","description":"Innovat\u00edv macskafelszerel\u00e9sek k\u00e9sz\u00edt\u00e9s\u00e9vel foglalkozik kedvence eg\u00e9szs\u00e9g\u00e9nek \u00e9s \u00e9letsz\u00ednvonal\u00e1nak n\u00f6vel\u00e9se \u00e9rdek\u00e9ben. A macsk\u00e1k nagyon fontosak sz\u00e1munkra","breadcrumb":{"@id":"https:\/\/miaustore.com\/hu\/182-2.html#breadcrumb"},"inLanguage":"hu","potentialAction":[{"@type":"ReadAction","target":["https:\/\/miaustore.com\/hu\/182-2.html"]}]},{"@type":"BreadcrumbList","@id":"https:\/\/miaustore.com\/hu\/182-2.html#breadcrumb","itemListElement":[{"@type":"ListItem","position":1,"name":"Startseite","item":"https:\/\/miaustore.com\/hu\/"},{"@type":"ListItem","position":2,"name":"R\u00f3lunk"}]},{"@type":"WebSite","@id":"https:\/\/miaustore.com\/hu\/#website","url":"https:\/\/miaustore.com\/hu\/","name":"Miaustore Hungary","description":"","potentialAction":[{"@type":"SearchAction","target":{"@type":"EntryPoint","urlTemplate":"https:\/\/miaustore.com\/hu\/?s={search_term_string}"},"query-input":{"@type":"PropertyValueSpecification","valueRequired":true,"valueName":"search_term_string"}}],"inLanguage":"hu"}]}},"_links":{"self":[{"href":"https:\/\/miaustore.com\/hu\/wp-json\/wp\/v2\/pages\/182","targetHints":{"allow":["GET"]}}],"collection":[{"href":"https:\/\/miaustore.com\/hu\/wp-json\/wp\/v2\/pages"}],"about":[{"href":"https:\/\/miaustore.com\/hu\/wp-json\/wp\/v2\/types\/page"}],"author":[{"embeddable":true,"href":"https:\/\/miaustore.com\/hu\/wp-json\/wp\/v2\/users\/1"}],"replies":[{"embeddable":true,"href":"https:\/\/miaustore.com\/hu\/wp-json\/wp\/v2\/comments?post=182"}],"version-history":[{"count":0,"href":"https:\/\/miaustore.com\/hu\/wp-json\/wp\/v2\/pages\/182\/revisions"}],"wp:attachment":[{"href":"https:\/\/miaustore.com\/hu\/wp-json\/wp\/v2\/media?parent=182"}],"curies":[{"name":"wp","href":"https:\/\/api.w.org\/{rel}","templated":true}]}}