{"id":188,"date":"2019-11-07T13:18:36","date_gmt":"2019-11-07T12:18:36","guid":{"rendered":"https:\/\/miaustore.com\/hu\/?page_id=188"},"modified":"2023-03-10T16:40:31","modified_gmt":"2023-03-10T15:40:31","slug":"kapcsolat","status":"publish","type":"page","link":"https:\/\/miaustore.com\/hu\/kapcsolat.html","title":{"rendered":"Kapcsolat"},"content":{"rendered":"<div id=\"cs-content\" class=\"cs-content\"><\/div>","protected":false},"excerpt":{"rendered":"","protected":false},"author":1,"featured_media":0,"parent":0,"menu_order":0,"comment_status":"closed","ping_status":"closed","template":"template-blank-1.php","meta":{"_glsr_average":0,"_glsr_ranking":0,"_glsr_reviews":0,"footnotes":""},"class_list":["post-188","page","type-page","status-publish","hentry","no-post-thumbnail"],"yoast_head":"<!-- This site is optimized with the Yoast SEO Premium plugin v26.7 (Yoast SEO v26.7) - https:\/\/yoast.com\/wordpress\/plugins\/seo\/ -->\n<title>Kapcsolat - Miaustore Hungary Ker\u00e1mia itat\u00f3k\u00fat macsk\u00e1knak<\/title>\n<meta name=\"description\" content=\"K\u00e9szs\u00e9ggel \u00e1llunk rendelkez\u00e9s\u00e9re! \u00dcgyf\u00e9lszolg\u00e1lat: support@miaustore.com Sajt\u00f3: presse@miaustore.com Telefonsz\u00e1m: +34 936 818 715\" \/>\n<meta name=\"robots\" content=\"index, follow, max-snippet:-1, max-image-preview:large, max-video-preview:-1\" \/>\n<link rel=\"canonical\" href=\"https:\/\/miaustore.com\/hu\/kapcsolat.html\" \/>\n<meta property=\"og:locale\" content=\"hu_HU\" \/>\n<meta property=\"og:type\" content=\"article\" \/>\n<meta property=\"og:title\" content=\"Kapcsolat\" \/>\n<meta property=\"og:description\" content=\"K\u00e9szs\u00e9ggel \u00e1llunk rendelkez\u00e9s\u00e9re! \u00dcgyf\u00e9lszolg\u00e1lat: support@miaustore.com Sajt\u00f3: presse@miaustore.com Telefonsz\u00e1m: +34 936 818 715\" \/>\n<meta property=\"og:url\" content=\"https:\/\/miaustore.com\/hu\/kapcsolat.html\" \/>\n<meta property=\"og:site_name\" content=\"Miaustore Hungary\" \/>\n<meta property=\"article:modified_time\" content=\"2023-03-10T15:40:31+00:00\" \/>\n<meta name=\"twitter:card\" content=\"summary_large_image\" \/>\n<meta name=\"twitter:label1\" content=\"Becs\u00fclt olvas\u00e1si id\u0151\" \/>\n\t<meta name=\"twitter:data1\" content=\"1 perc\" \/>\n<script type=\"application\/ld+json\" class=\"yoast-schema-graph\">{\"@context\":\"https:\/\/schema.org\",\"@graph\":[{\"@type\":\"WebPage\",\"@id\":\"https:\/\/miaustore.com\/hu\/kapcsolat.html\",\"url\":\"https:\/\/miaustore.com\/hu\/kapcsolat.html\",\"name\":\"Kapcsolat - Miaustore Hungary Ker\u00e1mia itat\u00f3k\u00fat macsk\u00e1knak\",\"isPartOf\":{\"@id\":\"https:\/\/miaustore.com\/hu\/#website\"},\"datePublished\":\"2019-11-07T12:18:36+00:00\",\"dateModified\":\"2023-03-10T15:40:31+00:00\",\"description\":\"K\u00e9szs\u00e9ggel \u00e1llunk rendelkez\u00e9s\u00e9re! \u00dcgyf\u00e9lszolg\u00e1lat: support@miaustore.com Sajt\u00f3: presse@miaustore.com Telefonsz\u00e1m: +34 936 818 715\",\"breadcrumb\":{\"@id\":\"https:\/\/miaustore.com\/hu\/kapcsolat.html#breadcrumb\"},\"inLanguage\":\"hu\",\"potentialAction\":[{\"@type\":\"ReadAction\",\"target\":[\"https:\/\/miaustore.com\/hu\/kapcsolat.html\"]}]},{\"@type\":\"BreadcrumbList\",\"@id\":\"https:\/\/miaustore.com\/hu\/kapcsolat.html#breadcrumb\",\"itemListElement\":[{\"@type\":\"ListItem\",\"position\":1,\"name\":\"Startseite\",\"item\":\"https:\/\/miaustore.com\/hu\/\"},{\"@type\":\"ListItem\",\"position\":2,\"name\":\"Kapcsolat\"}]},{\"@type\":\"WebSite\",\"@id\":\"https:\/\/miaustore.com\/hu\/#website\",\"url\":\"https:\/\/miaustore.com\/hu\/\",\"name\":\"Miaustore Hungary\",\"description\":\"\",\"potentialAction\":[{\"@type\":\"SearchAction\",\"target\":{\"@type\":\"EntryPoint\",\"urlTemplate\":\"https:\/\/miaustore.com\/hu\/?s={search_term_string}\"},\"query-input\":{\"@type\":\"PropertyValueSpecification\",\"valueRequired\":true,\"valueName\":\"search_term_string\"}}],\"inLanguage\":\"hu\"}]}<\/script>\n<!-- \/ Yoast SEO Premium plugin. -->","yoast_head_json":{"title":"Kapcsolat - Miaustore Hungary Ker\u00e1mia itat\u00f3k\u00fat macsk\u00e1knak","description":"K\u00e9szs\u00e9ggel \u00e1llunk rendelkez\u00e9s\u00e9re! \u00dcgyf\u00e9lszolg\u00e1lat: support@miaustore.com Sajt\u00f3: presse@miaustore.com Telefonsz\u00e1m: +34 936 818 715","robots":{"index":"index","follow":"follow","max-snippet":"max-snippet:-1","max-image-preview":"max-image-preview:large","max-video-preview":"max-video-preview:-1"},"canonical":"https:\/\/miaustore.com\/hu\/kapcsolat.html","og_locale":"hu_HU","og_type":"article","og_title":"Kapcsolat","og_description":"K\u00e9szs\u00e9ggel \u00e1llunk rendelkez\u00e9s\u00e9re! \u00dcgyf\u00e9lszolg\u00e1lat: support@miaustore.com Sajt\u00f3: presse@miaustore.com Telefonsz\u00e1m: +34 936 818 715","og_url":"https:\/\/miaustore.com\/hu\/kapcsolat.html","og_site_name":"Miaustore Hungary","article_modified_time":"2023-03-10T15:40:31+00:00","twitter_card":"summary_large_image","twitter_misc":{"Becs\u00fclt olvas\u00e1si id\u0151":"1 perc"},"schema":{"@context":"https:\/\/schema.org","@graph":[{"@type":"WebPage","@id":"https:\/\/miaustore.com\/hu\/kapcsolat.html","url":"https:\/\/miaustore.com\/hu\/kapcsolat.html","name":"Kapcsolat - Miaustore Hungary Ker\u00e1mia itat\u00f3k\u00fat macsk\u00e1knak","isPartOf":{"@id":"https:\/\/miaustore.com\/hu\/#website"},"datePublished":"2019-11-07T12:18:36+00:00","dateModified":"2023-03-10T15:40:31+00:00","description":"K\u00e9szs\u00e9ggel \u00e1llunk rendelkez\u00e9s\u00e9re! \u00dcgyf\u00e9lszolg\u00e1lat: support@miaustore.com Sajt\u00f3: presse@miaustore.com Telefonsz\u00e1m: +34 936 818 715","breadcrumb":{"@id":"https:\/\/miaustore.com\/hu\/kapcsolat.html#breadcrumb"},"inLanguage":"hu","potentialAction":[{"@type":"ReadAction","target":["https:\/\/miaustore.com\/hu\/kapcsolat.html"]}]},{"@type":"BreadcrumbList","@id":"https:\/\/miaustore.com\/hu\/kapcsolat.html#breadcrumb","itemListElement":[{"@type":"ListItem","position":1,"name":"Startseite","item":"https:\/\/miaustore.com\/hu\/"},{"@type":"ListItem","position":2,"name":"Kapcsolat"}]},{"@type":"WebSite","@id":"https:\/\/miaustore.com\/hu\/#website","url":"https:\/\/miaustore.com\/hu\/","name":"Miaustore Hungary","description":"","potentialAction":[{"@type":"SearchAction","target":{"@type":"EntryPoint","urlTemplate":"https:\/\/miaustore.com\/hu\/?s={search_term_string}"},"query-input":{"@type":"PropertyValueSpecification","valueRequired":true,"valueName":"search_term_string"}}],"inLanguage":"hu"}]}},"_links":{"self":[{"href":"https:\/\/miaustore.com\/hu\/wp-json\/wp\/v2\/pages\/188","targetHints":{"allow":["GET"]}}],"collection":[{"href":"https:\/\/miaustore.com\/hu\/wp-json\/wp\/v2\/pages"}],"about":[{"href":"https:\/\/miaustore.com\/hu\/wp-json\/wp\/v2\/types\/page"}],"author":[{"embeddable":true,"href":"https:\/\/miaustore.com\/hu\/wp-json\/wp\/v2\/users\/1"}],"replies":[{"embeddable":true,"href":"https:\/\/miaustore.com\/hu\/wp-json\/wp\/v2\/comments?post=188"}],"version-history":[{"count":0,"href":"https:\/\/miaustore.com\/hu\/wp-json\/wp\/v2\/pages\/188\/revisions"}],"wp:attachment":[{"href":"https:\/\/miaustore.com\/hu\/wp-json\/wp\/v2\/media?parent=188"}],"curies":[{"name":"wp","href":"https:\/\/api.w.org\/{rel}","templated":true}]}}