{"id":196,"date":"2019-11-07T13:37:22","date_gmt":"2019-11-07T12:37:22","guid":{"rendered":"https:\/\/miaustore.com\/hu\/?page_id=196"},"modified":"2020-07-10T13:59:10","modified_gmt":"2020-07-10T11:59:10","slug":"garancia","status":"publish","type":"page","link":"https:\/\/miaustore.com\/hu\/garancia.html","title":{"rendered":"Garancia"},"content":{"rendered":"<div id=\"cs-content\" class=\"cs-content\"><\/div>","protected":false},"excerpt":{"rendered":"","protected":false},"author":1,"featured_media":0,"parent":0,"menu_order":0,"comment_status":"closed","ping_status":"closed","template":"","meta":{"_glsr_average":0,"_glsr_ranking":0,"_glsr_reviews":0,"footnotes":""},"class_list":["post-196","page","type-page","status-publish","hentry","no-post-thumbnail"],"yoast_head":"<!-- This site is optimized with the Yoast SEO Premium plugin v26.7 (Yoast SEO v26.7) - https:\/\/yoast.com\/wordpress\/plugins\/seo\/ -->\n<title>J\u00f3t\u00e1ll\u00e1si szolg\u00e1ltat\u00e1sunk felt\u00e9telei - Miaustore Hungary<\/title>\n<meta name=\"description\" content=\"K\u00fcldj\u00f6n egy e-mailt a support@miaustore.com c\u00edmre, hogy ig\u00e9nyelni szeretn\u00e9 a visszat\u00e9r\u00edt\u00e9st. \u00cdrnia kell a megrendel\u00e9s sz\u00e1m\u00e1t vagy a vev\u0151 nev\u00e9t\" \/>\n<meta name=\"robots\" content=\"index, follow, max-snippet:-1, max-image-preview:large, max-video-preview:-1\" \/>\n<link rel=\"canonical\" href=\"https:\/\/miaustore.com\/hu\/garancia.html\" \/>\n<meta property=\"og:locale\" content=\"hu_HU\" \/>\n<meta property=\"og:type\" content=\"article\" \/>\n<meta property=\"og:title\" content=\"Garancia\" \/>\n<meta property=\"og:description\" content=\"K\u00fcldj\u00f6n egy e-mailt a support@miaustore.com c\u00edmre, hogy ig\u00e9nyelni szeretn\u00e9 a visszat\u00e9r\u00edt\u00e9st. \u00cdrnia kell a megrendel\u00e9s sz\u00e1m\u00e1t vagy a vev\u0151 nev\u00e9t\" \/>\n<meta property=\"og:url\" content=\"https:\/\/miaustore.com\/hu\/garancia.html\" \/>\n<meta property=\"og:site_name\" content=\"Miaustore Hungary\" \/>\n<meta property=\"article:modified_time\" content=\"2020-07-10T11:59:10+00:00\" \/>\n<meta name=\"twitter:card\" content=\"summary_large_image\" \/>\n<meta name=\"twitter:label1\" content=\"Becs\u00fclt olvas\u00e1si id\u0151\" \/>\n\t<meta name=\"twitter:data1\" content=\"2 perc\" \/>\n<script type=\"application\/ld+json\" class=\"yoast-schema-graph\">{\"@context\":\"https:\/\/schema.org\",\"@graph\":[{\"@type\":\"WebPage\",\"@id\":\"https:\/\/miaustore.com\/hu\/garancia.html\",\"url\":\"https:\/\/miaustore.com\/hu\/garancia.html\",\"name\":\"J\u00f3t\u00e1ll\u00e1si szolg\u00e1ltat\u00e1sunk felt\u00e9telei - Miaustore Hungary\",\"isPartOf\":{\"@id\":\"https:\/\/miaustore.com\/hu\/#website\"},\"datePublished\":\"2019-11-07T12:37:22+00:00\",\"dateModified\":\"2020-07-10T11:59:10+00:00\",\"description\":\"K\u00fcldj\u00f6n egy e-mailt a support@miaustore.com c\u00edmre, hogy ig\u00e9nyelni szeretn\u00e9 a visszat\u00e9r\u00edt\u00e9st. \u00cdrnia kell a megrendel\u00e9s sz\u00e1m\u00e1t vagy a vev\u0151 nev\u00e9t\",\"breadcrumb\":{\"@id\":\"https:\/\/miaustore.com\/hu\/garancia.html#breadcrumb\"},\"inLanguage\":\"hu\",\"potentialAction\":[{\"@type\":\"ReadAction\",\"target\":[\"https:\/\/miaustore.com\/hu\/garancia.html\"]}]},{\"@type\":\"BreadcrumbList\",\"@id\":\"https:\/\/miaustore.com\/hu\/garancia.html#breadcrumb\",\"itemListElement\":[{\"@type\":\"ListItem\",\"position\":1,\"name\":\"Startseite\",\"item\":\"https:\/\/miaustore.com\/hu\/\"},{\"@type\":\"ListItem\",\"position\":2,\"name\":\"Garancia\"}]},{\"@type\":\"WebSite\",\"@id\":\"https:\/\/miaustore.com\/hu\/#website\",\"url\":\"https:\/\/miaustore.com\/hu\/\",\"name\":\"Miaustore Hungary\",\"description\":\"\",\"potentialAction\":[{\"@type\":\"SearchAction\",\"target\":{\"@type\":\"EntryPoint\",\"urlTemplate\":\"https:\/\/miaustore.com\/hu\/?s={search_term_string}\"},\"query-input\":{\"@type\":\"PropertyValueSpecification\",\"valueRequired\":true,\"valueName\":\"search_term_string\"}}],\"inLanguage\":\"hu\"}]}<\/script>\n<!-- \/ Yoast SEO Premium plugin. -->","yoast_head_json":{"title":"J\u00f3t\u00e1ll\u00e1si szolg\u00e1ltat\u00e1sunk felt\u00e9telei - Miaustore Hungary","description":"K\u00fcldj\u00f6n egy e-mailt a support@miaustore.com c\u00edmre, hogy ig\u00e9nyelni szeretn\u00e9 a visszat\u00e9r\u00edt\u00e9st. \u00cdrnia kell a megrendel\u00e9s sz\u00e1m\u00e1t vagy a vev\u0151 nev\u00e9t","robots":{"index":"index","follow":"follow","max-snippet":"max-snippet:-1","max-image-preview":"max-image-preview:large","max-video-preview":"max-video-preview:-1"},"canonical":"https:\/\/miaustore.com\/hu\/garancia.html","og_locale":"hu_HU","og_type":"article","og_title":"Garancia","og_description":"K\u00fcldj\u00f6n egy e-mailt a support@miaustore.com c\u00edmre, hogy ig\u00e9nyelni szeretn\u00e9 a visszat\u00e9r\u00edt\u00e9st. \u00cdrnia kell a megrendel\u00e9s sz\u00e1m\u00e1t vagy a vev\u0151 nev\u00e9t","og_url":"https:\/\/miaustore.com\/hu\/garancia.html","og_site_name":"Miaustore Hungary","article_modified_time":"2020-07-10T11:59:10+00:00","twitter_card":"summary_large_image","twitter_misc":{"Becs\u00fclt olvas\u00e1si id\u0151":"2 perc"},"schema":{"@context":"https:\/\/schema.org","@graph":[{"@type":"WebPage","@id":"https:\/\/miaustore.com\/hu\/garancia.html","url":"https:\/\/miaustore.com\/hu\/garancia.html","name":"J\u00f3t\u00e1ll\u00e1si szolg\u00e1ltat\u00e1sunk felt\u00e9telei - Miaustore Hungary","isPartOf":{"@id":"https:\/\/miaustore.com\/hu\/#website"},"datePublished":"2019-11-07T12:37:22+00:00","dateModified":"2020-07-10T11:59:10+00:00","description":"K\u00fcldj\u00f6n egy e-mailt a support@miaustore.com c\u00edmre, hogy ig\u00e9nyelni szeretn\u00e9 a visszat\u00e9r\u00edt\u00e9st. \u00cdrnia kell a megrendel\u00e9s sz\u00e1m\u00e1t vagy a vev\u0151 nev\u00e9t","breadcrumb":{"@id":"https:\/\/miaustore.com\/hu\/garancia.html#breadcrumb"},"inLanguage":"hu","potentialAction":[{"@type":"ReadAction","target":["https:\/\/miaustore.com\/hu\/garancia.html"]}]},{"@type":"BreadcrumbList","@id":"https:\/\/miaustore.com\/hu\/garancia.html#breadcrumb","itemListElement":[{"@type":"ListItem","position":1,"name":"Startseite","item":"https:\/\/miaustore.com\/hu\/"},{"@type":"ListItem","position":2,"name":"Garancia"}]},{"@type":"WebSite","@id":"https:\/\/miaustore.com\/hu\/#website","url":"https:\/\/miaustore.com\/hu\/","name":"Miaustore Hungary","description":"","potentialAction":[{"@type":"SearchAction","target":{"@type":"EntryPoint","urlTemplate":"https:\/\/miaustore.com\/hu\/?s={search_term_string}"},"query-input":{"@type":"PropertyValueSpecification","valueRequired":true,"valueName":"search_term_string"}}],"inLanguage":"hu"}]}},"_links":{"self":[{"href":"https:\/\/miaustore.com\/hu\/wp-json\/wp\/v2\/pages\/196","targetHints":{"allow":["GET"]}}],"collection":[{"href":"https:\/\/miaustore.com\/hu\/wp-json\/wp\/v2\/pages"}],"about":[{"href":"https:\/\/miaustore.com\/hu\/wp-json\/wp\/v2\/types\/page"}],"author":[{"embeddable":true,"href":"https:\/\/miaustore.com\/hu\/wp-json\/wp\/v2\/users\/1"}],"replies":[{"embeddable":true,"href":"https:\/\/miaustore.com\/hu\/wp-json\/wp\/v2\/comments?post=196"}],"version-history":[{"count":0,"href":"https:\/\/miaustore.com\/hu\/wp-json\/wp\/v2\/pages\/196\/revisions"}],"wp:attachment":[{"href":"https:\/\/miaustore.com\/hu\/wp-json\/wp\/v2\/media?parent=196"}],"curies":[{"name":"wp","href":"https:\/\/api.w.org\/{rel}","templated":true}]}}