{"id":354,"date":"2020-02-12T17:21:43","date_gmt":"2020-02-12T16:21:43","guid":{"rendered":"https:\/\/miaustore.com\/hu\/?page_id=354"},"modified":"2020-10-12T15:51:12","modified_gmt":"2020-10-12T13:51:12","slug":"a-szivattyu-hasznalata","status":"publish","type":"page","link":"https:\/\/miaustore.com\/hu\/a-szivattyu-hasznalata.html","title":{"rendered":"A szivatty\u00fa haszn\u00e1lata"},"content":{"rendered":"<div id=\"cs-content\" class=\"cs-content\"><\/div>","protected":false},"excerpt":{"rendered":"","protected":false},"author":1,"featured_media":0,"parent":0,"menu_order":0,"comment_status":"closed","ping_status":"closed","template":"template-blank-1.php","meta":{"_glsr_average":0,"_glsr_ranking":0,"_glsr_reviews":0,"footnotes":""},"class_list":["post-354","page","type-page","status-publish","hentry","no-post-thumbnail"],"yoast_head":"<!-- This site is optimized with the Yoast SEO Premium plugin v26.7 (Yoast SEO v26.7) - https:\/\/yoast.com\/wordpress\/plugins\/seo\/ -->\n<title>A Miaustore szivatty\u00fa haszn\u00e1lata \u00e9s karbantart\u00e1sa - Hungary<\/title>\n<meta name=\"description\" content=\"A szivatty\u00fa folyamatos haszn\u00e1lat\u00e1val id\u0151nk\u00e9nt szennyez\u0151d\u00e9s, macska sz\u0151r, \u00e9lelmez\u00e9si r\u00e9szecsk\u00e9k felhalmoz\u00f3dhatnak a szivatty\u00fa belsej\u00e9ben \u00e9s cs\u00f6kkenthetik...\" \/>\n<meta name=\"robots\" content=\"index, follow, max-snippet:-1, max-image-preview:large, max-video-preview:-1\" \/>\n<link rel=\"canonical\" href=\"https:\/\/miaustore.com\/hu\/a-szivattyu-hasznalata.html\" \/>\n<meta property=\"og:locale\" content=\"hu_HU\" \/>\n<meta property=\"og:type\" content=\"article\" \/>\n<meta property=\"og:title\" content=\"A szivatty\u00fa haszn\u00e1lata\" \/>\n<meta property=\"og:description\" content=\"A szivatty\u00fa folyamatos haszn\u00e1lat\u00e1val id\u0151nk\u00e9nt szennyez\u0151d\u00e9s, macska sz\u0151r, \u00e9lelmez\u00e9si r\u00e9szecsk\u00e9k felhalmoz\u00f3dhatnak a szivatty\u00fa belsej\u00e9ben \u00e9s cs\u00f6kkenthetik...\" \/>\n<meta property=\"og:url\" content=\"https:\/\/miaustore.com\/hu\/a-szivattyu-hasznalata.html\" \/>\n<meta property=\"og:site_name\" content=\"Miaustore Hungary\" \/>\n<meta property=\"article:modified_time\" content=\"2020-10-12T13:51:12+00:00\" \/>\n<meta name=\"twitter:card\" content=\"summary_large_image\" \/>\n<meta name=\"twitter:label1\" content=\"Becs\u00fclt olvas\u00e1si id\u0151\" \/>\n\t<meta name=\"twitter:data1\" content=\"4 perc\" \/>\n<script type=\"application\/ld+json\" class=\"yoast-schema-graph\">{\"@context\":\"https:\/\/schema.org\",\"@graph\":[{\"@type\":\"WebPage\",\"@id\":\"https:\/\/miaustore.com\/hu\/a-szivattyu-hasznalata.html\",\"url\":\"https:\/\/miaustore.com\/hu\/a-szivattyu-hasznalata.html\",\"name\":\"A Miaustore szivatty\u00fa haszn\u00e1lata \u00e9s karbantart\u00e1sa - Hungary\",\"isPartOf\":{\"@id\":\"https:\/\/miaustore.com\/hu\/#website\"},\"datePublished\":\"2020-02-12T16:21:43+00:00\",\"dateModified\":\"2020-10-12T13:51:12+00:00\",\"description\":\"A szivatty\u00fa folyamatos haszn\u00e1lat\u00e1val id\u0151nk\u00e9nt szennyez\u0151d\u00e9s, macska sz\u0151r, \u00e9lelmez\u00e9si r\u00e9szecsk\u00e9k felhalmoz\u00f3dhatnak a szivatty\u00fa belsej\u00e9ben \u00e9s cs\u00f6kkenthetik...\",\"breadcrumb\":{\"@id\":\"https:\/\/miaustore.com\/hu\/a-szivattyu-hasznalata.html#breadcrumb\"},\"inLanguage\":\"hu\",\"potentialAction\":[{\"@type\":\"ReadAction\",\"target\":[\"https:\/\/miaustore.com\/hu\/a-szivattyu-hasznalata.html\"]}]},{\"@type\":\"BreadcrumbList\",\"@id\":\"https:\/\/miaustore.com\/hu\/a-szivattyu-hasznalata.html#breadcrumb\",\"itemListElement\":[{\"@type\":\"ListItem\",\"position\":1,\"name\":\"Startseite\",\"item\":\"https:\/\/miaustore.com\/hu\/\"},{\"@type\":\"ListItem\",\"position\":2,\"name\":\"A szivatty\u00fa haszn\u00e1lata\"}]},{\"@type\":\"WebSite\",\"@id\":\"https:\/\/miaustore.com\/hu\/#website\",\"url\":\"https:\/\/miaustore.com\/hu\/\",\"name\":\"Miaustore Hungary\",\"description\":\"\",\"potentialAction\":[{\"@type\":\"SearchAction\",\"target\":{\"@type\":\"EntryPoint\",\"urlTemplate\":\"https:\/\/miaustore.com\/hu\/?s={search_term_string}\"},\"query-input\":{\"@type\":\"PropertyValueSpecification\",\"valueRequired\":true,\"valueName\":\"search_term_string\"}}],\"inLanguage\":\"hu\"}]}<\/script>\n<!-- \/ Yoast SEO Premium plugin. -->","yoast_head_json":{"title":"A Miaustore szivatty\u00fa haszn\u00e1lata \u00e9s karbantart\u00e1sa - Hungary","description":"A szivatty\u00fa folyamatos haszn\u00e1lat\u00e1val id\u0151nk\u00e9nt szennyez\u0151d\u00e9s, macska sz\u0151r, \u00e9lelmez\u00e9si r\u00e9szecsk\u00e9k felhalmoz\u00f3dhatnak a szivatty\u00fa belsej\u00e9ben \u00e9s cs\u00f6kkenthetik...","robots":{"index":"index","follow":"follow","max-snippet":"max-snippet:-1","max-image-preview":"max-image-preview:large","max-video-preview":"max-video-preview:-1"},"canonical":"https:\/\/miaustore.com\/hu\/a-szivattyu-hasznalata.html","og_locale":"hu_HU","og_type":"article","og_title":"A szivatty\u00fa haszn\u00e1lata","og_description":"A szivatty\u00fa folyamatos haszn\u00e1lat\u00e1val id\u0151nk\u00e9nt szennyez\u0151d\u00e9s, macska sz\u0151r, \u00e9lelmez\u00e9si r\u00e9szecsk\u00e9k felhalmoz\u00f3dhatnak a szivatty\u00fa belsej\u00e9ben \u00e9s cs\u00f6kkenthetik...","og_url":"https:\/\/miaustore.com\/hu\/a-szivattyu-hasznalata.html","og_site_name":"Miaustore Hungary","article_modified_time":"2020-10-12T13:51:12+00:00","twitter_card":"summary_large_image","twitter_misc":{"Becs\u00fclt olvas\u00e1si id\u0151":"4 perc"},"schema":{"@context":"https:\/\/schema.org","@graph":[{"@type":"WebPage","@id":"https:\/\/miaustore.com\/hu\/a-szivattyu-hasznalata.html","url":"https:\/\/miaustore.com\/hu\/a-szivattyu-hasznalata.html","name":"A Miaustore szivatty\u00fa haszn\u00e1lata \u00e9s karbantart\u00e1sa - Hungary","isPartOf":{"@id":"https:\/\/miaustore.com\/hu\/#website"},"datePublished":"2020-02-12T16:21:43+00:00","dateModified":"2020-10-12T13:51:12+00:00","description":"A szivatty\u00fa folyamatos haszn\u00e1lat\u00e1val id\u0151nk\u00e9nt szennyez\u0151d\u00e9s, macska sz\u0151r, \u00e9lelmez\u00e9si r\u00e9szecsk\u00e9k felhalmoz\u00f3dhatnak a szivatty\u00fa belsej\u00e9ben \u00e9s cs\u00f6kkenthetik...","breadcrumb":{"@id":"https:\/\/miaustore.com\/hu\/a-szivattyu-hasznalata.html#breadcrumb"},"inLanguage":"hu","potentialAction":[{"@type":"ReadAction","target":["https:\/\/miaustore.com\/hu\/a-szivattyu-hasznalata.html"]}]},{"@type":"BreadcrumbList","@id":"https:\/\/miaustore.com\/hu\/a-szivattyu-hasznalata.html#breadcrumb","itemListElement":[{"@type":"ListItem","position":1,"name":"Startseite","item":"https:\/\/miaustore.com\/hu\/"},{"@type":"ListItem","position":2,"name":"A szivatty\u00fa haszn\u00e1lata"}]},{"@type":"WebSite","@id":"https:\/\/miaustore.com\/hu\/#website","url":"https:\/\/miaustore.com\/hu\/","name":"Miaustore Hungary","description":"","potentialAction":[{"@type":"SearchAction","target":{"@type":"EntryPoint","urlTemplate":"https:\/\/miaustore.com\/hu\/?s={search_term_string}"},"query-input":{"@type":"PropertyValueSpecification","valueRequired":true,"valueName":"search_term_string"}}],"inLanguage":"hu"}]}},"_links":{"self":[{"href":"https:\/\/miaustore.com\/hu\/wp-json\/wp\/v2\/pages\/354","targetHints":{"allow":["GET"]}}],"collection":[{"href":"https:\/\/miaustore.com\/hu\/wp-json\/wp\/v2\/pages"}],"about":[{"href":"https:\/\/miaustore.com\/hu\/wp-json\/wp\/v2\/types\/page"}],"author":[{"embeddable":true,"href":"https:\/\/miaustore.com\/hu\/wp-json\/wp\/v2\/users\/1"}],"replies":[{"embeddable":true,"href":"https:\/\/miaustore.com\/hu\/wp-json\/wp\/v2\/comments?post=354"}],"version-history":[{"count":0,"href":"https:\/\/miaustore.com\/hu\/wp-json\/wp\/v2\/pages\/354\/revisions"}],"wp:attachment":[{"href":"https:\/\/miaustore.com\/hu\/wp-json\/wp\/v2\/media?parent=354"}],"curies":[{"name":"wp","href":"https:\/\/api.w.org\/{rel}","templated":true}]}}