{"id":360,"date":"2020-02-18T10:54:20","date_gmt":"2020-02-18T09:54:20","guid":{"rendered":"https:\/\/miaustore.com\/hu\/?page_id=360"},"modified":"2024-11-18T14:21:21","modified_gmt":"2024-11-18T13:21:21","slug":"tovabbi-alkatreszek","status":"publish","type":"page","link":"https:\/\/miaustore.com\/hu\/tovabbi-alkatreszek.html","title":{"rendered":"Tov\u00e1bbi alkatr\u00e9szek"},"content":{"rendered":"<div id=\"cs-content\" class=\"cs-content\"><\/div>","protected":false},"excerpt":{"rendered":"<p>Vissza a honlapra Tovabbi alkatreszek 1. Csereszivatty\u00fa teljes k\u00e9szletA jutai szivatty\u00fa kiv\u00e1l\u00f3 kialak\u00edt\u00e1sa miatt ez a piac legjobb szivatty\u00faja az \u00e9lelmiszer-biztons\u00e1gos anyagok sz\u00e1m\u00e1ra. Tervez\u00e9se biztos\u00edtja, hogy a szivatty\u00fa ne pazarolja az energi\u00e1t, \u00e9s a szivatty\u00fa \u00e1ltal fogyasztott energia minim\u00e1lis. A szok\u00e1sos szivatty\u00faknak van egy vagy t\u00f6bb pontja, ahol a v\u00edznek meg kell hajl\u00f3dnia, \u00e9s ezek a foltok gyakran \u00f6sszegy\u0171jtik az &#8230; <\/p>\n<div><a href=\"https:\/\/miaustore.com\/hu\/tovabbi-alkatreszek.html\" class=\"more-link\">Read More<\/a><\/div>\n","protected":false},"author":1,"featured_media":0,"parent":0,"menu_order":0,"comment_status":"closed","ping_status":"closed","template":"template-blank-1.php","meta":{"_glsr_average":0,"_glsr_ranking":0,"_glsr_reviews":0,"footnotes":""},"class_list":["post-360","page","type-page","status-publish","hentry","no-post-thumbnail"],"yoast_head":"<!-- This site is optimized with the Yoast SEO Premium plugin v26.7 (Yoast SEO v26.7) - https:\/\/yoast.com\/wordpress\/plugins\/seo\/ -->\n<title>Kieg\u00e9sz\u00edt\u0151k a Miaustore sz\u00f6k\u0151k\u00fathoz - Magyarorsz\u00e1g<\/title>\n<meta name=\"description\" content=\"A jutai szivatty\u00fa kiv\u00e1l\u00f3 kialak\u00edt\u00e1sa miatt ez a piac legjobb szivatty\u00faja az \u00e9lelmiszer-biztons\u00e1gos anyagok sz\u00e1m\u00e1ra. Tervez\u00e9se biztos\u00edtja, hogy a szivatty\u00fa\" \/>\n<meta name=\"robots\" content=\"index, follow, max-snippet:-1, max-image-preview:large, max-video-preview:-1\" \/>\n<link rel=\"canonical\" href=\"https:\/\/miaustore.com\/hu\/tovabbi-alkatreszek.html\" \/>\n<meta property=\"og:locale\" content=\"hu_HU\" \/>\n<meta property=\"og:type\" content=\"article\" \/>\n<meta property=\"og:title\" content=\"Tov\u00e1bbi alkatr\u00e9szek\" \/>\n<meta property=\"og:description\" content=\"A jutai szivatty\u00fa kiv\u00e1l\u00f3 kialak\u00edt\u00e1sa miatt ez a piac legjobb szivatty\u00faja az \u00e9lelmiszer-biztons\u00e1gos anyagok sz\u00e1m\u00e1ra. Tervez\u00e9se biztos\u00edtja, hogy a szivatty\u00fa\" \/>\n<meta property=\"og:url\" content=\"https:\/\/miaustore.com\/hu\/tovabbi-alkatreszek.html\" \/>\n<meta property=\"og:site_name\" content=\"Miaustore Hungary\" \/>\n<meta property=\"article:modified_time\" content=\"2024-11-18T13:21:21+00:00\" \/>\n<meta property=\"og:image\" content=\"https:\/\/miaustore.com\/wp-content\/uploads\/2022\/08\/test_jc6.jpg\" \/>\n<meta name=\"twitter:card\" content=\"summary_large_image\" \/>\n<meta name=\"twitter:label1\" content=\"Becs\u00fclt olvas\u00e1si id\u0151\" \/>\n\t<meta name=\"twitter:data1\" content=\"24 perc\" \/>\n<script type=\"application\/ld+json\" class=\"yoast-schema-graph\">{\"@context\":\"https:\/\/schema.org\",\"@graph\":[{\"@type\":\"WebPage\",\"@id\":\"https:\/\/miaustore.com\/hu\/tovabbi-alkatreszek.html\",\"url\":\"https:\/\/miaustore.com\/hu\/tovabbi-alkatreszek.html\",\"name\":\"Kieg\u00e9sz\u00edt\u0151k a Miaustore sz\u00f6k\u0151k\u00fathoz - Magyarorsz\u00e1g\",\"isPartOf\":{\"@id\":\"https:\/\/miaustore.com\/hu\/#website\"},\"primaryImageOfPage\":{\"@id\":\"https:\/\/miaustore.com\/hu\/tovabbi-alkatreszek.html#primaryimage\"},\"image\":{\"@id\":\"https:\/\/miaustore.com\/hu\/tovabbi-alkatreszek.html#primaryimage\"},\"thumbnailUrl\":\"https:\/\/miaustore.com\/wp-content\/uploads\/2022\/08\/test_jc6.jpg\",\"datePublished\":\"2020-02-18T09:54:20+00:00\",\"dateModified\":\"2024-11-18T13:21:21+00:00\",\"description\":\"A jutai szivatty\u00fa kiv\u00e1l\u00f3 kialak\u00edt\u00e1sa miatt ez a piac legjobb szivatty\u00faja az \u00e9lelmiszer-biztons\u00e1gos anyagok sz\u00e1m\u00e1ra. Tervez\u00e9se biztos\u00edtja, hogy a szivatty\u00fa\",\"breadcrumb\":{\"@id\":\"https:\/\/miaustore.com\/hu\/tovabbi-alkatreszek.html#breadcrumb\"},\"inLanguage\":\"hu\",\"potentialAction\":[{\"@type\":\"ReadAction\",\"target\":[\"https:\/\/miaustore.com\/hu\/tovabbi-alkatreszek.html\"]}]},{\"@type\":\"ImageObject\",\"inLanguage\":\"hu\",\"@id\":\"https:\/\/miaustore.com\/hu\/tovabbi-alkatreszek.html#primaryimage\",\"url\":\"https:\/\/miaustore.com\/wp-content\/uploads\/2022\/08\/test_jc6.jpg\",\"contentUrl\":\"https:\/\/miaustore.com\/wp-content\/uploads\/2022\/08\/test_jc6.jpg\"},{\"@type\":\"BreadcrumbList\",\"@id\":\"https:\/\/miaustore.com\/hu\/tovabbi-alkatreszek.html#breadcrumb\",\"itemListElement\":[{\"@type\":\"ListItem\",\"position\":1,\"name\":\"Startseite\",\"item\":\"https:\/\/miaustore.com\/hu\/\"},{\"@type\":\"ListItem\",\"position\":2,\"name\":\"Tov\u00e1bbi alkatr\u00e9szek\"}]},{\"@type\":\"WebSite\",\"@id\":\"https:\/\/miaustore.com\/hu\/#website\",\"url\":\"https:\/\/miaustore.com\/hu\/\",\"name\":\"Miaustore Hungary\",\"description\":\"\",\"potentialAction\":[{\"@type\":\"SearchAction\",\"target\":{\"@type\":\"EntryPoint\",\"urlTemplate\":\"https:\/\/miaustore.com\/hu\/?s={search_term_string}\"},\"query-input\":{\"@type\":\"PropertyValueSpecification\",\"valueRequired\":true,\"valueName\":\"search_term_string\"}}],\"inLanguage\":\"hu\"}]}<\/script>\n<!-- \/ Yoast SEO Premium plugin. -->","yoast_head_json":{"title":"Kieg\u00e9sz\u00edt\u0151k a Miaustore sz\u00f6k\u0151k\u00fathoz - Magyarorsz\u00e1g","description":"A jutai szivatty\u00fa kiv\u00e1l\u00f3 kialak\u00edt\u00e1sa miatt ez a piac legjobb szivatty\u00faja az \u00e9lelmiszer-biztons\u00e1gos anyagok sz\u00e1m\u00e1ra. Tervez\u00e9se biztos\u00edtja, hogy a szivatty\u00fa","robots":{"index":"index","follow":"follow","max-snippet":"max-snippet:-1","max-image-preview":"max-image-preview:large","max-video-preview":"max-video-preview:-1"},"canonical":"https:\/\/miaustore.com\/hu\/tovabbi-alkatreszek.html","og_locale":"hu_HU","og_type":"article","og_title":"Tov\u00e1bbi alkatr\u00e9szek","og_description":"A jutai szivatty\u00fa kiv\u00e1l\u00f3 kialak\u00edt\u00e1sa miatt ez a piac legjobb szivatty\u00faja az \u00e9lelmiszer-biztons\u00e1gos anyagok sz\u00e1m\u00e1ra. Tervez\u00e9se biztos\u00edtja, hogy a szivatty\u00fa","og_url":"https:\/\/miaustore.com\/hu\/tovabbi-alkatreszek.html","og_site_name":"Miaustore Hungary","article_modified_time":"2024-11-18T13:21:21+00:00","og_image":[{"url":"https:\/\/miaustore.com\/wp-content\/uploads\/2022\/08\/test_jc6.jpg","type":"","width":"","height":""}],"twitter_card":"summary_large_image","twitter_misc":{"Becs\u00fclt olvas\u00e1si id\u0151":"24 perc"},"schema":{"@context":"https:\/\/schema.org","@graph":[{"@type":"WebPage","@id":"https:\/\/miaustore.com\/hu\/tovabbi-alkatreszek.html","url":"https:\/\/miaustore.com\/hu\/tovabbi-alkatreszek.html","name":"Kieg\u00e9sz\u00edt\u0151k a Miaustore sz\u00f6k\u0151k\u00fathoz - Magyarorsz\u00e1g","isPartOf":{"@id":"https:\/\/miaustore.com\/hu\/#website"},"primaryImageOfPage":{"@id":"https:\/\/miaustore.com\/hu\/tovabbi-alkatreszek.html#primaryimage"},"image":{"@id":"https:\/\/miaustore.com\/hu\/tovabbi-alkatreszek.html#primaryimage"},"thumbnailUrl":"https:\/\/miaustore.com\/wp-content\/uploads\/2022\/08\/test_jc6.jpg","datePublished":"2020-02-18T09:54:20+00:00","dateModified":"2024-11-18T13:21:21+00:00","description":"A jutai szivatty\u00fa kiv\u00e1l\u00f3 kialak\u00edt\u00e1sa miatt ez a piac legjobb szivatty\u00faja az \u00e9lelmiszer-biztons\u00e1gos anyagok sz\u00e1m\u00e1ra. Tervez\u00e9se biztos\u00edtja, hogy a szivatty\u00fa","breadcrumb":{"@id":"https:\/\/miaustore.com\/hu\/tovabbi-alkatreszek.html#breadcrumb"},"inLanguage":"hu","potentialAction":[{"@type":"ReadAction","target":["https:\/\/miaustore.com\/hu\/tovabbi-alkatreszek.html"]}]},{"@type":"ImageObject","inLanguage":"hu","@id":"https:\/\/miaustore.com\/hu\/tovabbi-alkatreszek.html#primaryimage","url":"https:\/\/miaustore.com\/wp-content\/uploads\/2022\/08\/test_jc6.jpg","contentUrl":"https:\/\/miaustore.com\/wp-content\/uploads\/2022\/08\/test_jc6.jpg"},{"@type":"BreadcrumbList","@id":"https:\/\/miaustore.com\/hu\/tovabbi-alkatreszek.html#breadcrumb","itemListElement":[{"@type":"ListItem","position":1,"name":"Startseite","item":"https:\/\/miaustore.com\/hu\/"},{"@type":"ListItem","position":2,"name":"Tov\u00e1bbi alkatr\u00e9szek"}]},{"@type":"WebSite","@id":"https:\/\/miaustore.com\/hu\/#website","url":"https:\/\/miaustore.com\/hu\/","name":"Miaustore Hungary","description":"","potentialAction":[{"@type":"SearchAction","target":{"@type":"EntryPoint","urlTemplate":"https:\/\/miaustore.com\/hu\/?s={search_term_string}"},"query-input":{"@type":"PropertyValueSpecification","valueRequired":true,"valueName":"search_term_string"}}],"inLanguage":"hu"}]}},"_links":{"self":[{"href":"https:\/\/miaustore.com\/hu\/wp-json\/wp\/v2\/pages\/360","targetHints":{"allow":["GET"]}}],"collection":[{"href":"https:\/\/miaustore.com\/hu\/wp-json\/wp\/v2\/pages"}],"about":[{"href":"https:\/\/miaustore.com\/hu\/wp-json\/wp\/v2\/types\/page"}],"author":[{"embeddable":true,"href":"https:\/\/miaustore.com\/hu\/wp-json\/wp\/v2\/users\/1"}],"replies":[{"embeddable":true,"href":"https:\/\/miaustore.com\/hu\/wp-json\/wp\/v2\/comments?post=360"}],"version-history":[{"count":0,"href":"https:\/\/miaustore.com\/hu\/wp-json\/wp\/v2\/pages\/360\/revisions"}],"wp:attachment":[{"href":"https:\/\/miaustore.com\/hu\/wp-json\/wp\/v2\/media?parent=360"}],"curies":[{"name":"wp","href":"https:\/\/api.w.org\/{rel}","templated":true}]}}