{"id":759,"date":"2020-11-02T18:35:24","date_gmt":"2020-11-02T17:35:24","guid":{"rendered":"https:\/\/miaustore.com\/hu\/?page_id=759"},"modified":"2024-09-18T04:55:04","modified_gmt":"2024-09-18T02:55:04","slug":"miaustore-hungary-2","status":"publish","type":"page","link":"https:\/\/miaustore.com\/hu\/","title":{"rendered":"Miaustore Hungary"},"content":{"rendered":"<div id=\"cs-content\" class=\"cs-content\"><\/div>","protected":false},"excerpt":{"rendered":"","protected":false},"author":1,"featured_media":0,"parent":0,"menu_order":0,"comment_status":"closed","ping_status":"closed","template":"template-blank-4.php","meta":{"_glsr_average":0,"_glsr_ranking":0,"_glsr_reviews":0,"footnotes":""},"class_list":["post-759","page","type-page","status-publish","hentry","no-post-thumbnail"],"yoast_head":"<!-- This site is optimized with the Yoast SEO Premium plugin v26.7 (Yoast SEO v26.7) - https:\/\/yoast.com\/wordpress\/plugins\/seo\/ -->\n<title>Ker\u00e1mia itat\u00f3k\u00fat macsk\u00e1knak - Miaustore Hungary<\/title>\n<meta name=\"description\" content=\"A macsk\u00e1k jobban szeretik a foly\u00f3 vizet mint az \u00e1ll\u00f3 vizet. Ez\u00e9rt sok macska nem iszik eleget, ha csak egy t\u00e1lk\u00e1nyi \u00e1ll\u00f3 v\u00edz \u00e1ll a rendelkez\u00e9s\u00e9re.\" \/>\n<meta name=\"robots\" content=\"index, follow, max-snippet:-1, max-image-preview:large, max-video-preview:-1\" \/>\n<link rel=\"canonical\" href=\"https:\/\/miaustore.com\/hu\/\" \/>\n<meta property=\"og:locale\" content=\"hu_HU\" \/>\n<meta property=\"og:type\" content=\"article\" \/>\n<meta property=\"og:title\" content=\"Miaustore Hungary\" \/>\n<meta property=\"og:description\" content=\"A macsk\u00e1k jobban szeretik a foly\u00f3 vizet mint az \u00e1ll\u00f3 vizet. Ez\u00e9rt sok macska nem iszik eleget, ha csak egy t\u00e1lk\u00e1nyi \u00e1ll\u00f3 v\u00edz \u00e1ll a rendelkez\u00e9s\u00e9re.\" \/>\n<meta property=\"og:url\" content=\"https:\/\/miaustore.com\/hu\/\" \/>\n<meta property=\"og:site_name\" content=\"Miaustore Hungary\" \/>\n<meta property=\"article:modified_time\" content=\"2024-09-18T02:55:04+00:00\" \/>\n<meta property=\"og:image\" content=\"https:\/\/miaustore.com\/uk\/wp-content\/uploads\/sites\/3\/2019\/01\/blue-w-cat-1-mini.jpg\" \/>\n<meta name=\"twitter:card\" content=\"summary_large_image\" \/>\n<meta name=\"twitter:label1\" content=\"Becs\u00fclt olvas\u00e1si id\u0151\" \/>\n\t<meta name=\"twitter:data1\" content=\"34 perc\" \/>\n<script type=\"application\/ld+json\" class=\"yoast-schema-graph\">{\"@context\":\"https:\/\/schema.org\",\"@graph\":[{\"@type\":\"WebPage\",\"@id\":\"https:\/\/miaustore.com\/hu\/\",\"url\":\"https:\/\/miaustore.com\/hu\/\",\"name\":\"Ker\u00e1mia itat\u00f3k\u00fat macsk\u00e1knak - Miaustore Hungary\",\"isPartOf\":{\"@id\":\"https:\/\/miaustore.com\/hu\/#website\"},\"primaryImageOfPage\":{\"@id\":\"https:\/\/miaustore.com\/hu\/#primaryimage\"},\"image\":{\"@id\":\"https:\/\/miaustore.com\/hu\/#primaryimage\"},\"thumbnailUrl\":\"https:\/\/miaustore.com\/uk\/wp-content\/uploads\/sites\/3\/2019\/01\/blue-w-cat-1-mini.jpg\",\"datePublished\":\"2020-11-02T17:35:24+00:00\",\"dateModified\":\"2024-09-18T02:55:04+00:00\",\"description\":\"A macsk\u00e1k jobban szeretik a foly\u00f3 vizet mint az \u00e1ll\u00f3 vizet. Ez\u00e9rt sok macska nem iszik eleget, ha csak egy t\u00e1lk\u00e1nyi \u00e1ll\u00f3 v\u00edz \u00e1ll a rendelkez\u00e9s\u00e9re.\",\"breadcrumb\":{\"@id\":\"https:\/\/miaustore.com\/hu\/#breadcrumb\"},\"inLanguage\":\"hu\",\"potentialAction\":[{\"@type\":\"ReadAction\",\"target\":[\"https:\/\/miaustore.com\/hu\/\"]}]},{\"@type\":\"ImageObject\",\"inLanguage\":\"hu\",\"@id\":\"https:\/\/miaustore.com\/hu\/#primaryimage\",\"url\":\"https:\/\/miaustore.com\/uk\/wp-content\/uploads\/sites\/3\/2019\/01\/blue-w-cat-1-mini.jpg\",\"contentUrl\":\"https:\/\/miaustore.com\/uk\/wp-content\/uploads\/sites\/3\/2019\/01\/blue-w-cat-1-mini.jpg\"},{\"@type\":\"BreadcrumbList\",\"@id\":\"https:\/\/miaustore.com\/hu\/#breadcrumb\",\"itemListElement\":[{\"@type\":\"ListItem\",\"position\":1,\"name\":\"Startseite\",\"item\":\"https:\/\/miaustore.com\/hu\/\"},{\"@type\":\"ListItem\",\"position\":2,\"name\":\"Miaustore Hungary\"}]},{\"@type\":\"WebSite\",\"@id\":\"https:\/\/miaustore.com\/hu\/#website\",\"url\":\"https:\/\/miaustore.com\/hu\/\",\"name\":\"Miaustore Hungary\",\"description\":\"\",\"potentialAction\":[{\"@type\":\"SearchAction\",\"target\":{\"@type\":\"EntryPoint\",\"urlTemplate\":\"https:\/\/miaustore.com\/hu\/?s={search_term_string}\"},\"query-input\":{\"@type\":\"PropertyValueSpecification\",\"valueRequired\":true,\"valueName\":\"search_term_string\"}}],\"inLanguage\":\"hu\"}]}<\/script>\n<!-- \/ Yoast SEO Premium plugin. -->","yoast_head_json":{"title":"Ker\u00e1mia itat\u00f3k\u00fat macsk\u00e1knak - Miaustore Hungary","description":"A macsk\u00e1k jobban szeretik a foly\u00f3 vizet mint az \u00e1ll\u00f3 vizet. Ez\u00e9rt sok macska nem iszik eleget, ha csak egy t\u00e1lk\u00e1nyi \u00e1ll\u00f3 v\u00edz \u00e1ll a rendelkez\u00e9s\u00e9re.","robots":{"index":"index","follow":"follow","max-snippet":"max-snippet:-1","max-image-preview":"max-image-preview:large","max-video-preview":"max-video-preview:-1"},"canonical":"https:\/\/miaustore.com\/hu\/","og_locale":"hu_HU","og_type":"article","og_title":"Miaustore Hungary","og_description":"A macsk\u00e1k jobban szeretik a foly\u00f3 vizet mint az \u00e1ll\u00f3 vizet. Ez\u00e9rt sok macska nem iszik eleget, ha csak egy t\u00e1lk\u00e1nyi \u00e1ll\u00f3 v\u00edz \u00e1ll a rendelkez\u00e9s\u00e9re.","og_url":"https:\/\/miaustore.com\/hu\/","og_site_name":"Miaustore Hungary","article_modified_time":"2024-09-18T02:55:04+00:00","og_image":[{"url":"https:\/\/miaustore.com\/uk\/wp-content\/uploads\/sites\/3\/2019\/01\/blue-w-cat-1-mini.jpg","type":"","width":"","height":""}],"twitter_card":"summary_large_image","twitter_misc":{"Becs\u00fclt olvas\u00e1si id\u0151":"34 perc"},"schema":{"@context":"https:\/\/schema.org","@graph":[{"@type":"WebPage","@id":"https:\/\/miaustore.com\/hu\/","url":"https:\/\/miaustore.com\/hu\/","name":"Ker\u00e1mia itat\u00f3k\u00fat macsk\u00e1knak - Miaustore Hungary","isPartOf":{"@id":"https:\/\/miaustore.com\/hu\/#website"},"primaryImageOfPage":{"@id":"https:\/\/miaustore.com\/hu\/#primaryimage"},"image":{"@id":"https:\/\/miaustore.com\/hu\/#primaryimage"},"thumbnailUrl":"https:\/\/miaustore.com\/uk\/wp-content\/uploads\/sites\/3\/2019\/01\/blue-w-cat-1-mini.jpg","datePublished":"2020-11-02T17:35:24+00:00","dateModified":"2024-09-18T02:55:04+00:00","description":"A macsk\u00e1k jobban szeretik a foly\u00f3 vizet mint az \u00e1ll\u00f3 vizet. Ez\u00e9rt sok macska nem iszik eleget, ha csak egy t\u00e1lk\u00e1nyi \u00e1ll\u00f3 v\u00edz \u00e1ll a rendelkez\u00e9s\u00e9re.","breadcrumb":{"@id":"https:\/\/miaustore.com\/hu\/#breadcrumb"},"inLanguage":"hu","potentialAction":[{"@type":"ReadAction","target":["https:\/\/miaustore.com\/hu\/"]}]},{"@type":"ImageObject","inLanguage":"hu","@id":"https:\/\/miaustore.com\/hu\/#primaryimage","url":"https:\/\/miaustore.com\/uk\/wp-content\/uploads\/sites\/3\/2019\/01\/blue-w-cat-1-mini.jpg","contentUrl":"https:\/\/miaustore.com\/uk\/wp-content\/uploads\/sites\/3\/2019\/01\/blue-w-cat-1-mini.jpg"},{"@type":"BreadcrumbList","@id":"https:\/\/miaustore.com\/hu\/#breadcrumb","itemListElement":[{"@type":"ListItem","position":1,"name":"Startseite","item":"https:\/\/miaustore.com\/hu\/"},{"@type":"ListItem","position":2,"name":"Miaustore Hungary"}]},{"@type":"WebSite","@id":"https:\/\/miaustore.com\/hu\/#website","url":"https:\/\/miaustore.com\/hu\/","name":"Miaustore Hungary","description":"","potentialAction":[{"@type":"SearchAction","target":{"@type":"EntryPoint","urlTemplate":"https:\/\/miaustore.com\/hu\/?s={search_term_string}"},"query-input":{"@type":"PropertyValueSpecification","valueRequired":true,"valueName":"search_term_string"}}],"inLanguage":"hu"}]}},"_links":{"self":[{"href":"https:\/\/miaustore.com\/hu\/wp-json\/wp\/v2\/pages\/759","targetHints":{"allow":["GET"]}}],"collection":[{"href":"https:\/\/miaustore.com\/hu\/wp-json\/wp\/v2\/pages"}],"about":[{"href":"https:\/\/miaustore.com\/hu\/wp-json\/wp\/v2\/types\/page"}],"author":[{"embeddable":true,"href":"https:\/\/miaustore.com\/hu\/wp-json\/wp\/v2\/users\/1"}],"replies":[{"embeddable":true,"href":"https:\/\/miaustore.com\/hu\/wp-json\/wp\/v2\/comments?post=759"}],"version-history":[{"count":0,"href":"https:\/\/miaustore.com\/hu\/wp-json\/wp\/v2\/pages\/759\/revisions"}],"wp:attachment":[{"href":"https:\/\/miaustore.com\/hu\/wp-json\/wp\/v2\/media?parent=759"}],"curies":[{"name":"wp","href":"https:\/\/api.w.org\/{rel}","templated":true}]}}