{"id":201,"date":"2018-06-01T14:07:58","date_gmt":"2018-06-01T14:07:58","guid":{"rendered":"https:\/\/miaustore.com\/it\/?page_id=201"},"modified":"2024-09-12T14:32:35","modified_gmt":"2024-09-12T14:32:35","slug":"condizioni-duso","status":"publish","type":"page","link":"https:\/\/miaustore.com\/it\/condizioni-duso.html","title":{"rendered":"Condizioni d&#8217;uso"},"content":{"rendered":"<h1>Termini e condizioni per Miaustore<\/h1>\r\nIn questa pagina troverai le condizioni generali di https:\/\/www.miaustore.com\/it, messe a disposizione da Miaustore.com. In questi termini e condizioni indichiamo sotto quale prenotazione ti offriamo le informazioni sul nostro sito web.\r\n\r\n&nbsp;\r\n<h2><strong>Propriet\u00e0 intellettuale<\/strong><\/h2>\r\n&nbsp;\r\n\r\nL&#8217;uso delle informazioni su questo sito Web \u00e8 gratuito a condizione che non vengano copiate, distribuite, utilizzate o altrimenti utilizzate tali informazioni. \u00c8 possibile utilizzare le informazioni su questo sito solo in conformit\u00e0 con le disposizioni della legge obbligatoria.\r\n\r\nSenza l&#8217;espressa autorizzazione scritta di Miaustore, \u00e8 vietato riutilizzare testo, materiale fotografico o altro materiale su questo sito. La propriet\u00e0 intellettuale appartiene a Miaustore.\r\n\r\n<br class=\"clear\" \/>Se applicabile:\r\n\r\n<br class=\"clear\" \/>Per i prezzi sul nostro sito Web, ci sforziamo di ottenere la rappresentazione pi\u00f9 accurata della realt\u00e0 e dei prezzi previsti. Gli errori che si verificano identificabili come errori di programmazione o di battitura non sono mai motivo per rivendicare o assumere un contratto o un accordo con Miaustore.\r\n\r\nMiaustore si impegna ad avere un sito web il pi\u00f9 aggiornato possibile. Se, nonostante questi sforzi, le informazioni o il contenuto di questo sito Web sono incompleti e \/ o errati, non ci assumiamo alcuna responsabilit\u00e0 in merito.\r\n\r\nLe informazioni e \/ oi prodotti su questo sito sono offerti senza alcuna forma di garanzia e \/ o richiesta di accuratezza. Ci riserviamo il diritto di modificare, rimuovere o reinstallare questi materiali senza preavviso. Miaustore non accetta alcuna responsabilit\u00e0 per qualsiasi informazione contenuta nei siti web a cui ci riferiamo tramite collegamenti ipertestuali.\r\n\r\n<br class=\"clear\" \/>I pigmenti di colore della fontana sono mescolati a mano, quindi possono esserci piccole differenze di colore rispetto alla nostra foto sulla homepage. Non offriamo rimborsi se la richiesta \u00e8 dovuta a differenze di colore.\r\n<h2><strong>Offerte speciali e sconti<\/strong><\/h2>\r\nLe offerte speciali e le promozioni sono a tempo limitato e riguardano solo i prodotti indicati nell&#8217;offerta. Gli sconti non sono trasferibili e non possono essere convertiti in denaro. Non \u00e8 possibile combinare pi\u00f9 offerte, sconti o coupon, salvo espressa indicazione. Ogni promozione \u00e8 utilizzabile una sola volta per cliente. In caso di malintesi o problemi relativi all&#8217;applicazione degli sconti, ci riserviamo il diritto di annullare o modificare lo sconto.\r\n\r\n&nbsp;\r\n<h3><span class=\"VIiyi\" lang=\"it\"><span class=\"JLqJ4b ChMk0b\" data-language-for-alternatives=\"it\" data-language-to-translate-into=\"auto\" data-phrase-index=\"0\">Politica di restituzione di 14 giorni<\/span><\/span><\/h3>\r\n&nbsp;\r\n\r\n<span class=\"VIiyi\" lang=\"it\"><span class=\"JLqJ4b ChMk0b\" data-language-for-alternatives=\"it\" data-language-to-translate-into=\"auto\" data-phrase-index=\"2\">In base alla legislazione dell&#8217;UE, ogni cliente ha il diritto di annullare qualsiasi ordine entro 14 giorni dalla ricezione di qualsiasi prodotto.<\/span> <span class=\"JLqJ4b ChMk0b\" data-language-for-alternatives=\"it\" data-language-to-translate-into=\"auto\" data-phrase-index=\"3\">Per poter beneficiare di un reso, il tuo articolo deve essere nelle stesse condizioni in cui lo hai ricevuto e con la confezione originale.<\/span><\/span><br class=\"clear\" \/><br class=\"clear\" \/>\r\n\r\n<span class=\"VIiyi\" lang=\"it\"><span class=\"JLqJ4b ChMk0b\" data-language-for-alternatives=\"it\" data-language-to-translate-into=\"auto\" data-phrase-index=\"5\">Per restituire il prodotto, contattaci all&#8217;indirizzo support@miaustore.com.<\/span><\/span><br class=\"clear\" \/><br class=\"clear\" \/>\r\n\r\n<span class=\"VIiyi\" lang=\"it\"><span class=\"JLqJ4b ChMk0b\" data-language-for-alternatives=\"it\" data-language-to-translate-into=\"auto\" data-phrase-index=\"7\">Sarai responsabile delle spese di spedizione.<\/span> <\/span><br class=\"clear\" \/><br class=\"clear\" \/>\r\n<p style=\"text-align: center;\"><span class=\"VIiyi\" lang=\"it\"><span class=\"JLqJ4b ChMk0b\" data-language-for-alternatives=\"it\" data-language-to-translate-into=\"auto\" data-phrase-index=\"9\">Per favore, in caso di reso spedisci il tuo ordine a<\/span><\/span><\/p>\r\n<p style=\"text-align: center;\"><strong>Miaustore.com<\/strong>\r\nisklad e-fulfillment Dia\u013eni\u010dn\u00e1 cesta 5, Hala D, gate 35 90301 Senec Slovaquie<\/p>\r\n&nbsp;\r\n\r\n&nbsp;\r\n\r\n&nbsp;\r\n<h3>Garanzia di rimborso di 1 anno<\/h3>\r\n<br class=\"clear\" \/>Puoi restituire la fontana per gatti entro 1 anno e ottenere il rimborso del prezzo della fontana se il tuo gatto non la utilizza o se in qualche modo non sei soddisfatto. Il tuo articolo deve essere nelle stesse condizioni in cui lo hai ricevuto e con la confezione originale.<br class=\"clear\" \/><br class=\"clear\" \/>\r\n\r\n<span class=\"tlid-translation translation\" lang=\"it\"><span title=\"\">Sostieni i costi diretti di restituzione della merce.<\/span><\/span><br class=\"clear\" \/><br class=\"clear\" \/>\r\n\r\n&nbsp;\r\n\r\nSi prega di astenersi dall&#8217;inviare prodotti diversi dalla fontana al nostro magazzino. Se restituisci altri prodotti, non possiamo elaborarli e potresti dover pagare l&#8217;intero costo di restituzione se desideri che quei prodotti ti vengano restituiti.\r\n\r\n&nbsp;\r\n<p style=\"text-align: center;\"><strong>Miaustore.com<\/strong>\r\nisklad e-fulfillment Dia\u013eni\u010dn\u00e1 cesta 5, Hala D, gate 35 90301 Senec Slovaquie<\/p>\r\n<span class=\"\" title=\"\">\u00c8 escluso il trasferimento della garanzia di accettazione a terzi.<\/span><br class=\"clear\" \/><br class=\"clear\" \/>\r\n\r\n&nbsp;\r\n\r\nNon \u00e8 previsto alcun rimborso per articoli personalizzati come l&#8217;incisione della fontana.<br class=\"clear\" \/><br class=\"clear\" \/>\r\n\r\n* La garanzia di 2 anni copre le parti danneggiate della pompa mostrando una foto della parte rotta. Se una parte viene persa o gettata via, \u00e8 comunque possibile acquistare parti di ricambio della pompa dal sito web.\r\n\r\n&nbsp;\r\n<h2><strong>Modifiche<\/strong><\/h2>\r\nSe questi termini e condizioni cambiano, in questa pagina troverai la versione pi\u00f9 recente dell&#8217;https:\/\/www.miaustore.com\/\r\n\r\n&nbsp;\r\n<h2><span class=\"tlid-translation translation\" lang=\"it\">10 anni di garanzia\r\n<\/span><\/h2>\r\n<div class=\"text-wrap tlid-copy-target\">\r\n<div class=\"result-shield-container tlid-copy-target\" tabindex=\"0\">\r\n\r\n<span class=\"tlid-translation translation\" lang=\"it\">Dal giorno dell&#8217;acquisto la garanzia copre tutte le spese di consegna relative alla fontana. In sintesi, la garanzia copre:<br class=\"clear\" \/><\/span>\r\n\r\n&#8211; un pozzo, acquista una garanzia aggiuntiva se ne hai pi\u00f9 di uno<br class=\"clear\" \/>-Componenti in plastica 3D del pozzo<br class=\"clear\" \/>&#8211; Pompa dell&#8217;acqua<br class=\"clear\" \/>&#8211; adattatore<br class=\"clear\" \/><br class=\"clear\" \/>\r\n\r\nLa garanzia non si applica a:\r\n\r\n&#8211; Fratture ceramiche dopo 6 mesi (cos\u00ec come nessuna sostituzione per fratture ceramiche che non limitano l&#8217;uso del pozzo, es. Scheggiature, danni alla ceramica, cosiddette macchie)<br class=\"clear\" \/>&#8211; Distruzione negligente e negligenza di pozzi, componenti in plastica 3D del pozzo, pompa dell&#8217;acqua, adattatore<br class=\"clear\" \/>&#8211; Articoli aggiuntivi acquistati su miaustore.com<br class=\"clear\" \/>&#8211; Garanzie legali<br class=\"clear\" \/>&#8211; I pigmenti di colore delle fontane sono miscelati a mano, quindi potrebbero esserci piccole differenze di colore nelle nostre foto sul sito web. Si prega di notare che non effettuiamo rimborsi su richieste di differenza di colore<br class=\"clear\" \/>&#8211; Pompe che non vengono aperte e sottoposte a manutenzione secondo le nostre istruzioni di pulizia della pompa. Si prega di consultare il seguente documento: Funzionamento e manutenzione della pompa Miaustore <br class=\"clear\" \/>&#8211; Variazioni di colore nella fontana dovute a depositi di calcare<br class=\"clear\" \/>&#8211; Per incisioni. Se hai scelto una fontana incisa, verr\u00e0 sostituita solo la fontana. L&#8217;incisione deve essere riacquistata se necessario.<br class=\"clear\" \/><br class=\"clear\" \/>\r\n\r\nSi prega di notare che \u00e8 possibile acquistare la garanzia fino a due settimane dopo l&#8217;acquisto.<br class=\"clear\" \/><br class=\"clear\" \/>\r\n\r\n\u00c8 esclusa la cessione della garanzia di 10 anni a terzi.<br class=\"clear\" \/><br class=\"clear\" \/>\r\n\r\nPer utilizzare correttamente la fontana, si consiglia di utilizzare acqua filtrata. L&#8217;acqua non filtrata e ricca di calcare pu\u00f2 danneggiare il motore della pompa e quindi limitare l&#8217;uso a lungo termine.\r\n\r\n<\/div>\r\n<\/div>\r\n<h2><br class=\"clear\" \/>D<span class=\"tlid-translation translation\" lang=\"it\">ifferenze di colore<\/span><\/h2>\r\n<div class=\"tlid-result-transliteration-container result-transliteration-container transliteration-container\">\r\n<div class=\"tlid-transliteration-content transliteration-content full\">\r\n\r\n<span class=\"tlid-translation translation\" lang=\"it\">Ogni singola fontana \u00e8 realizzata a mano, quindi di tanto in tanto capita che una fontana non sia esattamente dello stesso colore del nostro sito web. Purtroppo non abbiamo alcuna influenza su questo e ci scusiamo. Ognuna delle nostre fontane \u00e8 artigianale e unica e viene inviata al cliente in questo modo. Le fontane a motivi geometrici come arlecchino, galassia e noce sono particolarmente colpite da queste irregolarit\u00e0.<br class=\"clear\" \/><br class=\"clear\" \/><\/span>\r\n\r\nNel processo di combustione, un pozzo non viene bruciato nel suo insieme. Le basi e le torri di diverse altezze vengono prodotte ciascuna separatamente e pi\u00f9 volte.\r\n\r\nLa base, ad esempio, viene prodotta in 2 processi. Una volta che la forma viene colata e cotta e poi smaltata e nuovamente cotta nell&#8217;ultimo passaggio.\r\n\r\nLe torri vengono colate negli appositi stampi, essiccate naturalmente, quindi smaltate e cotte.\r\n\r\nLa base viene cotta a temperature diverse rispetto alle torri.<br class=\"clear\" \/><br class=\"clear\" \/>\r\n\r\nPoich\u00e9 non \u00e8 possibile accendere una fontana nel suo insieme, a volte ci sono differenze di colore. Questi sono dovuti al fatto che le torri o le basi pi\u00f9 vicine al bordo degli stampi ottengono pi\u00f9 calore nel forno e quindi appaiono un po &#8216;pi\u00f9 luminose del resto delle altre torri.<br class=\"clear\" \/><br class=\"clear\" \/>\r\n\r\nUna volta che la fontana \u00e8 stata assemblata nel suo insieme, potrebbe esserci una leggera differenza di colore. Ci scusiamo per gli eventuali disagi. Ottieni un prodotto di alta qualit\u00e0 e un pezzo unico.<br class=\"clear\" \/><br class=\"clear\" \/>\r\n\r\nInoltre, i pigmenti di colore della fontana vengono miscelati a mano, quindi potrebbero esserci leggere differenze di colore nelle immagini sul nostro sito Web o tra le singole torri. Non emettiamo rimborsi per richieste di informazioni sulla differenza di colore.\r\n<h2><strong>Caratteristiche speciali dei prodotti fatti a mano<\/strong><\/h2>\r\nI nostri prodotti fatti a mano, in particolare gli articoli in ceramica e smaltati, si distinguono per la loro lavorazione artigianale unica e la produzione individuale. Di conseguenza, possono verificarsi lievi variazioni di colore, forma, dimensione e texture, che sono intrinseche al processo di produzione. Tali irregolarit\u00e0, come piccole imperfezioni, differenze di colore o bolle d\u2019aria minori nello smalto, non costituiscono difetti, ma esaltano piuttosto il carattere unico del prodotto.\r\n\r\nQueste variazioni non sono motivo di reclamo, a condizione che non influenzino la funzionalit\u00e0 del prodotto e rientrino nelle tolleranze standard del settore.\r\n\r\n<\/div>\r\n<\/div>\r\n<h2><br class=\"clear\" \/><span class=\"tlid-translation translation\" lang=\"it\"><span class=\"\" title=\"\">L&#8217;acqua calcarea danneggia la pompa<\/span><\/span><\/h2>\r\n<span class=\"tlid-translation translation\" lang=\"it\"><span title=\"\">Una cura e una pulizia adeguate possono impedirlo.<\/span> <span title=\"\">L&#8217;acqua del rubinetto \u00e8 calcarea.<\/span> <span title=\"\">Alcune zone sono meno esposte, altre sono pi\u00f9 caricate di calce.<\/span><br class=\"clear\" \/><\/span>\r\n\r\n<span title=\"\">Se usi acqua dura per avviare la fontana, prima o poi la pompa smetter\u00e0 di funzionare perch\u00e9 gli spazi tra la pompa e il rotore sono calcificati.<\/span> <span title=\"\">A questo punto consigliamo espressamente di utilizzare l&#8217;acqua naturale della bottiglia o almeno filtrare preventivamente l&#8217;acqua del rubinetto.<\/span>\r\n\r\n<span class=\"\" title=\"\">Puoi usare aceto o limone per pulire la pompa e rimuovere la calce e altri minerali.<\/span>\r\n<span class=\"\" title=\"\">Se la pompa ha smesso di funzionare, <a href=\"https:\/\/miaustore.com\/it\/manutenzione-della-pompa.html\">questi suggerimenti<\/a> aiuteranno a farla funzionare di nuovo (per le pompe nere, contattare support@miaustore.com per ulteriori suggerimenti).<\/span>","protected":false},"excerpt":{"rendered":"<p>Termini e condizioni per Miaustore In questa pagina troverai le condizioni generali di https:\/\/www.miaustore.com\/it, messe a disposizione da Miaustore.com. In questi termini e condizioni indichiamo sotto quale prenotazione ti offriamo le informazioni sul nostro sito web. &nbsp; Propriet\u00e0 intellettuale &nbsp; L&#8217;uso delle informazioni su questo sito Web \u00e8 gratuito a condizione che non vengano copiate, distribuite, utilizzate o altrimenti utilizzate &#8230; <\/p>\n<div><a href=\"https:\/\/miaustore.com\/it\/condizioni-duso.html\" class=\"more-link\">Read More<\/a><\/div>\n","protected":false},"author":1,"featured_media":0,"parent":0,"menu_order":0,"comment_status":"closed","ping_status":"closed","template":"template-blank-1.php","meta":{"_glsr_average":0,"_glsr_ranking":0,"_glsr_reviews":0,"footnotes":""},"class_list":["post-201","page","type-page","status-publish","hentry","no-post-thumbnail"],"yoast_head":"<!-- This site is optimized with the Yoast SEO Premium plugin v26.7 (Yoast SEO v26.7) - https:\/\/yoast.com\/wordpress\/plugins\/seo\/ -->\n<title>Termini e Condizioni d&#039;uso - Miaustore Italia Fontanella per gatti<\/title>\n<meta name=\"description\" content=\"Termini e condizioni per Miaustore In questa pagina troverai le condizioni generali di https:\/\/www.miaustore.com\/it, messe a disposizione da Miaustore.\" \/>\n<meta name=\"robots\" content=\"index, follow, max-snippet:-1, max-image-preview:large, max-video-preview:-1\" \/>\n<link rel=\"canonical\" href=\"https:\/\/miaustore.com\/it\/condizioni-duso.html\" \/>\n<meta property=\"og:locale\" content=\"it_IT\" \/>\n<meta property=\"og:type\" content=\"article\" \/>\n<meta property=\"og:title\" content=\"Condizioni d&#039;uso\" \/>\n<meta property=\"og:description\" content=\"Termini e condizioni per Miaustore In questa pagina troverai le condizioni generali di https:\/\/www.miaustore.com\/it, messe a disposizione da Miaustore.\" \/>\n<meta property=\"og:url\" content=\"https:\/\/miaustore.com\/it\/condizioni-duso.html\" \/>\n<meta property=\"og:site_name\" content=\"Miaustore Italia\" \/>\n<meta property=\"article:modified_time\" content=\"2024-09-12T14:32:35+00:00\" \/>\n<meta name=\"twitter:card\" content=\"summary_large_image\" \/>\n<meta name=\"twitter:label1\" content=\"Tempo di lettura stimato\" \/>\n\t<meta name=\"twitter:data1\" content=\"6 minuti\" \/>\n<script type=\"application\/ld+json\" class=\"yoast-schema-graph\">{\"@context\":\"https:\/\/schema.org\",\"@graph\":[{\"@type\":\"WebPage\",\"@id\":\"https:\/\/miaustore.com\/it\/condizioni-duso.html\",\"url\":\"https:\/\/miaustore.com\/it\/condizioni-duso.html\",\"name\":\"Termini e Condizioni d'uso - Miaustore Italia Fontanella per gatti\",\"isPartOf\":{\"@id\":\"https:\/\/miaustore.com\/it\/#website\"},\"datePublished\":\"2018-06-01T14:07:58+00:00\",\"dateModified\":\"2024-09-12T14:32:35+00:00\",\"description\":\"Termini e condizioni per Miaustore In questa pagina troverai le condizioni generali di https:\/\/www.miaustore.com\/it, messe a disposizione da Miaustore.\",\"breadcrumb\":{\"@id\":\"https:\/\/miaustore.com\/it\/condizioni-duso.html#breadcrumb\"},\"inLanguage\":\"it-IT\",\"potentialAction\":[{\"@type\":\"ReadAction\",\"target\":[\"https:\/\/miaustore.com\/it\/condizioni-duso.html\"]}]},{\"@type\":\"BreadcrumbList\",\"@id\":\"https:\/\/miaustore.com\/it\/condizioni-duso.html#breadcrumb\",\"itemListElement\":[{\"@type\":\"ListItem\",\"position\":1,\"name\":\"Startseite\",\"item\":\"https:\/\/miaustore.com\/it\/\"},{\"@type\":\"ListItem\",\"position\":2,\"name\":\"Condizioni d&#8217;uso\"}]},{\"@type\":\"WebSite\",\"@id\":\"https:\/\/miaustore.com\/it\/#website\",\"url\":\"https:\/\/miaustore.com\/it\/\",\"name\":\"Miaustore Italia\",\"description\":\"Fontanella di ceramica per gatti\",\"potentialAction\":[{\"@type\":\"SearchAction\",\"target\":{\"@type\":\"EntryPoint\",\"urlTemplate\":\"https:\/\/miaustore.com\/it\/?s={search_term_string}\"},\"query-input\":{\"@type\":\"PropertyValueSpecification\",\"valueRequired\":true,\"valueName\":\"search_term_string\"}}],\"inLanguage\":\"it-IT\"}]}<\/script>\n<!-- \/ Yoast SEO Premium plugin. -->","yoast_head_json":{"title":"Termini e Condizioni d'uso - Miaustore Italia Fontanella per gatti","description":"Termini e condizioni per Miaustore In questa pagina troverai le condizioni generali di https:\/\/www.miaustore.com\/it, messe a disposizione da Miaustore.","robots":{"index":"index","follow":"follow","max-snippet":"max-snippet:-1","max-image-preview":"max-image-preview:large","max-video-preview":"max-video-preview:-1"},"canonical":"https:\/\/miaustore.com\/it\/condizioni-duso.html","og_locale":"it_IT","og_type":"article","og_title":"Condizioni d'uso","og_description":"Termini e condizioni per Miaustore In questa pagina troverai le condizioni generali di https:\/\/www.miaustore.com\/it, messe a disposizione da Miaustore.","og_url":"https:\/\/miaustore.com\/it\/condizioni-duso.html","og_site_name":"Miaustore Italia","article_modified_time":"2024-09-12T14:32:35+00:00","twitter_card":"summary_large_image","twitter_misc":{"Tempo di lettura stimato":"6 minuti"},"schema":{"@context":"https:\/\/schema.org","@graph":[{"@type":"WebPage","@id":"https:\/\/miaustore.com\/it\/condizioni-duso.html","url":"https:\/\/miaustore.com\/it\/condizioni-duso.html","name":"Termini e Condizioni d'uso - Miaustore Italia Fontanella per gatti","isPartOf":{"@id":"https:\/\/miaustore.com\/it\/#website"},"datePublished":"2018-06-01T14:07:58+00:00","dateModified":"2024-09-12T14:32:35+00:00","description":"Termini e condizioni per Miaustore In questa pagina troverai le condizioni generali di https:\/\/www.miaustore.com\/it, messe a disposizione da Miaustore.","breadcrumb":{"@id":"https:\/\/miaustore.com\/it\/condizioni-duso.html#breadcrumb"},"inLanguage":"it-IT","potentialAction":[{"@type":"ReadAction","target":["https:\/\/miaustore.com\/it\/condizioni-duso.html"]}]},{"@type":"BreadcrumbList","@id":"https:\/\/miaustore.com\/it\/condizioni-duso.html#breadcrumb","itemListElement":[{"@type":"ListItem","position":1,"name":"Startseite","item":"https:\/\/miaustore.com\/it\/"},{"@type":"ListItem","position":2,"name":"Condizioni d&#8217;uso"}]},{"@type":"WebSite","@id":"https:\/\/miaustore.com\/it\/#website","url":"https:\/\/miaustore.com\/it\/","name":"Miaustore Italia","description":"Fontanella di ceramica per gatti","potentialAction":[{"@type":"SearchAction","target":{"@type":"EntryPoint","urlTemplate":"https:\/\/miaustore.com\/it\/?s={search_term_string}"},"query-input":{"@type":"PropertyValueSpecification","valueRequired":true,"valueName":"search_term_string"}}],"inLanguage":"it-IT"}]}},"_links":{"self":[{"href":"https:\/\/miaustore.com\/it\/wp-json\/wp\/v2\/pages\/201","targetHints":{"allow":["GET"]}}],"collection":[{"href":"https:\/\/miaustore.com\/it\/wp-json\/wp\/v2\/pages"}],"about":[{"href":"https:\/\/miaustore.com\/it\/wp-json\/wp\/v2\/types\/page"}],"author":[{"embeddable":true,"href":"https:\/\/miaustore.com\/it\/wp-json\/wp\/v2\/users\/1"}],"replies":[{"embeddable":true,"href":"https:\/\/miaustore.com\/it\/wp-json\/wp\/v2\/comments?post=201"}],"version-history":[{"count":24,"href":"https:\/\/miaustore.com\/it\/wp-json\/wp\/v2\/pages\/201\/revisions"}],"predecessor-version":[{"id":615398,"href":"https:\/\/miaustore.com\/it\/wp-json\/wp\/v2\/pages\/201\/revisions\/615398"}],"wp:attachment":[{"href":"https:\/\/miaustore.com\/it\/wp-json\/wp\/v2\/media?parent=201"}],"curies":[{"name":"wp","href":"https:\/\/api.w.org\/{rel}","templated":true}]}}