{"id":389,"date":"2018-01-10T14:39:43","date_gmt":"2018-01-10T14:39:43","guid":{"rendered":"https:\/\/miaustore.com\/nl\/?page_id=389"},"modified":"2023-06-02T09:14:53","modified_gmt":"2023-06-02T09:14:53","slug":"over-ons","status":"publish","type":"page","link":"https:\/\/miaustore.com\/nl\/over-ons.html","title":{"rendered":"Over ons"},"content":{"rendered":"\t\t<div data-elementor-type=\"wp-page\" data-elementor-id=\"389\" class=\"elementor elementor-389\" data-elementor-post-type=\"page\">\n\t\t\t\t\t\t<section class=\"elementor-section elementor-top-section elementor-element elementor-element-17688e2 elementor-section-boxed elementor-section-height-default elementor-section-height-default\" data-id=\"17688e2\" data-element_type=\"section\">\n\t\t\t\t\t\t<div class=\"elementor-container elementor-column-gap-default\">\n\t\t\t\t\t<div class=\"elementor-column elementor-col-100 elementor-top-column elementor-element elementor-element-22e293b\" data-id=\"22e293b\" data-element_type=\"column\">\n\t\t\t<div class=\"elementor-widget-wrap elementor-element-populated\">\n\t\t\t\t\t\t<div class=\"elementor-element elementor-element-6781f8a elementor-widget elementor-widget-text-editor\" data-id=\"6781f8a\" data-element_type=\"widget\" data-widget_type=\"text-editor.default\">\n\t\t\t\t<div class=\"elementor-widget-container\">\n\t\t\t\t\t\t\t\t\t<h1>Ons bedrijf<\/h1>\n<p>Creatieve, innovatieve kattenproducten om de gezondheid en levenskwaliteit van uw huisdier te verbeteren.<br><br>Bij Miaustore geloven we in het verbeteren van het leven van katten en hun baasjes door middel van goed onderzochte, handgemaakte kattenproducten.<br><br>Ons belangrijkste product is de kattenfontein, voornamelijk gemaakt door jullie, de klanten! Door middel van marktonderzoek, beoordelingen van klanten en met de hulp van ingenieurs van over de hele wereld, waren we in staat om een kattenfontein te cre\u00ebren die geen van de problemen van de concurrentie heeft, zoals een luidruchtige pomp, enz. Met behoud van alle voordelen van de fonteinen.<br><br>Ons doel is om voortdurend naar katten en eigenaren te luisteren en hen de producten aan te bieden die ze willen, van de best mogelijke kwaliteit, tegen de beste prijs.<br><\/p>\n<h2>Eigenaarsinformatie<\/h2>\n<p><br><\/p>\n<p><strong>Bedrijfseigenaar (UBO):<\/strong>&nbsp;Chen Yongju<br><strong>Bedrijfsnaam:<\/strong>&nbsp;Miaustore EU Webshop Limited<br><strong>Bedrijfsadres<\/strong>: Room 1902, Easey Commercial Building, 253-261 Hennessy Road, Wan Chai, Hongkong<br><strong>Bedrijfslicentienummer:<\/strong>&nbsp;3220155<br><strong>E-mail:&nbsp;<\/strong>Miaustore699@outlook.com<br><strong>Tel:<\/strong>&nbsp;(+852) 57481890 (alleen tekst)<br><\/p>\n<h4><span style=\"font-size: 45.712px; letter-spacing: -0.035em;\">Retourbeleid<\/span><br><\/h4>\n<p>Sinds 01 november 2018 biedt Miaustore haar klanten een acceptatiegarantie van 1 jaar. Indien de fontein niet wordt geaccepteerd door de kat of indien een van de beloften van Miaustore niet wordt nagekomen (gemakkelijke reiniging, hoge kwaliteit, gemakkelijk bijvullen, veiligheid, enz.), kan de koper de fontein binnen de periode van 1 jaar retourneren en de aankoopprijs van de fontein terugkrijgen. De fontein moet in onbeschadigde staat verkeren om aanspraak te kunnen maken op de garantie van 1 jaar.<br><br>Gelieve geen andere producten dan de kattenfontein te retourneren. Als je meer producten retourneert, kunnen we daar geen rekening mee houden en moet je mogelijk de volledige retourkosten betalen als je je producten wilt laten retourneren. We vragen uw begrip dat we gepersonaliseerde producten zoals gravures niet kunnen terugbetalen.<br><br>Alle non-fountain producten kunnen binnen 14 dagen geretourneerd worden.<br><br>U draagt de rechtstreekse kosten van het terugzenden van de goederen. Neem contact met ons op voordat u de goederen retourneert.<br><\/p>\n<h5 style=\"text-align: center;\"><strong>De fontein moet worden teruggestuurd naar het volgende adres:<\/strong><\/h5>\n<p style=\"text-align: center;\">Miaustore.com<\/p>\n<p><br><\/p>\n<p style=\"text-align: center;\">isklad e-fulfilment Dia\u013eni\u010dn\u00e1 cesta 5, Hala D, gate 35 90301 Senec Slowakije<\/p>\n<p>,<\/p>\t\t\t\t\t\t\t\t<\/div>\n\t\t\t\t<\/div>\n\t\t\t\t\t<\/div>\n\t\t<\/div>\n\t\t\t\t\t<\/div>\n\t\t<\/section>\n\t\t\t\t<\/div>\n\t\t","protected":false},"excerpt":{"rendered":"<p>Ons bedrijf Creatieve, innovatieve kattenproducten om de gezondheid en levenskwaliteit van uw huisdier te verbeteren.Bij Miaustore geloven we in het verbeteren van het leven van katten en hun baasjes door middel van goed onderzochte, handgemaakte kattenproducten.Ons belangrijkste product is de kattenfontein, voornamelijk gemaakt door jullie, de klanten! Door middel van marktonderzoek, beoordelingen van klanten en met de hulp van ingenieurs &#8230; <\/p>\n<div><a href=\"https:\/\/miaustore.com\/nl\/over-ons.html\" class=\"more-link\">Read More<\/a><\/div>\n","protected":false},"author":1,"featured_media":0,"parent":0,"menu_order":0,"comment_status":"closed","ping_status":"closed","template":"elementor_header_footer","meta":{"_glsr_average":0,"_glsr_ranking":0,"_glsr_reviews":0,"footnotes":""},"categories":[],"tags":[],"class_list":["post-389","page","type-page","status-publish","hentry","no-post-thumbnail"],"yoast_head":"<!-- This site is optimized with the Yoast SEO Premium plugin v26.7 (Yoast SEO v26.7) - https:\/\/yoast.com\/wordpress\/plugins\/seo\/ -->\n<title>Over ons - Miaustore Netherlands kat waterfontein<\/title>\n<meta name=\"description\" content=\"Wij staan voor het cre\u00ebren van innovatieve kattenproducten om de gezondheid en kwaliteit van leven voor uw huisdier te verbeteren.\" \/>\n<meta name=\"robots\" content=\"index, follow, max-snippet:-1, max-image-preview:large, max-video-preview:-1\" \/>\n<link rel=\"canonical\" href=\"https:\/\/miaustore.com\/nl\/over-ons.html\" \/>\n<meta property=\"og:locale\" content=\"nl_NL\" \/>\n<meta property=\"og:type\" content=\"article\" \/>\n<meta property=\"og:title\" content=\"Over ons\" \/>\n<meta property=\"og:description\" content=\"Wij staan voor het cre\u00ebren van innovatieve kattenproducten om de gezondheid en kwaliteit van leven voor uw huisdier te verbeteren.\" \/>\n<meta property=\"og:url\" content=\"https:\/\/miaustore.com\/nl\/over-ons.html\" \/>\n<meta property=\"og:site_name\" content=\"Miaustore Nederlands\" \/>\n<meta property=\"article:modified_time\" content=\"2023-06-02T09:14:53+00:00\" \/>\n<meta name=\"twitter:card\" content=\"summary_large_image\" \/>\n<meta name=\"twitter:label1\" content=\"Geschatte leestijd\" \/>\n\t<meta name=\"twitter:data1\" content=\"2 minuten\" \/>\n<script type=\"application\/ld+json\" class=\"yoast-schema-graph\">{\"@context\":\"https:\/\/schema.org\",\"@graph\":[{\"@type\":\"WebPage\",\"@id\":\"https:\/\/miaustore.com\/nl\/over-ons.html\",\"url\":\"https:\/\/miaustore.com\/nl\/over-ons.html\",\"name\":\"Over ons - Miaustore Netherlands kat waterfontein\",\"isPartOf\":{\"@id\":\"https:\/\/miaustore.com\/nl\/#website\"},\"datePublished\":\"2018-01-10T14:39:43+00:00\",\"dateModified\":\"2023-06-02T09:14:53+00:00\",\"description\":\"Wij staan voor het cre\u00ebren van innovatieve kattenproducten om de gezondheid en kwaliteit van leven voor uw huisdier te verbeteren.\",\"breadcrumb\":{\"@id\":\"https:\/\/miaustore.com\/nl\/over-ons.html#breadcrumb\"},\"inLanguage\":\"nl-NL\",\"potentialAction\":[{\"@type\":\"ReadAction\",\"target\":[\"https:\/\/miaustore.com\/nl\/over-ons.html\"]}]},{\"@type\":\"BreadcrumbList\",\"@id\":\"https:\/\/miaustore.com\/nl\/over-ons.html#breadcrumb\",\"itemListElement\":[{\"@type\":\"ListItem\",\"position\":1,\"name\":\"Startseite\",\"item\":\"https:\/\/miaustore.com\/nl\/\"},{\"@type\":\"ListItem\",\"position\":2,\"name\":\"Over ons\"}]},{\"@type\":\"WebSite\",\"@id\":\"https:\/\/miaustore.com\/nl\/#website\",\"url\":\"https:\/\/miaustore.com\/nl\/\",\"name\":\"Miaustore Nederlands\",\"description\":\"Keramisch drinkfontein voor katten\",\"potentialAction\":[{\"@type\":\"SearchAction\",\"target\":{\"@type\":\"EntryPoint\",\"urlTemplate\":\"https:\/\/miaustore.com\/nl\/?s={search_term_string}\"},\"query-input\":{\"@type\":\"PropertyValueSpecification\",\"valueRequired\":true,\"valueName\":\"search_term_string\"}}],\"inLanguage\":\"nl-NL\"}]}<\/script>\n<!-- \/ Yoast SEO Premium plugin. -->","yoast_head_json":{"title":"Over ons - Miaustore Netherlands kat waterfontein","description":"Wij staan voor het cre\u00ebren van innovatieve kattenproducten om de gezondheid en kwaliteit van leven voor uw huisdier te verbeteren.","robots":{"index":"index","follow":"follow","max-snippet":"max-snippet:-1","max-image-preview":"max-image-preview:large","max-video-preview":"max-video-preview:-1"},"canonical":"https:\/\/miaustore.com\/nl\/over-ons.html","og_locale":"nl_NL","og_type":"article","og_title":"Over ons","og_description":"Wij staan voor het cre\u00ebren van innovatieve kattenproducten om de gezondheid en kwaliteit van leven voor uw huisdier te verbeteren.","og_url":"https:\/\/miaustore.com\/nl\/over-ons.html","og_site_name":"Miaustore Nederlands","article_modified_time":"2023-06-02T09:14:53+00:00","twitter_card":"summary_large_image","twitter_misc":{"Geschatte leestijd":"2 minuten"},"schema":{"@context":"https:\/\/schema.org","@graph":[{"@type":"WebPage","@id":"https:\/\/miaustore.com\/nl\/over-ons.html","url":"https:\/\/miaustore.com\/nl\/over-ons.html","name":"Over ons - Miaustore Netherlands kat waterfontein","isPartOf":{"@id":"https:\/\/miaustore.com\/nl\/#website"},"datePublished":"2018-01-10T14:39:43+00:00","dateModified":"2023-06-02T09:14:53+00:00","description":"Wij staan voor het cre\u00ebren van innovatieve kattenproducten om de gezondheid en kwaliteit van leven voor uw huisdier te verbeteren.","breadcrumb":{"@id":"https:\/\/miaustore.com\/nl\/over-ons.html#breadcrumb"},"inLanguage":"nl-NL","potentialAction":[{"@type":"ReadAction","target":["https:\/\/miaustore.com\/nl\/over-ons.html"]}]},{"@type":"BreadcrumbList","@id":"https:\/\/miaustore.com\/nl\/over-ons.html#breadcrumb","itemListElement":[{"@type":"ListItem","position":1,"name":"Startseite","item":"https:\/\/miaustore.com\/nl\/"},{"@type":"ListItem","position":2,"name":"Over ons"}]},{"@type":"WebSite","@id":"https:\/\/miaustore.com\/nl\/#website","url":"https:\/\/miaustore.com\/nl\/","name":"Miaustore Nederlands","description":"Keramisch drinkfontein voor katten","potentialAction":[{"@type":"SearchAction","target":{"@type":"EntryPoint","urlTemplate":"https:\/\/miaustore.com\/nl\/?s={search_term_string}"},"query-input":{"@type":"PropertyValueSpecification","valueRequired":true,"valueName":"search_term_string"}}],"inLanguage":"nl-NL"}]}},"_links":{"self":[{"href":"https:\/\/miaustore.com\/nl\/wp-json\/wp\/v2\/pages\/389","targetHints":{"allow":["GET"]}}],"collection":[{"href":"https:\/\/miaustore.com\/nl\/wp-json\/wp\/v2\/pages"}],"about":[{"href":"https:\/\/miaustore.com\/nl\/wp-json\/wp\/v2\/types\/page"}],"author":[{"embeddable":true,"href":"https:\/\/miaustore.com\/nl\/wp-json\/wp\/v2\/users\/1"}],"replies":[{"embeddable":true,"href":"https:\/\/miaustore.com\/nl\/wp-json\/wp\/v2\/comments?post=389"}],"version-history":[{"count":0,"href":"https:\/\/miaustore.com\/nl\/wp-json\/wp\/v2\/pages\/389\/revisions"}],"wp:attachment":[{"href":"https:\/\/miaustore.com\/nl\/wp-json\/wp\/v2\/media?parent=389"}],"wp:term":[{"taxonomy":"category","embeddable":true,"href":"https:\/\/miaustore.com\/nl\/wp-json\/wp\/v2\/categories?post=389"},{"taxonomy":"post_tag","embeddable":true,"href":"https:\/\/miaustore.com\/nl\/wp-json\/wp\/v2\/tags?post=389"}],"curies":[{"name":"wp","href":"https:\/\/api.w.org\/{rel}","templated":true}]}}