{"id":115,"date":"2018-06-01T16:20:09","date_gmt":"2018-06-01T14:20:09","guid":{"rendered":"https:\/\/miaustore.com\/pl\/?page_id=115"},"modified":"2024-09-12T16:35:49","modified_gmt":"2024-09-12T14:35:49","slug":"warunki-ogolne-2-2","status":"publish","type":"page","link":"https:\/\/miaustore.com\/pl\/warunki-ogolne-2-2.html","title":{"rendered":"Warunki og\u00f3lne"},"content":{"rendered":"<h1>Warunki dla <a href=\"https:\/\/miaustore.com\/uk\/\">Miaustore<\/a><\/h1>\r\nNa tej stronie znajdziesz og\u00f3lne warunki https:\/\/www.miaustore.com\/pl, udost\u0119pnione Miaustore EU Webshop Limited. W niniejszych warunkach wskazujemy, pod jakim zastrze\u017ceniem oferujemy Pa\u0144stwu informacje na naszej stronie internetowej.\r\n\r\n&nbsp;\r\n<h2><strong>W\u0142asno\u015b\u0107 intelektualna<\/strong><\/h2>\r\nKorzystanie z informacji na tej stronie internetowej jest wolne, o ile informacje na niej nie s\u0105 przez Ciebie kopiowane, rozpowszechnianie lub w inny spos\u00f3b niew\u0142a\u015bciwie u\u017cywane. Informacje na tej stronie mog\u0105 by\u0107 ponownie u\u017cawne przez Ciebie jedynie zgodnie z przepisami obowi\u0105zuj\u0105cego prawa.\r\n\r\nBez wyra\u017anej, pisemnej zgody Miaustore nie wolno ponownie wykorzystywa\u0107 tekstu, materia\u0142\u00f3w fotograficznych lub innych materia\u0142\u00f3w na tej stronie. W\u0142asno\u015b\u0107 intelektualna nale\u017cy do Miaustore.\r\n\r\nW razie potrzeby:\r\n\r\nDla cen na naszej stronie internetowej d\u0105\u017cymy do jak najdok\u0142adniejszego odzwierciedlenia rzeczywisto\u015bci i zamierzonych cen. B\u0142\u0119dy, kt\u00f3re powstaj\u0105 i s\u0105 rozpoznawalne jako b\u0142\u0119dy programistyczne lub b\u0142\u0119dy typowania, nigdy nie stanowi\u0105 podstawy do \u017c\u0105dania lub zawarcia umowy z Miaustore.\r\n\r\nMiaustore d\u0105\u017cy do aktualizowania strony internetowej na bie\u017c\u0105co. Je\u015bli pomimo tych stara\u0144 informacje lub tre\u015bci na tej stronie s\u0105 niekompletne i \/ lub nieprawid\u0142owe, nie mo\u017cemy przyj\u0105\u0107 na siebie \u017cadnej odpowiedzialno\u015bci.\r\n\r\nInformacje i \/ lub produkty na tej stronie s\u0105 oferowane bez jakiejkolwiek gwarancji i \/ lub roszczenia do poprawno\u015bci. Zastrzegamy sobie prawo do zmiany, usuni\u0119cia lub ponownego zainstalowania tych materia\u0142\u00f3w bez uprzedzenia. Miaustore nie ponosi \u017cadnej odpowiedzialno\u015bci za jakiekolwiek informacje zawarte na stronach internetowych, do kt\u00f3rych odsy\u0142aja za pomoc\u0105 hiper\u0142\u0105czy.<br class=\"clear\" \/>Pigmenty kolor\u00f3w fontanny s\u0105 mieszane r\u0119cznie, wi\u0119c mog\u0105 pojawi\u0107 si\u0119 niewielkie r\u00f3\u017cnice w kolorze. Nie udzielamy zwrot\u00f3w, je\u015bli \u017c\u0105danie wynika z r\u00f3\u017cnic w kolorze.\r\n<h2><strong>Oferty specjalne i rabaty<\/strong><\/h2>\r\nOferty specjalne i promocje s\u0105 ograniczone czasowo i dotycz\u0105 tylko produkt\u00f3w wymienionych w danej ofercie. Rabaty nie podlegaj\u0105 przeniesieniu i nie mog\u0105 by\u0107 wymienione na got\u00f3wk\u0119. Nie mo\u017cna \u0142\u0105czy\u0107 wielu ofert, rabat\u00f3w ani kupon\u00f3w, chyba \u017ce jest to wyra\u017anie zaznaczone. Ka\u017cda promocja jest mo\u017cliwa do wykorzystania tylko raz na klienta. W przypadku nieporozumie\u0144 lub problem\u00f3w z zastosowaniem rabat\u00f3w zastrzegamy sobie prawo do anulowania lub zmiany rabatu.\r\n<h2><strong>Zmiany<\/strong><\/h2>\r\nJe\u015bli te og\u00f3lne warunki ulegn\u0105 zmianie, na tej stronie znajdziesz najnowsz\u0105 wersj\u0119 zrzeczenia si\u0119 https:\/\/www.miaustore.com\/pl.\r\n\r\n&nbsp;\r\n<h2>R\u00f3\u017cnice w kolorach<\/h2>\r\n<br class=\"clear\" \/>Pigmenty kolor\u00f3w fontanny s\u0105 mieszane r\u0119cznie, wi\u0119c mog\u0105 pojawi\u0107 si\u0119 niewielkie r\u00f3\u017cnice w kolorze. Nie udzielamy zwrot\u00f3w, je\u015bli \u017c\u0105danie wynika z r\u00f3\u017cnic w kolorze. <br class=\"clear\" \/><br class=\"clear\" \/><br class=\"clear\" \/>\r\n<h3>Zwrot<\/h3>\r\nProsz\u0119 skontaktowa\u0107 si\u0119 z nami na support@miaustore.com w celu dokonania zwrotu.\r\nCzas zwroty mo\u017ce zaj\u0105\u0107 do 2 tygodni, nie wliczaj\u0105c w to czasu przesy\u0142ki.\r\nKlient odpowiada za pokrycie koszt\u00f3w przesy\u0142ki, kt\u00f3re nie s\u0105 zwi\u0105zane z reklamacj\u0105.\r\n\r\n&nbsp;\r\n<h2>Polityka zwrot\u00f3w<\/h2>\r\nProsimy <strong>nie odsy\u0142a\u0107 fontann do producenta<\/strong>, chyba \u017ce wyra\u017anie o to poprosimy w wiadomo\u015bci mailowej.\r\n\r\n&nbsp;\r\n<h3>14 dni na zwrot<\/h3>\r\n<br class=\"clear\" \/>Wed\u0142ug prawa Europejskiego, ka\u017cdy klient ma prawo anulowa\u0107 zam\u00f3wienie w ci\u0105gu 14 dni od otrzymania produktu.<br class=\"clear\" \/><br class=\"clear\" \/>\r\n\r\nW celu dokonania zwrotu, produkt musi by\u0107 w takim samym stanie, w jakim zosta\u0142 otrzymany, a tak\u017ce odes\u0142any w oryginalnym opakowaniu. <br class=\"clear\" \/><br class=\"clear\" \/>\u017beby odes\u0142a\u0107 produkt, prosz\u0119 skontaktowa\u0107 si\u0119 z nami na<strong> support@miaustore.com<\/strong>. <br class=\"clear\" \/><br class=\"clear\" \/>Klient jest odpowiedzialny za koszty przesy\u0142ki.<br class=\"clear\" \/><br class=\"clear\" \/><br class=\"clear\" \/>\r\n\r\nJe\u015bli chcesz zwr\u00f3ci\u0107 towar, skontaktuj si\u0119 z nami pod adresem support@miaustore.com.\r\n<h3>1 rok gwarancji satysfakcji<\/h3>\r\n<p style=\"text-align: left;\"><br class=\"clear\" \/>Mo\u017cesz odes\u0142a\u0107 swoj\u0105 fontann\u0119 dla kota w ci\u0105gu 1 roku i odzyska\u0107 kwot\u0119, kt\u00f3r\u0105 za ni\u0105 zap\u0142aci\u0142e\u015b\/a\u015b, je\u015bli Tw\u00f3j kot nie chce z niej pi\u0107, b\u0105d\u017a w jaki\u015b inny spos\u00f3b nie spe\u0142ni\u0142a ona Twoich oczekiwa\u0144.<\/p>\r\n<p style=\"text-align: left;\">Produkt musi by\u0107 zapakowany oryginalnie oraz tak samo sprawny, jak w momencie otrzymania.<\/p>\r\n\u017beby odes\u0142a\u0107 produkt, prosz\u0119 skontaktowa\u0107 si\u0119 z nami na support@miaustore.com.\r\n\r\n<span class=\"VIiyi\" lang=\"pl\"><span class=\"JLqJ4b ChMk0b\" data-language-for-alternatives=\"pl\" data-language-to-translate-into=\"auto\" data-phrase-index=\"0\">Powstrzymaj si\u0119 od wysy\u0142ania produkt\u00f3w innych ni\u017c \u017ar\u00f3d\u0142o do naszego magazynu.<\/span> <span class=\"JLqJ4b ChMk0b\" data-language-for-alternatives=\"pl\" data-language-to-translate-into=\"auto\" data-phrase-index=\"1\">Je\u015bli zwr\u00f3cisz inne produkty, nie mo\u017cemy ich uwzgl\u0119dni\u0107 i by\u0107 mo\u017ce b\u0119dziesz musia\u0142 zap\u0142aci\u0107 pe\u0142ny koszt zwrotu, je\u015bli chcesz, aby te produkty zosta\u0142y Ci zwr\u00f3cone.<\/span><\/span>\r\nJe\u015bli chcesz zwr\u00f3ci\u0107 towar, skontaktuj si\u0119 z nami pod adresem support@miaustore.com.\r\n\r\n<span class=\"VIiyi\" lang=\"pl\"><span class=\"JLqJ4b ChMk0b\" data-language-for-alternatives=\"pl\" data-language-to-translate-into=\"auto\" data-phrase-index=\"0\">Nie ma zwrotu koszt\u00f3w za spersonalizowane przedmioty, takie jak grawerowanie czcionek.<\/span><\/span>\r\n\r\nPrzeniesienie gwarancji przyj\u0119cia na osoby trzecie jest wykluczone.\r\n\r\n<span class=\"VIiyi\" lang=\"pl\"><span class=\"JLqJ4b ChMk0b\" data-language-for-alternatives=\"pl\" data-language-to-translate-into=\"auto\" data-phrase-index=\"2\">* 2-letnia gwarancja obejmuje uszkodzone cz\u0119\u015bci pompy poprzez pokazanie zdj\u0119cia uszkodzonej cz\u0119\u015bci.<\/span> <span class=\"JLqJ4b ChMk0b\" data-language-for-alternatives=\"pl\" data-language-to-translate-into=\"auto\" data-phrase-index=\"3\">Je\u015bli cz\u0119\u015b\u0107 zostanie zgubiona lub wyrzucona, nadal mo\u017cna kupi\u0107 cz\u0119\u015bci zamienne do pompy na stronie internetowej.<\/span><\/span> <br class=\"clear\" \/><br class=\"clear\" \/>\r\n\r\n&nbsp;\r\n<h2>Gwarancja na 10 lat<\/h2>\r\n<br class=\"clear\" \/>Istnieje mo\u017cliwo\u015b\u0107 wykupienia przed\u0142u\u017conej gwarancji 10 lat na fontann\u0119 lub do 14 dni od daty zakupu.<br class=\"clear\" \/><br class=\"clear\" \/>Mo\u017cemy wymaga\u0107 zdj\u0119cia zg\u0142aszanej usterki\/szkody i zastrzegamy sobie prawo do wymogu odes\u0142ania do nas fontanny. Dostaniesz pe\u0142ny zwrot koszt\u00f3w, jak tylko otrzymamy fontann\u0119 b\u0105d\u017a zdj\u0119cie dowodu wysy\u0142ki. <br class=\"clear\" \/><br class=\"clear\" \/>\r\n\r\nGwarancja na 10 lat pokrywa jedynie jedn\u0105 fontann\u0119. W przypadku zakupu dw\u00f3ch lub wi\u0119cej, zostanie ona losowo przypisana do jednej z nich, chyba \u017ce klient pisemnie wska\u017ce jedn\u0105 konkretn\u0105, zaraz po dokonaniu zakupu.<br class=\"clear\" \/><br class=\"clear\" \/>\r\n\r\nOd dnia zakupu, ta gwarancja pokrywa darmow\u0105 przesy\u0142k\u0119 do klienta ka\u017cdej cz\u0119\u015b\u0107 fontanny, w\u0142\u0105czaj\u0105c w to nast\u0119puj\u0105ce:<br class=\"clear\" \/><br class=\"clear\" \/>\r\n\r\n&#8211; Jedna fontanna dla kota <br class=\"clear\" \/>-Je\u015bli posiadasz wi\u0119cej ni\u017c jedn\u0105 fontann\u0119, w celu podlegania gwarancji b\u0119dziesz musia\u0142\/a zakupi\u0107 dla nich osobne gwarancje.<br class=\"clear\" \/>&#8211; Pompa <br class=\"clear\" \/>&#8211; Plastikowa cz\u0119\u015b\u0107 na czubku fontanny, silikonowa tuba oraz \u0142\u0105cznik pompy.<br class=\"clear\" \/>&#8211; USB adapter <br class=\"clear\" \/><br class=\"clear\" \/>\r\n\r\nGwarancja NIE jest stworzona do:<br class=\"clear\" \/>&#8211; P\u0119kni\u0119cia ceramiki po 6 miesi\u0105cach (jak r\u00f3wnie\u017c brak wymiany na p\u0119kni\u0119cia ceramiczne, kt\u00f3re nie ograniczaj\u0105 u\u017cytkowania studni np. Odpryski, uszkodzenia ceramiki, tzw. Skazy)<br class=\"clear\" \/>&#8211; Uraz\u00f3w fontanny, kt\u00f3re powsta\u0142y na wskutek zaniedbania b\u0105d\u017a celowego uszkodzenia:<br class=\"clear\" \/>\u00a0 Fontanny, pompy, plastikowej cz\u0119\u015bci na czubku fontanny, silikonowej tuby i \u0142\u0105cznika pompy, adaptera USB\u00a0<br class=\"clear\" \/>&#8211; Dodatkowych akcesori\u00f3w zakupionych w na Miuastore.com <br class=\"clear\" \/>&#8211; Gwarancji ustawowych<br class=\"clear\" \/>&#8211; Zmian w kolorze spowodowanych u\u017cywaniem wody o wysokiej zawarto\u015bci wapna<br class=\"clear\" \/>&#8211; Nie wymieniamy pomp, kt\u00f3rych klient w razie usterki odm\u00f3wi otwarcia i konserwacji wed\u0142ug naszym instrukcji prawid\u0142owego czyszczenia i u\u017cytkowania pompy<br class=\"clear\" \/>&#8211; Ceramika grawerowana. Je\u015bli chcesz ponownie wygrawerowa\u0107 fontann\u0119, musisz zap\u0142aci\u0107 dodatkowo.<br class=\"clear\" \/><br class=\"clear\" \/>\r\n\r\nProsz\u0119 pami\u0119ta\u0107, \u017ce dodatkow\u0105 gwarancj\u0119 mo\u017cna zakupi\u0107 maksymalnie do 2 tygodni po zakupie fontanny, kt\u00f3rej gwarancja ma dotyczy\u0107.<br class=\"clear\" \/><br class=\"clear\" \/>\r\n\r\nU\u017cywanie filtrowanej wody pomo\u017ce w przed\u0142u\u017ceniu \u017cywotno\u015bci pompy i jej maksymalnej wydalno\u015bci. Niefiltrowana, wapienna woda mo\u017ce prowadzi\u0107 do uszkodzenia pompy i skr\u00f3cenia jej \u017cywotno\u015bci.<br class=\"clear\" \/><br class=\"clear\" \/>\r\n\r\nPrzeniesienie 10-letniej gwarancji na osoby trzecie jest wykluczone.\r\n<h2><strong>Szczeg\u00f3lne cechy produkt\u00f3w r\u0119cznie robionych<\/strong><\/h2>\r\nNasze r\u0119cznie robione produkty, zw\u0142aszcza wyroby ceramiczne i szkliwione, wyr\u00f3\u017cniaj\u0105 si\u0119 unikalnym rzemios\u0142em i indywidualnym procesem produkcji. W zwi\u0105zku z tym mog\u0105 wyst\u0119powa\u0107 drobne r\u00f3\u017cnice w kolorze, kszta\u0142cie, rozmiarze i fakturze, kt\u00f3re s\u0105 nieod\u0142\u0105cznym elementem procesu produkcyjnego. Takie nieprawid\u0142owo\u015bci wynikaj\u0105ce z produkcji, jak drobne niedoskona\u0142o\u015bci, r\u00f3\u017cnice kolorystyczne czy niewielkie p\u0119cherzyki powietrza w szkliwie, nie stanowi\u0105 wad, lecz podkre\u015blaj\u0105 unikalny charakter produktu.\r\n\r\nTe r\u00f3\u017cnice nie stanowi\u0105 podstawy do reklamacji, o ile nie wp\u0142ywaj\u0105 na funkcjonalno\u015b\u0107 produktu i mieszcz\u0105 si\u0119 w standardowych tolerancjach bran\u017cowych.\r\n<h2><span class=\"tlid-translation translation\" lang=\"pl\"><span title=\"\">Woda z kamienia uszkadza pomp\u0119<\/span><\/span><\/h2>\r\n<span class=\"tlid-translation translation\" lang=\"pl\"><span title=\"\">Odpowiednia piel\u0119gnacja i czyszczenie mog\u0105 temu zapobiec.<\/span> <span title=\"\">Woda z kranu jest wapienna.<\/span> <span title=\"\">Niekt\u00f3re strefy s\u0105 mniej nara\u017cone, inne s\u0105 bardziej obci\u0105\u017cone wapnem.<\/span><br class=\"clear\" \/><span title=\"\">Je\u015bli u\u017cyjesz twardej wody do uruchomienia fontanny, wcze\u015bniej czy p\u00f3\u017aniej pompa przestanie dzia\u0142a\u0107, poniewa\u017c przestrzenie mi\u0119dzy pomp\u0105 a wirnikiem s\u0105 zakamienione.<\/span> <span title=\"\">W tym miejscu zdecydowanie zalecamy u\u017cywanie niegazowanej wody z butelki lub przynajmniej wcze\u015bniejsze przefiltrowanie wody z kranu.<\/span><br class=\"clear\" \/><span title=\"\">Mo\u017cesz u\u017cy\u0107 octu lub cytryny, aby wyczy\u015bci\u0107 pomp\u0119 i usun\u0105\u0107 wapno i inne minera\u0142y.<\/span> <span title=\"\">Je\u015bli pompa przesta\u0142a dzia\u0142a\u0107, <a href=\"https:\/\/miaustore.com\/pl\/uzytkowanie-pompy.html\">te wskaz\u00f3wki<\/a> pomog\u0105 w ponownym uruchomieniu pompy (w przypadku czarnych pomp prosimy o kontakt support@miaustore.com w celu uzyskania dalszych wskaz\u00f3wek).<\/span><\/span><br class=\"clear\" \/><br class=\"clear\" \/>\r\n\r\n&nbsp;\r\n\r\n<img decoding=\"async\" class=\"alignnone size-medium wp-image-105\" src=\"https:\/\/miaustore.com\/pl\/wp-content\/uploads\/sites\/10\/2018\/06\/miaustore-logo-compressed-300x109.jpg\" alt=\"\" width=\"300\" height=\"109\" srcset=\"https:\/\/miaustore.com\/pl\/wp-content\/uploads\/sites\/10\/2018\/06\/miaustore-logo-compressed-300x109.jpg 300w, https:\/\/miaustore.com\/pl\/wp-content\/uploads\/sites\/10\/2018\/06\/miaustore-logo-compressed-100x36.jpg 100w, https:\/\/miaustore.com\/pl\/wp-content\/uploads\/sites\/10\/2018\/06\/miaustore-logo-compressed.jpg 500w\" sizes=\"(max-width: 300px) 100vw, 300px\" \/>","protected":false},"excerpt":{"rendered":"<p>Warunki dla Miaustore Na tej stronie znajdziesz og\u00f3lne warunki https:\/\/www.miaustore.com\/pl, udost\u0119pnione Miaustore EU Webshop Limited. W niniejszych warunkach wskazujemy, pod jakim zastrze\u017ceniem oferujemy Pa\u0144stwu informacje na naszej stronie internetowej. &nbsp; W\u0142asno\u015b\u0107 intelektualna Korzystanie z informacji na tej stronie internetowej jest wolne, o ile informacje na niej nie s\u0105 przez Ciebie kopiowane, rozpowszechnianie lub w inny spos\u00f3b niew\u0142a\u015bciwie u\u017cywane. Informacje na &#8230; <\/p>\n<div><a href=\"https:\/\/miaustore.com\/pl\/warunki-ogolne-2-2.html\" class=\"more-link\">Read More<\/a><\/div>\n","protected":false},"author":1,"featured_media":0,"parent":0,"menu_order":0,"comment_status":"closed","ping_status":"closed","template":"","meta":{"_glsr_average":0,"_glsr_ranking":0,"_glsr_reviews":0,"footnotes":""},"class_list":["post-115","page","type-page","status-publish","hentry","no-post-thumbnail"],"yoast_head":"<!-- This site is optimized with the Yoast SEO Premium plugin v26.7 (Yoast SEO v26.7) - https:\/\/yoast.com\/wordpress\/plugins\/seo\/ -->\n<title>Warunki og\u00f3lne - Sklep Miaustore Polska - Fontanna dla kot\u00f3w<\/title>\n<meta name=\"description\" content=\"Na tej stronie znajdziesz og\u00f3lne warunki https:\/\/www.miaustore.com\/pl, udost\u0119pnione przez Miaustore. W niniejszych og\u00f3lnych warunkach wskazujemy...\" \/>\n<meta name=\"robots\" content=\"index, follow, max-snippet:-1, max-image-preview:large, max-video-preview:-1\" \/>\n<link rel=\"canonical\" href=\"https:\/\/miaustore.com\/pl\/warunki-ogolne-2-2.html\" \/>\n<meta property=\"og:locale\" content=\"pl_PL\" \/>\n<meta property=\"og:type\" content=\"article\" \/>\n<meta property=\"og:title\" content=\"Warunki og\u00f3lne\" \/>\n<meta property=\"og:description\" content=\"Na tej stronie znajdziesz og\u00f3lne warunki https:\/\/www.miaustore.com\/pl, udost\u0119pnione przez Miaustore. W niniejszych og\u00f3lnych warunkach wskazujemy...\" \/>\n<meta property=\"og:url\" content=\"https:\/\/miaustore.com\/pl\/warunki-ogolne-2-2.html\" \/>\n<meta property=\"og:site_name\" content=\"Miaustore Poland\" \/>\n<meta property=\"article:modified_time\" content=\"2024-09-12T14:35:49+00:00\" \/>\n<meta property=\"og:image\" content=\"https:\/\/miaustore.com\/pl\/wp-content\/uploads\/sites\/10\/2018\/06\/miaustore-logo-compressed-300x109.jpg\" \/>\n<meta name=\"twitter:card\" content=\"summary_large_image\" \/>\n<meta name=\"twitter:label1\" content=\"Szacowany czas czytania\" \/>\n\t<meta name=\"twitter:data1\" content=\"6 minut\" \/>\n<script type=\"application\/ld+json\" class=\"yoast-schema-graph\">{\"@context\":\"https:\/\/schema.org\",\"@graph\":[{\"@type\":\"WebPage\",\"@id\":\"https:\/\/miaustore.com\/pl\/warunki-ogolne-2-2.html\",\"url\":\"https:\/\/miaustore.com\/pl\/warunki-ogolne-2-2.html\",\"name\":\"Warunki og\u00f3lne - Sklep Miaustore Polska - Fontanna dla kot\u00f3w\",\"isPartOf\":{\"@id\":\"https:\/\/miaustore.com\/pl\/#website\"},\"primaryImageOfPage\":{\"@id\":\"https:\/\/miaustore.com\/pl\/warunki-ogolne-2-2.html#primaryimage\"},\"image\":{\"@id\":\"https:\/\/miaustore.com\/pl\/warunki-ogolne-2-2.html#primaryimage\"},\"thumbnailUrl\":\"https:\/\/miaustore.com\/pl\/wp-content\/uploads\/sites\/10\/2018\/06\/miaustore-logo-compressed-300x109.jpg\",\"datePublished\":\"2018-06-01T14:20:09+00:00\",\"dateModified\":\"2024-09-12T14:35:49+00:00\",\"description\":\"Na tej stronie znajdziesz og\u00f3lne warunki https:\/\/www.miaustore.com\/pl, udost\u0119pnione przez Miaustore. W niniejszych og\u00f3lnych warunkach wskazujemy...\",\"breadcrumb\":{\"@id\":\"https:\/\/miaustore.com\/pl\/warunki-ogolne-2-2.html#breadcrumb\"},\"inLanguage\":\"pl-PL\",\"potentialAction\":[{\"@type\":\"ReadAction\",\"target\":[\"https:\/\/miaustore.com\/pl\/warunki-ogolne-2-2.html\"]}]},{\"@type\":\"ImageObject\",\"inLanguage\":\"pl-PL\",\"@id\":\"https:\/\/miaustore.com\/pl\/warunki-ogolne-2-2.html#primaryimage\",\"url\":\"https:\/\/miaustore.com\/pl\/wp-content\/uploads\/sites\/10\/2018\/06\/miaustore-logo-compressed.jpg\",\"contentUrl\":\"https:\/\/miaustore.com\/pl\/wp-content\/uploads\/sites\/10\/2018\/06\/miaustore-logo-compressed.jpg\",\"width\":500,\"height\":182},{\"@type\":\"BreadcrumbList\",\"@id\":\"https:\/\/miaustore.com\/pl\/warunki-ogolne-2-2.html#breadcrumb\",\"itemListElement\":[{\"@type\":\"ListItem\",\"position\":1,\"name\":\"Startseite\",\"item\":\"https:\/\/miaustore.com\/pl\/\"},{\"@type\":\"ListItem\",\"position\":2,\"name\":\"Warunki og\u00f3lne\"}]},{\"@type\":\"WebSite\",\"@id\":\"https:\/\/miaustore.com\/pl\/#website\",\"url\":\"https:\/\/miaustore.com\/pl\/\",\"name\":\"Miaustore Poland\",\"description\":\"Ceramiczna fontanna dla kota\",\"potentialAction\":[{\"@type\":\"SearchAction\",\"target\":{\"@type\":\"EntryPoint\",\"urlTemplate\":\"https:\/\/miaustore.com\/pl\/?s={search_term_string}\"},\"query-input\":{\"@type\":\"PropertyValueSpecification\",\"valueRequired\":true,\"valueName\":\"search_term_string\"}}],\"inLanguage\":\"pl-PL\"}]}<\/script>\n<!-- \/ Yoast SEO Premium plugin. -->","yoast_head_json":{"title":"Warunki og\u00f3lne - Sklep Miaustore Polska - Fontanna dla kot\u00f3w","description":"Na tej stronie znajdziesz og\u00f3lne warunki https:\/\/www.miaustore.com\/pl, udost\u0119pnione przez Miaustore. W niniejszych og\u00f3lnych warunkach wskazujemy...","robots":{"index":"index","follow":"follow","max-snippet":"max-snippet:-1","max-image-preview":"max-image-preview:large","max-video-preview":"max-video-preview:-1"},"canonical":"https:\/\/miaustore.com\/pl\/warunki-ogolne-2-2.html","og_locale":"pl_PL","og_type":"article","og_title":"Warunki og\u00f3lne","og_description":"Na tej stronie znajdziesz og\u00f3lne warunki https:\/\/www.miaustore.com\/pl, udost\u0119pnione przez Miaustore. W niniejszych og\u00f3lnych warunkach wskazujemy...","og_url":"https:\/\/miaustore.com\/pl\/warunki-ogolne-2-2.html","og_site_name":"Miaustore Poland","article_modified_time":"2024-09-12T14:35:49+00:00","og_image":[{"url":"https:\/\/miaustore.com\/pl\/wp-content\/uploads\/sites\/10\/2018\/06\/miaustore-logo-compressed-300x109.jpg","type":"","width":"","height":""}],"twitter_card":"summary_large_image","twitter_misc":{"Szacowany czas czytania":"6 minut"},"schema":{"@context":"https:\/\/schema.org","@graph":[{"@type":"WebPage","@id":"https:\/\/miaustore.com\/pl\/warunki-ogolne-2-2.html","url":"https:\/\/miaustore.com\/pl\/warunki-ogolne-2-2.html","name":"Warunki og\u00f3lne - Sklep Miaustore Polska - Fontanna dla kot\u00f3w","isPartOf":{"@id":"https:\/\/miaustore.com\/pl\/#website"},"primaryImageOfPage":{"@id":"https:\/\/miaustore.com\/pl\/warunki-ogolne-2-2.html#primaryimage"},"image":{"@id":"https:\/\/miaustore.com\/pl\/warunki-ogolne-2-2.html#primaryimage"},"thumbnailUrl":"https:\/\/miaustore.com\/pl\/wp-content\/uploads\/sites\/10\/2018\/06\/miaustore-logo-compressed-300x109.jpg","datePublished":"2018-06-01T14:20:09+00:00","dateModified":"2024-09-12T14:35:49+00:00","description":"Na tej stronie znajdziesz og\u00f3lne warunki https:\/\/www.miaustore.com\/pl, udost\u0119pnione przez Miaustore. W niniejszych og\u00f3lnych warunkach wskazujemy...","breadcrumb":{"@id":"https:\/\/miaustore.com\/pl\/warunki-ogolne-2-2.html#breadcrumb"},"inLanguage":"pl-PL","potentialAction":[{"@type":"ReadAction","target":["https:\/\/miaustore.com\/pl\/warunki-ogolne-2-2.html"]}]},{"@type":"ImageObject","inLanguage":"pl-PL","@id":"https:\/\/miaustore.com\/pl\/warunki-ogolne-2-2.html#primaryimage","url":"https:\/\/miaustore.com\/pl\/wp-content\/uploads\/sites\/10\/2018\/06\/miaustore-logo-compressed.jpg","contentUrl":"https:\/\/miaustore.com\/pl\/wp-content\/uploads\/sites\/10\/2018\/06\/miaustore-logo-compressed.jpg","width":500,"height":182},{"@type":"BreadcrumbList","@id":"https:\/\/miaustore.com\/pl\/warunki-ogolne-2-2.html#breadcrumb","itemListElement":[{"@type":"ListItem","position":1,"name":"Startseite","item":"https:\/\/miaustore.com\/pl\/"},{"@type":"ListItem","position":2,"name":"Warunki og\u00f3lne"}]},{"@type":"WebSite","@id":"https:\/\/miaustore.com\/pl\/#website","url":"https:\/\/miaustore.com\/pl\/","name":"Miaustore Poland","description":"Ceramiczna fontanna dla kota","potentialAction":[{"@type":"SearchAction","target":{"@type":"EntryPoint","urlTemplate":"https:\/\/miaustore.com\/pl\/?s={search_term_string}"},"query-input":{"@type":"PropertyValueSpecification","valueRequired":true,"valueName":"search_term_string"}}],"inLanguage":"pl-PL"}]}},"_links":{"self":[{"href":"https:\/\/miaustore.com\/pl\/wp-json\/wp\/v2\/pages\/115","targetHints":{"allow":["GET"]}}],"collection":[{"href":"https:\/\/miaustore.com\/pl\/wp-json\/wp\/v2\/pages"}],"about":[{"href":"https:\/\/miaustore.com\/pl\/wp-json\/wp\/v2\/types\/page"}],"author":[{"embeddable":true,"href":"https:\/\/miaustore.com\/pl\/wp-json\/wp\/v2\/users\/1"}],"replies":[{"embeddable":true,"href":"https:\/\/miaustore.com\/pl\/wp-json\/wp\/v2\/comments?post=115"}],"version-history":[{"count":0,"href":"https:\/\/miaustore.com\/pl\/wp-json\/wp\/v2\/pages\/115\/revisions"}],"wp:attachment":[{"href":"https:\/\/miaustore.com\/pl\/wp-json\/wp\/v2\/media?parent=115"}],"curies":[{"name":"wp","href":"https:\/\/api.w.org\/{rel}","templated":true}]}}