{"id":118,"date":"2018-06-01T16:36:37","date_gmt":"2018-06-01T14:36:37","guid":{"rendered":"https:\/\/miaustore.com\/pl\/?page_id=118"},"modified":"2020-02-06T16:45:20","modified_gmt":"2020-02-06T15:45:20","slug":"o-nas","status":"publish","type":"page","link":"https:\/\/miaustore.com\/pl\/o-nas.html","title":{"rendered":"O nas"},"content":{"rendered":"Opowiadamy si\u0119 za tworzeniem innowacyjnych produkt\u00f3w dla kot\u00f3w, aby poprawi\u0107 zdrowie i jako\u015b\u0107 \u017cycia Twojego pupila.\r\n\r\nMiaustore zajmuje si\u0119 popraw\u0105 stylu \u017cycia kot\u00f3w i ich w\u0142a\u015bcicieli, projektuj\u0105c finezyjne i innowacyjne produkty dla kot\u00f3w. Dbamy o koty i sp\u0119dzili\u015bmy lata badaj\u0105c sposoby na popraw\u0119 ich zdrowia i sprawienie, by pili wi\u0119cej.\r\n\r\nNaszym g\u0142\u00f3wnym produktem jest nasza fontanna, kt\u00f3r\u0105 budujemy przede wszystkim jako klient! Dzi\u0119ki badaniom rynku, opiniom konsument\u00f3w i in\u017cynier\u00f3w z ca\u0142ego \u015bwiata, w ko\u0144cu wymy\u015blili\u015bmy fontann\u0119 dla kot\u00f3w, kt\u00f3ra nie ma \u017cadnych problem\u00f3w, na kt\u00f3re konsumenci narzekaj\u0105, a mianowicie ha\u0142a\u015bliwej pompy, przy zachowaniu wszystkich przydatnych funkcji.\r\n\r\nNaszym celem jest ci\u0105g\u0142e s\u0142uchanie w\u0142a\u015bcicieli kot\u00f3w i zwierz\u0105t domowych i oferowanie im po\u017c\u0105danych produkt\u00f3w w najwy\u017cszej jako\u015bci iw najlepszej cenie!\r\n\r\n<img decoding=\"async\" class=\"alignnone size-medium wp-image-105\" src=\"https:\/\/miaustore.com\/pl\/wp-content\/uploads\/sites\/10\/2018\/06\/miaustore-logo-compressed-300x109.jpg\" alt=\"\" width=\"300\" height=\"109\" srcset=\"https:\/\/miaustore.com\/pl\/wp-content\/uploads\/sites\/10\/2018\/06\/miaustore-logo-compressed-300x109.jpg 300w, https:\/\/miaustore.com\/pl\/wp-content\/uploads\/sites\/10\/2018\/06\/miaustore-logo-compressed-100x36.jpg 100w, https:\/\/miaustore.com\/pl\/wp-content\/uploads\/sites\/10\/2018\/06\/miaustore-logo-compressed.jpg 500w\" sizes=\"(max-width: 300px) 100vw, 300px\" \/>","protected":false},"excerpt":{"rendered":"<p>Opowiadamy si\u0119 za tworzeniem innowacyjnych produkt\u00f3w dla kot\u00f3w, aby poprawi\u0107 zdrowie i jako\u015b\u0107 \u017cycia Twojego pupila. Miaustore zajmuje si\u0119 popraw\u0105 stylu \u017cycia kot\u00f3w i ich w\u0142a\u015bcicieli, projektuj\u0105c finezyjne i innowacyjne produkty dla kot\u00f3w. Dbamy o koty i sp\u0119dzili\u015bmy lata badaj\u0105c sposoby na popraw\u0119 ich zdrowia i sprawienie, by pili wi\u0119cej. Naszym g\u0142\u00f3wnym produktem jest nasza fontanna, kt\u00f3r\u0105 budujemy przede wszystkim &#8230; <\/p>\n<div><a href=\"https:\/\/miaustore.com\/pl\/o-nas.html\" class=\"more-link\">Read More<\/a><\/div>\n","protected":false},"author":1,"featured_media":0,"parent":0,"menu_order":0,"comment_status":"closed","ping_status":"closed","template":"","meta":{"_glsr_average":0,"_glsr_ranking":0,"_glsr_reviews":0,"footnotes":""},"class_list":["post-118","page","type-page","status-publish","hentry","no-post-thumbnail"],"yoast_head":"<!-- This site is optimized with the Yoast SEO Premium plugin v26.7 (Yoast SEO v26.7) - https:\/\/yoast.com\/wordpress\/plugins\/seo\/ -->\n<title>O nas - Miaustore Polska Ceramiczna Fontanna dla Kot\u00f3w<\/title>\n<meta name=\"description\" content=\"Dowiedz si\u0119 wi\u0119cej o naszej firmie Miaustore, a tak\u017ce o naszym produkcie - Ceramicznej Fontannie dla Kot\u00f3w i akcesoriach, kt\u00f3re mog\u0105 zosta\u0107 do niej dobrane.\" \/>\n<meta name=\"robots\" content=\"index, follow, max-snippet:-1, max-image-preview:large, max-video-preview:-1\" \/>\n<link rel=\"canonical\" href=\"https:\/\/miaustore.com\/pl\/o-nas.html\" \/>\n<meta property=\"og:locale\" content=\"pl_PL\" \/>\n<meta property=\"og:type\" content=\"article\" \/>\n<meta property=\"og:title\" content=\"O nas\" \/>\n<meta property=\"og:description\" content=\"Dowiedz si\u0119 wi\u0119cej o naszej firmie Miaustore, a tak\u017ce o naszym produkcie - Ceramicznej Fontannie dla Kot\u00f3w i akcesoriach, kt\u00f3re mog\u0105 zosta\u0107 do niej dobrane.\" \/>\n<meta property=\"og:url\" content=\"https:\/\/miaustore.com\/pl\/o-nas.html\" \/>\n<meta property=\"og:site_name\" content=\"Miaustore Poland\" \/>\n<meta property=\"article:modified_time\" content=\"2020-02-06T15:45:20+00:00\" \/>\n<meta property=\"og:image\" content=\"https:\/\/miaustore.com\/pl\/wp-content\/uploads\/sites\/10\/2018\/06\/miaustore-logo-compressed.jpg\" \/>\n\t<meta property=\"og:image:width\" content=\"500\" \/>\n\t<meta property=\"og:image:height\" content=\"182\" \/>\n\t<meta property=\"og:image:type\" content=\"image\/jpeg\" \/>\n<meta name=\"twitter:card\" content=\"summary_large_image\" \/>\n<meta name=\"twitter:label1\" content=\"Szacowany czas czytania\" \/>\n\t<meta name=\"twitter:data1\" content=\"1 minuta\" \/>\n<script type=\"application\/ld+json\" class=\"yoast-schema-graph\">{\"@context\":\"https:\/\/schema.org\",\"@graph\":[{\"@type\":\"WebPage\",\"@id\":\"https:\/\/miaustore.com\/pl\/o-nas.html\",\"url\":\"https:\/\/miaustore.com\/pl\/o-nas.html\",\"name\":\"O nas - Miaustore Polska Ceramiczna Fontanna dla Kot\u00f3w\",\"isPartOf\":{\"@id\":\"https:\/\/miaustore.com\/pl\/#website\"},\"primaryImageOfPage\":{\"@id\":\"https:\/\/miaustore.com\/pl\/o-nas.html#primaryimage\"},\"image\":{\"@id\":\"https:\/\/miaustore.com\/pl\/o-nas.html#primaryimage\"},\"thumbnailUrl\":\"https:\/\/miaustore.com\/pl\/wp-content\/uploads\/sites\/10\/2018\/06\/miaustore-logo-compressed-300x109.jpg\",\"datePublished\":\"2018-06-01T14:36:37+00:00\",\"dateModified\":\"2020-02-06T15:45:20+00:00\",\"description\":\"Dowiedz si\u0119 wi\u0119cej o naszej firmie Miaustore, a tak\u017ce o naszym produkcie - Ceramicznej Fontannie dla Kot\u00f3w i akcesoriach, kt\u00f3re mog\u0105 zosta\u0107 do niej dobrane.\",\"breadcrumb\":{\"@id\":\"https:\/\/miaustore.com\/pl\/o-nas.html#breadcrumb\"},\"inLanguage\":\"pl-PL\",\"potentialAction\":[{\"@type\":\"ReadAction\",\"target\":[\"https:\/\/miaustore.com\/pl\/o-nas.html\"]}]},{\"@type\":\"ImageObject\",\"inLanguage\":\"pl-PL\",\"@id\":\"https:\/\/miaustore.com\/pl\/o-nas.html#primaryimage\",\"url\":\"https:\/\/miaustore.com\/pl\/wp-content\/uploads\/sites\/10\/2018\/06\/miaustore-logo-compressed.jpg\",\"contentUrl\":\"https:\/\/miaustore.com\/pl\/wp-content\/uploads\/sites\/10\/2018\/06\/miaustore-logo-compressed.jpg\",\"width\":500,\"height\":182},{\"@type\":\"BreadcrumbList\",\"@id\":\"https:\/\/miaustore.com\/pl\/o-nas.html#breadcrumb\",\"itemListElement\":[{\"@type\":\"ListItem\",\"position\":1,\"name\":\"Startseite\",\"item\":\"https:\/\/miaustore.com\/pl\/\"},{\"@type\":\"ListItem\",\"position\":2,\"name\":\"O nas\"}]},{\"@type\":\"WebSite\",\"@id\":\"https:\/\/miaustore.com\/pl\/#website\",\"url\":\"https:\/\/miaustore.com\/pl\/\",\"name\":\"Miaustore Poland\",\"description\":\"Ceramiczna fontanna dla kota\",\"potentialAction\":[{\"@type\":\"SearchAction\",\"target\":{\"@type\":\"EntryPoint\",\"urlTemplate\":\"https:\/\/miaustore.com\/pl\/?s={search_term_string}\"},\"query-input\":{\"@type\":\"PropertyValueSpecification\",\"valueRequired\":true,\"valueName\":\"search_term_string\"}}],\"inLanguage\":\"pl-PL\"}]}<\/script>\n<!-- \/ Yoast SEO Premium plugin. -->","yoast_head_json":{"title":"O nas - Miaustore Polska Ceramiczna Fontanna dla Kot\u00f3w","description":"Dowiedz si\u0119 wi\u0119cej o naszej firmie Miaustore, a tak\u017ce o naszym produkcie - Ceramicznej Fontannie dla Kot\u00f3w i akcesoriach, kt\u00f3re mog\u0105 zosta\u0107 do niej dobrane.","robots":{"index":"index","follow":"follow","max-snippet":"max-snippet:-1","max-image-preview":"max-image-preview:large","max-video-preview":"max-video-preview:-1"},"canonical":"https:\/\/miaustore.com\/pl\/o-nas.html","og_locale":"pl_PL","og_type":"article","og_title":"O nas","og_description":"Dowiedz si\u0119 wi\u0119cej o naszej firmie Miaustore, a tak\u017ce o naszym produkcie - Ceramicznej Fontannie dla Kot\u00f3w i akcesoriach, kt\u00f3re mog\u0105 zosta\u0107 do niej dobrane.","og_url":"https:\/\/miaustore.com\/pl\/o-nas.html","og_site_name":"Miaustore Poland","article_modified_time":"2020-02-06T15:45:20+00:00","og_image":[{"width":500,"height":182,"url":"https:\/\/miaustore.com\/pl\/wp-content\/uploads\/sites\/10\/2018\/06\/miaustore-logo-compressed.jpg","type":"image\/jpeg"}],"twitter_card":"summary_large_image","twitter_misc":{"Szacowany czas czytania":"1 minuta"},"schema":{"@context":"https:\/\/schema.org","@graph":[{"@type":"WebPage","@id":"https:\/\/miaustore.com\/pl\/o-nas.html","url":"https:\/\/miaustore.com\/pl\/o-nas.html","name":"O nas - Miaustore Polska Ceramiczna Fontanna dla Kot\u00f3w","isPartOf":{"@id":"https:\/\/miaustore.com\/pl\/#website"},"primaryImageOfPage":{"@id":"https:\/\/miaustore.com\/pl\/o-nas.html#primaryimage"},"image":{"@id":"https:\/\/miaustore.com\/pl\/o-nas.html#primaryimage"},"thumbnailUrl":"https:\/\/miaustore.com\/pl\/wp-content\/uploads\/sites\/10\/2018\/06\/miaustore-logo-compressed-300x109.jpg","datePublished":"2018-06-01T14:36:37+00:00","dateModified":"2020-02-06T15:45:20+00:00","description":"Dowiedz si\u0119 wi\u0119cej o naszej firmie Miaustore, a tak\u017ce o naszym produkcie - Ceramicznej Fontannie dla Kot\u00f3w i akcesoriach, kt\u00f3re mog\u0105 zosta\u0107 do niej dobrane.","breadcrumb":{"@id":"https:\/\/miaustore.com\/pl\/o-nas.html#breadcrumb"},"inLanguage":"pl-PL","potentialAction":[{"@type":"ReadAction","target":["https:\/\/miaustore.com\/pl\/o-nas.html"]}]},{"@type":"ImageObject","inLanguage":"pl-PL","@id":"https:\/\/miaustore.com\/pl\/o-nas.html#primaryimage","url":"https:\/\/miaustore.com\/pl\/wp-content\/uploads\/sites\/10\/2018\/06\/miaustore-logo-compressed.jpg","contentUrl":"https:\/\/miaustore.com\/pl\/wp-content\/uploads\/sites\/10\/2018\/06\/miaustore-logo-compressed.jpg","width":500,"height":182},{"@type":"BreadcrumbList","@id":"https:\/\/miaustore.com\/pl\/o-nas.html#breadcrumb","itemListElement":[{"@type":"ListItem","position":1,"name":"Startseite","item":"https:\/\/miaustore.com\/pl\/"},{"@type":"ListItem","position":2,"name":"O nas"}]},{"@type":"WebSite","@id":"https:\/\/miaustore.com\/pl\/#website","url":"https:\/\/miaustore.com\/pl\/","name":"Miaustore Poland","description":"Ceramiczna fontanna dla kota","potentialAction":[{"@type":"SearchAction","target":{"@type":"EntryPoint","urlTemplate":"https:\/\/miaustore.com\/pl\/?s={search_term_string}"},"query-input":{"@type":"PropertyValueSpecification","valueRequired":true,"valueName":"search_term_string"}}],"inLanguage":"pl-PL"}]}},"_links":{"self":[{"href":"https:\/\/miaustore.com\/pl\/wp-json\/wp\/v2\/pages\/118","targetHints":{"allow":["GET"]}}],"collection":[{"href":"https:\/\/miaustore.com\/pl\/wp-json\/wp\/v2\/pages"}],"about":[{"href":"https:\/\/miaustore.com\/pl\/wp-json\/wp\/v2\/types\/page"}],"author":[{"embeddable":true,"href":"https:\/\/miaustore.com\/pl\/wp-json\/wp\/v2\/users\/1"}],"replies":[{"embeddable":true,"href":"https:\/\/miaustore.com\/pl\/wp-json\/wp\/v2\/comments?post=118"}],"version-history":[{"count":0,"href":"https:\/\/miaustore.com\/pl\/wp-json\/wp\/v2\/pages\/118\/revisions"}],"wp:attachment":[{"href":"https:\/\/miaustore.com\/pl\/wp-json\/wp\/v2\/media?parent=118"}],"curies":[{"name":"wp","href":"https:\/\/api.w.org\/{rel}","templated":true}]}}