{"id":121,"date":"2018-06-01T16:45:32","date_gmt":"2018-06-01T14:45:32","guid":{"rendered":"https:\/\/miaustore.com\/pl\/?page_id=121"},"modified":"2023-02-21T07:53:44","modified_gmt":"2023-02-21T06:53:44","slug":"kontakt","status":"publish","type":"page","link":"https:\/\/miaustore.com\/pl\/kontakt.html","title":{"rendered":"Kontakt"},"content":{"rendered":"<h1>Skontaktuj si\u0119 z nami<\/h1>\r\n<br class=\"\u201cclear\u201d\" \/>Masz pytanie? Zapraszamy do kontaktu z nami!\r\n<br\/>\r\n<strong>Obs\u0142uga klienta:<\/strong><br\/>\r\n<br\/>\r\nsupport@miaustore.com<br\/>\r\n<br\/>\r\n<strong>Informacje prasowe:<\/strong><br\/>\r\n<br\/>\r\npresse@miaustore.com<br\/>\r\n<br\/>\r\n<strong>Wsp\u00f3\u0142praca i du\u017ce zam\u00f3wienia:<\/strong><br\/>\r\n<br\/>\r\nbusiness@miaustore.com<br\/>\r\n<br\/>\r\n<strong>Napisz:<\/strong>\r\n<br\/><br\/>\r\n<strong>Miaustore EU Webshop Limited<\/strong><br\/>\r\nRoom 1902, Easey Commercial Building 253-261 Hennessy Road<br\/>\r\nWan Chai, Hong Kong<br\/>\r\n\r\n\r\n<br class=\"clear\" \/><br class=\"clear\" \/><strong>Skarga na pomp\u0119<\/strong><br class=\"clear\" \/>Zanim skontaktujemy si\u0119 z nami w sprawie problemu z pomp\u0105, przeczytaj instrukcje &#8222;<a href=\"https:\/\/miaustore.com\/pl\/uzytkowanie-pompy.html\">U\u017cytkowanie i konserwacja pompy Miaustore<\/a>&#8222;. W wi\u0119kszo\u015bci przypadk\u00f3w przyczyn\u0105 b\u0142\u0119du jest nieprawid\u0142owa obr\u00f3bka czyszczenia. Mo\u017ce to spowodowa\u0107 zablokowanie pompy i nieprawid\u0142owe dzia\u0142anie","protected":false},"excerpt":{"rendered":"<p>Skontaktuj si\u0119 z nami Masz pytanie? Zapraszamy do kontaktu z nami! Obs\u0142uga klienta: support@miaustore.com Informacje prasowe: presse@miaustore.com Wsp\u00f3\u0142praca i du\u017ce zam\u00f3wienia: business@miaustore.com Napisz: Miaustore EU Webshop Limited Room 1902, Easey Commercial Building 253-261 Hennessy Road Wan Chai, Hong Kong Skarga na pomp\u0119Zanim skontaktujemy si\u0119 z nami w sprawie problemu z pomp\u0105, przeczytaj instrukcje &#8222;U\u017cytkowanie i konserwacja pompy Miaustore&#8222;. W wi\u0119kszo\u015bci &#8230; <\/p>\n<div><a href=\"https:\/\/miaustore.com\/pl\/kontakt.html\" class=\"more-link\">Read More<\/a><\/div>\n","protected":false},"author":1,"featured_media":0,"parent":0,"menu_order":0,"comment_status":"closed","ping_status":"closed","template":"template-blank-1.php","meta":{"_glsr_average":0,"_glsr_ranking":0,"_glsr_reviews":0,"footnotes":""},"class_list":["post-121","page","type-page","status-publish","hentry","no-post-thumbnail"],"yoast_head":"<!-- This site is optimized with the Yoast SEO Premium plugin v26.7 (Yoast SEO v26.7) - https:\/\/yoast.com\/wordpress\/plugins\/seo\/ -->\n<title>Skontaktuj si\u0119 z nami - Miaustore Polska Ceramiczna fontanna dla kota<\/title>\n<meta name=\"description\" content=\"Masz pytanie? Zadaj je nam na miaustore@support.com. Odwied\u017a r\u00f3wnie\u017c nasz\u0105 stron\u0119 internetow\u0105 by dowiedzie\u0107 si\u0119 wi\u0119cej o naszej firmie Miaustore\" \/>\n<meta name=\"robots\" content=\"index, follow, max-snippet:-1, max-image-preview:large, max-video-preview:-1\" \/>\n<link rel=\"canonical\" href=\"https:\/\/miaustore.com\/pl\/kontakt.html\" \/>\n<meta property=\"og:locale\" content=\"pl_PL\" \/>\n<meta property=\"og:type\" content=\"article\" \/>\n<meta property=\"og:title\" content=\"Kontakt\" \/>\n<meta property=\"og:description\" content=\"Masz pytanie? Zadaj je nam na miaustore@support.com. Odwied\u017a r\u00f3wnie\u017c nasz\u0105 stron\u0119 internetow\u0105 by dowiedzie\u0107 si\u0119 wi\u0119cej o naszej firmie Miaustore\" \/>\n<meta property=\"og:url\" content=\"https:\/\/miaustore.com\/pl\/kontakt.html\" \/>\n<meta property=\"og:site_name\" content=\"Miaustore Poland\" \/>\n<meta property=\"article:modified_time\" content=\"2023-02-21T06:53:44+00:00\" \/>\n<meta name=\"twitter:card\" content=\"summary_large_image\" \/>\n<meta name=\"twitter:label1\" content=\"Szacowany czas czytania\" \/>\n\t<meta name=\"twitter:data1\" content=\"1 minuta\" \/>\n<script type=\"application\/ld+json\" class=\"yoast-schema-graph\">{\"@context\":\"https:\/\/schema.org\",\"@graph\":[{\"@type\":\"WebPage\",\"@id\":\"https:\/\/miaustore.com\/pl\/kontakt.html\",\"url\":\"https:\/\/miaustore.com\/pl\/kontakt.html\",\"name\":\"Skontaktuj si\u0119 z nami - Miaustore Polska Ceramiczna fontanna dla kota\",\"isPartOf\":{\"@id\":\"https:\/\/miaustore.com\/pl\/#website\"},\"datePublished\":\"2018-06-01T14:45:32+00:00\",\"dateModified\":\"2023-02-21T06:53:44+00:00\",\"description\":\"Masz pytanie? Zadaj je nam na miaustore@support.com. Odwied\u017a r\u00f3wnie\u017c nasz\u0105 stron\u0119 internetow\u0105 by dowiedzie\u0107 si\u0119 wi\u0119cej o naszej firmie Miaustore\",\"breadcrumb\":{\"@id\":\"https:\/\/miaustore.com\/pl\/kontakt.html#breadcrumb\"},\"inLanguage\":\"pl-PL\",\"potentialAction\":[{\"@type\":\"ReadAction\",\"target\":[\"https:\/\/miaustore.com\/pl\/kontakt.html\"]}]},{\"@type\":\"BreadcrumbList\",\"@id\":\"https:\/\/miaustore.com\/pl\/kontakt.html#breadcrumb\",\"itemListElement\":[{\"@type\":\"ListItem\",\"position\":1,\"name\":\"Startseite\",\"item\":\"https:\/\/miaustore.com\/pl\/\"},{\"@type\":\"ListItem\",\"position\":2,\"name\":\"Kontakt\"}]},{\"@type\":\"WebSite\",\"@id\":\"https:\/\/miaustore.com\/pl\/#website\",\"url\":\"https:\/\/miaustore.com\/pl\/\",\"name\":\"Miaustore Poland\",\"description\":\"Ceramiczna fontanna dla kota\",\"potentialAction\":[{\"@type\":\"SearchAction\",\"target\":{\"@type\":\"EntryPoint\",\"urlTemplate\":\"https:\/\/miaustore.com\/pl\/?s={search_term_string}\"},\"query-input\":{\"@type\":\"PropertyValueSpecification\",\"valueRequired\":true,\"valueName\":\"search_term_string\"}}],\"inLanguage\":\"pl-PL\"}]}<\/script>\n<!-- \/ Yoast SEO Premium plugin. -->","yoast_head_json":{"title":"Skontaktuj si\u0119 z nami - Miaustore Polska Ceramiczna fontanna dla kota","description":"Masz pytanie? Zadaj je nam na miaustore@support.com. Odwied\u017a r\u00f3wnie\u017c nasz\u0105 stron\u0119 internetow\u0105 by dowiedzie\u0107 si\u0119 wi\u0119cej o naszej firmie Miaustore","robots":{"index":"index","follow":"follow","max-snippet":"max-snippet:-1","max-image-preview":"max-image-preview:large","max-video-preview":"max-video-preview:-1"},"canonical":"https:\/\/miaustore.com\/pl\/kontakt.html","og_locale":"pl_PL","og_type":"article","og_title":"Kontakt","og_description":"Masz pytanie? Zadaj je nam na miaustore@support.com. Odwied\u017a r\u00f3wnie\u017c nasz\u0105 stron\u0119 internetow\u0105 by dowiedzie\u0107 si\u0119 wi\u0119cej o naszej firmie Miaustore","og_url":"https:\/\/miaustore.com\/pl\/kontakt.html","og_site_name":"Miaustore Poland","article_modified_time":"2023-02-21T06:53:44+00:00","twitter_card":"summary_large_image","twitter_misc":{"Szacowany czas czytania":"1 minuta"},"schema":{"@context":"https:\/\/schema.org","@graph":[{"@type":"WebPage","@id":"https:\/\/miaustore.com\/pl\/kontakt.html","url":"https:\/\/miaustore.com\/pl\/kontakt.html","name":"Skontaktuj si\u0119 z nami - Miaustore Polska Ceramiczna fontanna dla kota","isPartOf":{"@id":"https:\/\/miaustore.com\/pl\/#website"},"datePublished":"2018-06-01T14:45:32+00:00","dateModified":"2023-02-21T06:53:44+00:00","description":"Masz pytanie? Zadaj je nam na miaustore@support.com. Odwied\u017a r\u00f3wnie\u017c nasz\u0105 stron\u0119 internetow\u0105 by dowiedzie\u0107 si\u0119 wi\u0119cej o naszej firmie Miaustore","breadcrumb":{"@id":"https:\/\/miaustore.com\/pl\/kontakt.html#breadcrumb"},"inLanguage":"pl-PL","potentialAction":[{"@type":"ReadAction","target":["https:\/\/miaustore.com\/pl\/kontakt.html"]}]},{"@type":"BreadcrumbList","@id":"https:\/\/miaustore.com\/pl\/kontakt.html#breadcrumb","itemListElement":[{"@type":"ListItem","position":1,"name":"Startseite","item":"https:\/\/miaustore.com\/pl\/"},{"@type":"ListItem","position":2,"name":"Kontakt"}]},{"@type":"WebSite","@id":"https:\/\/miaustore.com\/pl\/#website","url":"https:\/\/miaustore.com\/pl\/","name":"Miaustore Poland","description":"Ceramiczna fontanna dla kota","potentialAction":[{"@type":"SearchAction","target":{"@type":"EntryPoint","urlTemplate":"https:\/\/miaustore.com\/pl\/?s={search_term_string}"},"query-input":{"@type":"PropertyValueSpecification","valueRequired":true,"valueName":"search_term_string"}}],"inLanguage":"pl-PL"}]}},"_links":{"self":[{"href":"https:\/\/miaustore.com\/pl\/wp-json\/wp\/v2\/pages\/121","targetHints":{"allow":["GET"]}}],"collection":[{"href":"https:\/\/miaustore.com\/pl\/wp-json\/wp\/v2\/pages"}],"about":[{"href":"https:\/\/miaustore.com\/pl\/wp-json\/wp\/v2\/types\/page"}],"author":[{"embeddable":true,"href":"https:\/\/miaustore.com\/pl\/wp-json\/wp\/v2\/users\/1"}],"replies":[{"embeddable":true,"href":"https:\/\/miaustore.com\/pl\/wp-json\/wp\/v2\/comments?post=121"}],"version-history":[{"count":0,"href":"https:\/\/miaustore.com\/pl\/wp-json\/wp\/v2\/pages\/121\/revisions"}],"wp:attachment":[{"href":"https:\/\/miaustore.com\/pl\/wp-json\/wp\/v2\/media?parent=121"}],"curies":[{"name":"wp","href":"https:\/\/api.w.org\/{rel}","templated":true}]}}