{"id":12854,"date":"2019-09-02T17:30:30","date_gmt":"2019-09-02T15:30:30","guid":{"rendered":"https:\/\/miaustore.com\/pl\/?page_id=12854"},"modified":"2024-11-18T14:16:36","modified_gmt":"2024-11-18T13:16:36","slug":"dostosuj","status":"publish","type":"page","link":"https:\/\/miaustore.com\/pl\/dostosuj.html","title":{"rendered":"Customize"},"content":{"rendered":"<div id=\"cs-content\" class=\"cs-content\"><\/div>","protected":false},"excerpt":{"rendered":"<p>Powr\u00f3t do strony g\u0142\u00f3wnej Dostosuj swoj\u0105 ceramiczn\u0105 fontann\u0119 dla kota Czujnik ruchuJe\u015bli wybierzesz fontann\u0119 z czujnikiem ruchu, b\u0119dzie si\u0119 ona aktywowa\u0107 tylko wtedy, gdy Tw\u00f3j kot do niej podejdzie. Fontanna uruchomi si\u0119, gdy zwierzak zbli\u017cy si\u0119 do niej przynajmniej na 1,5 metra. Gdy si\u0119 oddali, fontanna wy\u0142\u0105czy si\u0119, r\u00f3wnie\u017c automatycznie. Czujnik ruchu nie tylko oszcz\u0119dza energi\u0119. Uatrakcyjni te\u017c fontann\u0119 tak, &#8230; <\/p>\n<div><a href=\"https:\/\/miaustore.com\/pl\/dostosuj.html\" class=\"more-link\">Read More<\/a><\/div>\n","protected":false},"author":1,"featured_media":0,"parent":0,"menu_order":0,"comment_status":"closed","ping_status":"closed","template":"template-blank-3.php","meta":{"_glsr_average":0,"_glsr_ranking":0,"_glsr_reviews":0,"footnotes":""},"class_list":["post-12854","page","type-page","status-publish","hentry","no-post-thumbnail"],"yoast_head":"<!-- This site is optimized with the Yoast SEO Premium plugin v26.7 (Yoast SEO v26.7) - https:\/\/yoast.com\/wordpress\/plugins\/seo\/ -->\n<title>Customize - Miaustore Poland<\/title>\n<meta name=\"robots\" content=\"noindex, follow\" \/>\n<meta property=\"og:locale\" content=\"pl_PL\" \/>\n<meta property=\"og:type\" content=\"article\" \/>\n<meta property=\"og:title\" content=\"Customize\" \/>\n<meta property=\"og:description\" content=\"Powr\u00f3t do strony g\u0142\u00f3wnej Dostosuj swoj\u0105 ceramiczn\u0105 fontann\u0119 dla kota Czujnik ruchuJe\u015bli wybierzesz fontann\u0119 z czujnikiem ruchu, b\u0119dzie si\u0119 ona aktywowa\u0107 tylko wtedy, gdy Tw\u00f3j kot do niej podejdzie. Fontanna uruchomi si\u0119, gdy zwierzak zbli\u017cy si\u0119 do niej przynajmniej na 1,5 metra. Gdy si\u0119 oddali, fontanna wy\u0142\u0105czy si\u0119, r\u00f3wnie\u017c automatycznie. Czujnik ruchu nie tylko oszcz\u0119dza energi\u0119. Uatrakcyjni te\u017c fontann\u0119 tak, ... Read More\" \/>\n<meta property=\"og:url\" content=\"https:\/\/miaustore.com\/pl\/dostosuj.html\" \/>\n<meta property=\"og:site_name\" content=\"Miaustore Poland\" \/>\n<meta property=\"article:modified_time\" content=\"2024-11-18T13:16:36+00:00\" \/>\n<meta property=\"og:image\" content=\"https:\/\/miaustore.com\/wp-content\/uploads\/2020\/11\/Brush-Set-unpackaged_1.jpg\" \/>\n<meta name=\"twitter:card\" content=\"summary_large_image\" \/>\n<meta name=\"twitter:label1\" content=\"Szacowany czas czytania\" \/>\n\t<meta name=\"twitter:data1\" content=\"7 minut\" \/>\n<script type=\"application\/ld+json\" class=\"yoast-schema-graph\">{\"@context\":\"https:\/\/schema.org\",\"@graph\":[{\"@type\":\"WebPage\",\"@id\":\"https:\/\/miaustore.com\/pl\/dostosuj.html\",\"url\":\"https:\/\/miaustore.com\/pl\/dostosuj.html\",\"name\":\"Customize - Miaustore Poland\",\"isPartOf\":{\"@id\":\"https:\/\/miaustore.com\/pl\/#website\"},\"primaryImageOfPage\":{\"@id\":\"https:\/\/miaustore.com\/pl\/dostosuj.html#primaryimage\"},\"image\":{\"@id\":\"https:\/\/miaustore.com\/pl\/dostosuj.html#primaryimage\"},\"thumbnailUrl\":\"https:\/\/miaustore.com\/wp-content\/uploads\/2020\/11\/Brush-Set-unpackaged_1.jpg\",\"datePublished\":\"2019-09-02T15:30:30+00:00\",\"dateModified\":\"2024-11-18T13:16:36+00:00\",\"breadcrumb\":{\"@id\":\"https:\/\/miaustore.com\/pl\/dostosuj.html#breadcrumb\"},\"inLanguage\":\"pl-PL\",\"potentialAction\":[{\"@type\":\"ReadAction\",\"target\":[\"https:\/\/miaustore.com\/pl\/dostosuj.html\"]}]},{\"@type\":\"ImageObject\",\"inLanguage\":\"pl-PL\",\"@id\":\"https:\/\/miaustore.com\/pl\/dostosuj.html#primaryimage\",\"url\":\"https:\/\/miaustore.com\/wp-content\/uploads\/2020\/11\/Brush-Set-unpackaged_1.jpg\",\"contentUrl\":\"https:\/\/miaustore.com\/wp-content\/uploads\/2020\/11\/Brush-Set-unpackaged_1.jpg\"},{\"@type\":\"BreadcrumbList\",\"@id\":\"https:\/\/miaustore.com\/pl\/dostosuj.html#breadcrumb\",\"itemListElement\":[{\"@type\":\"ListItem\",\"position\":1,\"name\":\"Startseite\",\"item\":\"https:\/\/miaustore.com\/pl\/\"},{\"@type\":\"ListItem\",\"position\":2,\"name\":\"Customize\"}]},{\"@type\":\"WebSite\",\"@id\":\"https:\/\/miaustore.com\/pl\/#website\",\"url\":\"https:\/\/miaustore.com\/pl\/\",\"name\":\"Miaustore Poland\",\"description\":\"Ceramiczna fontanna dla kota\",\"potentialAction\":[{\"@type\":\"SearchAction\",\"target\":{\"@type\":\"EntryPoint\",\"urlTemplate\":\"https:\/\/miaustore.com\/pl\/?s={search_term_string}\"},\"query-input\":{\"@type\":\"PropertyValueSpecification\",\"valueRequired\":true,\"valueName\":\"search_term_string\"}}],\"inLanguage\":\"pl-PL\"}]}<\/script>\n<!-- \/ Yoast SEO Premium plugin. -->","yoast_head_json":{"title":"Customize - Miaustore Poland","robots":{"index":"noindex","follow":"follow"},"og_locale":"pl_PL","og_type":"article","og_title":"Customize","og_description":"Powr\u00f3t do strony g\u0142\u00f3wnej Dostosuj swoj\u0105 ceramiczn\u0105 fontann\u0119 dla kota Czujnik ruchuJe\u015bli wybierzesz fontann\u0119 z czujnikiem ruchu, b\u0119dzie si\u0119 ona aktywowa\u0107 tylko wtedy, gdy Tw\u00f3j kot do niej podejdzie. Fontanna uruchomi si\u0119, gdy zwierzak zbli\u017cy si\u0119 do niej przynajmniej na 1,5 metra. Gdy si\u0119 oddali, fontanna wy\u0142\u0105czy si\u0119, r\u00f3wnie\u017c automatycznie. Czujnik ruchu nie tylko oszcz\u0119dza energi\u0119. Uatrakcyjni te\u017c fontann\u0119 tak, ... Read More","og_url":"https:\/\/miaustore.com\/pl\/dostosuj.html","og_site_name":"Miaustore Poland","article_modified_time":"2024-11-18T13:16:36+00:00","og_image":[{"url":"https:\/\/miaustore.com\/wp-content\/uploads\/2020\/11\/Brush-Set-unpackaged_1.jpg","type":"","width":"","height":""}],"twitter_card":"summary_large_image","twitter_misc":{"Szacowany czas czytania":"7 minut"},"schema":{"@context":"https:\/\/schema.org","@graph":[{"@type":"WebPage","@id":"https:\/\/miaustore.com\/pl\/dostosuj.html","url":"https:\/\/miaustore.com\/pl\/dostosuj.html","name":"Customize - Miaustore Poland","isPartOf":{"@id":"https:\/\/miaustore.com\/pl\/#website"},"primaryImageOfPage":{"@id":"https:\/\/miaustore.com\/pl\/dostosuj.html#primaryimage"},"image":{"@id":"https:\/\/miaustore.com\/pl\/dostosuj.html#primaryimage"},"thumbnailUrl":"https:\/\/miaustore.com\/wp-content\/uploads\/2020\/11\/Brush-Set-unpackaged_1.jpg","datePublished":"2019-09-02T15:30:30+00:00","dateModified":"2024-11-18T13:16:36+00:00","breadcrumb":{"@id":"https:\/\/miaustore.com\/pl\/dostosuj.html#breadcrumb"},"inLanguage":"pl-PL","potentialAction":[{"@type":"ReadAction","target":["https:\/\/miaustore.com\/pl\/dostosuj.html"]}]},{"@type":"ImageObject","inLanguage":"pl-PL","@id":"https:\/\/miaustore.com\/pl\/dostosuj.html#primaryimage","url":"https:\/\/miaustore.com\/wp-content\/uploads\/2020\/11\/Brush-Set-unpackaged_1.jpg","contentUrl":"https:\/\/miaustore.com\/wp-content\/uploads\/2020\/11\/Brush-Set-unpackaged_1.jpg"},{"@type":"BreadcrumbList","@id":"https:\/\/miaustore.com\/pl\/dostosuj.html#breadcrumb","itemListElement":[{"@type":"ListItem","position":1,"name":"Startseite","item":"https:\/\/miaustore.com\/pl\/"},{"@type":"ListItem","position":2,"name":"Customize"}]},{"@type":"WebSite","@id":"https:\/\/miaustore.com\/pl\/#website","url":"https:\/\/miaustore.com\/pl\/","name":"Miaustore Poland","description":"Ceramiczna fontanna dla kota","potentialAction":[{"@type":"SearchAction","target":{"@type":"EntryPoint","urlTemplate":"https:\/\/miaustore.com\/pl\/?s={search_term_string}"},"query-input":{"@type":"PropertyValueSpecification","valueRequired":true,"valueName":"search_term_string"}}],"inLanguage":"pl-PL"}]}},"_links":{"self":[{"href":"https:\/\/miaustore.com\/pl\/wp-json\/wp\/v2\/pages\/12854","targetHints":{"allow":["GET"]}}],"collection":[{"href":"https:\/\/miaustore.com\/pl\/wp-json\/wp\/v2\/pages"}],"about":[{"href":"https:\/\/miaustore.com\/pl\/wp-json\/wp\/v2\/types\/page"}],"author":[{"embeddable":true,"href":"https:\/\/miaustore.com\/pl\/wp-json\/wp\/v2\/users\/1"}],"replies":[{"embeddable":true,"href":"https:\/\/miaustore.com\/pl\/wp-json\/wp\/v2\/comments?post=12854"}],"version-history":[{"count":0,"href":"https:\/\/miaustore.com\/pl\/wp-json\/wp\/v2\/pages\/12854\/revisions"}],"wp:attachment":[{"href":"https:\/\/miaustore.com\/pl\/wp-json\/wp\/v2\/media?parent=12854"}],"curies":[{"name":"wp","href":"https:\/\/api.w.org\/{rel}","templated":true}]}}