{"id":18064,"date":"2020-01-24T15:06:29","date_gmt":"2020-01-24T14:06:29","guid":{"rendered":"https:\/\/miaustore.com\/pl\/?page_id=18064"},"modified":"2020-01-29T12:51:17","modified_gmt":"2020-01-29T11:51:17","slug":"dla-posrednikow","status":"publish","type":"page","link":"https:\/\/miaustore.com\/pl\/dla-posrednikow.html","title":{"rendered":"Dla po\u015brednik\u00f3w"},"content":{"rendered":"<p class=\"p1\"><strong>Masz sw\u00f3j sklep zoologiczny i chcesz zosta\u0107 naszym po\u015brednikiem sprzeda\u017cy?<\/strong><\/p>\r\n<p class=\"p1\">Wype\u0142nij nasz formularz poni\u017cej, \u017ceby si\u0119 z nami skontaktowa\u0107!<\/p>\r\n\r\n[os-widget path=&#8221;\/noemi\/aplikacja&#8221;]","protected":false},"excerpt":{"rendered":"<p>Masz sw\u00f3j sklep zoologiczny i chcesz zosta\u0107 naszym po\u015brednikiem sprzeda\u017cy? Wype\u0142nij nasz formularz poni\u017cej, \u017ceby si\u0119 z nami skontaktowa\u0107! [os-widget path=&#8221;\/noemi\/aplikacja&#8221;]<\/p>\n","protected":false},"author":1,"featured_media":0,"parent":0,"menu_order":0,"comment_status":"closed","ping_status":"closed","template":"","meta":{"_glsr_average":0,"_glsr_ranking":0,"_glsr_reviews":0,"footnotes":""},"class_list":["post-18064","page","type-page","status-publish","hentry","no-post-thumbnail"],"yoast_head":"<!-- This site is optimized with the Yoast SEO Premium plugin v26.7 (Yoast SEO v26.7) - https:\/\/yoast.com\/wordpress\/plugins\/seo\/ -->\n<title>Dla po\u015brednik\u00f3w - Miaustore Poland<\/title>\n<meta name=\"robots\" content=\"noindex, follow\" \/>\n<meta property=\"og:locale\" content=\"pl_PL\" \/>\n<meta property=\"og:type\" content=\"article\" \/>\n<meta property=\"og:title\" content=\"Dla po\u015brednik\u00f3w\" \/>\n<meta property=\"og:description\" content=\"Masz sw\u00f3j sklep zoologiczny i chcesz zosta\u0107 naszym po\u015brednikiem sprzeda\u017cy? Wype\u0142nij nasz formularz poni\u017cej, \u017ceby si\u0119 z nami skontaktowa\u0107! [os-widget path=&#8221;\/noemi\/aplikacja&#8221;]\" \/>\n<meta property=\"og:url\" content=\"https:\/\/miaustore.com\/pl\/dla-posrednikow.html\" \/>\n<meta property=\"og:site_name\" content=\"Miaustore Poland\" \/>\n<meta property=\"article:modified_time\" content=\"2020-01-29T11:51:17+00:00\" \/>\n<meta name=\"twitter:card\" content=\"summary_large_image\" \/>\n<script type=\"application\/ld+json\" class=\"yoast-schema-graph\">{\"@context\":\"https:\/\/schema.org\",\"@graph\":[{\"@type\":\"WebPage\",\"@id\":\"https:\/\/miaustore.com\/pl\/dla-posrednikow.html\",\"url\":\"https:\/\/miaustore.com\/pl\/dla-posrednikow.html\",\"name\":\"Dla po\u015brednik\u00f3w - Miaustore Poland\",\"isPartOf\":{\"@id\":\"https:\/\/miaustore.com\/pl\/#website\"},\"datePublished\":\"2020-01-24T14:06:29+00:00\",\"dateModified\":\"2020-01-29T11:51:17+00:00\",\"breadcrumb\":{\"@id\":\"https:\/\/miaustore.com\/pl\/dla-posrednikow.html#breadcrumb\"},\"inLanguage\":\"pl-PL\",\"potentialAction\":[{\"@type\":\"ReadAction\",\"target\":[\"https:\/\/miaustore.com\/pl\/dla-posrednikow.html\"]}]},{\"@type\":\"BreadcrumbList\",\"@id\":\"https:\/\/miaustore.com\/pl\/dla-posrednikow.html#breadcrumb\",\"itemListElement\":[{\"@type\":\"ListItem\",\"position\":1,\"name\":\"Startseite\",\"item\":\"https:\/\/miaustore.com\/pl\/\"},{\"@type\":\"ListItem\",\"position\":2,\"name\":\"Dla po\u015brednik\u00f3w\"}]},{\"@type\":\"WebSite\",\"@id\":\"https:\/\/miaustore.com\/pl\/#website\",\"url\":\"https:\/\/miaustore.com\/pl\/\",\"name\":\"Miaustore Poland\",\"description\":\"Ceramiczna fontanna dla kota\",\"potentialAction\":[{\"@type\":\"SearchAction\",\"target\":{\"@type\":\"EntryPoint\",\"urlTemplate\":\"https:\/\/miaustore.com\/pl\/?s={search_term_string}\"},\"query-input\":{\"@type\":\"PropertyValueSpecification\",\"valueRequired\":true,\"valueName\":\"search_term_string\"}}],\"inLanguage\":\"pl-PL\"}]}<\/script>\n<!-- \/ Yoast SEO Premium plugin. -->","yoast_head_json":{"title":"Dla po\u015brednik\u00f3w - Miaustore Poland","robots":{"index":"noindex","follow":"follow"},"og_locale":"pl_PL","og_type":"article","og_title":"Dla po\u015brednik\u00f3w","og_description":"Masz sw\u00f3j sklep zoologiczny i chcesz zosta\u0107 naszym po\u015brednikiem sprzeda\u017cy? Wype\u0142nij nasz formularz poni\u017cej, \u017ceby si\u0119 z nami skontaktowa\u0107! [os-widget path=&#8221;\/noemi\/aplikacja&#8221;]","og_url":"https:\/\/miaustore.com\/pl\/dla-posrednikow.html","og_site_name":"Miaustore Poland","article_modified_time":"2020-01-29T11:51:17+00:00","twitter_card":"summary_large_image","schema":{"@context":"https:\/\/schema.org","@graph":[{"@type":"WebPage","@id":"https:\/\/miaustore.com\/pl\/dla-posrednikow.html","url":"https:\/\/miaustore.com\/pl\/dla-posrednikow.html","name":"Dla po\u015brednik\u00f3w - Miaustore Poland","isPartOf":{"@id":"https:\/\/miaustore.com\/pl\/#website"},"datePublished":"2020-01-24T14:06:29+00:00","dateModified":"2020-01-29T11:51:17+00:00","breadcrumb":{"@id":"https:\/\/miaustore.com\/pl\/dla-posrednikow.html#breadcrumb"},"inLanguage":"pl-PL","potentialAction":[{"@type":"ReadAction","target":["https:\/\/miaustore.com\/pl\/dla-posrednikow.html"]}]},{"@type":"BreadcrumbList","@id":"https:\/\/miaustore.com\/pl\/dla-posrednikow.html#breadcrumb","itemListElement":[{"@type":"ListItem","position":1,"name":"Startseite","item":"https:\/\/miaustore.com\/pl\/"},{"@type":"ListItem","position":2,"name":"Dla po\u015brednik\u00f3w"}]},{"@type":"WebSite","@id":"https:\/\/miaustore.com\/pl\/#website","url":"https:\/\/miaustore.com\/pl\/","name":"Miaustore Poland","description":"Ceramiczna fontanna dla kota","potentialAction":[{"@type":"SearchAction","target":{"@type":"EntryPoint","urlTemplate":"https:\/\/miaustore.com\/pl\/?s={search_term_string}"},"query-input":{"@type":"PropertyValueSpecification","valueRequired":true,"valueName":"search_term_string"}}],"inLanguage":"pl-PL"}]}},"_links":{"self":[{"href":"https:\/\/miaustore.com\/pl\/wp-json\/wp\/v2\/pages\/18064","targetHints":{"allow":["GET"]}}],"collection":[{"href":"https:\/\/miaustore.com\/pl\/wp-json\/wp\/v2\/pages"}],"about":[{"href":"https:\/\/miaustore.com\/pl\/wp-json\/wp\/v2\/types\/page"}],"author":[{"embeddable":true,"href":"https:\/\/miaustore.com\/pl\/wp-json\/wp\/v2\/users\/1"}],"replies":[{"embeddable":true,"href":"https:\/\/miaustore.com\/pl\/wp-json\/wp\/v2\/comments?post=18064"}],"version-history":[{"count":0,"href":"https:\/\/miaustore.com\/pl\/wp-json\/wp\/v2\/pages\/18064\/revisions"}],"wp:attachment":[{"href":"https:\/\/miaustore.com\/pl\/wp-json\/wp\/v2\/media?parent=18064"}],"curies":[{"name":"wp","href":"https:\/\/api.w.org\/{rel}","templated":true}]}}